{"id":73368,"date":"2026-05-12T06:36:01","date_gmt":"2026-05-12T05:36:01","guid":{"rendered":"https:\/\/portosigns.pt\/produto\/oculos-lynx-tortoise\/"},"modified":"2026-05-12T06:36:01","modified_gmt":"2026-05-12T05:36:01","slug":"oculos-lynx-tortoise","status":"publish","type":"product","link":"https:\/\/portosigns.pt\/en\/product\/oculos-lynx-tortoise\/","title":{"rendered":"Oculos Lynx Tortoise"},"content":{"rendered":"","protected":false},"excerpt":{"rendered":"<p>Este modelo ICONIC possui as seguintes especifica\u00e7\u00f5es:<br \/>\nModelo Artesanal Portugu\u00eas<br \/>\nQuadro Italiano Premium de Acetato<br \/>\nLentes Solares Italianas<br \/>\nOs \u00f3culos de sol broolls s\u00e3o feitos \u00e0 m\u00e3o e utilizam mat\u00e9rias-primas de alta qualidade da It\u00e1lia.<\/p>\n<p>O modelo ICONIC possui lentes solares italianas com Categoria de Filtro 3 e Prote\u00e7\u00e3o UV 400 para proteger os olhos dos raios UV nocivos.<\/p>\n<p>Detalhes da medi\u00e7\u00e3o:<\/p>\n<p>Lentes 42mm<br \/>\nPonte 20mm<br \/>\nTemple 145mm<br \/>\nLargura do chassi dianteiro145mm<br \/>\nAltura do quadro dianteiro 50mm<\/p>","protected":false},"featured_media":73369,"template":"","meta":{"site-sidebar-layout":"default","site-content-layout":"","ast-site-content-layout":"default","site-content-style":"default","site-sidebar-style":"default","ast-global-header-display":"","ast-banner-title-visibility":"","ast-main-header-display":"","ast-hfb-above-header-display":"","ast-hfb-below-header-display":"","ast-hfb-mobile-header-display":"","site-post-title":"","ast-breadcrumbs-content":"","ast-featured-img":"","footer-sml-layout":"","ast-disable-related-posts":"","theme-transparent-header-meta":"","adv-header-id-meta":"","stick-header-meta":"","header-above-stick-meta":"","header-main-stick-meta":"","header-below-stick-meta":"","astra-migrate-meta-layouts":"default","ast-page-background-enabled":"default","ast-page-background-meta":{"desktop":{"background-color":"var(--ast-global-color-5)","background-image":"","background-repeat":"repeat","background-position":"center center","background-size":"auto","background-attachment":"scroll","background-type":"","background-media":"","overlay-type":"","overlay-color":"","overlay-opacity":"","overlay-gradient":""},"tablet":{"background-color":"","background-image":"","background-repeat":"repeat","background-position":"center center","background-size":"auto","background-attachment":"scroll","background-type":"","background-media":"","overlay-type":"","overlay-color":"","overlay-opacity":"","overlay-gradient":""},"mobile":{"background-color":"","background-image":"","background-repeat":"repeat","background-position":"center center","background-size":"auto","background-attachment":"scroll","background-type":"","background-media":"","overlay-type":"","overlay-color":"","overlay-opacity":"","overlay-gradient":""}},"ast-content-background-meta":{"desktop":{"background-color":"var(--ast-global-color-4)","background-image":"","background-repeat":"repeat","background-position":"center center","background-size":"auto","background-attachment":"scroll","background-type":"","background-media":"","overlay-type":"","overlay-color":"","overlay-opacity":"","overlay-gradient":""},"tablet":{"background-color":"var(--ast-global-color-4)","background-image":"","background-repeat":"repeat","background-position":"center center","background-size":"auto","background-attachment":"scroll","background-type":"","background-media":"","overlay-type":"","overlay-color":"","overlay-opacity":"","overlay-gradient":""},"mobile":{"background-color":"var(--ast-global-color-4)","background-image":"","background-repeat":"repeat","background-position":"center center","background-size":"auto","background-attachment":"scroll","background-type":"","background-media":"","overlay-type":"","overlay-color":"","overlay-opacity":"","overlay-gradient":""}}},"product_brand":[416],"product_cat":[412,418],"product_tag":[],"class_list":{"0":"post-73368","1":"product","2":"type-product","3":"status-publish","4":"has-post-thumbnail","6":"product_brand-oculos","7":"product_cat-outros-acessorios","8":"product_cat-oculos-outros-acessorios","9":"desktop-align-left","10":"tablet-align-left","11":"mobile-align-left","13":"first","14":"instock","15":"taxable","16":"shipping-taxable","17":"purchasable","18":"product-type-simple"},"yoast_head":"<!-- This site is optimized with the Yoast SEO Premium plugin v27.5 (Yoast SEO v27.6) - https:\/\/yoast.com\/product\/yoast-seo-premium-wordpress\/ -->\n<title>Oculos Lynx Tortoise - Portosigns<\/title>\n<meta name=\"robots\" content=\"index, follow, max-snippet:-1, max-image-preview:large, max-video-preview:-1\" \/>\n<link rel=\"canonical\" href=\"https:\/\/portosigns.pt\/en\/product\/oculos-lynx-tortoise\/\" \/>\n<meta property=\"og:locale\" content=\"en_GB\" \/>\n<meta property=\"og:type\" content=\"article\" \/>\n<meta property=\"og:title\" content=\"Oculos Lynx Tortoise\" \/>\n<meta property=\"og:description\" content=\"Este modelo ICONIC possui as seguintes especifica\u00e7\u00f5es: Modelo Artesanal Portugu\u00eas Quadro Italiano Premium de Acetato Lentes Solares Italianas Os \u00f3culos de sol broolls s\u00e3o feitos \u00e0 m\u00e3o e utilizam mat\u00e9rias-primas de alta qualidade da It\u00e1lia.  O modelo ICONIC possui lentes solares italianas com Categoria de Filtro 3 e Prote\u00e7\u00e3o UV 400 para proteger os olhos dos raios UV nocivos.  Detalhes da medi\u00e7\u00e3o:  Lentes 42mm Ponte 20mm Temple 145mm Largura do chassi dianteiro145mm Altura do quadro dianteiro 50mm\" \/>\n<meta property=\"og:url\" content=\"https:\/\/portosigns.pt\/en\/product\/oculos-lynx-tortoise\/\" \/>\n<meta property=\"og:site_name\" content=\"Portosigns\" \/>\n<meta property=\"og:image\" content=\"https:\/\/portosigns.pt\/wp-content\/uploads\/2026\/05\/Oculos-Lynx-Tortoise-scaled.jpg\" \/>\n\t<meta property=\"og:image:width\" content=\"2560\" \/>\n\t<meta property=\"og:image:height\" content=\"2560\" \/>\n\t<meta property=\"og:image:type\" content=\"image\/jpeg\" \/>\n<meta name=\"twitter:card\" content=\"summary_large_image\" \/>\n<script type=\"application\/ld+json\" class=\"yoast-schema-graph\">{\"@context\":\"https:\\\/\\\/schema.org\",\"@graph\":[{\"@type\":\"WebPage\",\"@id\":\"https:\\\/\\\/portosigns.pt\\\/en\\\/product\\\/oculos-lynx-tortoise\\\/\",\"url\":\"https:\\\/\\\/portosigns.pt\\\/en\\\/product\\\/oculos-lynx-tortoise\\\/\",\"name\":\"Oculos Lynx Tortoise - Portosigns\",\"isPartOf\":{\"@id\":\"https:\\\/\\\/portosigns.pt\\\/#website\"},\"primaryImageOfPage\":{\"@id\":\"https:\\\/\\\/portosigns.pt\\\/en\\\/product\\\/oculos-lynx-tortoise\\\/#primaryimage\"},\"image\":{\"@id\":\"https:\\\/\\\/portosigns.pt\\\/en\\\/product\\\/oculos-lynx-tortoise\\\/#primaryimage\"},\"thumbnailUrl\":\"https:\\\/\\\/portosigns.pt\\\/wp-content\\\/uploads\\\/2026\\\/05\\\/Oculos-Lynx-Tortoise-scaled.jpg\",\"datePublished\":\"2026-05-12T05:36:01+00:00\",\"breadcrumb\":{\"@id\":\"https:\\\/\\\/portosigns.pt\\\/en\\\/product\\\/oculos-lynx-tortoise\\\/#breadcrumb\"},\"inLanguage\":\"en-GB\",\"potentialAction\":[{\"@type\":\"ReadAction\",\"target\":[\"https:\\\/\\\/portosigns.pt\\\/en\\\/product\\\/oculos-lynx-tortoise\\\/\"]}]},{\"@type\":\"ImageObject\",\"inLanguage\":\"en-GB\",\"@id\":\"https:\\\/\\\/portosigns.pt\\\/en\\\/product\\\/oculos-lynx-tortoise\\\/#primaryimage\",\"url\":\"https:\\\/\\\/portosigns.pt\\\/wp-content\\\/uploads\\\/2026\\\/05\\\/Oculos-Lynx-Tortoise-scaled.jpg\",\"contentUrl\":\"https:\\\/\\\/portosigns.pt\\\/wp-content\\\/uploads\\\/2026\\\/05\\\/Oculos-Lynx-Tortoise-scaled.jpg\",\"width\":2560,\"height\":2560},{\"@type\":\"BreadcrumbList\",\"@id\":\"https:\\\/\\\/portosigns.pt\\\/en\\\/product\\\/oculos-lynx-tortoise\\\/#breadcrumb\",\"itemListElement\":[{\"@type\":\"ListItem\",\"position\":1,\"name\":\"In\u00edcio\",\"item\":\"https:\\\/\\\/portosigns.pt\\\/\"},{\"@type\":\"ListItem\",\"position\":2,\"name\":\"Loja\",\"item\":\"https:\\\/\\\/portosigns.pt\\\/loja\\\/\"},{\"@type\":\"ListItem\",\"position\":3,\"name\":\"Oculos Lynx Tortoise\"}]},{\"@type\":\"WebSite\",\"@id\":\"https:\\\/\\\/portosigns.pt\\\/#website\",\"url\":\"https:\\\/\\\/portosigns.pt\\\/\",\"name\":\"Portosigns\",\"description\":\"Loja online de produtos tur\u00edsticos e culturais portugueses\",\"publisher\":{\"@id\":\"https:\\\/\\\/portosigns.pt\\\/#organization\"},\"potentialAction\":[{\"@type\":\"SearchAction\",\"target\":{\"@type\":\"EntryPoint\",\"urlTemplate\":\"https:\\\/\\\/portosigns.pt\\\/?s={search_term_string}\"},\"query-input\":{\"@type\":\"PropertyValueSpecification\",\"valueRequired\":true,\"valueName\":\"search_term_string\"}}],\"inLanguage\":\"en-GB\"},{\"@type\":\"Organization\",\"@id\":\"https:\\\/\\\/portosigns.pt\\\/#organization\",\"name\":\"Portosigns\",\"alternateName\":\"Portosigns - Produtos Tur\u00edsticos e Culturais\",\"url\":\"https:\\\/\\\/portosigns.pt\\\/\",\"logo\":{\"@type\":\"ImageObject\",\"inLanguage\":\"en-GB\",\"@id\":\"https:\\\/\\\/portosigns.pt\\\/#\\\/schema\\\/logo\\\/image\\\/\",\"url\":\"https:\\\/\\\/portosigns.pt\\\/wp-content\\\/uploads\\\/2025\\\/10\\\/logo-portosigns.png\",\"contentUrl\":\"https:\\\/\\\/portosigns.pt\\\/wp-content\\\/uploads\\\/2025\\\/10\\\/logo-portosigns.png\",\"width\":2560,\"height\":782,\"caption\":\"Portosigns\"},\"image\":{\"@id\":\"https:\\\/\\\/portosigns.pt\\\/#\\\/schema\\\/logo\\\/image\\\/\"},\"description\":\"Loja online especializada em produtos tur\u00edsticos e culturais portugueses, com envio para todo o mundo.\",\"email\":\"portosigns@portosigns.pt\",\"telephone\":\"+351 966 628 720\",\"legalName\":\"Portosigns - Produtos Tur\u00edsticos e Culturais, Lda\",\"vatID\":\"507786408\",\"taxID\":\"507786408\"}]}<\/script>\n<!-- \/ Yoast SEO Premium plugin. -->","yoast_head_json":{"title":"Oculos Lynx Tortoise - Portosigns","robots":{"index":"index","follow":"follow","max-snippet":"max-snippet:-1","max-image-preview":"max-image-preview:large","max-video-preview":"max-video-preview:-1"},"canonical":"https:\/\/portosigns.pt\/en\/product\/oculos-lynx-tortoise\/","og_locale":"en_GB","og_type":"article","og_title":"Oculos Lynx Tortoise","og_description":"Este modelo ICONIC possui as seguintes especifica\u00e7\u00f5es: Modelo Artesanal Portugu\u00eas Quadro Italiano Premium de Acetato Lentes Solares Italianas Os \u00f3culos de sol broolls s\u00e3o feitos \u00e0 m\u00e3o e utilizam mat\u00e9rias-primas de alta qualidade da It\u00e1lia.  O modelo ICONIC possui lentes solares italianas com Categoria de Filtro 3 e Prote\u00e7\u00e3o UV 400 para proteger os olhos dos raios UV nocivos.  Detalhes da medi\u00e7\u00e3o:  Lentes 42mm Ponte 20mm Temple 145mm Largura do chassi dianteiro145mm Altura do quadro dianteiro 50mm","og_url":"https:\/\/portosigns.pt\/en\/product\/oculos-lynx-tortoise\/","og_site_name":"Portosigns","og_image":[{"width":2560,"height":2560,"url":"https:\/\/portosigns.pt\/wp-content\/uploads\/2026\/05\/Oculos-Lynx-Tortoise-scaled.jpg","type":"image\/jpeg"}],"twitter_card":"summary_large_image","schema":{"@context":"https:\/\/schema.org","@graph":[{"@type":"WebPage","@id":"https:\/\/portosigns.pt\/en\/product\/oculos-lynx-tortoise\/","url":"https:\/\/portosigns.pt\/en\/product\/oculos-lynx-tortoise\/","name":"Oculos Lynx Tortoise - Portosigns","isPartOf":{"@id":"https:\/\/portosigns.pt\/#website"},"primaryImageOfPage":{"@id":"https:\/\/portosigns.pt\/en\/product\/oculos-lynx-tortoise\/#primaryimage"},"image":{"@id":"https:\/\/portosigns.pt\/en\/product\/oculos-lynx-tortoise\/#primaryimage"},"thumbnailUrl":"https:\/\/portosigns.pt\/wp-content\/uploads\/2026\/05\/Oculos-Lynx-Tortoise-scaled.jpg","datePublished":"2026-05-12T05:36:01+00:00","breadcrumb":{"@id":"https:\/\/portosigns.pt\/en\/product\/oculos-lynx-tortoise\/#breadcrumb"},"inLanguage":"en-GB","potentialAction":[{"@type":"ReadAction","target":["https:\/\/portosigns.pt\/en\/product\/oculos-lynx-tortoise\/"]}]},{"@type":"ImageObject","inLanguage":"en-GB","@id":"https:\/\/portosigns.pt\/en\/product\/oculos-lynx-tortoise\/#primaryimage","url":"https:\/\/portosigns.pt\/wp-content\/uploads\/2026\/05\/Oculos-Lynx-Tortoise-scaled.jpg","contentUrl":"https:\/\/portosigns.pt\/wp-content\/uploads\/2026\/05\/Oculos-Lynx-Tortoise-scaled.jpg","width":2560,"height":2560},{"@type":"BreadcrumbList","@id":"https:\/\/portosigns.pt\/en\/product\/oculos-lynx-tortoise\/#breadcrumb","itemListElement":[{"@type":"ListItem","position":1,"name":"In\u00edcio","item":"https:\/\/portosigns.pt\/"},{"@type":"ListItem","position":2,"name":"Loja","item":"https:\/\/portosigns.pt\/loja\/"},{"@type":"ListItem","position":3,"name":"Oculos Lynx Tortoise"}]},{"@type":"WebSite","@id":"https:\/\/portosigns.pt\/#website","url":"https:\/\/portosigns.pt\/","name":"Portosigns","description":"Loja online de produtos tur\u00edsticos e culturais portugueses","publisher":{"@id":"https:\/\/portosigns.pt\/#organization"},"potentialAction":[{"@type":"SearchAction","target":{"@type":"EntryPoint","urlTemplate":"https:\/\/portosigns.pt\/?s={search_term_string}"},"query-input":{"@type":"PropertyValueSpecification","valueRequired":true,"valueName":"search_term_string"}}],"inLanguage":"en-GB"},{"@type":"Organization","@id":"https:\/\/portosigns.pt\/#organization","name":"Portosigns","alternateName":"Portosigns - Produtos Tur\u00edsticos e Culturais","url":"https:\/\/portosigns.pt\/","logo":{"@type":"ImageObject","inLanguage":"en-GB","@id":"https:\/\/portosigns.pt\/#\/schema\/logo\/image\/","url":"https:\/\/portosigns.pt\/wp-content\/uploads\/2025\/10\/logo-portosigns.png","contentUrl":"https:\/\/portosigns.pt\/wp-content\/uploads\/2025\/10\/logo-portosigns.png","width":2560,"height":782,"caption":"Portosigns"},"image":{"@id":"https:\/\/portosigns.pt\/#\/schema\/logo\/image\/"},"description":"Loja online especializada em produtos tur\u00edsticos e culturais portugueses, com envio para todo o mundo.","email":"portosigns@portosigns.pt","telephone":"+351 966 628 720","legalName":"Portosigns - Produtos Tur\u00edsticos e Culturais, Lda","vatID":"507786408","taxID":"507786408"}]}},"_links":{"self":[{"href":"https:\/\/portosigns.pt\/en\/wp-json\/wp\/v2\/product\/73368","targetHints":{"allow":["GET"]}}],"collection":[{"href":"https:\/\/portosigns.pt\/en\/wp-json\/wp\/v2\/product"}],"about":[{"href":"https:\/\/portosigns.pt\/en\/wp-json\/wp\/v2\/types\/product"}],"wp:featuredmedia":[{"embeddable":true,"href":"https:\/\/portosigns.pt\/en\/wp-json\/wp\/v2\/media\/73369"}],"wp:attachment":[{"href":"https:\/\/portosigns.pt\/en\/wp-json\/wp\/v2\/media?parent=73368"}],"wp:term":[{"taxonomy":"product_brand","embeddable":true,"href":"https:\/\/portosigns.pt\/en\/wp-json\/wp\/v2\/product_brand?post=73368"},{"taxonomy":"product_cat","embeddable":true,"href":"https:\/\/portosigns.pt\/en\/wp-json\/wp\/v2\/product_cat?post=73368"},{"taxonomy":"product_tag","embeddable":true,"href":"https:\/\/portosigns.pt\/en\/wp-json\/wp\/v2\/product_tag?post=73368"}],"curies":[{"name":"wp","href":"https:\/\/api.w.org\/{rel}","templated":true}]}}