{"id":68471,"date":"2026-05-11T19:44:42","date_gmt":"2026-05-11T18:44:42","guid":{"rendered":"https:\/\/portosigns.pt\/produto\/copo-cafe-coral\/"},"modified":"2026-05-11T19:44:42","modified_gmt":"2026-05-11T18:44:42","slug":"copo-cafe-coral","status":"publish","type":"product","link":"https:\/\/portosigns.pt\/en\/product\/copo-cafe-coral\/","title":{"rendered":"Copo Caf\u00e9 Coral"},"content":{"rendered":"","protected":false},"excerpt":{"rendered":"<p>Os produtos para a mesa e cozinha, s\u00e3o feitos \u00e0 m\u00e3o em Portugal, por processos e t\u00e9cnicas tradicionais.<br \/>\nDisponibilizamos uma vasta oferta de artigos, funcionais e alegres.<br \/>\nT\u00eam formas, cores e temas convidativos e originais: pratos, travessas, torteiras, canecas, jarros, manteigueiras, copos de caf\u00e9, poke bowl e muito outros\u2026<br \/>\nS\u00e3o, por isso, para uso di\u00e1rio na sua mesa e cozinha.<br \/>\nPodem ser lavados na m\u00e1quina de lavar loi\u00e7a, ir ao forno e ao micro-ondas.<\/p>","protected":false},"featured_media":68472,"template":"","meta":{"site-sidebar-layout":"default","site-content-layout":"","ast-site-content-layout":"default","site-content-style":"default","site-sidebar-style":"default","ast-global-header-display":"","ast-banner-title-visibility":"","ast-main-header-display":"","ast-hfb-above-header-display":"","ast-hfb-below-header-display":"","ast-hfb-mobile-header-display":"","site-post-title":"","ast-breadcrumbs-content":"","ast-featured-img":"","footer-sml-layout":"","ast-disable-related-posts":"","theme-transparent-header-meta":"","adv-header-id-meta":"","stick-header-meta":"","header-above-stick-meta":"","header-main-stick-meta":"","header-below-stick-meta":"","astra-migrate-meta-layouts":"default","ast-page-background-enabled":"default","ast-page-background-meta":{"desktop":{"background-color":"var(--ast-global-color-5)","background-image":"","background-repeat":"repeat","background-position":"center center","background-size":"auto","background-attachment":"scroll","background-type":"","background-media":"","overlay-type":"","overlay-color":"","overlay-opacity":"","overlay-gradient":""},"tablet":{"background-color":"","background-image":"","background-repeat":"repeat","background-position":"center center","background-size":"auto","background-attachment":"scroll","background-type":"","background-media":"","overlay-type":"","overlay-color":"","overlay-opacity":"","overlay-gradient":""},"mobile":{"background-color":"","background-image":"","background-repeat":"repeat","background-position":"center center","background-size":"auto","background-attachment":"scroll","background-type":"","background-media":"","overlay-type":"","overlay-color":"","overlay-opacity":"","overlay-gradient":""}},"ast-content-background-meta":{"desktop":{"background-color":"var(--ast-global-color-4)","background-image":"","background-repeat":"repeat","background-position":"center center","background-size":"auto","background-attachment":"scroll","background-type":"","background-media":"","overlay-type":"","overlay-color":"","overlay-opacity":"","overlay-gradient":""},"tablet":{"background-color":"var(--ast-global-color-4)","background-image":"","background-repeat":"repeat","background-position":"center center","background-size":"auto","background-attachment":"scroll","background-type":"","background-media":"","overlay-type":"","overlay-color":"","overlay-opacity":"","overlay-gradient":""},"mobile":{"background-color":"var(--ast-global-color-4)","background-image":"","background-repeat":"repeat","background-position":"center center","background-size":"auto","background-attachment":"scroll","background-type":"","background-media":"","overlay-type":"","overlay-color":"","overlay-opacity":"","overlay-gradient":""}}},"product_brand":[404],"product_cat":[123,382],"product_tag":[],"class_list":{"0":"post-68471","1":"product","2":"type-product","3":"status-publish","4":"has-post-thumbnail","6":"product_brand-aurea","7":"product_cat-ceramica","8":"product_cat-mesa-e-cozinha","9":"desktop-align-left","10":"tablet-align-left","11":"mobile-align-left","13":"first","14":"outofstock","15":"taxable","16":"shipping-taxable","17":"purchasable","18":"product-type-simple"},"yoast_head":"<!-- This site is optimized with the Yoast SEO Premium plugin v27.5 (Yoast SEO v27.6) - https:\/\/yoast.com\/product\/yoast-seo-premium-wordpress\/ -->\n<title>Copo Caf\u00e9 Coral - Portosigns<\/title>\n<meta name=\"robots\" content=\"index, follow, max-snippet:-1, max-image-preview:large, max-video-preview:-1\" \/>\n<link rel=\"canonical\" href=\"https:\/\/portosigns.pt\/en\/product\/copo-cafe-coral\/\" \/>\n<meta property=\"og:locale\" content=\"en_GB\" \/>\n<meta property=\"og:type\" content=\"article\" \/>\n<meta property=\"og:title\" content=\"Copo Caf\u00e9 Coral\" \/>\n<meta property=\"og:description\" content=\"Os produtos para a mesa e cozinha, s\u00e3o feitos \u00e0 m\u00e3o em Portugal, por processos e t\u00e9cnicas tradicionais. Disponibilizamos uma vasta oferta de artigos, funcionais e alegres. T\u00eam formas, cores e temas convidativos e originais: pratos, travessas, torteiras, canecas, jarros, manteigueiras, copos de caf\u00e9, poke bowl e muito outros\u2026 S\u00e3o, por isso, para uso di\u00e1rio na sua mesa e cozinha. Podem ser lavados na m\u00e1quina de lavar loi\u00e7a, ir ao forno e ao micro-ondas.\" \/>\n<meta property=\"og:url\" content=\"https:\/\/portosigns.pt\/en\/product\/copo-cafe-coral\/\" \/>\n<meta property=\"og:site_name\" content=\"Portosigns\" \/>\n<meta property=\"og:image\" content=\"https:\/\/portosigns.pt\/wp-content\/uploads\/2026\/05\/Copo-Cafe-Coral-943x1024.png\" \/>\n\t<meta property=\"og:image:width\" content=\"943\" \/>\n\t<meta property=\"og:image:height\" content=\"1024\" \/>\n\t<meta property=\"og:image:type\" content=\"image\/png\" \/>\n<meta name=\"twitter:card\" content=\"summary_large_image\" \/>\n<script type=\"application\/ld+json\" class=\"yoast-schema-graph\">{\"@context\":\"https:\\\/\\\/schema.org\",\"@graph\":[{\"@type\":\"WebPage\",\"@id\":\"https:\\\/\\\/portosigns.pt\\\/produto\\\/copo-cafe-coral\\\/\",\"url\":\"https:\\\/\\\/portosigns.pt\\\/produto\\\/copo-cafe-coral\\\/\",\"name\":\"Copo Caf\u00e9 Coral - Portosigns\",\"isPartOf\":{\"@id\":\"https:\\\/\\\/portosigns.pt\\\/#website\"},\"primaryImageOfPage\":{\"@id\":\"https:\\\/\\\/portosigns.pt\\\/produto\\\/copo-cafe-coral\\\/#primaryimage\"},\"image\":{\"@id\":\"https:\\\/\\\/portosigns.pt\\\/produto\\\/copo-cafe-coral\\\/#primaryimage\"},\"thumbnailUrl\":\"https:\\\/\\\/portosigns.pt\\\/wp-content\\\/uploads\\\/2026\\\/05\\\/Copo-Cafe-Coral.png\",\"datePublished\":\"2026-05-11T18:44:42+00:00\",\"breadcrumb\":{\"@id\":\"https:\\\/\\\/portosigns.pt\\\/produto\\\/copo-cafe-coral\\\/#breadcrumb\"},\"inLanguage\":\"en-GB\",\"potentialAction\":[{\"@type\":\"ReadAction\",\"target\":[\"https:\\\/\\\/portosigns.pt\\\/produto\\\/copo-cafe-coral\\\/\"]}]},{\"@type\":\"ImageObject\",\"inLanguage\":\"en-GB\",\"@id\":\"https:\\\/\\\/portosigns.pt\\\/produto\\\/copo-cafe-coral\\\/#primaryimage\",\"url\":\"https:\\\/\\\/portosigns.pt\\\/wp-content\\\/uploads\\\/2026\\\/05\\\/Copo-Cafe-Coral.png\",\"contentUrl\":\"https:\\\/\\\/portosigns.pt\\\/wp-content\\\/uploads\\\/2026\\\/05\\\/Copo-Cafe-Coral.png\",\"width\":1806,\"height\":1961},{\"@type\":\"BreadcrumbList\",\"@id\":\"https:\\\/\\\/portosigns.pt\\\/produto\\\/copo-cafe-coral\\\/#breadcrumb\",\"itemListElement\":[{\"@type\":\"ListItem\",\"position\":1,\"name\":\"In\u00edcio\",\"item\":\"https:\\\/\\\/portosigns.pt\\\/\"},{\"@type\":\"ListItem\",\"position\":2,\"name\":\"Loja\",\"item\":\"https:\\\/\\\/portosigns.pt\\\/loja\\\/\"},{\"@type\":\"ListItem\",\"position\":3,\"name\":\"Copo Caf\u00e9 Coral\"}]},{\"@type\":\"WebSite\",\"@id\":\"https:\\\/\\\/portosigns.pt\\\/#website\",\"url\":\"https:\\\/\\\/portosigns.pt\\\/\",\"name\":\"Portosigns\",\"description\":\"Loja online de produtos tur\u00edsticos e culturais portugueses\",\"publisher\":{\"@id\":\"https:\\\/\\\/portosigns.pt\\\/#organization\"},\"potentialAction\":[{\"@type\":\"SearchAction\",\"target\":{\"@type\":\"EntryPoint\",\"urlTemplate\":\"https:\\\/\\\/portosigns.pt\\\/?s={search_term_string}\"},\"query-input\":{\"@type\":\"PropertyValueSpecification\",\"valueRequired\":true,\"valueName\":\"search_term_string\"}}],\"inLanguage\":\"en-GB\"},{\"@type\":\"Organization\",\"@id\":\"https:\\\/\\\/portosigns.pt\\\/#organization\",\"name\":\"Portosigns\",\"alternateName\":\"Portosigns - Produtos Tur\u00edsticos e Culturais\",\"url\":\"https:\\\/\\\/portosigns.pt\\\/\",\"logo\":{\"@type\":\"ImageObject\",\"inLanguage\":\"en-GB\",\"@id\":\"https:\\\/\\\/portosigns.pt\\\/#\\\/schema\\\/logo\\\/image\\\/\",\"url\":\"https:\\\/\\\/portosigns.pt\\\/wp-content\\\/uploads\\\/2025\\\/10\\\/logo-portosigns.png\",\"contentUrl\":\"https:\\\/\\\/portosigns.pt\\\/wp-content\\\/uploads\\\/2025\\\/10\\\/logo-portosigns.png\",\"width\":2560,\"height\":782,\"caption\":\"Portosigns\"},\"image\":{\"@id\":\"https:\\\/\\\/portosigns.pt\\\/#\\\/schema\\\/logo\\\/image\\\/\"},\"description\":\"Loja online especializada em produtos tur\u00edsticos e culturais portugueses, com envio para todo o mundo.\",\"email\":\"portosigns@portosigns.pt\",\"telephone\":\"+351 966 628 720\",\"legalName\":\"Portosigns - Produtos Tur\u00edsticos e Culturais, Lda\",\"vatID\":\"507786408\",\"taxID\":\"507786408\"}]}<\/script>\n<!-- \/ Yoast SEO Premium plugin. -->","yoast_head_json":{"title":"Copo Caf\u00e9 Coral - Portosigns","robots":{"index":"index","follow":"follow","max-snippet":"max-snippet:-1","max-image-preview":"max-image-preview:large","max-video-preview":"max-video-preview:-1"},"canonical":"https:\/\/portosigns.pt\/en\/product\/copo-cafe-coral\/","og_locale":"en_GB","og_type":"article","og_title":"Copo Caf\u00e9 Coral","og_description":"Os produtos para a mesa e cozinha, s\u00e3o feitos \u00e0 m\u00e3o em Portugal, por processos e t\u00e9cnicas tradicionais. Disponibilizamos uma vasta oferta de artigos, funcionais e alegres. T\u00eam formas, cores e temas convidativos e originais: pratos, travessas, torteiras, canecas, jarros, manteigueiras, copos de caf\u00e9, poke bowl e muito outros\u2026 S\u00e3o, por isso, para uso di\u00e1rio na sua mesa e cozinha. Podem ser lavados na m\u00e1quina de lavar loi\u00e7a, ir ao forno e ao micro-ondas.","og_url":"https:\/\/portosigns.pt\/en\/product\/copo-cafe-coral\/","og_site_name":"Portosigns","og_image":[{"width":943,"height":1024,"url":"https:\/\/portosigns.pt\/wp-content\/uploads\/2026\/05\/Copo-Cafe-Coral-943x1024.png","type":"image\/png"}],"twitter_card":"summary_large_image","schema":{"@context":"https:\/\/schema.org","@graph":[{"@type":"WebPage","@id":"https:\/\/portosigns.pt\/produto\/copo-cafe-coral\/","url":"https:\/\/portosigns.pt\/produto\/copo-cafe-coral\/","name":"Copo Caf\u00e9 Coral - Portosigns","isPartOf":{"@id":"https:\/\/portosigns.pt\/#website"},"primaryImageOfPage":{"@id":"https:\/\/portosigns.pt\/produto\/copo-cafe-coral\/#primaryimage"},"image":{"@id":"https:\/\/portosigns.pt\/produto\/copo-cafe-coral\/#primaryimage"},"thumbnailUrl":"https:\/\/portosigns.pt\/wp-content\/uploads\/2026\/05\/Copo-Cafe-Coral.png","datePublished":"2026-05-11T18:44:42+00:00","breadcrumb":{"@id":"https:\/\/portosigns.pt\/produto\/copo-cafe-coral\/#breadcrumb"},"inLanguage":"en-GB","potentialAction":[{"@type":"ReadAction","target":["https:\/\/portosigns.pt\/produto\/copo-cafe-coral\/"]}]},{"@type":"ImageObject","inLanguage":"en-GB","@id":"https:\/\/portosigns.pt\/produto\/copo-cafe-coral\/#primaryimage","url":"https:\/\/portosigns.pt\/wp-content\/uploads\/2026\/05\/Copo-Cafe-Coral.png","contentUrl":"https:\/\/portosigns.pt\/wp-content\/uploads\/2026\/05\/Copo-Cafe-Coral.png","width":1806,"height":1961},{"@type":"BreadcrumbList","@id":"https:\/\/portosigns.pt\/produto\/copo-cafe-coral\/#breadcrumb","itemListElement":[{"@type":"ListItem","position":1,"name":"In\u00edcio","item":"https:\/\/portosigns.pt\/"},{"@type":"ListItem","position":2,"name":"Loja","item":"https:\/\/portosigns.pt\/loja\/"},{"@type":"ListItem","position":3,"name":"Copo Caf\u00e9 Coral"}]},{"@type":"WebSite","@id":"https:\/\/portosigns.pt\/#website","url":"https:\/\/portosigns.pt\/","name":"Portosigns","description":"Loja online de produtos tur\u00edsticos e culturais portugueses","publisher":{"@id":"https:\/\/portosigns.pt\/#organization"},"potentialAction":[{"@type":"SearchAction","target":{"@type":"EntryPoint","urlTemplate":"https:\/\/portosigns.pt\/?s={search_term_string}"},"query-input":{"@type":"PropertyValueSpecification","valueRequired":true,"valueName":"search_term_string"}}],"inLanguage":"en-GB"},{"@type":"Organization","@id":"https:\/\/portosigns.pt\/#organization","name":"Portosigns","alternateName":"Portosigns - Produtos Tur\u00edsticos e Culturais","url":"https:\/\/portosigns.pt\/","logo":{"@type":"ImageObject","inLanguage":"en-GB","@id":"https:\/\/portosigns.pt\/#\/schema\/logo\/image\/","url":"https:\/\/portosigns.pt\/wp-content\/uploads\/2025\/10\/logo-portosigns.png","contentUrl":"https:\/\/portosigns.pt\/wp-content\/uploads\/2025\/10\/logo-portosigns.png","width":2560,"height":782,"caption":"Portosigns"},"image":{"@id":"https:\/\/portosigns.pt\/#\/schema\/logo\/image\/"},"description":"Loja online especializada em produtos tur\u00edsticos e culturais portugueses, com envio para todo o mundo.","email":"portosigns@portosigns.pt","telephone":"+351 966 628 720","legalName":"Portosigns - Produtos Tur\u00edsticos e Culturais, Lda","vatID":"507786408","taxID":"507786408"}]}},"_links":{"self":[{"href":"https:\/\/portosigns.pt\/en\/wp-json\/wp\/v2\/product\/68471","targetHints":{"allow":["GET"]}}],"collection":[{"href":"https:\/\/portosigns.pt\/en\/wp-json\/wp\/v2\/product"}],"about":[{"href":"https:\/\/portosigns.pt\/en\/wp-json\/wp\/v2\/types\/product"}],"wp:featuredmedia":[{"embeddable":true,"href":"https:\/\/portosigns.pt\/en\/wp-json\/wp\/v2\/media\/68472"}],"wp:attachment":[{"href":"https:\/\/portosigns.pt\/en\/wp-json\/wp\/v2\/media?parent=68471"}],"wp:term":[{"taxonomy":"product_brand","embeddable":true,"href":"https:\/\/portosigns.pt\/en\/wp-json\/wp\/v2\/product_brand?post=68471"},{"taxonomy":"product_cat","embeddable":true,"href":"https:\/\/portosigns.pt\/en\/wp-json\/wp\/v2\/product_cat?post=68471"},{"taxonomy":"product_tag","embeddable":true,"href":"https:\/\/portosigns.pt\/en\/wp-json\/wp\/v2\/product_tag?post=68471"}],"curies":[{"name":"wp","href":"https:\/\/api.w.org\/{rel}","templated":true}]}}