{"id":59589,"date":"2026-04-30T18:15:51","date_gmt":"2026-04-30T17:15:51","guid":{"rendered":"https:\/\/portosigns.pt\/produto\/santo-antonio-pequeno-mel\/"},"modified":"2026-04-30T18:15:51","modified_gmt":"2026-04-30T17:15:51","slug":"santo-antonio-pequeno-mel","status":"publish","type":"product","link":"https:\/\/portosigns.pt\/en\/product\/santo-antonio-pequeno-mel\/","title":{"rendered":"Santo Ant\u00f3nio Pequeno Mel"},"content":{"rendered":"","protected":false},"excerpt":{"rendered":"<p>Santo Ant\u00f3nio, para decora\u00e7\u00e3o.<\/p>\n<p>Esta cole\u00e7\u00e3o de Santo Ant\u00f3nio, apresenta 3 tamanhos: grande, m\u00e9dio e pequeno.<\/p>\n<p>Pode ainda escolher entre as 12 cores diferentes e decorar o seu ambiente.<\/p>\n<p>O Santo Ant\u00f3nio \u00e9 em faian\u00e7a e a pintura \u00e9 feita \u00e0 m\u00e3o por isso \u00e9 uma pe\u00e7a de artesanato, moderna que fica bem em qualquer casa.<\/p>","protected":false},"featured_media":59590,"template":"","meta":{"site-sidebar-layout":"default","site-content-layout":"","ast-site-content-layout":"default","site-content-style":"default","site-sidebar-style":"default","ast-global-header-display":"","ast-banner-title-visibility":"","ast-main-header-display":"","ast-hfb-above-header-display":"","ast-hfb-below-header-display":"","ast-hfb-mobile-header-display":"","site-post-title":"","ast-breadcrumbs-content":"","ast-featured-img":"","footer-sml-layout":"","ast-disable-related-posts":"","theme-transparent-header-meta":"","adv-header-id-meta":"","stick-header-meta":"","header-above-stick-meta":"","header-main-stick-meta":"","header-below-stick-meta":"","astra-migrate-meta-layouts":"default","ast-page-background-enabled":"default","ast-page-background-meta":{"desktop":{"background-color":"var(--ast-global-color-5)","background-image":"","background-repeat":"repeat","background-position":"center center","background-size":"auto","background-attachment":"scroll","background-type":"","background-media":"","overlay-type":"","overlay-color":"","overlay-opacity":"","overlay-gradient":""},"tablet":{"background-color":"","background-image":"","background-repeat":"repeat","background-position":"center center","background-size":"auto","background-attachment":"scroll","background-type":"","background-media":"","overlay-type":"","overlay-color":"","overlay-opacity":"","overlay-gradient":""},"mobile":{"background-color":"","background-image":"","background-repeat":"repeat","background-position":"center center","background-size":"auto","background-attachment":"scroll","background-type":"","background-media":"","overlay-type":"","overlay-color":"","overlay-opacity":"","overlay-gradient":""}},"ast-content-background-meta":{"desktop":{"background-color":"var(--ast-global-color-4)","background-image":"","background-repeat":"repeat","background-position":"center center","background-size":"auto","background-attachment":"scroll","background-type":"","background-media":"","overlay-type":"","overlay-color":"","overlay-opacity":"","overlay-gradient":""},"tablet":{"background-color":"var(--ast-global-color-4)","background-image":"","background-repeat":"repeat","background-position":"center center","background-size":"auto","background-attachment":"scroll","background-type":"","background-media":"","overlay-type":"","overlay-color":"","overlay-opacity":"","overlay-gradient":""},"mobile":{"background-color":"var(--ast-global-color-4)","background-image":"","background-repeat":"repeat","background-position":"center center","background-size":"auto","background-attachment":"scroll","background-type":"","background-media":"","overlay-type":"","overlay-color":"","overlay-opacity":"","overlay-gradient":""}}},"product_brand":[375],"product_cat":[123,386],"product_tag":[],"class_list":{"0":"post-59589","1":"product","2":"type-product","3":"status-publish","4":"has-post-thumbnail","6":"product_brand-santo-ant","7":"product_cat-ceramica","8":"product_cat-decoracao","9":"desktop-align-left","10":"tablet-align-left","11":"mobile-align-left","13":"first","14":"instock","15":"taxable","16":"shipping-taxable","17":"purchasable","18":"product-type-simple"},"_links":{"self":[{"href":"https:\/\/portosigns.pt\/en\/wp-json\/wp\/v2\/product\/59589","targetHints":{"allow":["GET"]}}],"collection":[{"href":"https:\/\/portosigns.pt\/en\/wp-json\/wp\/v2\/product"}],"about":[{"href":"https:\/\/portosigns.pt\/en\/wp-json\/wp\/v2\/types\/product"}],"wp:featuredmedia":[{"embeddable":true,"href":"https:\/\/portosigns.pt\/en\/wp-json\/wp\/v2\/media\/59590"}],"wp:attachment":[{"href":"https:\/\/portosigns.pt\/en\/wp-json\/wp\/v2\/media?parent=59589"}],"wp:term":[{"taxonomy":"product_brand","embeddable":true,"href":"https:\/\/portosigns.pt\/en\/wp-json\/wp\/v2\/product_brand?post=59589"},{"taxonomy":"product_cat","embeddable":true,"href":"https:\/\/portosigns.pt\/en\/wp-json\/wp\/v2\/product_cat?post=59589"},{"taxonomy":"product_tag","embeddable":true,"href":"https:\/\/portosigns.pt\/en\/wp-json\/wp\/v2\/product_tag?post=59589"}],"curies":[{"name":"wp","href":"https:\/\/api.w.org\/{rel}","templated":true}]}}