{"id":58617,"date":"2026-04-30T17:31:56","date_gmt":"2026-04-30T16:31:56","guid":{"rendered":"https:\/\/portosigns.pt\/produto\/oculos-lynx-dk-tortoise\/"},"modified":"2026-04-30T17:31:56","modified_gmt":"2026-04-30T16:31:56","slug":"oculos-lynx-dk-tortoise","status":"publish","type":"product","link":"https:\/\/portosigns.pt\/en\/product\/oculos-lynx-dk-tortoise\/","title":{"rendered":"Oculos Lynx DK Tortoise"},"content":{"rendered":"","protected":false},"excerpt":{"rendered":"<p>Este modelo ICONIC possui as seguintes especifica\u00e7\u00f5es:<br \/>\nModelo Artesanal Portugu\u00eas<br \/>\nQuadro Italiano Premium de Acetato<br \/>\nLentes Solares Italianas<br \/>\nOs \u00f3culos de sol broolls s\u00e3o feitos \u00e0 m\u00e3o e utilizam mat\u00e9rias-primas de alta qualidade da It\u00e1lia.<\/p>\n<p>O modelo ICONIC possui lentes solares italianas com Categoria de Filtro 3 e Prote\u00e7\u00e3o UV 400 para proteger os olhos dos raios UV nocivos.<\/p>\n<p>Detalhes da medi\u00e7\u00e3o:<\/p>\n<p>Lentes 42mm<br \/>\nPonte 20mm<br \/>\nTemple 145mm<br \/>\nLargura do chassi dianteiro145mm<br \/>\nAltura do quadro dianteiro 50mm<\/p>","protected":false},"featured_media":58618,"template":"","meta":{"site-sidebar-layout":"default","site-content-layout":"","ast-site-content-layout":"default","site-content-style":"default","site-sidebar-style":"default","ast-global-header-display":"","ast-banner-title-visibility":"","ast-main-header-display":"","ast-hfb-above-header-display":"","ast-hfb-below-header-display":"","ast-hfb-mobile-header-display":"","site-post-title":"","ast-breadcrumbs-content":"","ast-featured-img":"","footer-sml-layout":"","ast-disable-related-posts":"","theme-transparent-header-meta":"","adv-header-id-meta":"","stick-header-meta":"","header-above-stick-meta":"","header-main-stick-meta":"","header-below-stick-meta":"","astra-migrate-meta-layouts":"default","ast-page-background-enabled":"default","ast-page-background-meta":{"desktop":{"background-color":"var(--ast-global-color-5)","background-image":"","background-repeat":"repeat","background-position":"center center","background-size":"auto","background-attachment":"scroll","background-type":"","background-media":"","overlay-type":"","overlay-color":"","overlay-opacity":"","overlay-gradient":""},"tablet":{"background-color":"","background-image":"","background-repeat":"repeat","background-position":"center center","background-size":"auto","background-attachment":"scroll","background-type":"","background-media":"","overlay-type":"","overlay-color":"","overlay-opacity":"","overlay-gradient":""},"mobile":{"background-color":"","background-image":"","background-repeat":"repeat","background-position":"center center","background-size":"auto","background-attachment":"scroll","background-type":"","background-media":"","overlay-type":"","overlay-color":"","overlay-opacity":"","overlay-gradient":""}},"ast-content-background-meta":{"desktop":{"background-color":"var(--ast-global-color-4)","background-image":"","background-repeat":"repeat","background-position":"center center","background-size":"auto","background-attachment":"scroll","background-type":"","background-media":"","overlay-type":"","overlay-color":"","overlay-opacity":"","overlay-gradient":""},"tablet":{"background-color":"var(--ast-global-color-4)","background-image":"","background-repeat":"repeat","background-position":"center center","background-size":"auto","background-attachment":"scroll","background-type":"","background-media":"","overlay-type":"","overlay-color":"","overlay-opacity":"","overlay-gradient":""},"mobile":{"background-color":"var(--ast-global-color-4)","background-image":"","background-repeat":"repeat","background-position":"center center","background-size":"auto","background-attachment":"scroll","background-type":"","background-media":"","overlay-type":"","overlay-color":"","overlay-opacity":"","overlay-gradient":""}}},"product_brand":[416],"product_cat":[412,418],"product_tag":[],"class_list":{"0":"post-58617","1":"product","2":"type-product","3":"status-publish","4":"has-post-thumbnail","6":"product_brand-oculos","7":"product_cat-outros-acessorios","8":"product_cat-oculos-outros-acessorios","9":"desktop-align-left","10":"tablet-align-left","11":"mobile-align-left","13":"first","14":"instock","15":"taxable","16":"shipping-taxable","17":"purchasable","18":"product-type-simple"},"_links":{"self":[{"href":"https:\/\/portosigns.pt\/en\/wp-json\/wp\/v2\/product\/58617","targetHints":{"allow":["GET"]}}],"collection":[{"href":"https:\/\/portosigns.pt\/en\/wp-json\/wp\/v2\/product"}],"about":[{"href":"https:\/\/portosigns.pt\/en\/wp-json\/wp\/v2\/types\/product"}],"wp:featuredmedia":[{"embeddable":true,"href":"https:\/\/portosigns.pt\/en\/wp-json\/wp\/v2\/media\/58618"}],"wp:attachment":[{"href":"https:\/\/portosigns.pt\/en\/wp-json\/wp\/v2\/media?parent=58617"}],"wp:term":[{"taxonomy":"product_brand","embeddable":true,"href":"https:\/\/portosigns.pt\/en\/wp-json\/wp\/v2\/product_brand?post=58617"},{"taxonomy":"product_cat","embeddable":true,"href":"https:\/\/portosigns.pt\/en\/wp-json\/wp\/v2\/product_cat?post=58617"},{"taxonomy":"product_tag","embeddable":true,"href":"https:\/\/portosigns.pt\/en\/wp-json\/wp\/v2\/product_tag?post=58617"}],"curies":[{"name":"wp","href":"https:\/\/api.w.org\/{rel}","templated":true}]}}