{"id":16158,"date":"2024-02-13T19:07:58","date_gmt":"2024-02-13T19:07:58","guid":{"rendered":"https:\/\/portosigns.pt\/?post_type=product&#038;p=16158"},"modified":"2024-02-15T13:04:40","modified_gmt":"2024-02-15T13:04:40","slug":"botas-city-line-felt-modelo-cody","status":"publish","type":"product","link":"https:\/\/portosigns.pt\/en\/produto\/botas-city-line-felt-modelo-cody\/","title":{"rendered":"Botas City Line Felt &#8211; Modelo CODY"},"content":{"rendered":"<p><strong>Botas Felt, AS PORTUGUESAS<\/strong><br \/>\nEstas botas, botins com cord\u00f5es, s\u00e3o em feltro e t\u00eam <strong>sola em corti\u00e7a e borracha natural, <\/strong>garantem por isso, resist\u00eancia e durabilidade a este produto.<\/p>\n<p>Muito leves e confort\u00e1veis s\u00e3o op\u00e7\u00e3o ideal para todo o Outono ou Inverno, porque s\u00e3o muito quentinhas e 100% naturais.<\/p>\n<p>Produto\u00a0 para bem cal\u00e7ar a Mulher moderna e amiga do ambiente.<\/p>\n<p>Criado por As portuguesas<\/p>\n","protected":false},"excerpt":{"rendered":"<p class=\"model\">Modelo: CODY<br class=\"taxonomy\" \/>REF: ASPP018135011<\/p>\n<p><strong>Material:<\/strong>\u00a0L\u00e3 Natural;<br \/>\n<strong>Forro:<\/strong>\u00a0L\u00e3 Natural;<br \/>\n<strong>Palmilha:<\/strong>\u00a0L\u00e3 Natural;<br \/>\n<strong>Linguado:<\/strong>\u00a0Corti\u00e7a;<br \/>\n<strong>Altura do salto:<\/strong>\u00a03cm;<\/p>\n","protected":false},"featured_media":16027,"template":"","meta":[],"product_cat":[1211,1239,523,1217],"product_tag":[],"yoast_head":"<!-- This site is optimized with the Yoast SEO plugin v23.5 - https:\/\/yoast.com\/wordpress\/plugins\/seo\/ -->\n<title>Botas City Line Felt - Modelo CODY - PORTOSIGNS. Loja Online<\/title>\n<meta name=\"description\" content=\"Estas botas, botins com cord\u00f5es, s\u00e3o em feltro e t\u00eam sola em corti\u00e7a e borracha natural, garantem por isso, resist\u00eancia e durabilidade a este produto. Muito leves e confort\u00e1veis s\u00e3o op\u00e7\u00e3o ideal para todo o Outono ou Inverno, porque s\u00e3o muito quentinhas e 100% naturais. Produto\u00a0 para bem cal\u00e7ar a Mulher moderna e amiga do ambiente. Criado por As portuguesas\" \/>\n<meta name=\"robots\" content=\"index, follow, max-snippet:-1, max-image-preview:large, max-video-preview:-1\" \/>\n<link rel=\"canonical\" href=\"https:\/\/portosigns.pt\/produto\/botas-city-line-felt-modelo-cody\/\" \/>\n<meta property=\"og:locale\" content=\"en_US\" \/>\n<meta property=\"og:type\" content=\"article\" \/>\n<meta property=\"og:title\" content=\"Botas City Line Felt - Modelo CODY - PORTOSIGNS. Loja Online\" \/>\n<meta property=\"og:description\" content=\"Estas botas, botins com cord\u00f5es, s\u00e3o em feltro e t\u00eam sola em corti\u00e7a e borracha natural, garantem por isso, resist\u00eancia e durabilidade a este produto. Muito leves e confort\u00e1veis s\u00e3o op\u00e7\u00e3o ideal para todo o Outono ou Inverno, porque s\u00e3o muito quentinhas e 100% naturais. Produto\u00a0 para bem cal\u00e7ar a Mulher moderna e amiga do ambiente. Criado por As portuguesas\" \/>\n<meta property=\"og:url\" content=\"https:\/\/portosigns.pt\/produto\/botas-city-line-felt-modelo-cody\/\" \/>\n<meta property=\"og:site_name\" content=\"PORTOSIGNS. Loja Online\" \/>\n<meta property=\"article:publisher\" content=\"https:\/\/www.facebook.com\/Portosigns.pt\" \/>\n<meta property=\"article:modified_time\" content=\"2024-02-15T13:04:40+00:00\" \/>\n<meta property=\"og:image\" content=\"https:\/\/portosigns.pt\/wp-content\/uploads\/2023\/12\/ASPP018135012-2-scaled.jpg\" \/>\n\t<meta property=\"og:image:width\" content=\"1920\" \/>\n\t<meta property=\"og:image:height\" content=\"2560\" \/>\n\t<meta property=\"og:image:type\" content=\"image\/jpeg\" \/>\n<meta name=\"twitter:card\" content=\"summary_large_image\" \/>\n<meta name=\"twitter:label1\" content=\"Est. reading time\" \/>\n\t<meta name=\"twitter:data1\" content=\"1 minute\" \/>\n<script type=\"application\/ld+json\" class=\"yoast-schema-graph\">{\"@context\":\"https:\/\/schema.org\",\"@graph\":[{\"@type\":\"WebPage\",\"@id\":\"https:\/\/portosigns.pt\/produto\/botas-city-line-felt-modelo-cody\/\",\"url\":\"https:\/\/portosigns.pt\/produto\/botas-city-line-felt-modelo-cody\/\",\"name\":\"Botas City Line Felt - Modelo CODY - PORTOSIGNS. Loja Online\",\"isPartOf\":{\"@id\":\"https:\/\/portosigns.pt\/en\/#website\"},\"primaryImageOfPage\":{\"@id\":\"https:\/\/portosigns.pt\/produto\/botas-city-line-felt-modelo-cody\/#primaryimage\"},\"image\":{\"@id\":\"https:\/\/portosigns.pt\/produto\/botas-city-line-felt-modelo-cody\/#primaryimage\"},\"thumbnailUrl\":\"https:\/\/portosigns.pt\/wp-content\/uploads\/2023\/12\/ASPP018135012-2-scaled.jpg\",\"datePublished\":\"2024-02-13T19:07:58+00:00\",\"dateModified\":\"2024-02-15T13:04:40+00:00\",\"description\":\"Estas botas, botins com cord\u00f5es, s\u00e3o em feltro e t\u00eam sola em corti\u00e7a e borracha natural, garantem por isso, resist\u00eancia e durabilidade a este produto. Muito leves e confort\u00e1veis s\u00e3o op\u00e7\u00e3o ideal para todo o Outono ou Inverno, porque s\u00e3o muito quentinhas e 100% naturais. Produto\u00a0 para bem cal\u00e7ar a Mulher moderna e amiga do ambiente. Criado por As portuguesas\",\"breadcrumb\":{\"@id\":\"https:\/\/portosigns.pt\/produto\/botas-city-line-felt-modelo-cody\/#breadcrumb\"},\"inLanguage\":\"en-US\",\"potentialAction\":[{\"@type\":\"ReadAction\",\"target\":[\"https:\/\/portosigns.pt\/produto\/botas-city-line-felt-modelo-cody\/\"]}]},{\"@type\":\"ImageObject\",\"inLanguage\":\"en-US\",\"@id\":\"https:\/\/portosigns.pt\/produto\/botas-city-line-felt-modelo-cody\/#primaryimage\",\"url\":\"https:\/\/portosigns.pt\/wp-content\/uploads\/2023\/12\/ASPP018135012-2-scaled.jpg\",\"contentUrl\":\"https:\/\/portosigns.pt\/wp-content\/uploads\/2023\/12\/ASPP018135012-2-scaled.jpg\",\"width\":1920,\"height\":2560,\"caption\":\"Cody\"},{\"@type\":\"BreadcrumbList\",\"@id\":\"https:\/\/portosigns.pt\/produto\/botas-city-line-felt-modelo-cody\/#breadcrumb\",\"itemListElement\":[{\"@type\":\"ListItem\",\"position\":1,\"name\":\"In\u00edcio\",\"item\":\"https:\/\/portosigns.pt\/en\/\"},{\"@type\":\"ListItem\",\"position\":2,\"name\":\"Shop\",\"item\":\"https:\/\/portosigns.pt\/en\/shop\/\"},{\"@type\":\"ListItem\",\"position\":3,\"name\":\"Botas City Line Felt &#8211; Modelo CODY\"}]},{\"@type\":\"WebSite\",\"@id\":\"https:\/\/portosigns.pt\/en\/#website\",\"url\":\"https:\/\/portosigns.pt\/en\/\",\"name\":\"PORTOSIGNS. Loja Online\",\"description\":\"Produtos portugueses: Cer\u00e2mica, Corti\u00e7a, Saboaria e perfumaria, Barbearia, Vestu\u00e1rio e Cal\u00e7ado\",\"publisher\":{\"@id\":\"https:\/\/portosigns.pt\/en\/#organization\"},\"potentialAction\":[{\"@type\":\"SearchAction\",\"target\":{\"@type\":\"EntryPoint\",\"urlTemplate\":\"https:\/\/portosigns.pt\/en\/?s={search_term_string}\"},\"query-input\":{\"@type\":\"PropertyValueSpecification\",\"valueRequired\":true,\"valueName\":\"search_term_string\"}}],\"inLanguage\":\"en-US\"},{\"@type\":\"Organization\",\"@id\":\"https:\/\/portosigns.pt\/en\/#organization\",\"name\":\"Portosigns, Lda\",\"url\":\"https:\/\/portosigns.pt\/en\/\",\"logo\":{\"@type\":\"ImageObject\",\"inLanguage\":\"en-US\",\"@id\":\"https:\/\/portosigns.pt\/en\/#\/schema\/logo\/image\/\",\"url\":\"https:\/\/portosigns.pt\/wp-content\/uploads\/2020\/04\/logo-scaled.jpg\",\"contentUrl\":\"https:\/\/portosigns.pt\/wp-content\/uploads\/2020\/04\/logo-scaled.jpg\",\"width\":2560,\"height\":782,\"caption\":\"Portosigns, Lda\"},\"image\":{\"@id\":\"https:\/\/portosigns.pt\/en\/#\/schema\/logo\/image\/\"},\"sameAs\":[\"https:\/\/www.facebook.com\/Portosigns.pt\",\"https:\/\/www.instagram.com\/portosigns\/\",\"https:\/\/www.youtube.com\/watch?v=22oGHBzMlTg\"]}]}<\/script>\n<!-- \/ Yoast SEO plugin. -->","yoast_head_json":{"title":"Botas City Line Felt - Modelo CODY - PORTOSIGNS. Loja Online","description":"Estas botas, botins com cord\u00f5es, s\u00e3o em feltro e t\u00eam sola em corti\u00e7a e borracha natural, garantem por isso, resist\u00eancia e durabilidade a este produto. Muito leves e confort\u00e1veis s\u00e3o op\u00e7\u00e3o ideal para todo o Outono ou Inverno, porque s\u00e3o muito quentinhas e 100% naturais. Produto\u00a0 para bem cal\u00e7ar a Mulher moderna e amiga do ambiente. Criado por As portuguesas","robots":{"index":"index","follow":"follow","max-snippet":"max-snippet:-1","max-image-preview":"max-image-preview:large","max-video-preview":"max-video-preview:-1"},"canonical":"https:\/\/portosigns.pt\/produto\/botas-city-line-felt-modelo-cody\/","og_locale":"en_US","og_type":"article","og_title":"Botas City Line Felt - Modelo CODY - PORTOSIGNS. Loja Online","og_description":"Estas botas, botins com cord\u00f5es, s\u00e3o em feltro e t\u00eam sola em corti\u00e7a e borracha natural, garantem por isso, resist\u00eancia e durabilidade a este produto. Muito leves e confort\u00e1veis s\u00e3o op\u00e7\u00e3o ideal para todo o Outono ou Inverno, porque s\u00e3o muito quentinhas e 100% naturais. Produto\u00a0 para bem cal\u00e7ar a Mulher moderna e amiga do ambiente. Criado por As portuguesas","og_url":"https:\/\/portosigns.pt\/produto\/botas-city-line-felt-modelo-cody\/","og_site_name":"PORTOSIGNS. Loja Online","article_publisher":"https:\/\/www.facebook.com\/Portosigns.pt","article_modified_time":"2024-02-15T13:04:40+00:00","og_image":[{"width":1920,"height":2560,"url":"https:\/\/portosigns.pt\/wp-content\/uploads\/2023\/12\/ASPP018135012-2-scaled.jpg","type":"image\/jpeg"}],"twitter_card":"summary_large_image","twitter_misc":{"Est. reading time":"1 minute"},"schema":{"@context":"https:\/\/schema.org","@graph":[{"@type":"WebPage","@id":"https:\/\/portosigns.pt\/produto\/botas-city-line-felt-modelo-cody\/","url":"https:\/\/portosigns.pt\/produto\/botas-city-line-felt-modelo-cody\/","name":"Botas City Line Felt - Modelo CODY - PORTOSIGNS. Loja Online","isPartOf":{"@id":"https:\/\/portosigns.pt\/en\/#website"},"primaryImageOfPage":{"@id":"https:\/\/portosigns.pt\/produto\/botas-city-line-felt-modelo-cody\/#primaryimage"},"image":{"@id":"https:\/\/portosigns.pt\/produto\/botas-city-line-felt-modelo-cody\/#primaryimage"},"thumbnailUrl":"https:\/\/portosigns.pt\/wp-content\/uploads\/2023\/12\/ASPP018135012-2-scaled.jpg","datePublished":"2024-02-13T19:07:58+00:00","dateModified":"2024-02-15T13:04:40+00:00","description":"Estas botas, botins com cord\u00f5es, s\u00e3o em feltro e t\u00eam sola em corti\u00e7a e borracha natural, garantem por isso, resist\u00eancia e durabilidade a este produto. Muito leves e confort\u00e1veis s\u00e3o op\u00e7\u00e3o ideal para todo o Outono ou Inverno, porque s\u00e3o muito quentinhas e 100% naturais. Produto\u00a0 para bem cal\u00e7ar a Mulher moderna e amiga do ambiente. Criado por As portuguesas","breadcrumb":{"@id":"https:\/\/portosigns.pt\/produto\/botas-city-line-felt-modelo-cody\/#breadcrumb"},"inLanguage":"en-US","potentialAction":[{"@type":"ReadAction","target":["https:\/\/portosigns.pt\/produto\/botas-city-line-felt-modelo-cody\/"]}]},{"@type":"ImageObject","inLanguage":"en-US","@id":"https:\/\/portosigns.pt\/produto\/botas-city-line-felt-modelo-cody\/#primaryimage","url":"https:\/\/portosigns.pt\/wp-content\/uploads\/2023\/12\/ASPP018135012-2-scaled.jpg","contentUrl":"https:\/\/portosigns.pt\/wp-content\/uploads\/2023\/12\/ASPP018135012-2-scaled.jpg","width":1920,"height":2560,"caption":"Cody"},{"@type":"BreadcrumbList","@id":"https:\/\/portosigns.pt\/produto\/botas-city-line-felt-modelo-cody\/#breadcrumb","itemListElement":[{"@type":"ListItem","position":1,"name":"In\u00edcio","item":"https:\/\/portosigns.pt\/en\/"},{"@type":"ListItem","position":2,"name":"Shop","item":"https:\/\/portosigns.pt\/en\/shop\/"},{"@type":"ListItem","position":3,"name":"Botas City Line Felt &#8211; Modelo CODY"}]},{"@type":"WebSite","@id":"https:\/\/portosigns.pt\/en\/#website","url":"https:\/\/portosigns.pt\/en\/","name":"PORTOSIGNS. Loja Online","description":"Produtos portugueses: Cer\u00e2mica, Corti\u00e7a, Saboaria e perfumaria, Barbearia, Vestu\u00e1rio e Cal\u00e7ado","publisher":{"@id":"https:\/\/portosigns.pt\/en\/#organization"},"potentialAction":[{"@type":"SearchAction","target":{"@type":"EntryPoint","urlTemplate":"https:\/\/portosigns.pt\/en\/?s={search_term_string}"},"query-input":{"@type":"PropertyValueSpecification","valueRequired":true,"valueName":"search_term_string"}}],"inLanguage":"en-US"},{"@type":"Organization","@id":"https:\/\/portosigns.pt\/en\/#organization","name":"Portosigns, Lda","url":"https:\/\/portosigns.pt\/en\/","logo":{"@type":"ImageObject","inLanguage":"en-US","@id":"https:\/\/portosigns.pt\/en\/#\/schema\/logo\/image\/","url":"https:\/\/portosigns.pt\/wp-content\/uploads\/2020\/04\/logo-scaled.jpg","contentUrl":"https:\/\/portosigns.pt\/wp-content\/uploads\/2020\/04\/logo-scaled.jpg","width":2560,"height":782,"caption":"Portosigns, Lda"},"image":{"@id":"https:\/\/portosigns.pt\/en\/#\/schema\/logo\/image\/"},"sameAs":["https:\/\/www.facebook.com\/Portosigns.pt","https:\/\/www.instagram.com\/portosigns\/","https:\/\/www.youtube.com\/watch?v=22oGHBzMlTg"]}]}},"jetpack_sharing_enabled":true,"_links":{"self":[{"href":"https:\/\/portosigns.pt\/en\/wp-json\/wp\/v2\/product\/16158"}],"collection":[{"href":"https:\/\/portosigns.pt\/en\/wp-json\/wp\/v2\/product"}],"about":[{"href":"https:\/\/portosigns.pt\/en\/wp-json\/wp\/v2\/types\/product"}],"wp:featuredmedia":[{"embeddable":true,"href":"https:\/\/portosigns.pt\/en\/wp-json\/wp\/v2\/media\/16027"}],"wp:attachment":[{"href":"https:\/\/portosigns.pt\/en\/wp-json\/wp\/v2\/media?parent=16158"}],"wp:term":[{"taxonomy":"product_cat","embeddable":true,"href":"https:\/\/portosigns.pt\/en\/wp-json\/wp\/v2\/product_cat?post=16158"},{"taxonomy":"product_tag","embeddable":true,"href":"https:\/\/portosigns.pt\/en\/wp-json\/wp\/v2\/product_tag?post=16158"}],"curies":[{"name":"wp","href":"https:\/\/api.w.org\/{rel}","templated":true}]}}