{"id":15648,"date":"2021-05-05T17:00:52","date_gmt":"2021-05-05T17:00:55","guid":{"rendered":"https:\/\/portosigns.pt\/?post_type=product&#038;p=15648"},"modified":"2021-05-18T16:35:55","modified_gmt":"2021-05-18T16:35:55","slug":"large-pitcher","status":"publish","type":"product","link":"https:\/\/portosigns.pt\/en\/produto\/large-pitcher\/","title":{"rendered":"Large Pitcher"},"content":{"rendered":"<pre id=\"tw-target-text\" class=\"tw-data-text tw-text-large XcVN5d tw-ta\" dir=\"ltr\" data-placeholder=\"Tradu\u00e7\u00e3o\"><span lang=\"en\">Large Pitcher from Brown Mosaic Collection:\r\n\r\nAll pieces for the table and kitchen are made by hand in Portugal, using traditional processes and techniques. They are part of handicrafts and very Portuguese tradition. Therefore, they are very cheerful to decorate your home.<\/span><\/pre>\n","protected":false},"excerpt":{"rendered":"<pre id=\"tw-target-text\" class=\"tw-data-text tw-text-large XcVN5d tw-ta\" dir=\"ltr\" data-placeholder=\"Tradu\u00e7\u00e3o\"><span lang=\"en\">Large Pitcher 2Lts\r\n\r\nAll pieces for the table and kitchen are made by hand in Portugal, using traditional processes and techniques. They are part of handicrafts and very Portuguese tradition. Therefore, they are very cheerful to decorate your home.<\/span><\/pre>\n","protected":false},"featured_media":14251,"template":"","meta":[],"product_cat":[1373,1212,1190,1257,1258],"product_tag":[],"yoast_head":"<!-- This site is optimized with the Yoast SEO plugin v23.5 - https:\/\/yoast.com\/wordpress\/plugins\/seo\/ -->\n<title>Ceramics<\/title>\n<meta name=\"description\" content=\"Brown Mosaic Collection: All pieces for the table and kitchen are made by hand in Portugal, using traditional processes and techniques.\" \/>\n<meta name=\"robots\" content=\"index, follow, max-snippet:-1, max-image-preview:large, max-video-preview:-1\" \/>\n<link rel=\"canonical\" href=\"https:\/\/portosigns.pt\/en\/produto\/large-pitcher\/\" \/>\n<meta property=\"og:locale\" content=\"en_US\" \/>\n<meta property=\"og:type\" content=\"article\" \/>\n<meta property=\"og:title\" content=\"Ceramics\" \/>\n<meta property=\"og:description\" content=\"Brown Mosaic Collection: All pieces for the table and kitchen are made by hand in Portugal, using traditional processes and techniques.\" \/>\n<meta property=\"og:url\" content=\"https:\/\/portosigns.pt\/en\/produto\/large-pitcher\/\" \/>\n<meta property=\"og:site_name\" content=\"PORTOSIGNS. Loja Online\" \/>\n<meta property=\"article:publisher\" content=\"https:\/\/www.facebook.com\/Portosigns.pt\" \/>\n<meta property=\"article:modified_time\" content=\"2021-05-18T16:35:55+00:00\" \/>\n<meta property=\"og:image\" content=\"https:\/\/portosigns.pt\/wp-content\/uploads\/2021\/03\/050.090.png\" \/>\n\t<meta property=\"og:image:width\" content=\"283\" \/>\n\t<meta property=\"og:image:height\" content=\"355\" \/>\n\t<meta property=\"og:image:type\" content=\"image\/png\" \/>\n<meta name=\"twitter:card\" content=\"summary_large_image\" \/>\n<script type=\"application\/ld+json\" class=\"yoast-schema-graph\">{\"@context\":\"https:\/\/schema.org\",\"@graph\":[{\"@type\":\"WebPage\",\"@id\":\"https:\/\/portosigns.pt\/en\/produto\/large-pitcher\/\",\"url\":\"https:\/\/portosigns.pt\/en\/produto\/large-pitcher\/\",\"name\":\"Ceramics\",\"isPartOf\":{\"@id\":\"https:\/\/portosigns.pt\/en\/#website\"},\"primaryImageOfPage\":{\"@id\":\"https:\/\/portosigns.pt\/en\/produto\/large-pitcher\/#primaryimage\"},\"image\":{\"@id\":\"https:\/\/portosigns.pt\/en\/produto\/large-pitcher\/#primaryimage\"},\"thumbnailUrl\":\"https:\/\/portosigns.pt\/wp-content\/uploads\/2021\/03\/050.090.png\",\"datePublished\":\"2021-05-05T17:00:55+00:00\",\"dateModified\":\"2021-05-18T16:35:55+00:00\",\"description\":\"Brown Mosaic Collection: All pieces for the table and kitchen are made by hand in Portugal, using traditional processes and techniques.\",\"breadcrumb\":{\"@id\":\"https:\/\/portosigns.pt\/en\/produto\/large-pitcher\/#breadcrumb\"},\"inLanguage\":\"en-US\",\"potentialAction\":[{\"@type\":\"ReadAction\",\"target\":[\"https:\/\/portosigns.pt\/en\/produto\/large-pitcher\/\"]}]},{\"@type\":\"ImageObject\",\"inLanguage\":\"en-US\",\"@id\":\"https:\/\/portosigns.pt\/en\/produto\/large-pitcher\/#primaryimage\",\"url\":\"https:\/\/portosigns.pt\/wp-content\/uploads\/2021\/03\/050.090.png\",\"contentUrl\":\"https:\/\/portosigns.pt\/wp-content\/uploads\/2021\/03\/050.090.png\",\"width\":283,\"height\":355,\"caption\":\"jarro mos\"},{\"@type\":\"BreadcrumbList\",\"@id\":\"https:\/\/portosigns.pt\/en\/produto\/large-pitcher\/#breadcrumb\",\"itemListElement\":[{\"@type\":\"ListItem\",\"position\":1,\"name\":\"In\u00edcio\",\"item\":\"https:\/\/portosigns.pt\/en\/\"},{\"@type\":\"ListItem\",\"position\":2,\"name\":\"Shop\",\"item\":\"https:\/\/portosigns.pt\/en\/shop\/\"},{\"@type\":\"ListItem\",\"position\":3,\"name\":\"Large Pitcher\"}]},{\"@type\":\"WebSite\",\"@id\":\"https:\/\/portosigns.pt\/en\/#website\",\"url\":\"https:\/\/portosigns.pt\/en\/\",\"name\":\"PORTOSIGNS. Loja Online\",\"description\":\"Produtos portugueses: Cer\u00e2mica, Corti\u00e7a, Saboaria e perfumaria, Barbearia, Vestu\u00e1rio e Cal\u00e7ado\",\"publisher\":{\"@id\":\"https:\/\/portosigns.pt\/en\/#organization\"},\"potentialAction\":[{\"@type\":\"SearchAction\",\"target\":{\"@type\":\"EntryPoint\",\"urlTemplate\":\"https:\/\/portosigns.pt\/en\/?s={search_term_string}\"},\"query-input\":{\"@type\":\"PropertyValueSpecification\",\"valueRequired\":true,\"valueName\":\"search_term_string\"}}],\"inLanguage\":\"en-US\"},{\"@type\":\"Organization\",\"@id\":\"https:\/\/portosigns.pt\/en\/#organization\",\"name\":\"Portosigns, Lda\",\"url\":\"https:\/\/portosigns.pt\/en\/\",\"logo\":{\"@type\":\"ImageObject\",\"inLanguage\":\"en-US\",\"@id\":\"https:\/\/portosigns.pt\/en\/#\/schema\/logo\/image\/\",\"url\":\"https:\/\/portosigns.pt\/wp-content\/uploads\/2020\/04\/logo-scaled.jpg\",\"contentUrl\":\"https:\/\/portosigns.pt\/wp-content\/uploads\/2020\/04\/logo-scaled.jpg\",\"width\":2560,\"height\":782,\"caption\":\"Portosigns, Lda\"},\"image\":{\"@id\":\"https:\/\/portosigns.pt\/en\/#\/schema\/logo\/image\/\"},\"sameAs\":[\"https:\/\/www.facebook.com\/Portosigns.pt\",\"https:\/\/www.instagram.com\/portosigns\/\",\"https:\/\/www.youtube.com\/watch?v=22oGHBzMlTg\"]}]}<\/script>\n<!-- \/ Yoast SEO plugin. -->","yoast_head_json":{"title":"Ceramics","description":"Brown Mosaic Collection: All pieces for the table and kitchen are made by hand in Portugal, using traditional processes and techniques.","robots":{"index":"index","follow":"follow","max-snippet":"max-snippet:-1","max-image-preview":"max-image-preview:large","max-video-preview":"max-video-preview:-1"},"canonical":"https:\/\/portosigns.pt\/en\/produto\/large-pitcher\/","og_locale":"en_US","og_type":"article","og_title":"Ceramics","og_description":"Brown Mosaic Collection: All pieces for the table and kitchen are made by hand in Portugal, using traditional processes and techniques.","og_url":"https:\/\/portosigns.pt\/en\/produto\/large-pitcher\/","og_site_name":"PORTOSIGNS. Loja Online","article_publisher":"https:\/\/www.facebook.com\/Portosigns.pt","article_modified_time":"2021-05-18T16:35:55+00:00","og_image":[{"width":283,"height":355,"url":"https:\/\/portosigns.pt\/wp-content\/uploads\/2021\/03\/050.090.png","type":"image\/png"}],"twitter_card":"summary_large_image","schema":{"@context":"https:\/\/schema.org","@graph":[{"@type":"WebPage","@id":"https:\/\/portosigns.pt\/en\/produto\/large-pitcher\/","url":"https:\/\/portosigns.pt\/en\/produto\/large-pitcher\/","name":"Ceramics","isPartOf":{"@id":"https:\/\/portosigns.pt\/en\/#website"},"primaryImageOfPage":{"@id":"https:\/\/portosigns.pt\/en\/produto\/large-pitcher\/#primaryimage"},"image":{"@id":"https:\/\/portosigns.pt\/en\/produto\/large-pitcher\/#primaryimage"},"thumbnailUrl":"https:\/\/portosigns.pt\/wp-content\/uploads\/2021\/03\/050.090.png","datePublished":"2021-05-05T17:00:55+00:00","dateModified":"2021-05-18T16:35:55+00:00","description":"Brown Mosaic Collection: All pieces for the table and kitchen are made by hand in Portugal, using traditional processes and techniques.","breadcrumb":{"@id":"https:\/\/portosigns.pt\/en\/produto\/large-pitcher\/#breadcrumb"},"inLanguage":"en-US","potentialAction":[{"@type":"ReadAction","target":["https:\/\/portosigns.pt\/en\/produto\/large-pitcher\/"]}]},{"@type":"ImageObject","inLanguage":"en-US","@id":"https:\/\/portosigns.pt\/en\/produto\/large-pitcher\/#primaryimage","url":"https:\/\/portosigns.pt\/wp-content\/uploads\/2021\/03\/050.090.png","contentUrl":"https:\/\/portosigns.pt\/wp-content\/uploads\/2021\/03\/050.090.png","width":283,"height":355,"caption":"jarro mos"},{"@type":"BreadcrumbList","@id":"https:\/\/portosigns.pt\/en\/produto\/large-pitcher\/#breadcrumb","itemListElement":[{"@type":"ListItem","position":1,"name":"In\u00edcio","item":"https:\/\/portosigns.pt\/en\/"},{"@type":"ListItem","position":2,"name":"Shop","item":"https:\/\/portosigns.pt\/en\/shop\/"},{"@type":"ListItem","position":3,"name":"Large Pitcher"}]},{"@type":"WebSite","@id":"https:\/\/portosigns.pt\/en\/#website","url":"https:\/\/portosigns.pt\/en\/","name":"PORTOSIGNS. Loja Online","description":"Produtos portugueses: Cer\u00e2mica, Corti\u00e7a, Saboaria e perfumaria, Barbearia, Vestu\u00e1rio e Cal\u00e7ado","publisher":{"@id":"https:\/\/portosigns.pt\/en\/#organization"},"potentialAction":[{"@type":"SearchAction","target":{"@type":"EntryPoint","urlTemplate":"https:\/\/portosigns.pt\/en\/?s={search_term_string}"},"query-input":{"@type":"PropertyValueSpecification","valueRequired":true,"valueName":"search_term_string"}}],"inLanguage":"en-US"},{"@type":"Organization","@id":"https:\/\/portosigns.pt\/en\/#organization","name":"Portosigns, Lda","url":"https:\/\/portosigns.pt\/en\/","logo":{"@type":"ImageObject","inLanguage":"en-US","@id":"https:\/\/portosigns.pt\/en\/#\/schema\/logo\/image\/","url":"https:\/\/portosigns.pt\/wp-content\/uploads\/2020\/04\/logo-scaled.jpg","contentUrl":"https:\/\/portosigns.pt\/wp-content\/uploads\/2020\/04\/logo-scaled.jpg","width":2560,"height":782,"caption":"Portosigns, Lda"},"image":{"@id":"https:\/\/portosigns.pt\/en\/#\/schema\/logo\/image\/"},"sameAs":["https:\/\/www.facebook.com\/Portosigns.pt","https:\/\/www.instagram.com\/portosigns\/","https:\/\/www.youtube.com\/watch?v=22oGHBzMlTg"]}]}},"jetpack_sharing_enabled":true,"_links":{"self":[{"href":"https:\/\/portosigns.pt\/en\/wp-json\/wp\/v2\/product\/15648"}],"collection":[{"href":"https:\/\/portosigns.pt\/en\/wp-json\/wp\/v2\/product"}],"about":[{"href":"https:\/\/portosigns.pt\/en\/wp-json\/wp\/v2\/types\/product"}],"wp:featuredmedia":[{"embeddable":true,"href":"https:\/\/portosigns.pt\/en\/wp-json\/wp\/v2\/media\/14251"}],"wp:attachment":[{"href":"https:\/\/portosigns.pt\/en\/wp-json\/wp\/v2\/media?parent=15648"}],"wp:term":[{"taxonomy":"product_cat","embeddable":true,"href":"https:\/\/portosigns.pt\/en\/wp-json\/wp\/v2\/product_cat?post=15648"},{"taxonomy":"product_tag","embeddable":true,"href":"https:\/\/portosigns.pt\/en\/wp-json\/wp\/v2\/product_tag?post=15648"}],"curies":[{"name":"wp","href":"https:\/\/api.w.org\/{rel}","templated":true}]}}