{"id":15346,"date":"2021-04-13T15:19:11","date_gmt":"2021-04-13T15:19:15","guid":{"rendered":"https:\/\/portosigns.pt\/?post_type=product&#038;p=15346"},"modified":"2021-04-13T20:48:15","modified_gmt":"2021-04-13T20:48:15","slug":"small-platter-sardines","status":"publish","type":"product","link":"https:\/\/portosigns.pt\/en\/produto\/small-platter-sardines\/","title":{"rendered":"Small Platter Sardines"},"content":{"rendered":"<p id=\"tw-target-text\" class=\"tw-data-text tw-text-large XcVN5d tw-ta\" dir=\"ltr\" data-placeholder=\"Tradu\u00e7\u00e3o\"><span lang=\"en\">The Small Platter Sardines from Portuguese Cal\u00e7ada Collection, for the table and kitchen, is inspired by Portuguese roots but is very modern, it is for the current home! It has shapes, colors and inviting and original themes: plates, dishes, tartlets, hot plates, coasters and many others &#8230; <\/span><\/p>\n<p class=\"tw-data-text tw-text-large XcVN5d tw-ta\" dir=\"ltr\" data-placeholder=\"Tradu\u00e7\u00e3o\"><span lang=\"en\">This Collection is, therefore, for daily use on your table and kitchen. <\/span><\/p>\n<p class=\"tw-data-text tw-text-large XcVN5d tw-ta\" dir=\"ltr\" data-placeholder=\"Tradu\u00e7\u00e3o\"><span lang=\"en\">The products for the table and kitchen, are made by hand in Portugal, by traditional processes and techniques. <\/span><\/p>\n<p class=\"tw-data-text tw-text-large XcVN5d tw-ta\" dir=\"ltr\" data-placeholder=\"Tradu\u00e7\u00e3o\"><span lang=\"en\">We offer a wide range of articles, functional and cheerful. They can be washed in the dishwasher, go to the oven and microwave.<\/span><\/p>\n<pre id=\"tw-target-text\" class=\"tw-data-text tw-text-large XcVN5d tw-ta\" dir=\"ltr\" data-placeholder=\"Tradu\u00e7\u00e3o\"><\/pre>\n","protected":false},"excerpt":{"rendered":"<p id=\"tw-target-text\" class=\"tw-data-text tw-text-large XcVN5d tw-ta\" dir=\"ltr\" data-placeholder=\"Tradu\u00e7\u00e3o\"><span lang=\"en\">The Cal\u00e7ada Portuguesa Collection, has utilitarian and decorative tableware and is for use on the table or kitchen. <\/span><\/p>\n<p class=\"tw-data-text tw-text-large XcVN5d tw-ta\" dir=\"ltr\" data-placeholder=\"Tradu\u00e7\u00e3o\"><span lang=\"en\">The products for the table and kitchen, are made by hand in Portugal, by traditional processes and techniques. <\/span><\/p>\n<p class=\"tw-data-text tw-text-large XcVN5d tw-ta\" dir=\"ltr\" data-placeholder=\"Tradu\u00e7\u00e3o\"><span lang=\"en\">We offer a wide range of articles and are very functional: plates, dishes, tartlets, hot plates, cup bases and many others &#8230; <\/span><\/p>\n<p class=\"tw-data-text tw-text-large XcVN5d tw-ta\" dir=\"ltr\" data-placeholder=\"Tradu\u00e7\u00e3o\"><span lang=\"en\">They can be washed in the dishwasher, go to the oven and microwave.<\/span><\/p>\n","protected":false},"featured_media":14025,"template":"","meta":[],"product_cat":[1212,1190,1257,1280,1341],"product_tag":[],"yoast_head":"<!-- This site is optimized with the Yoast SEO plugin v23.5 - https:\/\/yoast.com\/wordpress\/plugins\/seo\/ -->\n<title>Small Platter Sardines | Cal\u00e7ada | PORTOSIGNS. Loja Online<\/title>\n<meta name=\"description\" content=\"The Portuguese Cal\u00e7ada Collection, for the table and kitchen, is inspired by Portuguese roots and is very modern and for the current home!\" \/>\n<meta name=\"robots\" content=\"index, follow, max-snippet:-1, max-image-preview:large, max-video-preview:-1\" \/>\n<link rel=\"canonical\" href=\"https:\/\/portosigns.pt\/produto\/travessa-pequena-sardinha\/\" \/>\n<meta property=\"og:locale\" content=\"en_US\" \/>\n<meta property=\"og:type\" content=\"article\" \/>\n<meta property=\"og:title\" content=\"Small Platter Sardines | Cal\u00e7ada | PORTOSIGNS. Loja Online\" \/>\n<meta property=\"og:description\" content=\"The Portuguese Cal\u00e7ada Collection, for the table and kitchen, is inspired by Portuguese roots and is very modern and for the current home!\" \/>\n<meta property=\"og:url\" content=\"https:\/\/portosigns.pt\/produto\/travessa-pequena-sardinha\/\" \/>\n<meta property=\"og:site_name\" content=\"PORTOSIGNS. Loja Online\" \/>\n<meta property=\"article:publisher\" content=\"https:\/\/www.facebook.com\/Portosigns.pt\" \/>\n<meta property=\"article:modified_time\" content=\"2021-04-13T20:48:15+00:00\" \/>\n<meta property=\"og:image\" content=\"https:\/\/portosigns.pt\/wp-content\/uploads\/2021\/03\/040.441.01.png\" \/>\n\t<meta property=\"og:image:width\" content=\"230\" \/>\n\t<meta property=\"og:image:height\" content=\"124\" \/>\n\t<meta property=\"og:image:type\" content=\"image\/png\" \/>\n<meta name=\"twitter:card\" content=\"summary_large_image\" \/>\n<meta name=\"twitter:label1\" content=\"Est. reading time\" \/>\n\t<meta name=\"twitter:data1\" content=\"1 minute\" \/>\n<script type=\"application\/ld+json\" class=\"yoast-schema-graph\">{\"@context\":\"https:\/\/schema.org\",\"@graph\":[{\"@type\":\"WebPage\",\"@id\":\"https:\/\/portosigns.pt\/produto\/travessa-pequena-sardinha\/\",\"url\":\"https:\/\/portosigns.pt\/produto\/travessa-pequena-sardinha\/\",\"name\":\"Small Platter Sardines | Cal\u00e7ada | PORTOSIGNS. Loja Online\",\"isPartOf\":{\"@id\":\"https:\/\/portosigns.pt\/en\/#website\"},\"primaryImageOfPage\":{\"@id\":\"https:\/\/portosigns.pt\/produto\/travessa-pequena-sardinha\/#primaryimage\"},\"image\":{\"@id\":\"https:\/\/portosigns.pt\/produto\/travessa-pequena-sardinha\/#primaryimage\"},\"thumbnailUrl\":\"https:\/\/portosigns.pt\/wp-content\/uploads\/2021\/03\/040.441.01.png\",\"datePublished\":\"2021-04-13T15:19:15+00:00\",\"dateModified\":\"2021-04-13T20:48:15+00:00\",\"description\":\"The Portuguese Cal\u00e7ada Collection, for the table and kitchen, is inspired by Portuguese roots and is very modern and for the current home!\",\"breadcrumb\":{\"@id\":\"https:\/\/portosigns.pt\/produto\/travessa-pequena-sardinha\/#breadcrumb\"},\"inLanguage\":\"en-US\",\"potentialAction\":[{\"@type\":\"ReadAction\",\"target\":[\"https:\/\/portosigns.pt\/produto\/travessa-pequena-sardinha\/\"]}]},{\"@type\":\"ImageObject\",\"inLanguage\":\"en-US\",\"@id\":\"https:\/\/portosigns.pt\/produto\/travessa-pequena-sardinha\/#primaryimage\",\"url\":\"https:\/\/portosigns.pt\/wp-content\/uploads\/2021\/03\/040.441.01.png\",\"contentUrl\":\"https:\/\/portosigns.pt\/wp-content\/uploads\/2021\/03\/040.441.01.png\",\"width\":230,\"height\":124,\"caption\":\"Cal\u00e7ada\"},{\"@type\":\"BreadcrumbList\",\"@id\":\"https:\/\/portosigns.pt\/produto\/travessa-pequena-sardinha\/#breadcrumb\",\"itemListElement\":[{\"@type\":\"ListItem\",\"position\":1,\"name\":\"In\u00edcio\",\"item\":\"https:\/\/portosigns.pt\/en\/\"},{\"@type\":\"ListItem\",\"position\":2,\"name\":\"Shop\",\"item\":\"https:\/\/portosigns.pt\/en\/shop\/\"},{\"@type\":\"ListItem\",\"position\":3,\"name\":\"Small Platter Sardines\"}]},{\"@type\":\"WebSite\",\"@id\":\"https:\/\/portosigns.pt\/en\/#website\",\"url\":\"https:\/\/portosigns.pt\/en\/\",\"name\":\"PORTOSIGNS. Loja Online\",\"description\":\"Produtos portugueses: Cer\u00e2mica, Corti\u00e7a, Saboaria e perfumaria, Barbearia, Vestu\u00e1rio e Cal\u00e7ado\",\"publisher\":{\"@id\":\"https:\/\/portosigns.pt\/en\/#organization\"},\"potentialAction\":[{\"@type\":\"SearchAction\",\"target\":{\"@type\":\"EntryPoint\",\"urlTemplate\":\"https:\/\/portosigns.pt\/en\/?s={search_term_string}\"},\"query-input\":{\"@type\":\"PropertyValueSpecification\",\"valueRequired\":true,\"valueName\":\"search_term_string\"}}],\"inLanguage\":\"en-US\"},{\"@type\":\"Organization\",\"@id\":\"https:\/\/portosigns.pt\/en\/#organization\",\"name\":\"Portosigns, Lda\",\"url\":\"https:\/\/portosigns.pt\/en\/\",\"logo\":{\"@type\":\"ImageObject\",\"inLanguage\":\"en-US\",\"@id\":\"https:\/\/portosigns.pt\/en\/#\/schema\/logo\/image\/\",\"url\":\"https:\/\/portosigns.pt\/wp-content\/uploads\/2020\/04\/logo-scaled.jpg\",\"contentUrl\":\"https:\/\/portosigns.pt\/wp-content\/uploads\/2020\/04\/logo-scaled.jpg\",\"width\":2560,\"height\":782,\"caption\":\"Portosigns, Lda\"},\"image\":{\"@id\":\"https:\/\/portosigns.pt\/en\/#\/schema\/logo\/image\/\"},\"sameAs\":[\"https:\/\/www.facebook.com\/Portosigns.pt\",\"https:\/\/www.instagram.com\/portosigns\/\",\"https:\/\/www.youtube.com\/watch?v=22oGHBzMlTg\"]}]}<\/script>\n<!-- \/ Yoast SEO plugin. -->","yoast_head_json":{"title":"Small Platter Sardines | Cal\u00e7ada | PORTOSIGNS. Loja Online","description":"The Portuguese Cal\u00e7ada Collection, for the table and kitchen, is inspired by Portuguese roots and is very modern and for the current home!","robots":{"index":"index","follow":"follow","max-snippet":"max-snippet:-1","max-image-preview":"max-image-preview:large","max-video-preview":"max-video-preview:-1"},"canonical":"https:\/\/portosigns.pt\/produto\/travessa-pequena-sardinha\/","og_locale":"en_US","og_type":"article","og_title":"Small Platter Sardines | Cal\u00e7ada | PORTOSIGNS. Loja Online","og_description":"The Portuguese Cal\u00e7ada Collection, for the table and kitchen, is inspired by Portuguese roots and is very modern and for the current home!","og_url":"https:\/\/portosigns.pt\/produto\/travessa-pequena-sardinha\/","og_site_name":"PORTOSIGNS. Loja Online","article_publisher":"https:\/\/www.facebook.com\/Portosigns.pt","article_modified_time":"2021-04-13T20:48:15+00:00","og_image":[{"width":230,"height":124,"url":"https:\/\/portosigns.pt\/wp-content\/uploads\/2021\/03\/040.441.01.png","type":"image\/png"}],"twitter_card":"summary_large_image","twitter_misc":{"Est. reading time":"1 minute"},"schema":{"@context":"https:\/\/schema.org","@graph":[{"@type":"WebPage","@id":"https:\/\/portosigns.pt\/produto\/travessa-pequena-sardinha\/","url":"https:\/\/portosigns.pt\/produto\/travessa-pequena-sardinha\/","name":"Small Platter Sardines | Cal\u00e7ada | PORTOSIGNS. Loja Online","isPartOf":{"@id":"https:\/\/portosigns.pt\/en\/#website"},"primaryImageOfPage":{"@id":"https:\/\/portosigns.pt\/produto\/travessa-pequena-sardinha\/#primaryimage"},"image":{"@id":"https:\/\/portosigns.pt\/produto\/travessa-pequena-sardinha\/#primaryimage"},"thumbnailUrl":"https:\/\/portosigns.pt\/wp-content\/uploads\/2021\/03\/040.441.01.png","datePublished":"2021-04-13T15:19:15+00:00","dateModified":"2021-04-13T20:48:15+00:00","description":"The Portuguese Cal\u00e7ada Collection, for the table and kitchen, is inspired by Portuguese roots and is very modern and for the current home!","breadcrumb":{"@id":"https:\/\/portosigns.pt\/produto\/travessa-pequena-sardinha\/#breadcrumb"},"inLanguage":"en-US","potentialAction":[{"@type":"ReadAction","target":["https:\/\/portosigns.pt\/produto\/travessa-pequena-sardinha\/"]}]},{"@type":"ImageObject","inLanguage":"en-US","@id":"https:\/\/portosigns.pt\/produto\/travessa-pequena-sardinha\/#primaryimage","url":"https:\/\/portosigns.pt\/wp-content\/uploads\/2021\/03\/040.441.01.png","contentUrl":"https:\/\/portosigns.pt\/wp-content\/uploads\/2021\/03\/040.441.01.png","width":230,"height":124,"caption":"Cal\u00e7ada"},{"@type":"BreadcrumbList","@id":"https:\/\/portosigns.pt\/produto\/travessa-pequena-sardinha\/#breadcrumb","itemListElement":[{"@type":"ListItem","position":1,"name":"In\u00edcio","item":"https:\/\/portosigns.pt\/en\/"},{"@type":"ListItem","position":2,"name":"Shop","item":"https:\/\/portosigns.pt\/en\/shop\/"},{"@type":"ListItem","position":3,"name":"Small Platter Sardines"}]},{"@type":"WebSite","@id":"https:\/\/portosigns.pt\/en\/#website","url":"https:\/\/portosigns.pt\/en\/","name":"PORTOSIGNS. Loja Online","description":"Produtos portugueses: Cer\u00e2mica, Corti\u00e7a, Saboaria e perfumaria, Barbearia, Vestu\u00e1rio e Cal\u00e7ado","publisher":{"@id":"https:\/\/portosigns.pt\/en\/#organization"},"potentialAction":[{"@type":"SearchAction","target":{"@type":"EntryPoint","urlTemplate":"https:\/\/portosigns.pt\/en\/?s={search_term_string}"},"query-input":{"@type":"PropertyValueSpecification","valueRequired":true,"valueName":"search_term_string"}}],"inLanguage":"en-US"},{"@type":"Organization","@id":"https:\/\/portosigns.pt\/en\/#organization","name":"Portosigns, Lda","url":"https:\/\/portosigns.pt\/en\/","logo":{"@type":"ImageObject","inLanguage":"en-US","@id":"https:\/\/portosigns.pt\/en\/#\/schema\/logo\/image\/","url":"https:\/\/portosigns.pt\/wp-content\/uploads\/2020\/04\/logo-scaled.jpg","contentUrl":"https:\/\/portosigns.pt\/wp-content\/uploads\/2020\/04\/logo-scaled.jpg","width":2560,"height":782,"caption":"Portosigns, Lda"},"image":{"@id":"https:\/\/portosigns.pt\/en\/#\/schema\/logo\/image\/"},"sameAs":["https:\/\/www.facebook.com\/Portosigns.pt","https:\/\/www.instagram.com\/portosigns\/","https:\/\/www.youtube.com\/watch?v=22oGHBzMlTg"]}]}},"jetpack_sharing_enabled":true,"_links":{"self":[{"href":"https:\/\/portosigns.pt\/en\/wp-json\/wp\/v2\/product\/15346"}],"collection":[{"href":"https:\/\/portosigns.pt\/en\/wp-json\/wp\/v2\/product"}],"about":[{"href":"https:\/\/portosigns.pt\/en\/wp-json\/wp\/v2\/types\/product"}],"wp:featuredmedia":[{"embeddable":true,"href":"https:\/\/portosigns.pt\/en\/wp-json\/wp\/v2\/media\/14025"}],"wp:attachment":[{"href":"https:\/\/portosigns.pt\/en\/wp-json\/wp\/v2\/media?parent=15346"}],"wp:term":[{"taxonomy":"product_cat","embeddable":true,"href":"https:\/\/portosigns.pt\/en\/wp-json\/wp\/v2\/product_cat?post=15346"},{"taxonomy":"product_tag","embeddable":true,"href":"https:\/\/portosigns.pt\/en\/wp-json\/wp\/v2\/product_tag?post=15346"}],"curies":[{"name":"wp","href":"https:\/\/api.w.org\/{rel}","templated":true}]}}