{"id":15309,"date":"2021-04-13T14:17:09","date_gmt":"2021-04-13T14:17:53","guid":{"rendered":"https:\/\/portosigns.pt\/?post_type=product&#038;p=15309"},"modified":"2021-04-13T22:28:33","modified_gmt":"2021-04-13T22:28:33","slug":"plate-d30","status":"publish","type":"product","link":"https:\/\/portosigns.pt\/en\/produto\/plate-d30\/","title":{"rendered":"Plate D30"},"content":{"rendered":"<p id=\"tw-target-text\" class=\"tw-data-text tw-text-large XcVN5d tw-ta\" dir=\"ltr\" data-placeholder=\"Tradu\u00e7\u00e3o\"><span lang=\"en\">The Portuguese Cal\u00e7ada Collection, for the table and kitchen, is inspired by Portuguese roots but is very modern, it is for the current home! It has shapes, colors and inviting and original themes: plates, dishes, tartlets, hot plates, coasters and many others &#8230; <\/span><\/p>\n<p class=\"tw-data-text tw-text-large XcVN5d tw-ta\" dir=\"ltr\" data-placeholder=\"Tradu\u00e7\u00e3o\"><span lang=\"en\">This Collection is, therefore, for daily use on your table and kitchen. <\/span><\/p>\n<p class=\"tw-data-text tw-text-large XcVN5d tw-ta\" dir=\"ltr\" data-placeholder=\"Tradu\u00e7\u00e3o\"><span lang=\"en\">The products for the table and kitchen, are made by hand in Portugal, by traditional processes and techniques. <\/span><\/p>\n<p class=\"tw-data-text tw-text-large XcVN5d tw-ta\" dir=\"ltr\" data-placeholder=\"Tradu\u00e7\u00e3o\"><span lang=\"en\">We offer a wide range of articles, functional and cheerful. They can be washed in the dishwasher, go to the oven and microwave.<\/span><\/p>\n","protected":false},"excerpt":{"rendered":"<p id=\"tw-target-text\" class=\"tw-data-text tw-text-large XcVN5d tw-ta\" dir=\"ltr\" data-placeholder=\"Tradu\u00e7\u00e3o\"><span lang=\"en\">The Portuguese Sidewalk Collection, has utilitarian and decorative tableware and is for use on the table or kitchen. <\/span><\/p>\n<p class=\"tw-data-text tw-text-large XcVN5d tw-ta\" dir=\"ltr\" data-placeholder=\"Tradu\u00e7\u00e3o\"><span lang=\"en\">The products for the table and kitchen, are made by hand in Portugal, by traditional processes and techniques. <\/span><\/p>\n<p class=\"tw-data-text tw-text-large XcVN5d tw-ta\" dir=\"ltr\" data-placeholder=\"Tradu\u00e7\u00e3o\"><span lang=\"en\">We offer a wide range of articles and are very functional: plates, dishes, tartlets, hot plates, cup bases and many others &#8230; <\/span><\/p>\n<p class=\"tw-data-text tw-text-large XcVN5d tw-ta\" dir=\"ltr\" data-placeholder=\"Tradu\u00e7\u00e3o\"><span lang=\"en\">They can be washed in the dishwasher, go to the oven and microwave.<\/span><\/p>\n","protected":false},"featured_media":14017,"template":"","meta":[],"product_cat":[1212,1190,1257,1280,1342],"product_tag":[],"yoast_head":"<!-- This site is optimized with the Yoast SEO plugin v23.5 - https:\/\/yoast.com\/wordpress\/plugins\/seo\/ -->\n<title>Plate D30 - Cer\u00e2mica - PORTOSIGNS. Loja Online<\/title>\n<meta name=\"description\" content=\"The Portuguese Cal\u00e7ada Collection, for the table and kitchen, is inspired by Portuguese roots and is very modern and for the current home!\" \/>\n<meta name=\"robots\" content=\"index, follow, max-snippet:-1, max-image-preview:large, max-video-preview:-1\" \/>\n<link rel=\"canonical\" href=\"https:\/\/portosigns.pt\/produto\/prato-d30\/\" \/>\n<meta property=\"og:locale\" content=\"en_US\" \/>\n<meta property=\"og:type\" content=\"article\" \/>\n<meta property=\"og:title\" content=\"Plate D30 - Cer\u00e2mica - PORTOSIGNS. Loja Online\" \/>\n<meta property=\"og:description\" content=\"The Portuguese Cal\u00e7ada Collection, for the table and kitchen, is inspired by Portuguese roots and is very modern and for the current home!\" \/>\n<meta property=\"og:url\" content=\"https:\/\/portosigns.pt\/produto\/prato-d30\/\" \/>\n<meta property=\"og:site_name\" content=\"PORTOSIGNS. Loja Online\" \/>\n<meta property=\"article:publisher\" content=\"https:\/\/www.facebook.com\/Portosigns.pt\" \/>\n<meta property=\"article:modified_time\" content=\"2021-04-13T22:28:33+00:00\" \/>\n<meta property=\"og:image\" content=\"https:\/\/portosigns.pt\/wp-content\/uploads\/2021\/03\/040.411.01.-1024x1014.png\" \/>\n\t<meta property=\"og:image:width\" content=\"1024\" \/>\n\t<meta property=\"og:image:height\" content=\"1014\" \/>\n\t<meta property=\"og:image:type\" content=\"image\/png\" \/>\n<meta name=\"twitter:card\" content=\"summary_large_image\" \/>\n<script type=\"application\/ld+json\" class=\"yoast-schema-graph\">{\"@context\":\"https:\/\/schema.org\",\"@graph\":[{\"@type\":\"WebPage\",\"@id\":\"https:\/\/portosigns.pt\/produto\/prato-d30\/\",\"url\":\"https:\/\/portosigns.pt\/produto\/prato-d30\/\",\"name\":\"Plate D30 - Cer\u00e2mica - PORTOSIGNS. Loja Online\",\"isPartOf\":{\"@id\":\"https:\/\/portosigns.pt\/en\/#website\"},\"primaryImageOfPage\":{\"@id\":\"https:\/\/portosigns.pt\/produto\/prato-d30\/#primaryimage\"},\"image\":{\"@id\":\"https:\/\/portosigns.pt\/produto\/prato-d30\/#primaryimage\"},\"thumbnailUrl\":\"https:\/\/portosigns.pt\/wp-content\/uploads\/2021\/03\/040.411.01..png\",\"datePublished\":\"2021-04-13T14:17:53+00:00\",\"dateModified\":\"2021-04-13T22:28:33+00:00\",\"description\":\"The Portuguese Cal\u00e7ada Collection, for the table and kitchen, is inspired by Portuguese roots and is very modern and for the current home!\",\"breadcrumb\":{\"@id\":\"https:\/\/portosigns.pt\/produto\/prato-d30\/#breadcrumb\"},\"inLanguage\":\"en-US\",\"potentialAction\":[{\"@type\":\"ReadAction\",\"target\":[\"https:\/\/portosigns.pt\/produto\/prato-d30\/\"]}]},{\"@type\":\"ImageObject\",\"inLanguage\":\"en-US\",\"@id\":\"https:\/\/portosigns.pt\/produto\/prato-d30\/#primaryimage\",\"url\":\"https:\/\/portosigns.pt\/wp-content\/uploads\/2021\/03\/040.411.01..png\",\"contentUrl\":\"https:\/\/portosigns.pt\/wp-content\/uploads\/2021\/03\/040.411.01..png\",\"width\":1665,\"height\":1648,\"caption\":\"Cal\u00e7ada\"},{\"@type\":\"BreadcrumbList\",\"@id\":\"https:\/\/portosigns.pt\/produto\/prato-d30\/#breadcrumb\",\"itemListElement\":[{\"@type\":\"ListItem\",\"position\":1,\"name\":\"In\u00edcio\",\"item\":\"https:\/\/portosigns.pt\/en\/\"},{\"@type\":\"ListItem\",\"position\":2,\"name\":\"Shop\",\"item\":\"https:\/\/portosigns.pt\/en\/shop\/\"},{\"@type\":\"ListItem\",\"position\":3,\"name\":\"Plate D30\"}]},{\"@type\":\"WebSite\",\"@id\":\"https:\/\/portosigns.pt\/en\/#website\",\"url\":\"https:\/\/portosigns.pt\/en\/\",\"name\":\"PORTOSIGNS. Loja Online\",\"description\":\"Produtos portugueses: Cer\u00e2mica, Corti\u00e7a, Saboaria e perfumaria, Barbearia, Vestu\u00e1rio e Cal\u00e7ado\",\"publisher\":{\"@id\":\"https:\/\/portosigns.pt\/en\/#organization\"},\"potentialAction\":[{\"@type\":\"SearchAction\",\"target\":{\"@type\":\"EntryPoint\",\"urlTemplate\":\"https:\/\/portosigns.pt\/en\/?s={search_term_string}\"},\"query-input\":{\"@type\":\"PropertyValueSpecification\",\"valueRequired\":true,\"valueName\":\"search_term_string\"}}],\"inLanguage\":\"en-US\"},{\"@type\":\"Organization\",\"@id\":\"https:\/\/portosigns.pt\/en\/#organization\",\"name\":\"Portosigns, Lda\",\"url\":\"https:\/\/portosigns.pt\/en\/\",\"logo\":{\"@type\":\"ImageObject\",\"inLanguage\":\"en-US\",\"@id\":\"https:\/\/portosigns.pt\/en\/#\/schema\/logo\/image\/\",\"url\":\"https:\/\/portosigns.pt\/wp-content\/uploads\/2020\/04\/logo-scaled.jpg\",\"contentUrl\":\"https:\/\/portosigns.pt\/wp-content\/uploads\/2020\/04\/logo-scaled.jpg\",\"width\":2560,\"height\":782,\"caption\":\"Portosigns, Lda\"},\"image\":{\"@id\":\"https:\/\/portosigns.pt\/en\/#\/schema\/logo\/image\/\"},\"sameAs\":[\"https:\/\/www.facebook.com\/Portosigns.pt\",\"https:\/\/www.instagram.com\/portosigns\/\",\"https:\/\/www.youtube.com\/watch?v=22oGHBzMlTg\"]}]}<\/script>\n<!-- \/ Yoast SEO plugin. -->","yoast_head_json":{"title":"Plate D30 - Cer\u00e2mica - PORTOSIGNS. Loja Online","description":"The Portuguese Cal\u00e7ada Collection, for the table and kitchen, is inspired by Portuguese roots and is very modern and for the current home!","robots":{"index":"index","follow":"follow","max-snippet":"max-snippet:-1","max-image-preview":"max-image-preview:large","max-video-preview":"max-video-preview:-1"},"canonical":"https:\/\/portosigns.pt\/produto\/prato-d30\/","og_locale":"en_US","og_type":"article","og_title":"Plate D30 - Cer\u00e2mica - PORTOSIGNS. Loja Online","og_description":"The Portuguese Cal\u00e7ada Collection, for the table and kitchen, is inspired by Portuguese roots and is very modern and for the current home!","og_url":"https:\/\/portosigns.pt\/produto\/prato-d30\/","og_site_name":"PORTOSIGNS. Loja Online","article_publisher":"https:\/\/www.facebook.com\/Portosigns.pt","article_modified_time":"2021-04-13T22:28:33+00:00","og_image":[{"width":1024,"height":1014,"url":"https:\/\/portosigns.pt\/wp-content\/uploads\/2021\/03\/040.411.01.-1024x1014.png","type":"image\/png"}],"twitter_card":"summary_large_image","schema":{"@context":"https:\/\/schema.org","@graph":[{"@type":"WebPage","@id":"https:\/\/portosigns.pt\/produto\/prato-d30\/","url":"https:\/\/portosigns.pt\/produto\/prato-d30\/","name":"Plate D30 - Cer\u00e2mica - PORTOSIGNS. Loja Online","isPartOf":{"@id":"https:\/\/portosigns.pt\/en\/#website"},"primaryImageOfPage":{"@id":"https:\/\/portosigns.pt\/produto\/prato-d30\/#primaryimage"},"image":{"@id":"https:\/\/portosigns.pt\/produto\/prato-d30\/#primaryimage"},"thumbnailUrl":"https:\/\/portosigns.pt\/wp-content\/uploads\/2021\/03\/040.411.01..png","datePublished":"2021-04-13T14:17:53+00:00","dateModified":"2021-04-13T22:28:33+00:00","description":"The Portuguese Cal\u00e7ada Collection, for the table and kitchen, is inspired by Portuguese roots and is very modern and for the current home!","breadcrumb":{"@id":"https:\/\/portosigns.pt\/produto\/prato-d30\/#breadcrumb"},"inLanguage":"en-US","potentialAction":[{"@type":"ReadAction","target":["https:\/\/portosigns.pt\/produto\/prato-d30\/"]}]},{"@type":"ImageObject","inLanguage":"en-US","@id":"https:\/\/portosigns.pt\/produto\/prato-d30\/#primaryimage","url":"https:\/\/portosigns.pt\/wp-content\/uploads\/2021\/03\/040.411.01..png","contentUrl":"https:\/\/portosigns.pt\/wp-content\/uploads\/2021\/03\/040.411.01..png","width":1665,"height":1648,"caption":"Cal\u00e7ada"},{"@type":"BreadcrumbList","@id":"https:\/\/portosigns.pt\/produto\/prato-d30\/#breadcrumb","itemListElement":[{"@type":"ListItem","position":1,"name":"In\u00edcio","item":"https:\/\/portosigns.pt\/en\/"},{"@type":"ListItem","position":2,"name":"Shop","item":"https:\/\/portosigns.pt\/en\/shop\/"},{"@type":"ListItem","position":3,"name":"Plate D30"}]},{"@type":"WebSite","@id":"https:\/\/portosigns.pt\/en\/#website","url":"https:\/\/portosigns.pt\/en\/","name":"PORTOSIGNS. Loja Online","description":"Produtos portugueses: Cer\u00e2mica, Corti\u00e7a, Saboaria e perfumaria, Barbearia, Vestu\u00e1rio e Cal\u00e7ado","publisher":{"@id":"https:\/\/portosigns.pt\/en\/#organization"},"potentialAction":[{"@type":"SearchAction","target":{"@type":"EntryPoint","urlTemplate":"https:\/\/portosigns.pt\/en\/?s={search_term_string}"},"query-input":{"@type":"PropertyValueSpecification","valueRequired":true,"valueName":"search_term_string"}}],"inLanguage":"en-US"},{"@type":"Organization","@id":"https:\/\/portosigns.pt\/en\/#organization","name":"Portosigns, Lda","url":"https:\/\/portosigns.pt\/en\/","logo":{"@type":"ImageObject","inLanguage":"en-US","@id":"https:\/\/portosigns.pt\/en\/#\/schema\/logo\/image\/","url":"https:\/\/portosigns.pt\/wp-content\/uploads\/2020\/04\/logo-scaled.jpg","contentUrl":"https:\/\/portosigns.pt\/wp-content\/uploads\/2020\/04\/logo-scaled.jpg","width":2560,"height":782,"caption":"Portosigns, Lda"},"image":{"@id":"https:\/\/portosigns.pt\/en\/#\/schema\/logo\/image\/"},"sameAs":["https:\/\/www.facebook.com\/Portosigns.pt","https:\/\/www.instagram.com\/portosigns\/","https:\/\/www.youtube.com\/watch?v=22oGHBzMlTg"]}]}},"jetpack_sharing_enabled":true,"_links":{"self":[{"href":"https:\/\/portosigns.pt\/en\/wp-json\/wp\/v2\/product\/15309"}],"collection":[{"href":"https:\/\/portosigns.pt\/en\/wp-json\/wp\/v2\/product"}],"about":[{"href":"https:\/\/portosigns.pt\/en\/wp-json\/wp\/v2\/types\/product"}],"wp:featuredmedia":[{"embeddable":true,"href":"https:\/\/portosigns.pt\/en\/wp-json\/wp\/v2\/media\/14017"}],"wp:attachment":[{"href":"https:\/\/portosigns.pt\/en\/wp-json\/wp\/v2\/media?parent=15309"}],"wp:term":[{"taxonomy":"product_cat","embeddable":true,"href":"https:\/\/portosigns.pt\/en\/wp-json\/wp\/v2\/product_cat?post=15309"},{"taxonomy":"product_tag","embeddable":true,"href":"https:\/\/portosigns.pt\/en\/wp-json\/wp\/v2\/product_tag?post=15309"}],"curies":[{"name":"wp","href":"https:\/\/api.w.org\/{rel}","templated":true}]}}