{"id":15147,"date":"2021-04-05T15:15:38","date_gmt":"2021-04-05T15:15:38","guid":{"rendered":"https:\/\/portosigns.pt\/produto\/embroidered-sandals-begonia\/"},"modified":"2021-04-05T15:15:38","modified_gmt":"2021-04-05T15:15:38","slug":"embroidered-sandals-begonia","status":"publish","type":"product","link":"https:\/\/portosigns.pt\/en\/produto\/embroidered-sandals-begonia\/","title":{"rendered":"Embroidered Sandals &#8211; Begonia"},"content":{"rendered":"<p><span class=\"VIiyi\" lang=\"en\"><span class=\"JLqJ4b ChMk0b\" data-language-for-alternatives=\"en\" data-language-to-translate-into=\"pt\" data-phrase-index=\"0\">Embroidered Sandals &#8211; Beg\u00f3nia, from Namorar Portugal, is a line of shoes that was born out of love for our land, our traditions and passions.<\/span><\/span><\/p>\n<p><span class=\"VIiyi\" lang=\"en\"> <span class=\"JLqJ4b ChMk0b\" data-language-for-alternatives=\"en\" data-language-to-translate-into=\"pt\" data-phrase-index=\"2\">Portugal has everything we need and that is why we are inspired and working for the future.<\/span> <\/span><\/p>\n<p><span class=\"VIiyi\" lang=\"en\"><span class=\"JLqJ4b ChMk0b\" data-language-for-alternatives=\"en\" data-language-to-translate-into=\"pt\" data-phrase-index=\"4\">This shoe collection is made of leather, and has an 8 cm high wedge, with 2 cm of compensation, all made of cork, providing lightness and a lot of comfort.<\/span> <\/span><\/p>\n<p><span class=\"VIiyi\" lang=\"en\"><span class=\"JLqJ4b ChMk0b\" data-language-for-alternatives=\"en\" data-language-to-translate-into=\"pt\" data-phrase-index=\"6\">Embroidery is with traditional motifs from Vila Verde, Minho Region Portugal.<\/span><\/span><\/p>\n","protected":false},"excerpt":{"rendered":"<p><span class=\"VIiyi\" lang=\"en\"><span class=\"JLqJ4b ChMk0b\" data-language-for-alternatives=\"en\" data-language-to-translate-into=\"pt\" data-phrase-index=\"0\">Beg\u00f3nia sandals, from the Shoes Namorar Portugal collection.<\/span> <span class=\"JLqJ4b ChMk0b\" data-language-for-alternatives=\"en\" data-language-to-translate-into=\"pt\" data-phrase-index=\"1\">Made of leather and 8 cm high wedge with 2 cm of compensation, all made of cork that provides lightness and comfort.<\/span> <span class=\"JLqJ4b ChMk0b\" data-language-for-alternatives=\"en\" data-language-to-translate-into=\"pt\" data-phrase-index=\"2\">Embroidered with traditional motifs from Vila Verde, Minho Region, Portugal.<\/span> <span class=\"JLqJ4b ChMk0b\" data-language-for-alternatives=\"en\" data-language-to-translate-into=\"pt\" data-phrase-index=\"3\">100% manufactured in Portugal.<\/span><\/span><\/p>\n<p><span class=\"VIiyi\" lang=\"en\"><span class=\"JLqJ4b ChMk0b\" data-language-for-alternatives=\"en\" data-language-to-translate-into=\"pt\" data-phrase-index=\"0\">Please note that some sizes are not in stock.<\/span> <span class=\"JLqJ4b ChMk0b\" data-language-for-alternatives=\"en\" data-language-to-translate-into=\"pt\" data-phrase-index=\"1\">Custom sizes have a delivery time of 2 to 4 weeks.<\/span><\/span><\/p>\n<p>&nbsp;<\/p>\n","protected":false},"featured_media":15049,"template":"","meta":[],"product_cat":[1212,1248,1255],"product_tag":[],"yoast_head":"<!-- This site is optimized with the Yoast SEO plugin v23.5 - https:\/\/yoast.com\/wordpress\/plugins\/seo\/ -->\n<title>Embroidered Sandals - Begonia - PORTOSIGNS. Loja Online<\/title>\n<meta name=\"description\" content=\"Embroidered Begonia Sandals are made of leather. This line of footwear was born out of love for our land, our traditions and passions.\" \/>\n<meta name=\"robots\" content=\"index, follow, max-snippet:-1, max-image-preview:large, max-video-preview:-1\" \/>\n<link rel=\"canonical\" href=\"https:\/\/portosigns.pt\/en\/produto\/embroidered-sandals-begonia\/\" \/>\n<meta property=\"og:locale\" content=\"en_US\" \/>\n<meta property=\"og:type\" content=\"article\" \/>\n<meta property=\"og:title\" content=\"Embroidered Sandals - Begonia - PORTOSIGNS. Loja Online\" \/>\n<meta property=\"og:description\" content=\"Embroidered Begonia Sandals are made of leather. This line of footwear was born out of love for our land, our traditions and passions.\" \/>\n<meta property=\"og:url\" content=\"https:\/\/portosigns.pt\/en\/produto\/embroidered-sandals-begonia\/\" \/>\n<meta property=\"og:site_name\" content=\"PORTOSIGNS. Loja Online\" \/>\n<meta property=\"article:publisher\" content=\"https:\/\/www.facebook.com\/Portosigns.pt\" \/>\n<meta property=\"og:image\" content=\"https:\/\/portosigns.pt\/wp-content\/uploads\/2021\/03\/1-768x768-3.jpg\" \/>\n\t<meta property=\"og:image:width\" content=\"768\" \/>\n\t<meta property=\"og:image:height\" content=\"768\" \/>\n\t<meta property=\"og:image:type\" content=\"image\/jpeg\" \/>\n<meta name=\"twitter:card\" content=\"summary_large_image\" \/>\n<script type=\"application\/ld+json\" class=\"yoast-schema-graph\">{\"@context\":\"https:\/\/schema.org\",\"@graph\":[{\"@type\":\"WebPage\",\"@id\":\"https:\/\/portosigns.pt\/en\/produto\/embroidered-sandals-begonia\/\",\"url\":\"https:\/\/portosigns.pt\/en\/produto\/embroidered-sandals-begonia\/\",\"name\":\"Embroidered Sandals - Begonia - PORTOSIGNS. Loja Online\",\"isPartOf\":{\"@id\":\"https:\/\/portosigns.pt\/en\/#website\"},\"primaryImageOfPage\":{\"@id\":\"https:\/\/portosigns.pt\/en\/produto\/embroidered-sandals-begonia\/#primaryimage\"},\"image\":{\"@id\":\"https:\/\/portosigns.pt\/en\/produto\/embroidered-sandals-begonia\/#primaryimage\"},\"thumbnailUrl\":\"https:\/\/portosigns.pt\/wp-content\/uploads\/2021\/03\/1-768x768-3.jpg\",\"datePublished\":\"2021-04-05T15:15:38+00:00\",\"dateModified\":\"2021-04-05T15:15:38+00:00\",\"description\":\"Embroidered Begonia Sandals are made of leather. This line of footwear was born out of love for our land, our traditions and passions.\",\"breadcrumb\":{\"@id\":\"https:\/\/portosigns.pt\/en\/produto\/embroidered-sandals-begonia\/#breadcrumb\"},\"inLanguage\":\"en-US\",\"potentialAction\":[{\"@type\":\"ReadAction\",\"target\":[\"https:\/\/portosigns.pt\/en\/produto\/embroidered-sandals-begonia\/\"]}]},{\"@type\":\"ImageObject\",\"inLanguage\":\"en-US\",\"@id\":\"https:\/\/portosigns.pt\/en\/produto\/embroidered-sandals-begonia\/#primaryimage\",\"url\":\"https:\/\/portosigns.pt\/wp-content\/uploads\/2021\/03\/1-768x768-3.jpg\",\"contentUrl\":\"https:\/\/portosigns.pt\/wp-content\/uploads\/2021\/03\/1-768x768-3.jpg\",\"width\":768,\"height\":768,\"caption\":\"Beg\u00f3nia\"},{\"@type\":\"BreadcrumbList\",\"@id\":\"https:\/\/portosigns.pt\/en\/produto\/embroidered-sandals-begonia\/#breadcrumb\",\"itemListElement\":[{\"@type\":\"ListItem\",\"position\":1,\"name\":\"In\u00edcio\",\"item\":\"https:\/\/portosigns.pt\/en\/\"},{\"@type\":\"ListItem\",\"position\":2,\"name\":\"Shop\",\"item\":\"https:\/\/portosigns.pt\/en\/shop\/\"},{\"@type\":\"ListItem\",\"position\":3,\"name\":\"Embroidered Sandals &#8211; Begonia\"}]},{\"@type\":\"WebSite\",\"@id\":\"https:\/\/portosigns.pt\/en\/#website\",\"url\":\"https:\/\/portosigns.pt\/en\/\",\"name\":\"PORTOSIGNS. Loja Online\",\"description\":\"Produtos portugueses: Cer\u00e2mica, Corti\u00e7a, Saboaria e perfumaria, Barbearia, Vestu\u00e1rio e Cal\u00e7ado\",\"publisher\":{\"@id\":\"https:\/\/portosigns.pt\/en\/#organization\"},\"potentialAction\":[{\"@type\":\"SearchAction\",\"target\":{\"@type\":\"EntryPoint\",\"urlTemplate\":\"https:\/\/portosigns.pt\/en\/?s={search_term_string}\"},\"query-input\":{\"@type\":\"PropertyValueSpecification\",\"valueRequired\":true,\"valueName\":\"search_term_string\"}}],\"inLanguage\":\"en-US\"},{\"@type\":\"Organization\",\"@id\":\"https:\/\/portosigns.pt\/en\/#organization\",\"name\":\"Portosigns, Lda\",\"url\":\"https:\/\/portosigns.pt\/en\/\",\"logo\":{\"@type\":\"ImageObject\",\"inLanguage\":\"en-US\",\"@id\":\"https:\/\/portosigns.pt\/en\/#\/schema\/logo\/image\/\",\"url\":\"https:\/\/portosigns.pt\/wp-content\/uploads\/2020\/04\/logo-scaled.jpg\",\"contentUrl\":\"https:\/\/portosigns.pt\/wp-content\/uploads\/2020\/04\/logo-scaled.jpg\",\"width\":2560,\"height\":782,\"caption\":\"Portosigns, Lda\"},\"image\":{\"@id\":\"https:\/\/portosigns.pt\/en\/#\/schema\/logo\/image\/\"},\"sameAs\":[\"https:\/\/www.facebook.com\/Portosigns.pt\",\"https:\/\/www.instagram.com\/portosigns\/\",\"https:\/\/www.youtube.com\/watch?v=22oGHBzMlTg\"]}]}<\/script>\n<!-- \/ Yoast SEO plugin. -->","yoast_head_json":{"title":"Embroidered Sandals - Begonia - PORTOSIGNS. Loja Online","description":"Embroidered Begonia Sandals are made of leather. This line of footwear was born out of love for our land, our traditions and passions.","robots":{"index":"index","follow":"follow","max-snippet":"max-snippet:-1","max-image-preview":"max-image-preview:large","max-video-preview":"max-video-preview:-1"},"canonical":"https:\/\/portosigns.pt\/en\/produto\/embroidered-sandals-begonia\/","og_locale":"en_US","og_type":"article","og_title":"Embroidered Sandals - Begonia - PORTOSIGNS. Loja Online","og_description":"Embroidered Begonia Sandals are made of leather. This line of footwear was born out of love for our land, our traditions and passions.","og_url":"https:\/\/portosigns.pt\/en\/produto\/embroidered-sandals-begonia\/","og_site_name":"PORTOSIGNS. Loja Online","article_publisher":"https:\/\/www.facebook.com\/Portosigns.pt","og_image":[{"width":768,"height":768,"url":"https:\/\/portosigns.pt\/wp-content\/uploads\/2021\/03\/1-768x768-3.jpg","type":"image\/jpeg"}],"twitter_card":"summary_large_image","schema":{"@context":"https:\/\/schema.org","@graph":[{"@type":"WebPage","@id":"https:\/\/portosigns.pt\/en\/produto\/embroidered-sandals-begonia\/","url":"https:\/\/portosigns.pt\/en\/produto\/embroidered-sandals-begonia\/","name":"Embroidered Sandals - Begonia - PORTOSIGNS. Loja Online","isPartOf":{"@id":"https:\/\/portosigns.pt\/en\/#website"},"primaryImageOfPage":{"@id":"https:\/\/portosigns.pt\/en\/produto\/embroidered-sandals-begonia\/#primaryimage"},"image":{"@id":"https:\/\/portosigns.pt\/en\/produto\/embroidered-sandals-begonia\/#primaryimage"},"thumbnailUrl":"https:\/\/portosigns.pt\/wp-content\/uploads\/2021\/03\/1-768x768-3.jpg","datePublished":"2021-04-05T15:15:38+00:00","dateModified":"2021-04-05T15:15:38+00:00","description":"Embroidered Begonia Sandals are made of leather. This line of footwear was born out of love for our land, our traditions and passions.","breadcrumb":{"@id":"https:\/\/portosigns.pt\/en\/produto\/embroidered-sandals-begonia\/#breadcrumb"},"inLanguage":"en-US","potentialAction":[{"@type":"ReadAction","target":["https:\/\/portosigns.pt\/en\/produto\/embroidered-sandals-begonia\/"]}]},{"@type":"ImageObject","inLanguage":"en-US","@id":"https:\/\/portosigns.pt\/en\/produto\/embroidered-sandals-begonia\/#primaryimage","url":"https:\/\/portosigns.pt\/wp-content\/uploads\/2021\/03\/1-768x768-3.jpg","contentUrl":"https:\/\/portosigns.pt\/wp-content\/uploads\/2021\/03\/1-768x768-3.jpg","width":768,"height":768,"caption":"Beg\u00f3nia"},{"@type":"BreadcrumbList","@id":"https:\/\/portosigns.pt\/en\/produto\/embroidered-sandals-begonia\/#breadcrumb","itemListElement":[{"@type":"ListItem","position":1,"name":"In\u00edcio","item":"https:\/\/portosigns.pt\/en\/"},{"@type":"ListItem","position":2,"name":"Shop","item":"https:\/\/portosigns.pt\/en\/shop\/"},{"@type":"ListItem","position":3,"name":"Embroidered Sandals &#8211; Begonia"}]},{"@type":"WebSite","@id":"https:\/\/portosigns.pt\/en\/#website","url":"https:\/\/portosigns.pt\/en\/","name":"PORTOSIGNS. Loja Online","description":"Produtos portugueses: Cer\u00e2mica, Corti\u00e7a, Saboaria e perfumaria, Barbearia, Vestu\u00e1rio e Cal\u00e7ado","publisher":{"@id":"https:\/\/portosigns.pt\/en\/#organization"},"potentialAction":[{"@type":"SearchAction","target":{"@type":"EntryPoint","urlTemplate":"https:\/\/portosigns.pt\/en\/?s={search_term_string}"},"query-input":{"@type":"PropertyValueSpecification","valueRequired":true,"valueName":"search_term_string"}}],"inLanguage":"en-US"},{"@type":"Organization","@id":"https:\/\/portosigns.pt\/en\/#organization","name":"Portosigns, Lda","url":"https:\/\/portosigns.pt\/en\/","logo":{"@type":"ImageObject","inLanguage":"en-US","@id":"https:\/\/portosigns.pt\/en\/#\/schema\/logo\/image\/","url":"https:\/\/portosigns.pt\/wp-content\/uploads\/2020\/04\/logo-scaled.jpg","contentUrl":"https:\/\/portosigns.pt\/wp-content\/uploads\/2020\/04\/logo-scaled.jpg","width":2560,"height":782,"caption":"Portosigns, Lda"},"image":{"@id":"https:\/\/portosigns.pt\/en\/#\/schema\/logo\/image\/"},"sameAs":["https:\/\/www.facebook.com\/Portosigns.pt","https:\/\/www.instagram.com\/portosigns\/","https:\/\/www.youtube.com\/watch?v=22oGHBzMlTg"]}]}},"jetpack_sharing_enabled":true,"_links":{"self":[{"href":"https:\/\/portosigns.pt\/en\/wp-json\/wp\/v2\/product\/15147"}],"collection":[{"href":"https:\/\/portosigns.pt\/en\/wp-json\/wp\/v2\/product"}],"about":[{"href":"https:\/\/portosigns.pt\/en\/wp-json\/wp\/v2\/types\/product"}],"wp:featuredmedia":[{"embeddable":true,"href":"https:\/\/portosigns.pt\/en\/wp-json\/wp\/v2\/media\/15049"}],"wp:attachment":[{"href":"https:\/\/portosigns.pt\/en\/wp-json\/wp\/v2\/media?parent=15147"}],"wp:term":[{"taxonomy":"product_cat","embeddable":true,"href":"https:\/\/portosigns.pt\/en\/wp-json\/wp\/v2\/product_cat?post=15147"},{"taxonomy":"product_tag","embeddable":true,"href":"https:\/\/portosigns.pt\/en\/wp-json\/wp\/v2\/product_tag?post=15147"}],"curies":[{"name":"wp","href":"https:\/\/api.w.org\/{rel}","templated":true}]}}