{"id":14861,"date":"2020-01-16T21:37:16","date_gmt":"2020-01-16T21:37:16","guid":{"rendered":"https:\/\/portosigns.pt\/produto\/flips-flops-turtle\/"},"modified":"2020-01-16T21:37:16","modified_gmt":"2020-01-16T21:37:16","slug":"flips-flops-turtle","status":"publish","type":"product","link":"https:\/\/portosigns.pt\/en\/produto\/flips-flops-turtle\/","title":{"rendered":"Flips-flops TURTLE"},"content":{"rendered":"<p><strong>AS PORTUGUESAS<\/strong><\/p>\n<p><strong>Flip flops<\/strong>: Cork sole, rubber toe strip, very comfortable, environmentally friendly<br \/>\n100% Natural \/ Versatile \/ Sustainable<br \/>\n<strong>Model<\/strong>: TURTLE<br \/>\n<strong>Colors<\/strong>: Black \/ Black and Natural \/ White<br \/>\n<strong>Sizes<\/strong>: from 39\/40 to 45\/46<\/p>\n","protected":false},"excerpt":{"rendered":"<p><strong>AS PORTUGUESAS<\/strong><\/p>\n<p>Cork sole, rubber toe strap, very comfortable, environmentally friendly. 100% Natural \/ Versatile \/ Sustainable<\/p>\n","protected":false},"featured_media":14848,"template":"","meta":[],"product_cat":[1212,1197,1010,1008,1281,1007,1009,1300],"product_tag":[1021],"yoast_head":"<!-- This site is optimized with the Yoast SEO plugin v23.5 - https:\/\/yoast.com\/wordpress\/plugins\/seo\/ -->\n<title>Flips-flops TURTLE - PORTOSIGNS. Loja Online<\/title>\n<meta name=\"robots\" content=\"index, follow, max-snippet:-1, max-image-preview:large, max-video-preview:-1\" \/>\n<link rel=\"canonical\" href=\"https:\/\/portosigns.pt\/en\/produto\/flips-flops-turtle\/\" \/>\n<meta property=\"og:locale\" content=\"en_US\" \/>\n<meta property=\"og:type\" content=\"article\" \/>\n<meta property=\"og:title\" content=\"Flips-flops TURTLE - PORTOSIGNS. Loja Online\" \/>\n<meta property=\"og:description\" content=\"AS PORTUGUESAS  Cork sole, rubber toe strap, very comfortable, environmentally friendly. 100% Natural \/ Versatile \/ Sustainable\" \/>\n<meta property=\"og:url\" content=\"https:\/\/portosigns.pt\/en\/produto\/flips-flops-turtle\/\" \/>\n<meta property=\"og:site_name\" content=\"PORTOSIGNS. Loja Online\" \/>\n<meta property=\"article:publisher\" content=\"https:\/\/www.facebook.com\/Portosigns.pt\" \/>\n<meta property=\"og:image\" content=\"https:\/\/portosigns.pt\/wp-content\/uploads\/2020\/01\/P018057001-e1587223947904.jpg\" \/>\n\t<meta property=\"og:image:width\" content=\"3123\" \/>\n\t<meta property=\"og:image:height\" content=\"2519\" \/>\n\t<meta property=\"og:image:type\" content=\"image\/jpeg\" \/>\n<meta name=\"twitter:card\" content=\"summary_large_image\" \/>\n<script type=\"application\/ld+json\" class=\"yoast-schema-graph\">{\"@context\":\"https:\/\/schema.org\",\"@graph\":[{\"@type\":\"WebPage\",\"@id\":\"https:\/\/portosigns.pt\/en\/produto\/flips-flops-turtle\/\",\"url\":\"https:\/\/portosigns.pt\/en\/produto\/flips-flops-turtle\/\",\"name\":\"Flips-flops TURTLE - PORTOSIGNS. Loja Online\",\"isPartOf\":{\"@id\":\"https:\/\/portosigns.pt\/en\/#website\"},\"primaryImageOfPage\":{\"@id\":\"https:\/\/portosigns.pt\/en\/produto\/flips-flops-turtle\/#primaryimage\"},\"image\":{\"@id\":\"https:\/\/portosigns.pt\/en\/produto\/flips-flops-turtle\/#primaryimage\"},\"thumbnailUrl\":\"https:\/\/portosigns.pt\/wp-content\/uploads\/2020\/01\/P018057001-e1587223947904.jpg\",\"datePublished\":\"2020-01-16T21:37:16+00:00\",\"dateModified\":\"2020-01-16T21:37:16+00:00\",\"breadcrumb\":{\"@id\":\"https:\/\/portosigns.pt\/en\/produto\/flips-flops-turtle\/#breadcrumb\"},\"inLanguage\":\"en-US\",\"potentialAction\":[{\"@type\":\"ReadAction\",\"target\":[\"https:\/\/portosigns.pt\/en\/produto\/flips-flops-turtle\/\"]}]},{\"@type\":\"ImageObject\",\"inLanguage\":\"en-US\",\"@id\":\"https:\/\/portosigns.pt\/en\/produto\/flips-flops-turtle\/#primaryimage\",\"url\":\"https:\/\/portosigns.pt\/wp-content\/uploads\/2020\/01\/P018057001-e1587223947904.jpg\",\"contentUrl\":\"https:\/\/portosigns.pt\/wp-content\/uploads\/2020\/01\/P018057001-e1587223947904.jpg\",\"width\":3123,\"height\":2519,\"caption\":\"Chinelos corti\u00e7a\"},{\"@type\":\"BreadcrumbList\",\"@id\":\"https:\/\/portosigns.pt\/en\/produto\/flips-flops-turtle\/#breadcrumb\",\"itemListElement\":[{\"@type\":\"ListItem\",\"position\":1,\"name\":\"In\u00edcio\",\"item\":\"https:\/\/portosigns.pt\/en\/\"},{\"@type\":\"ListItem\",\"position\":2,\"name\":\"Shop\",\"item\":\"https:\/\/portosigns.pt\/en\/shop\/\"},{\"@type\":\"ListItem\",\"position\":3,\"name\":\"Flips-flops TURTLE\"}]},{\"@type\":\"WebSite\",\"@id\":\"https:\/\/portosigns.pt\/en\/#website\",\"url\":\"https:\/\/portosigns.pt\/en\/\",\"name\":\"PORTOSIGNS. Loja Online\",\"description\":\"Produtos portugueses: Cer\u00e2mica, Corti\u00e7a, Saboaria e perfumaria, Barbearia, Vestu\u00e1rio e Cal\u00e7ado\",\"publisher\":{\"@id\":\"https:\/\/portosigns.pt\/en\/#organization\"},\"potentialAction\":[{\"@type\":\"SearchAction\",\"target\":{\"@type\":\"EntryPoint\",\"urlTemplate\":\"https:\/\/portosigns.pt\/en\/?s={search_term_string}\"},\"query-input\":{\"@type\":\"PropertyValueSpecification\",\"valueRequired\":true,\"valueName\":\"search_term_string\"}}],\"inLanguage\":\"en-US\"},{\"@type\":\"Organization\",\"@id\":\"https:\/\/portosigns.pt\/en\/#organization\",\"name\":\"Portosigns, Lda\",\"url\":\"https:\/\/portosigns.pt\/en\/\",\"logo\":{\"@type\":\"ImageObject\",\"inLanguage\":\"en-US\",\"@id\":\"https:\/\/portosigns.pt\/en\/#\/schema\/logo\/image\/\",\"url\":\"https:\/\/portosigns.pt\/wp-content\/uploads\/2020\/04\/logo-scaled.jpg\",\"contentUrl\":\"https:\/\/portosigns.pt\/wp-content\/uploads\/2020\/04\/logo-scaled.jpg\",\"width\":2560,\"height\":782,\"caption\":\"Portosigns, Lda\"},\"image\":{\"@id\":\"https:\/\/portosigns.pt\/en\/#\/schema\/logo\/image\/\"},\"sameAs\":[\"https:\/\/www.facebook.com\/Portosigns.pt\",\"https:\/\/www.instagram.com\/portosigns\/\",\"https:\/\/www.youtube.com\/watch?v=22oGHBzMlTg\"]}]}<\/script>\n<!-- \/ Yoast SEO plugin. -->","yoast_head_json":{"title":"Flips-flops TURTLE - PORTOSIGNS. Loja Online","robots":{"index":"index","follow":"follow","max-snippet":"max-snippet:-1","max-image-preview":"max-image-preview:large","max-video-preview":"max-video-preview:-1"},"canonical":"https:\/\/portosigns.pt\/en\/produto\/flips-flops-turtle\/","og_locale":"en_US","og_type":"article","og_title":"Flips-flops TURTLE - PORTOSIGNS. Loja Online","og_description":"AS PORTUGUESAS  Cork sole, rubber toe strap, very comfortable, environmentally friendly. 100% Natural \/ Versatile \/ Sustainable","og_url":"https:\/\/portosigns.pt\/en\/produto\/flips-flops-turtle\/","og_site_name":"PORTOSIGNS. Loja Online","article_publisher":"https:\/\/www.facebook.com\/Portosigns.pt","og_image":[{"width":3123,"height":2519,"url":"https:\/\/portosigns.pt\/wp-content\/uploads\/2020\/01\/P018057001-e1587223947904.jpg","type":"image\/jpeg"}],"twitter_card":"summary_large_image","schema":{"@context":"https:\/\/schema.org","@graph":[{"@type":"WebPage","@id":"https:\/\/portosigns.pt\/en\/produto\/flips-flops-turtle\/","url":"https:\/\/portosigns.pt\/en\/produto\/flips-flops-turtle\/","name":"Flips-flops TURTLE - PORTOSIGNS. Loja Online","isPartOf":{"@id":"https:\/\/portosigns.pt\/en\/#website"},"primaryImageOfPage":{"@id":"https:\/\/portosigns.pt\/en\/produto\/flips-flops-turtle\/#primaryimage"},"image":{"@id":"https:\/\/portosigns.pt\/en\/produto\/flips-flops-turtle\/#primaryimage"},"thumbnailUrl":"https:\/\/portosigns.pt\/wp-content\/uploads\/2020\/01\/P018057001-e1587223947904.jpg","datePublished":"2020-01-16T21:37:16+00:00","dateModified":"2020-01-16T21:37:16+00:00","breadcrumb":{"@id":"https:\/\/portosigns.pt\/en\/produto\/flips-flops-turtle\/#breadcrumb"},"inLanguage":"en-US","potentialAction":[{"@type":"ReadAction","target":["https:\/\/portosigns.pt\/en\/produto\/flips-flops-turtle\/"]}]},{"@type":"ImageObject","inLanguage":"en-US","@id":"https:\/\/portosigns.pt\/en\/produto\/flips-flops-turtle\/#primaryimage","url":"https:\/\/portosigns.pt\/wp-content\/uploads\/2020\/01\/P018057001-e1587223947904.jpg","contentUrl":"https:\/\/portosigns.pt\/wp-content\/uploads\/2020\/01\/P018057001-e1587223947904.jpg","width":3123,"height":2519,"caption":"Chinelos corti\u00e7a"},{"@type":"BreadcrumbList","@id":"https:\/\/portosigns.pt\/en\/produto\/flips-flops-turtle\/#breadcrumb","itemListElement":[{"@type":"ListItem","position":1,"name":"In\u00edcio","item":"https:\/\/portosigns.pt\/en\/"},{"@type":"ListItem","position":2,"name":"Shop","item":"https:\/\/portosigns.pt\/en\/shop\/"},{"@type":"ListItem","position":3,"name":"Flips-flops TURTLE"}]},{"@type":"WebSite","@id":"https:\/\/portosigns.pt\/en\/#website","url":"https:\/\/portosigns.pt\/en\/","name":"PORTOSIGNS. Loja Online","description":"Produtos portugueses: Cer\u00e2mica, Corti\u00e7a, Saboaria e perfumaria, Barbearia, Vestu\u00e1rio e Cal\u00e7ado","publisher":{"@id":"https:\/\/portosigns.pt\/en\/#organization"},"potentialAction":[{"@type":"SearchAction","target":{"@type":"EntryPoint","urlTemplate":"https:\/\/portosigns.pt\/en\/?s={search_term_string}"},"query-input":{"@type":"PropertyValueSpecification","valueRequired":true,"valueName":"search_term_string"}}],"inLanguage":"en-US"},{"@type":"Organization","@id":"https:\/\/portosigns.pt\/en\/#organization","name":"Portosigns, Lda","url":"https:\/\/portosigns.pt\/en\/","logo":{"@type":"ImageObject","inLanguage":"en-US","@id":"https:\/\/portosigns.pt\/en\/#\/schema\/logo\/image\/","url":"https:\/\/portosigns.pt\/wp-content\/uploads\/2020\/04\/logo-scaled.jpg","contentUrl":"https:\/\/portosigns.pt\/wp-content\/uploads\/2020\/04\/logo-scaled.jpg","width":2560,"height":782,"caption":"Portosigns, Lda"},"image":{"@id":"https:\/\/portosigns.pt\/en\/#\/schema\/logo\/image\/"},"sameAs":["https:\/\/www.facebook.com\/Portosigns.pt","https:\/\/www.instagram.com\/portosigns\/","https:\/\/www.youtube.com\/watch?v=22oGHBzMlTg"]}]}},"jetpack_sharing_enabled":true,"_links":{"self":[{"href":"https:\/\/portosigns.pt\/en\/wp-json\/wp\/v2\/product\/14861"}],"collection":[{"href":"https:\/\/portosigns.pt\/en\/wp-json\/wp\/v2\/product"}],"about":[{"href":"https:\/\/portosigns.pt\/en\/wp-json\/wp\/v2\/types\/product"}],"wp:featuredmedia":[{"embeddable":true,"href":"https:\/\/portosigns.pt\/en\/wp-json\/wp\/v2\/media\/14848"}],"wp:attachment":[{"href":"https:\/\/portosigns.pt\/en\/wp-json\/wp\/v2\/media?parent=14861"}],"wp:term":[{"taxonomy":"product_cat","embeddable":true,"href":"https:\/\/portosigns.pt\/en\/wp-json\/wp\/v2\/product_cat?post=14861"},{"taxonomy":"product_tag","embeddable":true,"href":"https:\/\/portosigns.pt\/en\/wp-json\/wp\/v2\/product_tag?post=14861"}],"curies":[{"name":"wp","href":"https:\/\/api.w.org\/{rel}","templated":true}]}}