{"id":14708,"date":"2021-03-01T18:11:14","date_gmt":"2021-03-01T18:11:14","guid":{"rendered":"https:\/\/portosigns.pt\/produto\/holy-antonio\/"},"modified":"2021-03-01T18:11:14","modified_gmt":"2021-03-01T18:11:14","slug":"holy-antonio","status":"publish","type":"product","link":"https:\/\/portosigns.pt\/en\/produto\/holy-antonio\/","title":{"rendered":"Holy ant\u00f3nio"},"content":{"rendered":"<pre id=\"tw-target-text\" class=\"tw-data-text tw-text-large XcVN5d tw-ta\" dir=\"ltr\" data-placeholder=\"Tradu\u00e7\u00e3o\"><span lang=\"en\">Santo Ant\u00f3nio, for decoration.\r\n\r\nThis Santo Ant\u00f3nio collection has 3 sizes: large, medium and small.\r\n\r\nYou can also choose from 12 different colors and decorate your environment.\r\n\r\nSanto Ant\u00f3nio is in faience and the painting is done by hand so it is a modern, handicraft piece that looks good in any home.<\/span><\/pre>\n","protected":false},"excerpt":{"rendered":"<pre id=\"tw-target-text\" class=\"tw-data-text tw-text-large XcVN5d tw-ta\" dir=\"ltr\" data-placeholder=\"Tradu\u00e7\u00e3o\"><span lang=\"en\">saint <\/span><span lang=\"en\">Ant\u00f3nio, for decoration. \r\nThis Santo Ant\u00f3nio collection has 3 sizes: large, medium and small. You can also choose from 12 different colors and decorate your environment. Santo Ant\u00f3nio is in faience and the painting is done by hand so it is a modern, handicraft piece that looks good in any home.<\/span><\/pre>\n","protected":false},"featured_media":13530,"template":"","meta":[],"product_cat":[1212,1190,1180,1266],"product_tag":[],"yoast_head":"<!-- This site is optimized with the Yoast SEO plugin v23.5 - https:\/\/yoast.com\/wordpress\/plugins\/seo\/ -->\n<title>Saint Ant\u00f3nio - ceramics - PORTOSIGNS. Loja Online<\/title>\n<meta name=\"description\" content=\"Saint Ant\u00f3nio is part of handicrafts and the Portuguese tradition is a Santo Popular. It is part of the popular Portuguese festivals.\" \/>\n<meta name=\"robots\" content=\"index, follow, max-snippet:-1, max-image-preview:large, max-video-preview:-1\" \/>\n<link rel=\"canonical\" href=\"https:\/\/portosigns.pt\/en\/produto\/holy-antonio\/\" \/>\n<meta property=\"og:locale\" content=\"en_US\" \/>\n<meta property=\"og:type\" content=\"article\" \/>\n<meta property=\"og:title\" content=\"Saint Ant\u00f3nio - ceramics - PORTOSIGNS. Loja Online\" \/>\n<meta property=\"og:description\" content=\"Saint Ant\u00f3nio is part of handicrafts and the Portuguese tradition is a Santo Popular. It is part of the popular Portuguese festivals.\" \/>\n<meta property=\"og:url\" content=\"https:\/\/portosigns.pt\/en\/produto\/holy-antonio\/\" \/>\n<meta property=\"og:site_name\" content=\"PORTOSIGNS. Loja Online\" \/>\n<meta property=\"article:publisher\" content=\"https:\/\/www.facebook.com\/Portosigns.pt\" \/>\n<meta property=\"og:image\" content=\"https:\/\/portosigns.pt\/wp-content\/uploads\/2021\/03\/st_antonio.png\" \/>\n\t<meta property=\"og:image:width\" content=\"725\" \/>\n\t<meta property=\"og:image:height\" content=\"283\" \/>\n\t<meta property=\"og:image:type\" content=\"image\/png\" \/>\n<meta name=\"twitter:card\" content=\"summary_large_image\" \/>\n<script type=\"application\/ld+json\" class=\"yoast-schema-graph\">{\"@context\":\"https:\/\/schema.org\",\"@graph\":[{\"@type\":\"WebPage\",\"@id\":\"https:\/\/portosigns.pt\/en\/produto\/holy-antonio\/\",\"url\":\"https:\/\/portosigns.pt\/en\/produto\/holy-antonio\/\",\"name\":\"Saint Ant\u00f3nio - ceramics - PORTOSIGNS. Loja Online\",\"isPartOf\":{\"@id\":\"https:\/\/portosigns.pt\/en\/#website\"},\"primaryImageOfPage\":{\"@id\":\"https:\/\/portosigns.pt\/en\/produto\/holy-antonio\/#primaryimage\"},\"image\":{\"@id\":\"https:\/\/portosigns.pt\/en\/produto\/holy-antonio\/#primaryimage\"},\"thumbnailUrl\":\"https:\/\/portosigns.pt\/wp-content\/uploads\/2021\/03\/st_antonio.png\",\"datePublished\":\"2021-03-01T18:11:14+00:00\",\"dateModified\":\"2021-03-01T18:11:14+00:00\",\"description\":\"Saint Ant\u00f3nio is part of handicrafts and the Portuguese tradition is a Santo Popular. It is part of the popular Portuguese festivals.\",\"breadcrumb\":{\"@id\":\"https:\/\/portosigns.pt\/en\/produto\/holy-antonio\/#breadcrumb\"},\"inLanguage\":\"en-US\",\"potentialAction\":[{\"@type\":\"ReadAction\",\"target\":[\"https:\/\/portosigns.pt\/en\/produto\/holy-antonio\/\"]}]},{\"@type\":\"ImageObject\",\"inLanguage\":\"en-US\",\"@id\":\"https:\/\/portosigns.pt\/en\/produto\/holy-antonio\/#primaryimage\",\"url\":\"https:\/\/portosigns.pt\/wp-content\/uploads\/2021\/03\/st_antonio.png\",\"contentUrl\":\"https:\/\/portosigns.pt\/wp-content\/uploads\/2021\/03\/st_antonio.png\",\"width\":725,\"height\":283,\"caption\":\"Santo Ant\u00f3nio\"},{\"@type\":\"BreadcrumbList\",\"@id\":\"https:\/\/portosigns.pt\/en\/produto\/holy-antonio\/#breadcrumb\",\"itemListElement\":[{\"@type\":\"ListItem\",\"position\":1,\"name\":\"In\u00edcio\",\"item\":\"https:\/\/portosigns.pt\/en\/\"},{\"@type\":\"ListItem\",\"position\":2,\"name\":\"Shop\",\"item\":\"https:\/\/portosigns.pt\/en\/shop\/\"},{\"@type\":\"ListItem\",\"position\":3,\"name\":\"Holy ant\u00f3nio\"}]},{\"@type\":\"WebSite\",\"@id\":\"https:\/\/portosigns.pt\/en\/#website\",\"url\":\"https:\/\/portosigns.pt\/en\/\",\"name\":\"PORTOSIGNS. Loja Online\",\"description\":\"Produtos portugueses: Cer\u00e2mica, Corti\u00e7a, Saboaria e perfumaria, Barbearia, Vestu\u00e1rio e Cal\u00e7ado\",\"publisher\":{\"@id\":\"https:\/\/portosigns.pt\/en\/#organization\"},\"potentialAction\":[{\"@type\":\"SearchAction\",\"target\":{\"@type\":\"EntryPoint\",\"urlTemplate\":\"https:\/\/portosigns.pt\/en\/?s={search_term_string}\"},\"query-input\":{\"@type\":\"PropertyValueSpecification\",\"valueRequired\":true,\"valueName\":\"search_term_string\"}}],\"inLanguage\":\"en-US\"},{\"@type\":\"Organization\",\"@id\":\"https:\/\/portosigns.pt\/en\/#organization\",\"name\":\"Portosigns, Lda\",\"url\":\"https:\/\/portosigns.pt\/en\/\",\"logo\":{\"@type\":\"ImageObject\",\"inLanguage\":\"en-US\",\"@id\":\"https:\/\/portosigns.pt\/en\/#\/schema\/logo\/image\/\",\"url\":\"https:\/\/portosigns.pt\/wp-content\/uploads\/2020\/04\/logo-scaled.jpg\",\"contentUrl\":\"https:\/\/portosigns.pt\/wp-content\/uploads\/2020\/04\/logo-scaled.jpg\",\"width\":2560,\"height\":782,\"caption\":\"Portosigns, Lda\"},\"image\":{\"@id\":\"https:\/\/portosigns.pt\/en\/#\/schema\/logo\/image\/\"},\"sameAs\":[\"https:\/\/www.facebook.com\/Portosigns.pt\",\"https:\/\/www.instagram.com\/portosigns\/\",\"https:\/\/www.youtube.com\/watch?v=22oGHBzMlTg\"]}]}<\/script>\n<!-- \/ Yoast SEO plugin. -->","yoast_head_json":{"title":"Saint Ant\u00f3nio - ceramics - PORTOSIGNS. Loja Online","description":"Saint Ant\u00f3nio is part of handicrafts and the Portuguese tradition is a Santo Popular. It is part of the popular Portuguese festivals.","robots":{"index":"index","follow":"follow","max-snippet":"max-snippet:-1","max-image-preview":"max-image-preview:large","max-video-preview":"max-video-preview:-1"},"canonical":"https:\/\/portosigns.pt\/en\/produto\/holy-antonio\/","og_locale":"en_US","og_type":"article","og_title":"Saint Ant\u00f3nio - ceramics - PORTOSIGNS. Loja Online","og_description":"Saint Ant\u00f3nio is part of handicrafts and the Portuguese tradition is a Santo Popular. It is part of the popular Portuguese festivals.","og_url":"https:\/\/portosigns.pt\/en\/produto\/holy-antonio\/","og_site_name":"PORTOSIGNS. Loja Online","article_publisher":"https:\/\/www.facebook.com\/Portosigns.pt","og_image":[{"width":725,"height":283,"url":"https:\/\/portosigns.pt\/wp-content\/uploads\/2021\/03\/st_antonio.png","type":"image\/png"}],"twitter_card":"summary_large_image","schema":{"@context":"https:\/\/schema.org","@graph":[{"@type":"WebPage","@id":"https:\/\/portosigns.pt\/en\/produto\/holy-antonio\/","url":"https:\/\/portosigns.pt\/en\/produto\/holy-antonio\/","name":"Saint Ant\u00f3nio - ceramics - PORTOSIGNS. Loja Online","isPartOf":{"@id":"https:\/\/portosigns.pt\/en\/#website"},"primaryImageOfPage":{"@id":"https:\/\/portosigns.pt\/en\/produto\/holy-antonio\/#primaryimage"},"image":{"@id":"https:\/\/portosigns.pt\/en\/produto\/holy-antonio\/#primaryimage"},"thumbnailUrl":"https:\/\/portosigns.pt\/wp-content\/uploads\/2021\/03\/st_antonio.png","datePublished":"2021-03-01T18:11:14+00:00","dateModified":"2021-03-01T18:11:14+00:00","description":"Saint Ant\u00f3nio is part of handicrafts and the Portuguese tradition is a Santo Popular. It is part of the popular Portuguese festivals.","breadcrumb":{"@id":"https:\/\/portosigns.pt\/en\/produto\/holy-antonio\/#breadcrumb"},"inLanguage":"en-US","potentialAction":[{"@type":"ReadAction","target":["https:\/\/portosigns.pt\/en\/produto\/holy-antonio\/"]}]},{"@type":"ImageObject","inLanguage":"en-US","@id":"https:\/\/portosigns.pt\/en\/produto\/holy-antonio\/#primaryimage","url":"https:\/\/portosigns.pt\/wp-content\/uploads\/2021\/03\/st_antonio.png","contentUrl":"https:\/\/portosigns.pt\/wp-content\/uploads\/2021\/03\/st_antonio.png","width":725,"height":283,"caption":"Santo Ant\u00f3nio"},{"@type":"BreadcrumbList","@id":"https:\/\/portosigns.pt\/en\/produto\/holy-antonio\/#breadcrumb","itemListElement":[{"@type":"ListItem","position":1,"name":"In\u00edcio","item":"https:\/\/portosigns.pt\/en\/"},{"@type":"ListItem","position":2,"name":"Shop","item":"https:\/\/portosigns.pt\/en\/shop\/"},{"@type":"ListItem","position":3,"name":"Holy ant\u00f3nio"}]},{"@type":"WebSite","@id":"https:\/\/portosigns.pt\/en\/#website","url":"https:\/\/portosigns.pt\/en\/","name":"PORTOSIGNS. Loja Online","description":"Produtos portugueses: Cer\u00e2mica, Corti\u00e7a, Saboaria e perfumaria, Barbearia, Vestu\u00e1rio e Cal\u00e7ado","publisher":{"@id":"https:\/\/portosigns.pt\/en\/#organization"},"potentialAction":[{"@type":"SearchAction","target":{"@type":"EntryPoint","urlTemplate":"https:\/\/portosigns.pt\/en\/?s={search_term_string}"},"query-input":{"@type":"PropertyValueSpecification","valueRequired":true,"valueName":"search_term_string"}}],"inLanguage":"en-US"},{"@type":"Organization","@id":"https:\/\/portosigns.pt\/en\/#organization","name":"Portosigns, Lda","url":"https:\/\/portosigns.pt\/en\/","logo":{"@type":"ImageObject","inLanguage":"en-US","@id":"https:\/\/portosigns.pt\/en\/#\/schema\/logo\/image\/","url":"https:\/\/portosigns.pt\/wp-content\/uploads\/2020\/04\/logo-scaled.jpg","contentUrl":"https:\/\/portosigns.pt\/wp-content\/uploads\/2020\/04\/logo-scaled.jpg","width":2560,"height":782,"caption":"Portosigns, Lda"},"image":{"@id":"https:\/\/portosigns.pt\/en\/#\/schema\/logo\/image\/"},"sameAs":["https:\/\/www.facebook.com\/Portosigns.pt","https:\/\/www.instagram.com\/portosigns\/","https:\/\/www.youtube.com\/watch?v=22oGHBzMlTg"]}]}},"jetpack_sharing_enabled":true,"_links":{"self":[{"href":"https:\/\/portosigns.pt\/en\/wp-json\/wp\/v2\/product\/14708"}],"collection":[{"href":"https:\/\/portosigns.pt\/en\/wp-json\/wp\/v2\/product"}],"about":[{"href":"https:\/\/portosigns.pt\/en\/wp-json\/wp\/v2\/types\/product"}],"wp:featuredmedia":[{"embeddable":true,"href":"https:\/\/portosigns.pt\/en\/wp-json\/wp\/v2\/media\/13530"}],"wp:attachment":[{"href":"https:\/\/portosigns.pt\/en\/wp-json\/wp\/v2\/media?parent=14708"}],"wp:term":[{"taxonomy":"product_cat","embeddable":true,"href":"https:\/\/portosigns.pt\/en\/wp-json\/wp\/v2\/product_cat?post=14708"},{"taxonomy":"product_tag","embeddable":true,"href":"https:\/\/portosigns.pt\/en\/wp-json\/wp\/v2\/product_tag?post=14708"}],"curies":[{"name":"wp","href":"https:\/\/api.w.org\/{rel}","templated":true}]}}