{"id":14605,"date":"2021-03-11T15:11:09","date_gmt":"2021-03-11T15:11:09","guid":{"rendered":"https:\/\/portosigns.pt\/produto\/coral-mosaic-collection\/"},"modified":"2021-03-17T19:32:02","modified_gmt":"2021-03-17T19:32:02","slug":"coral-mosaic-collection","status":"publish","type":"product","link":"https:\/\/portosigns.pt\/en\/produto\/coral-mosaic-collection\/","title":{"rendered":"Coral Mosaic Collection"},"content":{"rendered":"<pre id=\"tw-target-text\" class=\"tw-data-text tw-text-large XcVN5d tw-ta\" dir=\"ltr\" data-placeholder=\"Tradu\u00e7\u00e3o\"><span lang=\"en\">Coral Mosaic Collection:\r\nAll pieces for the table and kitchen are made by hand in Portugal, using traditional processes and techniques. They are part of handicrafts and very Portuguese tradition. Therefore, they are very cheerful to decorate your home.<\/span><\/pre>\n","protected":false},"excerpt":{"rendered":"<pre id=\"tw-target-text\" class=\"tw-data-text tw-text-large XcVN5d tw-ta\" dir=\"ltr\" data-placeholder=\"Tradu\u00e7\u00e3o\"><span lang=\"en\">Coral Mosaic Collection:\r\nAll pieces for the table and kitchen are made by hand in Portugal, using traditional processes and techniques. \r\nThey are part of handicrafts and very Portuguese tradition. Therefore, they are very cheerful to decorate your home.<\/span><\/pre>\n<p>&nbsp;<\/p>\n","protected":false},"featured_media":14116,"template":"","meta":[],"product_cat":[1212,1190,1257,1260],"product_tag":[],"yoast_head":"<!-- This site is optimized with the Yoast SEO plugin v23.5 - https:\/\/yoast.com\/wordpress\/plugins\/seo\/ -->\n<title>Coral Mosaic Collection - Cer\u00e2mics - PORTOSIGNS. Loja Online<\/title>\n<meta name=\"description\" content=\"The Coral Mosaic Collection for the table and kitchen, are pieces made by hand in Portugal, by traditional processes and techniques.\" \/>\n<meta name=\"robots\" content=\"index, follow, max-snippet:-1, max-image-preview:large, max-video-preview:-1\" \/>\n<link rel=\"canonical\" href=\"https:\/\/portosigns.pt\/en\/produto\/coral-mosaic-collection\/\" \/>\n<meta property=\"og:locale\" content=\"en_US\" \/>\n<meta property=\"og:type\" content=\"article\" \/>\n<meta property=\"og:title\" content=\"Coral Mosaic Collection - Cer\u00e2mics - PORTOSIGNS. Loja Online\" \/>\n<meta property=\"og:description\" content=\"The Coral Mosaic Collection for the table and kitchen, are pieces made by hand in Portugal, by traditional processes and techniques.\" \/>\n<meta property=\"og:url\" content=\"https:\/\/portosigns.pt\/en\/produto\/coral-mosaic-collection\/\" \/>\n<meta property=\"og:site_name\" content=\"PORTOSIGNS. Loja Online\" \/>\n<meta property=\"article:publisher\" content=\"https:\/\/www.facebook.com\/Portosigns.pt\" \/>\n<meta property=\"article:modified_time\" content=\"2021-03-17T19:32:02+00:00\" \/>\n<meta property=\"og:image\" content=\"https:\/\/portosigns.pt\/wp-content\/uploads\/2021\/03\/050.010.11-scaled.jpg\" \/>\n\t<meta property=\"og:image:width\" content=\"2560\" \/>\n\t<meta property=\"og:image:height\" content=\"2519\" \/>\n\t<meta property=\"og:image:type\" content=\"image\/jpeg\" \/>\n<meta name=\"twitter:card\" content=\"summary_large_image\" \/>\n<script type=\"application\/ld+json\" class=\"yoast-schema-graph\">{\"@context\":\"https:\/\/schema.org\",\"@graph\":[{\"@type\":\"WebPage\",\"@id\":\"https:\/\/portosigns.pt\/en\/produto\/coral-mosaic-collection\/\",\"url\":\"https:\/\/portosigns.pt\/en\/produto\/coral-mosaic-collection\/\",\"name\":\"Coral Mosaic Collection - Cer\u00e2mics - PORTOSIGNS. Loja Online\",\"isPartOf\":{\"@id\":\"https:\/\/portosigns.pt\/en\/#website\"},\"primaryImageOfPage\":{\"@id\":\"https:\/\/portosigns.pt\/en\/produto\/coral-mosaic-collection\/#primaryimage\"},\"image\":{\"@id\":\"https:\/\/portosigns.pt\/en\/produto\/coral-mosaic-collection\/#primaryimage\"},\"thumbnailUrl\":\"https:\/\/portosigns.pt\/wp-content\/uploads\/2021\/03\/050.010.11-scaled.jpg\",\"datePublished\":\"2021-03-11T15:11:09+00:00\",\"dateModified\":\"2021-03-17T19:32:02+00:00\",\"description\":\"The Coral Mosaic Collection for the table and kitchen, are pieces made by hand in Portugal, by traditional processes and techniques.\",\"breadcrumb\":{\"@id\":\"https:\/\/portosigns.pt\/en\/produto\/coral-mosaic-collection\/#breadcrumb\"},\"inLanguage\":\"en-US\",\"potentialAction\":[{\"@type\":\"ReadAction\",\"target\":[\"https:\/\/portosigns.pt\/en\/produto\/coral-mosaic-collection\/\"]}]},{\"@type\":\"ImageObject\",\"inLanguage\":\"en-US\",\"@id\":\"https:\/\/portosigns.pt\/en\/produto\/coral-mosaic-collection\/#primaryimage\",\"url\":\"https:\/\/portosigns.pt\/wp-content\/uploads\/2021\/03\/050.010.11-scaled.jpg\",\"contentUrl\":\"https:\/\/portosigns.pt\/wp-content\/uploads\/2021\/03\/050.010.11-scaled.jpg\",\"width\":2560,\"height\":2519,\"caption\":\"Prato D38 mos\"},{\"@type\":\"BreadcrumbList\",\"@id\":\"https:\/\/portosigns.pt\/en\/produto\/coral-mosaic-collection\/#breadcrumb\",\"itemListElement\":[{\"@type\":\"ListItem\",\"position\":1,\"name\":\"In\u00edcio\",\"item\":\"https:\/\/portosigns.pt\/en\/\"},{\"@type\":\"ListItem\",\"position\":2,\"name\":\"Shop\",\"item\":\"https:\/\/portosigns.pt\/en\/shop\/\"},{\"@type\":\"ListItem\",\"position\":3,\"name\":\"Coral Mosaic Collection\"}]},{\"@type\":\"WebSite\",\"@id\":\"https:\/\/portosigns.pt\/en\/#website\",\"url\":\"https:\/\/portosigns.pt\/en\/\",\"name\":\"PORTOSIGNS. Loja Online\",\"description\":\"Produtos portugueses: Cer\u00e2mica, Corti\u00e7a, Saboaria e perfumaria, Barbearia, Vestu\u00e1rio e Cal\u00e7ado\",\"publisher\":{\"@id\":\"https:\/\/portosigns.pt\/en\/#organization\"},\"potentialAction\":[{\"@type\":\"SearchAction\",\"target\":{\"@type\":\"EntryPoint\",\"urlTemplate\":\"https:\/\/portosigns.pt\/en\/?s={search_term_string}\"},\"query-input\":{\"@type\":\"PropertyValueSpecification\",\"valueRequired\":true,\"valueName\":\"search_term_string\"}}],\"inLanguage\":\"en-US\"},{\"@type\":\"Organization\",\"@id\":\"https:\/\/portosigns.pt\/en\/#organization\",\"name\":\"Portosigns, Lda\",\"url\":\"https:\/\/portosigns.pt\/en\/\",\"logo\":{\"@type\":\"ImageObject\",\"inLanguage\":\"en-US\",\"@id\":\"https:\/\/portosigns.pt\/en\/#\/schema\/logo\/image\/\",\"url\":\"https:\/\/portosigns.pt\/wp-content\/uploads\/2020\/04\/logo-scaled.jpg\",\"contentUrl\":\"https:\/\/portosigns.pt\/wp-content\/uploads\/2020\/04\/logo-scaled.jpg\",\"width\":2560,\"height\":782,\"caption\":\"Portosigns, Lda\"},\"image\":{\"@id\":\"https:\/\/portosigns.pt\/en\/#\/schema\/logo\/image\/\"},\"sameAs\":[\"https:\/\/www.facebook.com\/Portosigns.pt\",\"https:\/\/www.instagram.com\/portosigns\/\",\"https:\/\/www.youtube.com\/watch?v=22oGHBzMlTg\"]}]}<\/script>\n<!-- \/ Yoast SEO plugin. -->","yoast_head_json":{"title":"Coral Mosaic Collection - Cer\u00e2mics - PORTOSIGNS. Loja Online","description":"The Coral Mosaic Collection for the table and kitchen, are pieces made by hand in Portugal, by traditional processes and techniques.","robots":{"index":"index","follow":"follow","max-snippet":"max-snippet:-1","max-image-preview":"max-image-preview:large","max-video-preview":"max-video-preview:-1"},"canonical":"https:\/\/portosigns.pt\/en\/produto\/coral-mosaic-collection\/","og_locale":"en_US","og_type":"article","og_title":"Coral Mosaic Collection - Cer\u00e2mics - PORTOSIGNS. Loja Online","og_description":"The Coral Mosaic Collection for the table and kitchen, are pieces made by hand in Portugal, by traditional processes and techniques.","og_url":"https:\/\/portosigns.pt\/en\/produto\/coral-mosaic-collection\/","og_site_name":"PORTOSIGNS. Loja Online","article_publisher":"https:\/\/www.facebook.com\/Portosigns.pt","article_modified_time":"2021-03-17T19:32:02+00:00","og_image":[{"width":2560,"height":2519,"url":"https:\/\/portosigns.pt\/wp-content\/uploads\/2021\/03\/050.010.11-scaled.jpg","type":"image\/jpeg"}],"twitter_card":"summary_large_image","schema":{"@context":"https:\/\/schema.org","@graph":[{"@type":"WebPage","@id":"https:\/\/portosigns.pt\/en\/produto\/coral-mosaic-collection\/","url":"https:\/\/portosigns.pt\/en\/produto\/coral-mosaic-collection\/","name":"Coral Mosaic Collection - Cer\u00e2mics - PORTOSIGNS. Loja Online","isPartOf":{"@id":"https:\/\/portosigns.pt\/en\/#website"},"primaryImageOfPage":{"@id":"https:\/\/portosigns.pt\/en\/produto\/coral-mosaic-collection\/#primaryimage"},"image":{"@id":"https:\/\/portosigns.pt\/en\/produto\/coral-mosaic-collection\/#primaryimage"},"thumbnailUrl":"https:\/\/portosigns.pt\/wp-content\/uploads\/2021\/03\/050.010.11-scaled.jpg","datePublished":"2021-03-11T15:11:09+00:00","dateModified":"2021-03-17T19:32:02+00:00","description":"The Coral Mosaic Collection for the table and kitchen, are pieces made by hand in Portugal, by traditional processes and techniques.","breadcrumb":{"@id":"https:\/\/portosigns.pt\/en\/produto\/coral-mosaic-collection\/#breadcrumb"},"inLanguage":"en-US","potentialAction":[{"@type":"ReadAction","target":["https:\/\/portosigns.pt\/en\/produto\/coral-mosaic-collection\/"]}]},{"@type":"ImageObject","inLanguage":"en-US","@id":"https:\/\/portosigns.pt\/en\/produto\/coral-mosaic-collection\/#primaryimage","url":"https:\/\/portosigns.pt\/wp-content\/uploads\/2021\/03\/050.010.11-scaled.jpg","contentUrl":"https:\/\/portosigns.pt\/wp-content\/uploads\/2021\/03\/050.010.11-scaled.jpg","width":2560,"height":2519,"caption":"Prato D38 mos"},{"@type":"BreadcrumbList","@id":"https:\/\/portosigns.pt\/en\/produto\/coral-mosaic-collection\/#breadcrumb","itemListElement":[{"@type":"ListItem","position":1,"name":"In\u00edcio","item":"https:\/\/portosigns.pt\/en\/"},{"@type":"ListItem","position":2,"name":"Shop","item":"https:\/\/portosigns.pt\/en\/shop\/"},{"@type":"ListItem","position":3,"name":"Coral Mosaic Collection"}]},{"@type":"WebSite","@id":"https:\/\/portosigns.pt\/en\/#website","url":"https:\/\/portosigns.pt\/en\/","name":"PORTOSIGNS. Loja Online","description":"Produtos portugueses: Cer\u00e2mica, Corti\u00e7a, Saboaria e perfumaria, Barbearia, Vestu\u00e1rio e Cal\u00e7ado","publisher":{"@id":"https:\/\/portosigns.pt\/en\/#organization"},"potentialAction":[{"@type":"SearchAction","target":{"@type":"EntryPoint","urlTemplate":"https:\/\/portosigns.pt\/en\/?s={search_term_string}"},"query-input":{"@type":"PropertyValueSpecification","valueRequired":true,"valueName":"search_term_string"}}],"inLanguage":"en-US"},{"@type":"Organization","@id":"https:\/\/portosigns.pt\/en\/#organization","name":"Portosigns, Lda","url":"https:\/\/portosigns.pt\/en\/","logo":{"@type":"ImageObject","inLanguage":"en-US","@id":"https:\/\/portosigns.pt\/en\/#\/schema\/logo\/image\/","url":"https:\/\/portosigns.pt\/wp-content\/uploads\/2020\/04\/logo-scaled.jpg","contentUrl":"https:\/\/portosigns.pt\/wp-content\/uploads\/2020\/04\/logo-scaled.jpg","width":2560,"height":782,"caption":"Portosigns, Lda"},"image":{"@id":"https:\/\/portosigns.pt\/en\/#\/schema\/logo\/image\/"},"sameAs":["https:\/\/www.facebook.com\/Portosigns.pt","https:\/\/www.instagram.com\/portosigns\/","https:\/\/www.youtube.com\/watch?v=22oGHBzMlTg"]}]}},"jetpack_sharing_enabled":true,"_links":{"self":[{"href":"https:\/\/portosigns.pt\/en\/wp-json\/wp\/v2\/product\/14605"}],"collection":[{"href":"https:\/\/portosigns.pt\/en\/wp-json\/wp\/v2\/product"}],"about":[{"href":"https:\/\/portosigns.pt\/en\/wp-json\/wp\/v2\/types\/product"}],"wp:featuredmedia":[{"embeddable":true,"href":"https:\/\/portosigns.pt\/en\/wp-json\/wp\/v2\/media\/14116"}],"wp:attachment":[{"href":"https:\/\/portosigns.pt\/en\/wp-json\/wp\/v2\/media?parent=14605"}],"wp:term":[{"taxonomy":"product_cat","embeddable":true,"href":"https:\/\/portosigns.pt\/en\/wp-json\/wp\/v2\/product_cat?post=14605"},{"taxonomy":"product_tag","embeddable":true,"href":"https:\/\/portosigns.pt\/en\/wp-json\/wp\/v2\/product_tag?post=14605"}],"curies":[{"name":"wp","href":"https:\/\/api.w.org\/{rel}","templated":true}]}}