{"id":13369,"date":"2021-02-01T17:39:18","date_gmt":"2021-02-16T17:15:05","guid":{"rendered":"https:\/\/portosigns.pt\/?post_type=product&#038;p=13369"},"modified":"2024-04-15T11:49:10","modified_gmt":"2024-04-15T11:49:10","slug":"colorful-swallows","status":"publish","type":"product","link":"https:\/\/portosigns.pt\/en\/produto\/colorful-swallows\/","title":{"rendered":"Colorful swallows"},"content":{"rendered":"<p>Colorful swallows made of ceramics. You can hang them on the wall. Handmade product that belongs to the portuguese tradition.<\/p>\n<p>There are three available sizes and their design is so harmonious that it even looks like they are moving. They can be used for inner or outer decoration and will make your place look livelier and more cheerful!<\/p>\n","protected":false},"excerpt":{"rendered":"<p>Colorful swallows made of ceramics. You can hang them on the wall. Handmade product that belongs to the portuguese tradition.<\/p>\n<p>There are three available sizes and their design is so harmonious that it even looks like they are moving. They can be used for inner or outer decoration and will make your place look livelier and more cheerful!<\/p>\n","protected":false},"featured_media":12951,"template":"","meta":[],"product_cat":[1212,1190,1180,1202,1278],"product_tag":[1188,1189],"yoast_head":"<!-- This site is optimized with the Yoast SEO plugin v23.5 - https:\/\/yoast.com\/wordpress\/plugins\/seo\/ -->\n<title>Colorful swallows<\/title>\n<meta name=\"description\" content=\"Colorful swallows made of ceramics. You can hang them on the wall. Handmade product that belongs to the portuguese tradition.\u00a0There are three available sizes and their design is so harmonious that it even looks like they are moving. They can be used for inner or outer decoration and will make your place look livelier and more cheerful!\u00a0\" \/>\n<meta name=\"robots\" content=\"index, follow, max-snippet:-1, max-image-preview:large, max-video-preview:-1\" \/>\n<link rel=\"canonical\" href=\"https:\/\/portosigns.pt\/en\/produto\/colorful-swallows\/\" \/>\n<meta property=\"og:locale\" content=\"en_US\" \/>\n<meta property=\"og:type\" content=\"article\" \/>\n<meta property=\"og:title\" content=\"Colorful swallows\" \/>\n<meta property=\"og:description\" content=\"Colorful swallows made of ceramics. You can hang them on the wall. Handmade product that belongs to the portuguese tradition.\u00a0There are three available sizes and their design is so harmonious that it even looks like they are moving. They can be used for inner or outer decoration and will make your place look livelier and more cheerful!\u00a0\" \/>\n<meta property=\"og:url\" content=\"https:\/\/portosigns.pt\/en\/produto\/colorful-swallows\/\" \/>\n<meta property=\"og:site_name\" content=\"PORTOSIGNS. Loja Online\" \/>\n<meta property=\"article:publisher\" content=\"https:\/\/www.facebook.com\/Portosigns.pt\" \/>\n<meta property=\"article:modified_time\" content=\"2024-04-15T11:49:10+00:00\" \/>\n<meta property=\"og:image\" content=\"https:\/\/portosigns.pt\/wp-content\/uploads\/2021\/02\/440.222.907.png\" \/>\n\t<meta property=\"og:image:width\" content=\"746\" \/>\n\t<meta property=\"og:image:height\" content=\"556\" \/>\n\t<meta property=\"og:image:type\" content=\"image\/png\" \/>\n<meta name=\"twitter:card\" content=\"summary_large_image\" \/>\n<meta name=\"twitter:label1\" content=\"Est. reading time\" \/>\n\t<meta name=\"twitter:data1\" content=\"1 minute\" \/>\n<script type=\"application\/ld+json\" class=\"yoast-schema-graph\">{\"@context\":\"https:\/\/schema.org\",\"@graph\":[{\"@type\":\"WebPage\",\"@id\":\"https:\/\/portosigns.pt\/en\/produto\/colorful-swallows\/\",\"url\":\"https:\/\/portosigns.pt\/en\/produto\/colorful-swallows\/\",\"name\":\"Colorful swallows\",\"isPartOf\":{\"@id\":\"https:\/\/portosigns.pt\/en\/#website\"},\"primaryImageOfPage\":{\"@id\":\"https:\/\/portosigns.pt\/en\/produto\/colorful-swallows\/#primaryimage\"},\"image\":{\"@id\":\"https:\/\/portosigns.pt\/en\/produto\/colorful-swallows\/#primaryimage\"},\"thumbnailUrl\":\"https:\/\/portosigns.pt\/wp-content\/uploads\/2021\/02\/440.222.907.png\",\"datePublished\":\"2021-02-16T17:15:05+00:00\",\"dateModified\":\"2024-04-15T11:49:10+00:00\",\"description\":\"Colorful swallows made of ceramics. You can hang them on the wall. Handmade product that belongs to the portuguese tradition.\u00a0There are three available sizes and their design is so harmonious that it even looks like they are moving. They can be used for inner or outer decoration and will make your place look livelier and more cheerful!\u00a0\",\"breadcrumb\":{\"@id\":\"https:\/\/portosigns.pt\/en\/produto\/colorful-swallows\/#breadcrumb\"},\"inLanguage\":\"en-US\",\"potentialAction\":[{\"@type\":\"ReadAction\",\"target\":[\"https:\/\/portosigns.pt\/en\/produto\/colorful-swallows\/\"]}]},{\"@type\":\"ImageObject\",\"inLanguage\":\"en-US\",\"@id\":\"https:\/\/portosigns.pt\/en\/produto\/colorful-swallows\/#primaryimage\",\"url\":\"https:\/\/portosigns.pt\/wp-content\/uploads\/2021\/02\/440.222.907.png\",\"contentUrl\":\"https:\/\/portosigns.pt\/wp-content\/uploads\/2021\/02\/440.222.907.png\",\"width\":746,\"height\":556,\"caption\":\"Blue swallow\"},{\"@type\":\"BreadcrumbList\",\"@id\":\"https:\/\/portosigns.pt\/en\/produto\/colorful-swallows\/#breadcrumb\",\"itemListElement\":[{\"@type\":\"ListItem\",\"position\":1,\"name\":\"In\u00edcio\",\"item\":\"https:\/\/portosigns.pt\/en\/\"},{\"@type\":\"ListItem\",\"position\":2,\"name\":\"Shop\",\"item\":\"https:\/\/portosigns.pt\/en\/shop\/\"},{\"@type\":\"ListItem\",\"position\":3,\"name\":\"Colorful swallows\"}]},{\"@type\":\"WebSite\",\"@id\":\"https:\/\/portosigns.pt\/en\/#website\",\"url\":\"https:\/\/portosigns.pt\/en\/\",\"name\":\"PORTOSIGNS. Loja Online\",\"description\":\"Produtos portugueses: Cer\u00e2mica, Corti\u00e7a, Saboaria e perfumaria, Barbearia, Vestu\u00e1rio e Cal\u00e7ado\",\"publisher\":{\"@id\":\"https:\/\/portosigns.pt\/en\/#organization\"},\"potentialAction\":[{\"@type\":\"SearchAction\",\"target\":{\"@type\":\"EntryPoint\",\"urlTemplate\":\"https:\/\/portosigns.pt\/en\/?s={search_term_string}\"},\"query-input\":{\"@type\":\"PropertyValueSpecification\",\"valueRequired\":true,\"valueName\":\"search_term_string\"}}],\"inLanguage\":\"en-US\"},{\"@type\":\"Organization\",\"@id\":\"https:\/\/portosigns.pt\/en\/#organization\",\"name\":\"Portosigns, Lda\",\"url\":\"https:\/\/portosigns.pt\/en\/\",\"logo\":{\"@type\":\"ImageObject\",\"inLanguage\":\"en-US\",\"@id\":\"https:\/\/portosigns.pt\/en\/#\/schema\/logo\/image\/\",\"url\":\"https:\/\/portosigns.pt\/wp-content\/uploads\/2020\/04\/logo-scaled.jpg\",\"contentUrl\":\"https:\/\/portosigns.pt\/wp-content\/uploads\/2020\/04\/logo-scaled.jpg\",\"width\":2560,\"height\":782,\"caption\":\"Portosigns, Lda\"},\"image\":{\"@id\":\"https:\/\/portosigns.pt\/en\/#\/schema\/logo\/image\/\"},\"sameAs\":[\"https:\/\/www.facebook.com\/Portosigns.pt\",\"https:\/\/www.instagram.com\/portosigns\/\",\"https:\/\/www.youtube.com\/watch?v=22oGHBzMlTg\"]}]}<\/script>\n<!-- \/ Yoast SEO plugin. -->","yoast_head_json":{"title":"Colorful swallows","description":"Colorful swallows made of ceramics. You can hang them on the wall. Handmade product that belongs to the portuguese tradition.\u00a0There are three available sizes and their design is so harmonious that it even looks like they are moving. They can be used for inner or outer decoration and will make your place look livelier and more cheerful!\u00a0","robots":{"index":"index","follow":"follow","max-snippet":"max-snippet:-1","max-image-preview":"max-image-preview:large","max-video-preview":"max-video-preview:-1"},"canonical":"https:\/\/portosigns.pt\/en\/produto\/colorful-swallows\/","og_locale":"en_US","og_type":"article","og_title":"Colorful swallows","og_description":"Colorful swallows made of ceramics. You can hang them on the wall. Handmade product that belongs to the portuguese tradition.\u00a0There are three available sizes and their design is so harmonious that it even looks like they are moving. They can be used for inner or outer decoration and will make your place look livelier and more cheerful!\u00a0","og_url":"https:\/\/portosigns.pt\/en\/produto\/colorful-swallows\/","og_site_name":"PORTOSIGNS. Loja Online","article_publisher":"https:\/\/www.facebook.com\/Portosigns.pt","article_modified_time":"2024-04-15T11:49:10+00:00","og_image":[{"width":746,"height":556,"url":"https:\/\/portosigns.pt\/wp-content\/uploads\/2021\/02\/440.222.907.png","type":"image\/png"}],"twitter_card":"summary_large_image","twitter_misc":{"Est. reading time":"1 minute"},"schema":{"@context":"https:\/\/schema.org","@graph":[{"@type":"WebPage","@id":"https:\/\/portosigns.pt\/en\/produto\/colorful-swallows\/","url":"https:\/\/portosigns.pt\/en\/produto\/colorful-swallows\/","name":"Colorful swallows","isPartOf":{"@id":"https:\/\/portosigns.pt\/en\/#website"},"primaryImageOfPage":{"@id":"https:\/\/portosigns.pt\/en\/produto\/colorful-swallows\/#primaryimage"},"image":{"@id":"https:\/\/portosigns.pt\/en\/produto\/colorful-swallows\/#primaryimage"},"thumbnailUrl":"https:\/\/portosigns.pt\/wp-content\/uploads\/2021\/02\/440.222.907.png","datePublished":"2021-02-16T17:15:05+00:00","dateModified":"2024-04-15T11:49:10+00:00","description":"Colorful swallows made of ceramics. You can hang them on the wall. Handmade product that belongs to the portuguese tradition.\u00a0There are three available sizes and their design is so harmonious that it even looks like they are moving. They can be used for inner or outer decoration and will make your place look livelier and more cheerful!\u00a0","breadcrumb":{"@id":"https:\/\/portosigns.pt\/en\/produto\/colorful-swallows\/#breadcrumb"},"inLanguage":"en-US","potentialAction":[{"@type":"ReadAction","target":["https:\/\/portosigns.pt\/en\/produto\/colorful-swallows\/"]}]},{"@type":"ImageObject","inLanguage":"en-US","@id":"https:\/\/portosigns.pt\/en\/produto\/colorful-swallows\/#primaryimage","url":"https:\/\/portosigns.pt\/wp-content\/uploads\/2021\/02\/440.222.907.png","contentUrl":"https:\/\/portosigns.pt\/wp-content\/uploads\/2021\/02\/440.222.907.png","width":746,"height":556,"caption":"Blue swallow"},{"@type":"BreadcrumbList","@id":"https:\/\/portosigns.pt\/en\/produto\/colorful-swallows\/#breadcrumb","itemListElement":[{"@type":"ListItem","position":1,"name":"In\u00edcio","item":"https:\/\/portosigns.pt\/en\/"},{"@type":"ListItem","position":2,"name":"Shop","item":"https:\/\/portosigns.pt\/en\/shop\/"},{"@type":"ListItem","position":3,"name":"Colorful swallows"}]},{"@type":"WebSite","@id":"https:\/\/portosigns.pt\/en\/#website","url":"https:\/\/portosigns.pt\/en\/","name":"PORTOSIGNS. Loja Online","description":"Produtos portugueses: Cer\u00e2mica, Corti\u00e7a, Saboaria e perfumaria, Barbearia, Vestu\u00e1rio e Cal\u00e7ado","publisher":{"@id":"https:\/\/portosigns.pt\/en\/#organization"},"potentialAction":[{"@type":"SearchAction","target":{"@type":"EntryPoint","urlTemplate":"https:\/\/portosigns.pt\/en\/?s={search_term_string}"},"query-input":{"@type":"PropertyValueSpecification","valueRequired":true,"valueName":"search_term_string"}}],"inLanguage":"en-US"},{"@type":"Organization","@id":"https:\/\/portosigns.pt\/en\/#organization","name":"Portosigns, Lda","url":"https:\/\/portosigns.pt\/en\/","logo":{"@type":"ImageObject","inLanguage":"en-US","@id":"https:\/\/portosigns.pt\/en\/#\/schema\/logo\/image\/","url":"https:\/\/portosigns.pt\/wp-content\/uploads\/2020\/04\/logo-scaled.jpg","contentUrl":"https:\/\/portosigns.pt\/wp-content\/uploads\/2020\/04\/logo-scaled.jpg","width":2560,"height":782,"caption":"Portosigns, Lda"},"image":{"@id":"https:\/\/portosigns.pt\/en\/#\/schema\/logo\/image\/"},"sameAs":["https:\/\/www.facebook.com\/Portosigns.pt","https:\/\/www.instagram.com\/portosigns\/","https:\/\/www.youtube.com\/watch?v=22oGHBzMlTg"]}]}},"jetpack_sharing_enabled":true,"_links":{"self":[{"href":"https:\/\/portosigns.pt\/en\/wp-json\/wp\/v2\/product\/13369"}],"collection":[{"href":"https:\/\/portosigns.pt\/en\/wp-json\/wp\/v2\/product"}],"about":[{"href":"https:\/\/portosigns.pt\/en\/wp-json\/wp\/v2\/types\/product"}],"wp:featuredmedia":[{"embeddable":true,"href":"https:\/\/portosigns.pt\/en\/wp-json\/wp\/v2\/media\/12951"}],"wp:attachment":[{"href":"https:\/\/portosigns.pt\/en\/wp-json\/wp\/v2\/media?parent=13369"}],"wp:term":[{"taxonomy":"product_cat","embeddable":true,"href":"https:\/\/portosigns.pt\/en\/wp-json\/wp\/v2\/product_cat?post=13369"},{"taxonomy":"product_tag","embeddable":true,"href":"https:\/\/portosigns.pt\/en\/wp-json\/wp\/v2\/product_tag?post=13369"}],"curies":[{"name":"wp","href":"https:\/\/api.w.org\/{rel}","templated":true}]}}