{"id":12862,"date":"2020-12-13T18:57:10","date_gmt":"2020-12-13T18:57:10","guid":{"rendered":"https:\/\/portosigns.pt\/produto\/botas-com-velcro-case-azul-marinho\/"},"modified":"2021-03-17T21:54:40","modified_gmt":"2021-03-17T21:54:40","slug":"case-boots-navy-blue","status":"publish","type":"product","link":"https:\/\/portosigns.pt\/en\/produto\/case-boots-navy-blue\/","title":{"rendered":"Velcro boots, CASE &#8211; navy blue"},"content":{"rendered":"<p id=\"tw-target-text\" class=\"tw-data-text tw-text-large XcVN5d tw-ta\" dir=\"ltr\" data-placeholder=\"Tradu\u00e7\u00e3o\"><span lang=\"en\">Felt Boots, AS PORTUGUESE<\/span><\/p>\n<p class=\"tw-data-text tw-text-large XcVN5d tw-ta\" dir=\"ltr\" data-placeholder=\"Tradu\u00e7\u00e3o\"><span lang=\"en\">These boots are made of felt and have a cork sole, so they guarantee resistance and durability to this product.<\/p>\n<p>Very light and comfortable, they are an ideal option for all autumn or winter, because they are very warm and 100% natural.<\/p>\n<p>Unisex product to well wear the modern woman and man and friendly to the environment.<\/span><\/p>\n","protected":false},"excerpt":{"rendered":"<p><strong>AS PORTUGUESAS<\/strong><br \/>Felt boots with velcro and a <strong>cork sole<\/strong>.<br \/>Very comfortable and warm for the winter.<br \/>Unisex and ecological product.<\/p>\n","protected":false},"featured_media":12832,"template":"","meta":[],"product_cat":[1212,1197,1010,1008,1269,1007,1009,1268],"product_tag":[1077],"yoast_head":"<!-- This site is optimized with the Yoast SEO plugin v23.5 - https:\/\/yoast.com\/wordpress\/plugins\/seo\/ -->\n<title>CASE Boots with Velcro, Navy Blue - Unisex - Portosigns<\/title>\n<meta name=\"description\" content=\"AS PORTUGUESAS. Boots with velcro and a cork sole, navy blue, CASE . Very comfortable and warm for the winter. Unisex and ecological product.\" \/>\n<meta name=\"robots\" content=\"index, follow, max-snippet:-1, max-image-preview:large, max-video-preview:-1\" \/>\n<link rel=\"canonical\" href=\"https:\/\/portosigns.pt\/en\/produto\/case-boots-navy-blue\/\" \/>\n<meta property=\"og:locale\" content=\"en_US\" \/>\n<meta property=\"og:type\" content=\"article\" \/>\n<meta property=\"og:title\" content=\"CASE Boots with Velcro, Navy Blue - Unisex - Portosigns\" \/>\n<meta property=\"og:description\" content=\"AS PORTUGUESAS. Boots with velcro and a cork sole, navy blue, CASE . Very comfortable and warm for the winter. Unisex and ecological product.\" \/>\n<meta property=\"og:url\" content=\"https:\/\/portosigns.pt\/en\/produto\/case-boots-navy-blue\/\" \/>\n<meta property=\"og:site_name\" content=\"PORTOSIGNS. Loja Online\" \/>\n<meta property=\"article:publisher\" content=\"https:\/\/www.facebook.com\/Portosigns.pt\" \/>\n<meta property=\"article:modified_time\" content=\"2021-03-17T21:54:40+00:00\" \/>\n<meta property=\"og:image\" content=\"https:\/\/portosigns.pt\/wp-content\/uploads\/2020\/12\/ASPORTUGUESAS-Blue-Boots-ASPP018020002_4.jpg\" \/>\n<meta name=\"twitter:card\" content=\"summary_large_image\" \/>\n<script type=\"application\/ld+json\" class=\"yoast-schema-graph\">{\"@context\":\"https:\/\/schema.org\",\"@graph\":[{\"@type\":\"WebPage\",\"@id\":\"https:\/\/portosigns.pt\/en\/produto\/case-boots-navy-blue\/\",\"url\":\"https:\/\/portosigns.pt\/en\/produto\/case-boots-navy-blue\/\",\"name\":\"CASE Boots with Velcro, Navy Blue - Unisex - Portosigns\",\"isPartOf\":{\"@id\":\"https:\/\/portosigns.pt\/en\/#website\"},\"primaryImageOfPage\":{\"@id\":\"https:\/\/portosigns.pt\/en\/produto\/case-boots-navy-blue\/#primaryimage\"},\"image\":{\"@id\":\"https:\/\/portosigns.pt\/en\/produto\/case-boots-navy-blue\/#primaryimage\"},\"thumbnailUrl\":\"https:\/\/portosigns.pt\/wp-content\/uploads\/2020\/12\/ASPORTUGUESAS-Blue-Boots-ASPP018020002_4.jpg\",\"datePublished\":\"2020-12-13T18:57:10+00:00\",\"dateModified\":\"2021-03-17T21:54:40+00:00\",\"description\":\"AS PORTUGUESAS. Boots with velcro and a cork sole, navy blue, CASE . Very comfortable and warm for the winter. Unisex and ecological product.\",\"breadcrumb\":{\"@id\":\"https:\/\/portosigns.pt\/en\/produto\/case-boots-navy-blue\/#breadcrumb\"},\"inLanguage\":\"en-US\",\"potentialAction\":[{\"@type\":\"ReadAction\",\"target\":[\"https:\/\/portosigns.pt\/en\/produto\/case-boots-navy-blue\/\"]}]},{\"@type\":\"ImageObject\",\"inLanguage\":\"en-US\",\"@id\":\"https:\/\/portosigns.pt\/en\/produto\/case-boots-navy-blue\/#primaryimage\",\"url\":\"https:\/\/portosigns.pt\/wp-content\/uploads\/2020\/12\/ASPORTUGUESAS-Blue-Boots-ASPP018020002_4.jpg\",\"contentUrl\":\"https:\/\/portosigns.pt\/wp-content\/uploads\/2020\/12\/ASPORTUGUESAS-Blue-Boots-ASPP018020002_4.jpg\",\"width\":1440,\"height\":1920,\"caption\":\"CASE Boots with Velcro Navy Blue\"},{\"@type\":\"BreadcrumbList\",\"@id\":\"https:\/\/portosigns.pt\/en\/produto\/case-boots-navy-blue\/#breadcrumb\",\"itemListElement\":[{\"@type\":\"ListItem\",\"position\":1,\"name\":\"In\u00edcio\",\"item\":\"https:\/\/portosigns.pt\/en\/\"},{\"@type\":\"ListItem\",\"position\":2,\"name\":\"Shop\",\"item\":\"https:\/\/portosigns.pt\/en\/shop\/\"},{\"@type\":\"ListItem\",\"position\":3,\"name\":\"Velcro boots, CASE &#8211; navy blue\"}]},{\"@type\":\"WebSite\",\"@id\":\"https:\/\/portosigns.pt\/en\/#website\",\"url\":\"https:\/\/portosigns.pt\/en\/\",\"name\":\"PORTOSIGNS. Loja Online\",\"description\":\"Produtos portugueses: Cer\u00e2mica, Corti\u00e7a, Saboaria e perfumaria, Barbearia, Vestu\u00e1rio e Cal\u00e7ado\",\"publisher\":{\"@id\":\"https:\/\/portosigns.pt\/en\/#organization\"},\"potentialAction\":[{\"@type\":\"SearchAction\",\"target\":{\"@type\":\"EntryPoint\",\"urlTemplate\":\"https:\/\/portosigns.pt\/en\/?s={search_term_string}\"},\"query-input\":{\"@type\":\"PropertyValueSpecification\",\"valueRequired\":true,\"valueName\":\"search_term_string\"}}],\"inLanguage\":\"en-US\"},{\"@type\":\"Organization\",\"@id\":\"https:\/\/portosigns.pt\/en\/#organization\",\"name\":\"Portosigns, Lda\",\"url\":\"https:\/\/portosigns.pt\/en\/\",\"logo\":{\"@type\":\"ImageObject\",\"inLanguage\":\"en-US\",\"@id\":\"https:\/\/portosigns.pt\/en\/#\/schema\/logo\/image\/\",\"url\":\"https:\/\/portosigns.pt\/wp-content\/uploads\/2020\/04\/logo-scaled.jpg\",\"contentUrl\":\"https:\/\/portosigns.pt\/wp-content\/uploads\/2020\/04\/logo-scaled.jpg\",\"width\":2560,\"height\":782,\"caption\":\"Portosigns, Lda\"},\"image\":{\"@id\":\"https:\/\/portosigns.pt\/en\/#\/schema\/logo\/image\/\"},\"sameAs\":[\"https:\/\/www.facebook.com\/Portosigns.pt\",\"https:\/\/www.instagram.com\/portosigns\/\",\"https:\/\/www.youtube.com\/watch?v=22oGHBzMlTg\"]}]}<\/script>\n<!-- \/ Yoast SEO plugin. -->","yoast_head_json":{"title":"CASE Boots with Velcro, Navy Blue - Unisex - Portosigns","description":"AS PORTUGUESAS. Boots with velcro and a cork sole, navy blue, CASE . Very comfortable and warm for the winter. Unisex and ecological product.","robots":{"index":"index","follow":"follow","max-snippet":"max-snippet:-1","max-image-preview":"max-image-preview:large","max-video-preview":"max-video-preview:-1"},"canonical":"https:\/\/portosigns.pt\/en\/produto\/case-boots-navy-blue\/","og_locale":"en_US","og_type":"article","og_title":"CASE Boots with Velcro, Navy Blue - Unisex - Portosigns","og_description":"AS PORTUGUESAS. Boots with velcro and a cork sole, navy blue, CASE . Very comfortable and warm for the winter. Unisex and ecological product.","og_url":"https:\/\/portosigns.pt\/en\/produto\/case-boots-navy-blue\/","og_site_name":"PORTOSIGNS. Loja Online","article_publisher":"https:\/\/www.facebook.com\/Portosigns.pt","article_modified_time":"2021-03-17T21:54:40+00:00","og_image":[{"url":"https:\/\/portosigns.pt\/wp-content\/uploads\/2020\/12\/ASPORTUGUESAS-Blue-Boots-ASPP018020002_4.jpg"}],"twitter_card":"summary_large_image","schema":{"@context":"https:\/\/schema.org","@graph":[{"@type":"WebPage","@id":"https:\/\/portosigns.pt\/en\/produto\/case-boots-navy-blue\/","url":"https:\/\/portosigns.pt\/en\/produto\/case-boots-navy-blue\/","name":"CASE Boots with Velcro, Navy Blue - Unisex - Portosigns","isPartOf":{"@id":"https:\/\/portosigns.pt\/en\/#website"},"primaryImageOfPage":{"@id":"https:\/\/portosigns.pt\/en\/produto\/case-boots-navy-blue\/#primaryimage"},"image":{"@id":"https:\/\/portosigns.pt\/en\/produto\/case-boots-navy-blue\/#primaryimage"},"thumbnailUrl":"https:\/\/portosigns.pt\/wp-content\/uploads\/2020\/12\/ASPORTUGUESAS-Blue-Boots-ASPP018020002_4.jpg","datePublished":"2020-12-13T18:57:10+00:00","dateModified":"2021-03-17T21:54:40+00:00","description":"AS PORTUGUESAS. Boots with velcro and a cork sole, navy blue, CASE . Very comfortable and warm for the winter. Unisex and ecological product.","breadcrumb":{"@id":"https:\/\/portosigns.pt\/en\/produto\/case-boots-navy-blue\/#breadcrumb"},"inLanguage":"en-US","potentialAction":[{"@type":"ReadAction","target":["https:\/\/portosigns.pt\/en\/produto\/case-boots-navy-blue\/"]}]},{"@type":"ImageObject","inLanguage":"en-US","@id":"https:\/\/portosigns.pt\/en\/produto\/case-boots-navy-blue\/#primaryimage","url":"https:\/\/portosigns.pt\/wp-content\/uploads\/2020\/12\/ASPORTUGUESAS-Blue-Boots-ASPP018020002_4.jpg","contentUrl":"https:\/\/portosigns.pt\/wp-content\/uploads\/2020\/12\/ASPORTUGUESAS-Blue-Boots-ASPP018020002_4.jpg","width":1440,"height":1920,"caption":"CASE Boots with Velcro Navy Blue"},{"@type":"BreadcrumbList","@id":"https:\/\/portosigns.pt\/en\/produto\/case-boots-navy-blue\/#breadcrumb","itemListElement":[{"@type":"ListItem","position":1,"name":"In\u00edcio","item":"https:\/\/portosigns.pt\/en\/"},{"@type":"ListItem","position":2,"name":"Shop","item":"https:\/\/portosigns.pt\/en\/shop\/"},{"@type":"ListItem","position":3,"name":"Velcro boots, CASE &#8211; navy blue"}]},{"@type":"WebSite","@id":"https:\/\/portosigns.pt\/en\/#website","url":"https:\/\/portosigns.pt\/en\/","name":"PORTOSIGNS. Loja Online","description":"Produtos portugueses: Cer\u00e2mica, Corti\u00e7a, Saboaria e perfumaria, Barbearia, Vestu\u00e1rio e Cal\u00e7ado","publisher":{"@id":"https:\/\/portosigns.pt\/en\/#organization"},"potentialAction":[{"@type":"SearchAction","target":{"@type":"EntryPoint","urlTemplate":"https:\/\/portosigns.pt\/en\/?s={search_term_string}"},"query-input":{"@type":"PropertyValueSpecification","valueRequired":true,"valueName":"search_term_string"}}],"inLanguage":"en-US"},{"@type":"Organization","@id":"https:\/\/portosigns.pt\/en\/#organization","name":"Portosigns, Lda","url":"https:\/\/portosigns.pt\/en\/","logo":{"@type":"ImageObject","inLanguage":"en-US","@id":"https:\/\/portosigns.pt\/en\/#\/schema\/logo\/image\/","url":"https:\/\/portosigns.pt\/wp-content\/uploads\/2020\/04\/logo-scaled.jpg","contentUrl":"https:\/\/portosigns.pt\/wp-content\/uploads\/2020\/04\/logo-scaled.jpg","width":2560,"height":782,"caption":"Portosigns, Lda"},"image":{"@id":"https:\/\/portosigns.pt\/en\/#\/schema\/logo\/image\/"},"sameAs":["https:\/\/www.facebook.com\/Portosigns.pt","https:\/\/www.instagram.com\/portosigns\/","https:\/\/www.youtube.com\/watch?v=22oGHBzMlTg"]}]}},"jetpack_sharing_enabled":true,"_links":{"self":[{"href":"https:\/\/portosigns.pt\/en\/wp-json\/wp\/v2\/product\/12862"}],"collection":[{"href":"https:\/\/portosigns.pt\/en\/wp-json\/wp\/v2\/product"}],"about":[{"href":"https:\/\/portosigns.pt\/en\/wp-json\/wp\/v2\/types\/product"}],"wp:featuredmedia":[{"embeddable":true,"href":"https:\/\/portosigns.pt\/en\/wp-json\/wp\/v2\/media\/12832"}],"wp:attachment":[{"href":"https:\/\/portosigns.pt\/en\/wp-json\/wp\/v2\/media?parent=12862"}],"wp:term":[{"taxonomy":"product_cat","embeddable":true,"href":"https:\/\/portosigns.pt\/en\/wp-json\/wp\/v2\/product_cat?post=12862"},{"taxonomy":"product_tag","embeddable":true,"href":"https:\/\/portosigns.pt\/en\/wp-json\/wp\/v2\/product_tag?post=12862"}],"curies":[{"name":"wp","href":"https:\/\/api.w.org\/{rel}","templated":true}]}}