{"id":12194,"date":"2020-08-13T21:52:07","date_gmt":"2020-08-13T21:52:04","guid":{"rendered":"https:\/\/portosigns.pt\/?post_type=product&#038;p=12194"},"modified":"2020-09-30T15:30:09","modified_gmt":"2020-09-30T15:30:09","slug":"cork-mask-men","status":"publish","type":"product","link":"https:\/\/portosigns.pt\/en\/produto\/cork-mask-men\/","title":{"rendered":"Cork Mask"},"content":{"rendered":"<p class=\"p1\"><b>Advantages of a mask made with cork:<\/b><\/p>\n<ul class=\"ul1\">\n<li class=\"li2\"><span class=\"s1\">\u00a0<\/span>Thermal isolation, that avoids the heating\/cooling of the face skin;<\/li>\n<li class=\"li2\"><span class=\"s1\">\u00a0<\/span>Hypoallergenic, useful for people who suffer from allergies;<\/li>\n<li class=\"li2\"><span class=\"s1\">\u00a0<\/span>Light and smooth to the skin;<\/li>\n<li class=\"li2\"><span class=\"s1\">\u00a0<\/span>Nose tightener.<\/li>\n<\/ul>\n<p class=\"p3\">\u00a0<\/p>\n<p class=\"p1\"><b>Washing Options:<\/b><\/p>\n<ul class=\"ul1\">\n<li class=\"li2\">Wash the cork mask with soap and water;<\/li>\n<li class=\"li2\">Place it on the washing machine, remember that the strength of the elastic may become weaker after some washes;<\/li>\n<li class=\"li2\">Disinfect the mask with an alcohol base solution;<\/li>\n<li class=\"li2\">Water vapor, use a pan to boil some water and fix the mask on top (up to 15-20 seconds). Use proper protection for avoiding vapor burn to the hands.<\/li>\n<\/ul>\n","protected":false},"excerpt":{"rendered":"<p class=\"p1\">Sustainable products with elegance and comfort. Each piece was made using the best environmental practices and materials.<\/p>\n","protected":false},"featured_media":12186,"template":"","meta":[],"product_cat":[1212,1197,1010,1092,1007,1093],"product_tag":[1014],"yoast_head":"<!-- This site is optimized with the Yoast SEO plugin v23.5 - https:\/\/yoast.com\/wordpress\/plugins\/seo\/ -->\n<title>M\u00e1scaras de corti\u00e7a - Prote\u00e7\u00e3o - Corti\u00e7a<\/title>\n<meta name=\"description\" content=\"M\u00e1scara de prote\u00e7\u00e3o em corti\u00e7a, sustentavel e facilmente lavavel. Disponivel em v\u00e1rias cores!\" \/>\n<meta name=\"robots\" content=\"index, follow, max-snippet:-1, max-image-preview:large, max-video-preview:-1\" \/>\n<link rel=\"canonical\" href=\"https:\/\/portosigns.pt\/en\/produto\/cork-mask-men\/\" \/>\n<meta property=\"og:locale\" content=\"en_US\" \/>\n<meta property=\"og:type\" content=\"article\" \/>\n<meta property=\"og:title\" content=\"M\u00e1scaras de corti\u00e7a - Prote\u00e7\u00e3o - Corti\u00e7a\" \/>\n<meta property=\"og:description\" content=\"M\u00e1scara de prote\u00e7\u00e3o em corti\u00e7a, sustentavel e facilmente lavavel. Disponivel em v\u00e1rias cores!\" \/>\n<meta property=\"og:url\" content=\"https:\/\/portosigns.pt\/en\/produto\/cork-mask-men\/\" \/>\n<meta property=\"og:site_name\" content=\"PORTOSIGNS. Loja Online\" \/>\n<meta property=\"article:publisher\" content=\"https:\/\/www.facebook.com\/Portosigns.pt\" \/>\n<meta property=\"article:modified_time\" content=\"2020-09-30T15:30:09+00:00\" \/>\n<meta property=\"og:image\" content=\"https:\/\/portosigns.pt\/wp-content\/uploads\/2020\/08\/woman_mask_cork_preview-e1614370261122.jpg\" \/>\n\t<meta property=\"og:image:width\" content=\"600\" \/>\n\t<meta property=\"og:image:height\" content=\"760\" \/>\n\t<meta property=\"og:image:type\" content=\"image\/jpeg\" \/>\n<meta name=\"twitter:card\" content=\"summary_large_image\" \/>\n<meta name=\"twitter:label1\" content=\"Est. reading time\" \/>\n\t<meta name=\"twitter:data1\" content=\"1 minute\" \/>\n<script type=\"application\/ld+json\" class=\"yoast-schema-graph\">{\"@context\":\"https:\/\/schema.org\",\"@graph\":[{\"@type\":\"WebPage\",\"@id\":\"https:\/\/portosigns.pt\/en\/produto\/cork-mask-men\/\",\"url\":\"https:\/\/portosigns.pt\/en\/produto\/cork-mask-men\/\",\"name\":\"M\u00e1scaras de corti\u00e7a - Prote\u00e7\u00e3o - Corti\u00e7a\",\"isPartOf\":{\"@id\":\"https:\/\/portosigns.pt\/en\/#website\"},\"primaryImageOfPage\":{\"@id\":\"https:\/\/portosigns.pt\/en\/produto\/cork-mask-men\/#primaryimage\"},\"image\":{\"@id\":\"https:\/\/portosigns.pt\/en\/produto\/cork-mask-men\/#primaryimage\"},\"thumbnailUrl\":\"https:\/\/portosigns.pt\/wp-content\/uploads\/2020\/08\/woman_mask_cork_preview-e1614370261122.jpg\",\"datePublished\":\"2020-08-13T21:52:04+00:00\",\"dateModified\":\"2020-09-30T15:30:09+00:00\",\"description\":\"M\u00e1scara de prote\u00e7\u00e3o em corti\u00e7a, sustentavel e facilmente lavavel. Disponivel em v\u00e1rias cores!\",\"breadcrumb\":{\"@id\":\"https:\/\/portosigns.pt\/en\/produto\/cork-mask-men\/#breadcrumb\"},\"inLanguage\":\"en-US\",\"potentialAction\":[{\"@type\":\"ReadAction\",\"target\":[\"https:\/\/portosigns.pt\/en\/produto\/cork-mask-men\/\"]}]},{\"@type\":\"ImageObject\",\"inLanguage\":\"en-US\",\"@id\":\"https:\/\/portosigns.pt\/en\/produto\/cork-mask-men\/#primaryimage\",\"url\":\"https:\/\/portosigns.pt\/wp-content\/uploads\/2020\/08\/woman_mask_cork_preview-e1614370261122.jpg\",\"contentUrl\":\"https:\/\/portosigns.pt\/wp-content\/uploads\/2020\/08\/woman_mask_cork_preview-e1614370261122.jpg\",\"width\":600,\"height\":760},{\"@type\":\"BreadcrumbList\",\"@id\":\"https:\/\/portosigns.pt\/en\/produto\/cork-mask-men\/#breadcrumb\",\"itemListElement\":[{\"@type\":\"ListItem\",\"position\":1,\"name\":\"In\u00edcio\",\"item\":\"https:\/\/portosigns.pt\/en\/\"},{\"@type\":\"ListItem\",\"position\":2,\"name\":\"Shop\",\"item\":\"https:\/\/portosigns.pt\/en\/shop\/\"},{\"@type\":\"ListItem\",\"position\":3,\"name\":\"Cork Mask\"}]},{\"@type\":\"WebSite\",\"@id\":\"https:\/\/portosigns.pt\/en\/#website\",\"url\":\"https:\/\/portosigns.pt\/en\/\",\"name\":\"PORTOSIGNS. Loja Online\",\"description\":\"Produtos portugueses: Cer\u00e2mica, Corti\u00e7a, Saboaria e perfumaria, Barbearia, Vestu\u00e1rio e Cal\u00e7ado\",\"publisher\":{\"@id\":\"https:\/\/portosigns.pt\/en\/#organization\"},\"potentialAction\":[{\"@type\":\"SearchAction\",\"target\":{\"@type\":\"EntryPoint\",\"urlTemplate\":\"https:\/\/portosigns.pt\/en\/?s={search_term_string}\"},\"query-input\":{\"@type\":\"PropertyValueSpecification\",\"valueRequired\":true,\"valueName\":\"search_term_string\"}}],\"inLanguage\":\"en-US\"},{\"@type\":\"Organization\",\"@id\":\"https:\/\/portosigns.pt\/en\/#organization\",\"name\":\"Portosigns, Lda\",\"url\":\"https:\/\/portosigns.pt\/en\/\",\"logo\":{\"@type\":\"ImageObject\",\"inLanguage\":\"en-US\",\"@id\":\"https:\/\/portosigns.pt\/en\/#\/schema\/logo\/image\/\",\"url\":\"https:\/\/portosigns.pt\/wp-content\/uploads\/2020\/04\/logo-scaled.jpg\",\"contentUrl\":\"https:\/\/portosigns.pt\/wp-content\/uploads\/2020\/04\/logo-scaled.jpg\",\"width\":2560,\"height\":782,\"caption\":\"Portosigns, Lda\"},\"image\":{\"@id\":\"https:\/\/portosigns.pt\/en\/#\/schema\/logo\/image\/\"},\"sameAs\":[\"https:\/\/www.facebook.com\/Portosigns.pt\",\"https:\/\/www.instagram.com\/portosigns\/\",\"https:\/\/www.youtube.com\/watch?v=22oGHBzMlTg\"]}]}<\/script>\n<!-- \/ Yoast SEO plugin. -->","yoast_head_json":{"title":"M\u00e1scaras de corti\u00e7a - Prote\u00e7\u00e3o - Corti\u00e7a","description":"M\u00e1scara de prote\u00e7\u00e3o em corti\u00e7a, sustentavel e facilmente lavavel. Disponivel em v\u00e1rias cores!","robots":{"index":"index","follow":"follow","max-snippet":"max-snippet:-1","max-image-preview":"max-image-preview:large","max-video-preview":"max-video-preview:-1"},"canonical":"https:\/\/portosigns.pt\/en\/produto\/cork-mask-men\/","og_locale":"en_US","og_type":"article","og_title":"M\u00e1scaras de corti\u00e7a - Prote\u00e7\u00e3o - Corti\u00e7a","og_description":"M\u00e1scara de prote\u00e7\u00e3o em corti\u00e7a, sustentavel e facilmente lavavel. Disponivel em v\u00e1rias cores!","og_url":"https:\/\/portosigns.pt\/en\/produto\/cork-mask-men\/","og_site_name":"PORTOSIGNS. Loja Online","article_publisher":"https:\/\/www.facebook.com\/Portosigns.pt","article_modified_time":"2020-09-30T15:30:09+00:00","og_image":[{"width":600,"height":760,"url":"https:\/\/portosigns.pt\/wp-content\/uploads\/2020\/08\/woman_mask_cork_preview-e1614370261122.jpg","type":"image\/jpeg"}],"twitter_card":"summary_large_image","twitter_misc":{"Est. reading time":"1 minute"},"schema":{"@context":"https:\/\/schema.org","@graph":[{"@type":"WebPage","@id":"https:\/\/portosigns.pt\/en\/produto\/cork-mask-men\/","url":"https:\/\/portosigns.pt\/en\/produto\/cork-mask-men\/","name":"M\u00e1scaras de corti\u00e7a - Prote\u00e7\u00e3o - Corti\u00e7a","isPartOf":{"@id":"https:\/\/portosigns.pt\/en\/#website"},"primaryImageOfPage":{"@id":"https:\/\/portosigns.pt\/en\/produto\/cork-mask-men\/#primaryimage"},"image":{"@id":"https:\/\/portosigns.pt\/en\/produto\/cork-mask-men\/#primaryimage"},"thumbnailUrl":"https:\/\/portosigns.pt\/wp-content\/uploads\/2020\/08\/woman_mask_cork_preview-e1614370261122.jpg","datePublished":"2020-08-13T21:52:04+00:00","dateModified":"2020-09-30T15:30:09+00:00","description":"M\u00e1scara de prote\u00e7\u00e3o em corti\u00e7a, sustentavel e facilmente lavavel. Disponivel em v\u00e1rias cores!","breadcrumb":{"@id":"https:\/\/portosigns.pt\/en\/produto\/cork-mask-men\/#breadcrumb"},"inLanguage":"en-US","potentialAction":[{"@type":"ReadAction","target":["https:\/\/portosigns.pt\/en\/produto\/cork-mask-men\/"]}]},{"@type":"ImageObject","inLanguage":"en-US","@id":"https:\/\/portosigns.pt\/en\/produto\/cork-mask-men\/#primaryimage","url":"https:\/\/portosigns.pt\/wp-content\/uploads\/2020\/08\/woman_mask_cork_preview-e1614370261122.jpg","contentUrl":"https:\/\/portosigns.pt\/wp-content\/uploads\/2020\/08\/woman_mask_cork_preview-e1614370261122.jpg","width":600,"height":760},{"@type":"BreadcrumbList","@id":"https:\/\/portosigns.pt\/en\/produto\/cork-mask-men\/#breadcrumb","itemListElement":[{"@type":"ListItem","position":1,"name":"In\u00edcio","item":"https:\/\/portosigns.pt\/en\/"},{"@type":"ListItem","position":2,"name":"Shop","item":"https:\/\/portosigns.pt\/en\/shop\/"},{"@type":"ListItem","position":3,"name":"Cork Mask"}]},{"@type":"WebSite","@id":"https:\/\/portosigns.pt\/en\/#website","url":"https:\/\/portosigns.pt\/en\/","name":"PORTOSIGNS. Loja Online","description":"Produtos portugueses: Cer\u00e2mica, Corti\u00e7a, Saboaria e perfumaria, Barbearia, Vestu\u00e1rio e Cal\u00e7ado","publisher":{"@id":"https:\/\/portosigns.pt\/en\/#organization"},"potentialAction":[{"@type":"SearchAction","target":{"@type":"EntryPoint","urlTemplate":"https:\/\/portosigns.pt\/en\/?s={search_term_string}"},"query-input":{"@type":"PropertyValueSpecification","valueRequired":true,"valueName":"search_term_string"}}],"inLanguage":"en-US"},{"@type":"Organization","@id":"https:\/\/portosigns.pt\/en\/#organization","name":"Portosigns, Lda","url":"https:\/\/portosigns.pt\/en\/","logo":{"@type":"ImageObject","inLanguage":"en-US","@id":"https:\/\/portosigns.pt\/en\/#\/schema\/logo\/image\/","url":"https:\/\/portosigns.pt\/wp-content\/uploads\/2020\/04\/logo-scaled.jpg","contentUrl":"https:\/\/portosigns.pt\/wp-content\/uploads\/2020\/04\/logo-scaled.jpg","width":2560,"height":782,"caption":"Portosigns, Lda"},"image":{"@id":"https:\/\/portosigns.pt\/en\/#\/schema\/logo\/image\/"},"sameAs":["https:\/\/www.facebook.com\/Portosigns.pt","https:\/\/www.instagram.com\/portosigns\/","https:\/\/www.youtube.com\/watch?v=22oGHBzMlTg"]}]}},"jetpack_sharing_enabled":true,"_links":{"self":[{"href":"https:\/\/portosigns.pt\/en\/wp-json\/wp\/v2\/product\/12194"}],"collection":[{"href":"https:\/\/portosigns.pt\/en\/wp-json\/wp\/v2\/product"}],"about":[{"href":"https:\/\/portosigns.pt\/en\/wp-json\/wp\/v2\/types\/product"}],"wp:featuredmedia":[{"embeddable":true,"href":"https:\/\/portosigns.pt\/en\/wp-json\/wp\/v2\/media\/12186"}],"wp:attachment":[{"href":"https:\/\/portosigns.pt\/en\/wp-json\/wp\/v2\/media?parent=12194"}],"wp:term":[{"taxonomy":"product_cat","embeddable":true,"href":"https:\/\/portosigns.pt\/en\/wp-json\/wp\/v2\/product_cat?post=12194"},{"taxonomy":"product_tag","embeddable":true,"href":"https:\/\/portosigns.pt\/en\/wp-json\/wp\/v2\/product_tag?post=12194"}],"curies":[{"name":"wp","href":"https:\/\/api.w.org\/{rel}","templated":true}]}}