{"id":12096,"date":"2020-08-08T15:10:51","date_gmt":"2020-08-08T15:10:54","guid":{"rendered":"https:\/\/portosigns.pt\/?post_type=product&#038;p=12096"},"modified":"2021-03-17T22:07:17","modified_gmt":"2021-03-17T22:07:17","slug":"brown-cork-vest","status":"publish","type":"product","link":"https:\/\/portosigns.pt\/en\/produto\/brown-cork-vest\/","title":{"rendered":"Brown Cork Vest"},"content":{"rendered":"<p>High quality product that allows you to use comfort and elegance in formal or more casual situations. These pieces use noble materials in their manufacture. The lining is composed of 50% Cupro and 50% Viscose. On the front of the piece is used superior quality natural cork, which is a unique product in the world for its qualities and characteristics, through its digital printing gives it a unique identity. Bringing you exclusivity in each piece. We create quality, sustainable products with elegance and comfort. Each piece has its own exclusivity and it was made using the best environmental practices and materials. We develop our products with local small industries to increase their sustainability and the uniqueness of Portuguese Cork.<\/p>\n<style type=\"text\/css\">\n.tg  {border-collapse:collapse;border-spacing:0;}<br \/>.tg td{border-color:black;border-style:solid;border-width:1px;font-family:Arial, sans-serif;font-size:14px;<br \/>  overflow:hidden;padding:10px 5px;word-break:normal;}<br \/>.tg th{border-color:black;border-style:solid;border-width:1px;font-family:Arial, sans-serif;font-size:14px;<br \/>  font-weight:normal;overflow:hidden;padding:10px 5px;word-break:normal;}<br \/>.tg .tg-fymr{border-color:inherit;font-weight:bold;text-align:left;vertical-align:top}<br \/>.tg .tg-0pky{border-color:inherit;text-align:left;vertical-align:top}<br \/><\/style>\n<table class=\"tg\">\n<thead>\n<tr>\n<th class=\"tg-fymr\">ORIGIN<\/th>\n<th class=\"tg-0pky\">Portuguese Cork Trees<\/th>\n<\/tr>\n<\/thead>\n<tbody>\n<tr>\n<td class=\"tg-fymr\">MATERIALS<\/td>\n<td class=\"tg-0pky\">Natural Portuguese Cork, Breathable Cotton<\/td>\n<\/tr>\n<tr>\n<td class=\"tg-fymr\">LINING<\/td>\n<td class=\"tg-0pky\">50% Cupro, 50% Viscose<\/td>\n<\/tr>\n<tr>\n<td class=\"tg-fymr\">WASH<br \/>\nINSTRUCTIONS<\/td>\n<td class=\"tg-0pky\">Hand Wash, Dry Wash<\/td>\n<\/tr>\n<tr>\n<td class=\"tg-fymr\">CORK<br \/>\nPROTECTION<\/td>\n<td class=\"tg-0pky\">Yes, the Cork has a finishing coat that protects it from<br \/>\nabsorbing stains, making it easy to maintain and clean.<\/td>\n<\/tr>\n<\/tbody>\n<\/table>\n<p>You should leave your finger inside the measurement tape so it has a little slack.<br \/>\n<strong>CHEST\u00a0<\/strong> Use the tape around the highest spot;<br \/>\n<strong>WAIST\u00a0<\/strong> Use the tape around the thinnest spot atound your belly button;<br \/>\n<strong>HIP\u00a0<\/strong> This measurement should be taken aprox. 10cm beneath the WAIST<\/p>\n<style type=\"text\/css\">\n.tg  {border-collapse:collapse;border-spacing:0;}<br \/>.tg td{border-color:black;border-style:solid;border-width:1px;font-family:Arial, sans-serif;font-size:14px;<br \/>  overflow:hidden;padding:10px 5px;word-break:normal;}<br \/>.tg th{border-color:black;border-style:solid;border-width:1px;font-family:Arial, sans-serif;font-size:14px;<br \/>  font-weight:normal;overflow:hidden;padding:10px 5px;word-break:normal;}<br \/>.tg .tg-fymr{border-color:inherit;font-weight:bold;text-align:left;vertical-align:top}<br \/>.tg .tg-0pky{border-color:inherit;text-align:left;vertical-align:top}<br \/><\/style>\n<table class=\"tg\">\n<thead>\n<tr>\n<th class=\"tg-fymr\">WOMAN VEST (CM)<\/th>\n<th class=\"tg-fymr\">XS<\/th>\n<th class=\"tg-fymr\">S<\/th>\n<th class=\"tg-fymr\">M<\/th>\n<th class=\"tg-fymr\">L<\/th>\n<th class=\"tg-fymr\">XL<\/th>\n<th class=\"tg-fymr\">XXL<\/th>\n<\/tr>\n<\/thead>\n<tbody>\n<tr>\n<td class=\"tg-0pky\">1\/2 CHEST LENGTH<\/td>\n<td class=\"tg-0pky\">44,5<\/td>\n<td class=\"tg-0pky\">46,5<\/td>\n<td class=\"tg-0pky\">48,5<\/td>\n<td class=\"tg-0pky\">50,5<\/td>\n<td class=\"tg-0pky\">52,5<\/td>\n<td class=\"tg-0pky\">54,5<\/td>\n<\/tr>\n<tr>\n<td class=\"tg-0pky\">1\/2 WAIST LENGTH<\/td>\n<td class=\"tg-0pky\">40<\/td>\n<td class=\"tg-0pky\">42<\/td>\n<td class=\"tg-0pky\">44<\/td>\n<td class=\"tg-0pky\">46<\/td>\n<td class=\"tg-0pky\">48<\/td>\n<td class=\"tg-0pky\">50<\/td>\n<\/tr>\n<tr>\n<td class=\"tg-0pky\">1\/2 HIP LENGTH<\/td>\n<td class=\"tg-0pky\">43<\/td>\n<td class=\"tg-0pky\">45<\/td>\n<td class=\"tg-0pky\">47<\/td>\n<td class=\"tg-0pky\">49<\/td>\n<td class=\"tg-0pky\">51<\/td>\n<td class=\"tg-0pky\">53<\/td>\n<\/tr>\n<tr>\n<td class=\"tg-0pky\">BACK HEIGHT<\/td>\n<td class=\"tg-0pky\">47,5<\/td>\n<td class=\"tg-0pky\">48<\/td>\n<td class=\"tg-0pky\">48,5<\/td>\n<td class=\"tg-0pky\">49<\/td>\n<td class=\"tg-0pky\">49,5<\/td>\n<td class=\"tg-0pky\">50<\/td>\n<\/tr>\n<\/tbody>\n<\/table>\n","protected":false},"excerpt":{"rendered":"<p>High quality product that allows you to use comfort and elegance in formal or more casual situations.<\/p>\n","protected":false},"featured_media":11929,"template":"","meta":[],"product_cat":[1212,1197,1007,1087],"product_tag":[1014,1270],"yoast_head":"<!-- This site is optimized with the Yoast SEO plugin v23.5 - https:\/\/yoast.com\/wordpress\/plugins\/seo\/ -->\n<title>Cork Vest CIMG1101 - PORTOSIGNS. Loja Online<\/title>\n<meta name=\"description\" content=\"Vest for ladies CIMG1101 . Front 100% cork and back: 50% viscose and 50% cupro. Colors: Natural \/ Blue \/ Bordeaux \/ Black \/ Yellow. Available sizes: M \/ L \/ XL\" \/>\n<meta name=\"robots\" content=\"index, follow, max-snippet:-1, max-image-preview:large, max-video-preview:-1\" \/>\n<link rel=\"canonical\" href=\"https:\/\/portosigns.pt\/en\/produto\/brown-cork-vest\/\" \/>\n<meta property=\"og:locale\" content=\"en_US\" \/>\n<meta property=\"og:type\" content=\"article\" \/>\n<meta property=\"og:title\" content=\"Cork Vest CIMG1101 - PORTOSIGNS. Loja Online\" \/>\n<meta property=\"og:description\" content=\"Vest for ladies CIMG1101 . Front 100% cork and back: 50% viscose and 50% cupro. Colors: Natural \/ Blue \/ Bordeaux \/ Black \/ Yellow. Available sizes: M \/ L \/ XL\" \/>\n<meta property=\"og:url\" content=\"https:\/\/portosigns.pt\/en\/produto\/brown-cork-vest\/\" \/>\n<meta property=\"og:site_name\" content=\"PORTOSIGNS. Loja Online\" \/>\n<meta property=\"article:publisher\" content=\"https:\/\/www.facebook.com\/Portosigns.pt\" \/>\n<meta property=\"article:modified_time\" content=\"2021-03-17T22:07:17+00:00\" \/>\n<meta property=\"og:image\" content=\"https:\/\/portosigns.pt\/wp-content\/uploads\/2020\/06\/luxcork__CLNA01CA_1.jpg\" \/>\n\t<meta property=\"og:image:width\" content=\"600\" \/>\n\t<meta property=\"og:image:height\" content=\"760\" \/>\n\t<meta property=\"og:image:type\" content=\"image\/jpeg\" \/>\n<meta name=\"twitter:card\" content=\"summary_large_image\" \/>\n<meta name=\"twitter:label1\" content=\"Est. reading time\" \/>\n\t<meta name=\"twitter:data1\" content=\"1 minute\" \/>\n<script type=\"application\/ld+json\" class=\"yoast-schema-graph\">{\"@context\":\"https:\/\/schema.org\",\"@graph\":[{\"@type\":\"WebPage\",\"@id\":\"https:\/\/portosigns.pt\/en\/produto\/brown-cork-vest\/\",\"url\":\"https:\/\/portosigns.pt\/en\/produto\/brown-cork-vest\/\",\"name\":\"Cork Vest CIMG1101 - PORTOSIGNS. Loja Online\",\"isPartOf\":{\"@id\":\"https:\/\/portosigns.pt\/en\/#website\"},\"primaryImageOfPage\":{\"@id\":\"https:\/\/portosigns.pt\/en\/produto\/brown-cork-vest\/#primaryimage\"},\"image\":{\"@id\":\"https:\/\/portosigns.pt\/en\/produto\/brown-cork-vest\/#primaryimage\"},\"thumbnailUrl\":\"https:\/\/portosigns.pt\/wp-content\/uploads\/2020\/06\/luxcork__CLNA01CA_1.jpg\",\"datePublished\":\"2020-08-08T15:10:54+00:00\",\"dateModified\":\"2021-03-17T22:07:17+00:00\",\"description\":\"Vest for ladies CIMG1101 . Front 100% cork and back: 50% viscose and 50% cupro. Colors: Natural \/ Blue \/ Bordeaux \/ Black \/ Yellow. Available sizes: M \/ L \/ XL\",\"breadcrumb\":{\"@id\":\"https:\/\/portosigns.pt\/en\/produto\/brown-cork-vest\/#breadcrumb\"},\"inLanguage\":\"en-US\",\"potentialAction\":[{\"@type\":\"ReadAction\",\"target\":[\"https:\/\/portosigns.pt\/en\/produto\/brown-cork-vest\/\"]}]},{\"@type\":\"ImageObject\",\"inLanguage\":\"en-US\",\"@id\":\"https:\/\/portosigns.pt\/en\/produto\/brown-cork-vest\/#primaryimage\",\"url\":\"https:\/\/portosigns.pt\/wp-content\/uploads\/2020\/06\/luxcork__CLNA01CA_1.jpg\",\"contentUrl\":\"https:\/\/portosigns.pt\/wp-content\/uploads\/2020\/06\/luxcork__CLNA01CA_1.jpg\",\"width\":600,\"height\":760},{\"@type\":\"BreadcrumbList\",\"@id\":\"https:\/\/portosigns.pt\/en\/produto\/brown-cork-vest\/#breadcrumb\",\"itemListElement\":[{\"@type\":\"ListItem\",\"position\":1,\"name\":\"In\u00edcio\",\"item\":\"https:\/\/portosigns.pt\/en\/\"},{\"@type\":\"ListItem\",\"position\":2,\"name\":\"Shop\",\"item\":\"https:\/\/portosigns.pt\/en\/shop\/\"},{\"@type\":\"ListItem\",\"position\":3,\"name\":\"Brown Cork Vest\"}]},{\"@type\":\"WebSite\",\"@id\":\"https:\/\/portosigns.pt\/en\/#website\",\"url\":\"https:\/\/portosigns.pt\/en\/\",\"name\":\"PORTOSIGNS. Loja Online\",\"description\":\"Produtos portugueses: Cer\u00e2mica, Corti\u00e7a, Saboaria e perfumaria, Barbearia, Vestu\u00e1rio e Cal\u00e7ado\",\"publisher\":{\"@id\":\"https:\/\/portosigns.pt\/en\/#organization\"},\"potentialAction\":[{\"@type\":\"SearchAction\",\"target\":{\"@type\":\"EntryPoint\",\"urlTemplate\":\"https:\/\/portosigns.pt\/en\/?s={search_term_string}\"},\"query-input\":{\"@type\":\"PropertyValueSpecification\",\"valueRequired\":true,\"valueName\":\"search_term_string\"}}],\"inLanguage\":\"en-US\"},{\"@type\":\"Organization\",\"@id\":\"https:\/\/portosigns.pt\/en\/#organization\",\"name\":\"Portosigns, Lda\",\"url\":\"https:\/\/portosigns.pt\/en\/\",\"logo\":{\"@type\":\"ImageObject\",\"inLanguage\":\"en-US\",\"@id\":\"https:\/\/portosigns.pt\/en\/#\/schema\/logo\/image\/\",\"url\":\"https:\/\/portosigns.pt\/wp-content\/uploads\/2020\/04\/logo-scaled.jpg\",\"contentUrl\":\"https:\/\/portosigns.pt\/wp-content\/uploads\/2020\/04\/logo-scaled.jpg\",\"width\":2560,\"height\":782,\"caption\":\"Portosigns, Lda\"},\"image\":{\"@id\":\"https:\/\/portosigns.pt\/en\/#\/schema\/logo\/image\/\"},\"sameAs\":[\"https:\/\/www.facebook.com\/Portosigns.pt\",\"https:\/\/www.instagram.com\/portosigns\/\",\"https:\/\/www.youtube.com\/watch?v=22oGHBzMlTg\"]}]}<\/script>\n<!-- \/ Yoast SEO plugin. -->","yoast_head_json":{"title":"Cork Vest CIMG1101 - PORTOSIGNS. Loja Online","description":"Vest for ladies CIMG1101 . Front 100% cork and back: 50% viscose and 50% cupro. Colors: Natural \/ Blue \/ Bordeaux \/ Black \/ Yellow. Available sizes: M \/ L \/ XL","robots":{"index":"index","follow":"follow","max-snippet":"max-snippet:-1","max-image-preview":"max-image-preview:large","max-video-preview":"max-video-preview:-1"},"canonical":"https:\/\/portosigns.pt\/en\/produto\/brown-cork-vest\/","og_locale":"en_US","og_type":"article","og_title":"Cork Vest CIMG1101 - PORTOSIGNS. Loja Online","og_description":"Vest for ladies CIMG1101 . Front 100% cork and back: 50% viscose and 50% cupro. Colors: Natural \/ Blue \/ Bordeaux \/ Black \/ Yellow. Available sizes: M \/ L \/ XL","og_url":"https:\/\/portosigns.pt\/en\/produto\/brown-cork-vest\/","og_site_name":"PORTOSIGNS. Loja Online","article_publisher":"https:\/\/www.facebook.com\/Portosigns.pt","article_modified_time":"2021-03-17T22:07:17+00:00","og_image":[{"width":600,"height":760,"url":"https:\/\/portosigns.pt\/wp-content\/uploads\/2020\/06\/luxcork__CLNA01CA_1.jpg","type":"image\/jpeg"}],"twitter_card":"summary_large_image","twitter_misc":{"Est. reading time":"1 minute"},"schema":{"@context":"https:\/\/schema.org","@graph":[{"@type":"WebPage","@id":"https:\/\/portosigns.pt\/en\/produto\/brown-cork-vest\/","url":"https:\/\/portosigns.pt\/en\/produto\/brown-cork-vest\/","name":"Cork Vest CIMG1101 - PORTOSIGNS. Loja Online","isPartOf":{"@id":"https:\/\/portosigns.pt\/en\/#website"},"primaryImageOfPage":{"@id":"https:\/\/portosigns.pt\/en\/produto\/brown-cork-vest\/#primaryimage"},"image":{"@id":"https:\/\/portosigns.pt\/en\/produto\/brown-cork-vest\/#primaryimage"},"thumbnailUrl":"https:\/\/portosigns.pt\/wp-content\/uploads\/2020\/06\/luxcork__CLNA01CA_1.jpg","datePublished":"2020-08-08T15:10:54+00:00","dateModified":"2021-03-17T22:07:17+00:00","description":"Vest for ladies CIMG1101 . Front 100% cork and back: 50% viscose and 50% cupro. Colors: Natural \/ Blue \/ Bordeaux \/ Black \/ Yellow. Available sizes: M \/ L \/ XL","breadcrumb":{"@id":"https:\/\/portosigns.pt\/en\/produto\/brown-cork-vest\/#breadcrumb"},"inLanguage":"en-US","potentialAction":[{"@type":"ReadAction","target":["https:\/\/portosigns.pt\/en\/produto\/brown-cork-vest\/"]}]},{"@type":"ImageObject","inLanguage":"en-US","@id":"https:\/\/portosigns.pt\/en\/produto\/brown-cork-vest\/#primaryimage","url":"https:\/\/portosigns.pt\/wp-content\/uploads\/2020\/06\/luxcork__CLNA01CA_1.jpg","contentUrl":"https:\/\/portosigns.pt\/wp-content\/uploads\/2020\/06\/luxcork__CLNA01CA_1.jpg","width":600,"height":760},{"@type":"BreadcrumbList","@id":"https:\/\/portosigns.pt\/en\/produto\/brown-cork-vest\/#breadcrumb","itemListElement":[{"@type":"ListItem","position":1,"name":"In\u00edcio","item":"https:\/\/portosigns.pt\/en\/"},{"@type":"ListItem","position":2,"name":"Shop","item":"https:\/\/portosigns.pt\/en\/shop\/"},{"@type":"ListItem","position":3,"name":"Brown Cork Vest"}]},{"@type":"WebSite","@id":"https:\/\/portosigns.pt\/en\/#website","url":"https:\/\/portosigns.pt\/en\/","name":"PORTOSIGNS. Loja Online","description":"Produtos portugueses: Cer\u00e2mica, Corti\u00e7a, Saboaria e perfumaria, Barbearia, Vestu\u00e1rio e Cal\u00e7ado","publisher":{"@id":"https:\/\/portosigns.pt\/en\/#organization"},"potentialAction":[{"@type":"SearchAction","target":{"@type":"EntryPoint","urlTemplate":"https:\/\/portosigns.pt\/en\/?s={search_term_string}"},"query-input":{"@type":"PropertyValueSpecification","valueRequired":true,"valueName":"search_term_string"}}],"inLanguage":"en-US"},{"@type":"Organization","@id":"https:\/\/portosigns.pt\/en\/#organization","name":"Portosigns, Lda","url":"https:\/\/portosigns.pt\/en\/","logo":{"@type":"ImageObject","inLanguage":"en-US","@id":"https:\/\/portosigns.pt\/en\/#\/schema\/logo\/image\/","url":"https:\/\/portosigns.pt\/wp-content\/uploads\/2020\/04\/logo-scaled.jpg","contentUrl":"https:\/\/portosigns.pt\/wp-content\/uploads\/2020\/04\/logo-scaled.jpg","width":2560,"height":782,"caption":"Portosigns, Lda"},"image":{"@id":"https:\/\/portosigns.pt\/en\/#\/schema\/logo\/image\/"},"sameAs":["https:\/\/www.facebook.com\/Portosigns.pt","https:\/\/www.instagram.com\/portosigns\/","https:\/\/www.youtube.com\/watch?v=22oGHBzMlTg"]}]}},"jetpack_sharing_enabled":true,"_links":{"self":[{"href":"https:\/\/portosigns.pt\/en\/wp-json\/wp\/v2\/product\/12096"}],"collection":[{"href":"https:\/\/portosigns.pt\/en\/wp-json\/wp\/v2\/product"}],"about":[{"href":"https:\/\/portosigns.pt\/en\/wp-json\/wp\/v2\/types\/product"}],"wp:featuredmedia":[{"embeddable":true,"href":"https:\/\/portosigns.pt\/en\/wp-json\/wp\/v2\/media\/11929"}],"wp:attachment":[{"href":"https:\/\/portosigns.pt\/en\/wp-json\/wp\/v2\/media?parent=12096"}],"wp:term":[{"taxonomy":"product_cat","embeddable":true,"href":"https:\/\/portosigns.pt\/en\/wp-json\/wp\/v2\/product_cat?post=12096"},{"taxonomy":"product_tag","embeddable":true,"href":"https:\/\/portosigns.pt\/en\/wp-json\/wp\/v2\/product_tag?post=12096"}],"curies":[{"name":"wp","href":"https:\/\/api.w.org\/{rel}","templated":true}]}}