{"id":11515,"date":"2019-01-22T12:07:38","date_gmt":"2019-01-22T12:07:38","guid":{"rendered":"https:\/\/portosigns.pt\/produto\/avental-lc50-miami\/"},"modified":"2021-03-14T19:22:24","modified_gmt":"2021-03-14T19:22:24","slug":"avental-lc-50-miami","status":"publish","type":"product","link":"https:\/\/portosigns.pt\/en\/produto\/avental-lc-50-miami\/","title":{"rendered":"Avental LC-50-Miami"},"content":{"rendered":"<div>\n<div id=\"tab-description\">\n<div id=\"tab-description\">\n<p><strong>Avental em tecido de corti\u00e7a com um bolso \u00e0 frente e al\u00e7a ajust\u00e1vel ao pesco\u00e7o.<\/strong><br \/>\nDimens\u00f5es (LxAxP): 67cm (Base)\/ 23cm (Top) x 77,5cm<br \/>\nLimpeza: Imperme\u00e1vel, lav\u00e1vel com \u00e1gua e sab\u00e3o<br \/>\nNota:<em> Artigo unissexo,\u00a0outros padr\u00f5es sob consulta<\/em><\/p>\n<\/div>\n<\/div>\n<\/div>\n","protected":false},"excerpt":{"rendered":"<p><strong>Avental em tecido de corti\u00e7a com um bolso \u00e0 frente e al\u00e7a ajust\u00e1vel ao pesco\u00e7o.<\/strong><br \/>\nDimens\u00f5es (LxAxP): 67cm (Base)\/ 23cm (Top) x 77,5cm<br \/>\nLimpeza: Imperme\u00e1vel, lav\u00e1vel com \u00e1gua e sab\u00e3o<br \/>\nNota:<em> Artigo unissexo,\u00a0outros padr\u00f5es sob consulta<\/em><\/p>\n<p><span style=\"text-decoration: underline;\">Padr\u00e3o da Fotografia: Miami<\/span><\/p>\n","protected":false},"featured_media":6756,"template":"","meta":[],"product_cat":[1212,1197,289,1215],"product_tag":[],"yoast_head":"<!-- This site is optimized with the Yoast SEO plugin v23.5 - https:\/\/yoast.com\/wordpress\/plugins\/seo\/ -->\n<title>Avental LC-50-Miami - PORTOSIGNS. Loja Online<\/title>\n<meta name=\"robots\" content=\"index, follow, max-snippet:-1, max-image-preview:large, max-video-preview:-1\" \/>\n<link rel=\"canonical\" href=\"https:\/\/portosigns.pt\/en\/produto\/avental-lc-50-miami\/\" \/>\n<meta property=\"og:locale\" content=\"en_US\" \/>\n<meta property=\"og:type\" content=\"article\" \/>\n<meta property=\"og:title\" content=\"Avental LC-50-Miami - PORTOSIGNS. Loja Online\" \/>\n<meta property=\"og:description\" content=\"Avental em tecido de corti\u00e7a com um bolso \u00e0 frente e al\u00e7a ajust\u00e1vel ao pesco\u00e7o. Dimens\u00f5es (LxAxP): 67cm (Base)\/ 23cm (Top) x 77,5cm Limpeza: Imperme\u00e1vel, lav\u00e1vel com \u00e1gua e sab\u00e3o Nota: Artigo unissexo,\u00a0outros padr\u00f5es sob consulta  Padr\u00e3o da Fotografia: Miami\" \/>\n<meta property=\"og:url\" content=\"https:\/\/portosigns.pt\/en\/produto\/avental-lc-50-miami\/\" \/>\n<meta property=\"og:site_name\" content=\"PORTOSIGNS. Loja Online\" \/>\n<meta property=\"article:publisher\" content=\"https:\/\/www.facebook.com\/Portosigns.pt\" \/>\n<meta property=\"article:modified_time\" content=\"2021-03-14T19:22:24+00:00\" \/>\n<meta property=\"og:image\" content=\"https:\/\/portosigns.pt\/wp-content\/uploads\/2019\/01\/001.png\" \/>\n\t<meta property=\"og:image:width\" content=\"1200\" \/>\n\t<meta property=\"og:image:height\" content=\"1502\" \/>\n\t<meta property=\"og:image:type\" content=\"image\/png\" \/>\n<meta name=\"twitter:card\" content=\"summary_large_image\" \/>\n<script type=\"application\/ld+json\" class=\"yoast-schema-graph\">{\"@context\":\"https:\/\/schema.org\",\"@graph\":[{\"@type\":\"WebPage\",\"@id\":\"https:\/\/portosigns.pt\/en\/produto\/avental-lc-50-miami\/\",\"url\":\"https:\/\/portosigns.pt\/en\/produto\/avental-lc-50-miami\/\",\"name\":\"Avental LC-50-Miami - PORTOSIGNS. Loja Online\",\"isPartOf\":{\"@id\":\"https:\/\/portosigns.pt\/en\/#website\"},\"primaryImageOfPage\":{\"@id\":\"https:\/\/portosigns.pt\/en\/produto\/avental-lc-50-miami\/#primaryimage\"},\"image\":{\"@id\":\"https:\/\/portosigns.pt\/en\/produto\/avental-lc-50-miami\/#primaryimage\"},\"thumbnailUrl\":\"https:\/\/portosigns.pt\/wp-content\/uploads\/2019\/01\/001.png\",\"datePublished\":\"2019-01-22T12:07:38+00:00\",\"dateModified\":\"2021-03-14T19:22:24+00:00\",\"breadcrumb\":{\"@id\":\"https:\/\/portosigns.pt\/en\/produto\/avental-lc-50-miami\/#breadcrumb\"},\"inLanguage\":\"en-US\",\"potentialAction\":[{\"@type\":\"ReadAction\",\"target\":[\"https:\/\/portosigns.pt\/en\/produto\/avental-lc-50-miami\/\"]}]},{\"@type\":\"ImageObject\",\"inLanguage\":\"en-US\",\"@id\":\"https:\/\/portosigns.pt\/en\/produto\/avental-lc-50-miami\/#primaryimage\",\"url\":\"https:\/\/portosigns.pt\/wp-content\/uploads\/2019\/01\/001.png\",\"contentUrl\":\"https:\/\/portosigns.pt\/wp-content\/uploads\/2019\/01\/001.png\",\"width\":1200,\"height\":1502},{\"@type\":\"BreadcrumbList\",\"@id\":\"https:\/\/portosigns.pt\/en\/produto\/avental-lc-50-miami\/#breadcrumb\",\"itemListElement\":[{\"@type\":\"ListItem\",\"position\":1,\"name\":\"In\u00edcio\",\"item\":\"https:\/\/portosigns.pt\/en\/\"},{\"@type\":\"ListItem\",\"position\":2,\"name\":\"Shop\",\"item\":\"https:\/\/portosigns.pt\/en\/shop\/\"},{\"@type\":\"ListItem\",\"position\":3,\"name\":\"Avental LC-50-Miami\"}]},{\"@type\":\"WebSite\",\"@id\":\"https:\/\/portosigns.pt\/en\/#website\",\"url\":\"https:\/\/portosigns.pt\/en\/\",\"name\":\"PORTOSIGNS. Loja Online\",\"description\":\"Produtos portugueses: Cer\u00e2mica, Corti\u00e7a, Saboaria e perfumaria, Barbearia, Vestu\u00e1rio e Cal\u00e7ado\",\"publisher\":{\"@id\":\"https:\/\/portosigns.pt\/en\/#organization\"},\"potentialAction\":[{\"@type\":\"SearchAction\",\"target\":{\"@type\":\"EntryPoint\",\"urlTemplate\":\"https:\/\/portosigns.pt\/en\/?s={search_term_string}\"},\"query-input\":{\"@type\":\"PropertyValueSpecification\",\"valueRequired\":true,\"valueName\":\"search_term_string\"}}],\"inLanguage\":\"en-US\"},{\"@type\":\"Organization\",\"@id\":\"https:\/\/portosigns.pt\/en\/#organization\",\"name\":\"Portosigns, Lda\",\"url\":\"https:\/\/portosigns.pt\/en\/\",\"logo\":{\"@type\":\"ImageObject\",\"inLanguage\":\"en-US\",\"@id\":\"https:\/\/portosigns.pt\/en\/#\/schema\/logo\/image\/\",\"url\":\"https:\/\/portosigns.pt\/wp-content\/uploads\/2020\/04\/logo-scaled.jpg\",\"contentUrl\":\"https:\/\/portosigns.pt\/wp-content\/uploads\/2020\/04\/logo-scaled.jpg\",\"width\":2560,\"height\":782,\"caption\":\"Portosigns, Lda\"},\"image\":{\"@id\":\"https:\/\/portosigns.pt\/en\/#\/schema\/logo\/image\/\"},\"sameAs\":[\"https:\/\/www.facebook.com\/Portosigns.pt\",\"https:\/\/www.instagram.com\/portosigns\/\",\"https:\/\/www.youtube.com\/watch?v=22oGHBzMlTg\"]}]}<\/script>\n<!-- \/ Yoast SEO plugin. -->","yoast_head_json":{"title":"Avental LC-50-Miami - PORTOSIGNS. Loja Online","robots":{"index":"index","follow":"follow","max-snippet":"max-snippet:-1","max-image-preview":"max-image-preview:large","max-video-preview":"max-video-preview:-1"},"canonical":"https:\/\/portosigns.pt\/en\/produto\/avental-lc-50-miami\/","og_locale":"en_US","og_type":"article","og_title":"Avental LC-50-Miami - PORTOSIGNS. Loja Online","og_description":"Avental em tecido de corti\u00e7a com um bolso \u00e0 frente e al\u00e7a ajust\u00e1vel ao pesco\u00e7o. Dimens\u00f5es (LxAxP): 67cm (Base)\/ 23cm (Top) x 77,5cm Limpeza: Imperme\u00e1vel, lav\u00e1vel com \u00e1gua e sab\u00e3o Nota: Artigo unissexo,\u00a0outros padr\u00f5es sob consulta  Padr\u00e3o da Fotografia: Miami","og_url":"https:\/\/portosigns.pt\/en\/produto\/avental-lc-50-miami\/","og_site_name":"PORTOSIGNS. Loja Online","article_publisher":"https:\/\/www.facebook.com\/Portosigns.pt","article_modified_time":"2021-03-14T19:22:24+00:00","og_image":[{"width":1200,"height":1502,"url":"https:\/\/portosigns.pt\/wp-content\/uploads\/2019\/01\/001.png","type":"image\/png"}],"twitter_card":"summary_large_image","schema":{"@context":"https:\/\/schema.org","@graph":[{"@type":"WebPage","@id":"https:\/\/portosigns.pt\/en\/produto\/avental-lc-50-miami\/","url":"https:\/\/portosigns.pt\/en\/produto\/avental-lc-50-miami\/","name":"Avental LC-50-Miami - PORTOSIGNS. Loja Online","isPartOf":{"@id":"https:\/\/portosigns.pt\/en\/#website"},"primaryImageOfPage":{"@id":"https:\/\/portosigns.pt\/en\/produto\/avental-lc-50-miami\/#primaryimage"},"image":{"@id":"https:\/\/portosigns.pt\/en\/produto\/avental-lc-50-miami\/#primaryimage"},"thumbnailUrl":"https:\/\/portosigns.pt\/wp-content\/uploads\/2019\/01\/001.png","datePublished":"2019-01-22T12:07:38+00:00","dateModified":"2021-03-14T19:22:24+00:00","breadcrumb":{"@id":"https:\/\/portosigns.pt\/en\/produto\/avental-lc-50-miami\/#breadcrumb"},"inLanguage":"en-US","potentialAction":[{"@type":"ReadAction","target":["https:\/\/portosigns.pt\/en\/produto\/avental-lc-50-miami\/"]}]},{"@type":"ImageObject","inLanguage":"en-US","@id":"https:\/\/portosigns.pt\/en\/produto\/avental-lc-50-miami\/#primaryimage","url":"https:\/\/portosigns.pt\/wp-content\/uploads\/2019\/01\/001.png","contentUrl":"https:\/\/portosigns.pt\/wp-content\/uploads\/2019\/01\/001.png","width":1200,"height":1502},{"@type":"BreadcrumbList","@id":"https:\/\/portosigns.pt\/en\/produto\/avental-lc-50-miami\/#breadcrumb","itemListElement":[{"@type":"ListItem","position":1,"name":"In\u00edcio","item":"https:\/\/portosigns.pt\/en\/"},{"@type":"ListItem","position":2,"name":"Shop","item":"https:\/\/portosigns.pt\/en\/shop\/"},{"@type":"ListItem","position":3,"name":"Avental LC-50-Miami"}]},{"@type":"WebSite","@id":"https:\/\/portosigns.pt\/en\/#website","url":"https:\/\/portosigns.pt\/en\/","name":"PORTOSIGNS. Loja Online","description":"Produtos portugueses: Cer\u00e2mica, Corti\u00e7a, Saboaria e perfumaria, Barbearia, Vestu\u00e1rio e Cal\u00e7ado","publisher":{"@id":"https:\/\/portosigns.pt\/en\/#organization"},"potentialAction":[{"@type":"SearchAction","target":{"@type":"EntryPoint","urlTemplate":"https:\/\/portosigns.pt\/en\/?s={search_term_string}"},"query-input":{"@type":"PropertyValueSpecification","valueRequired":true,"valueName":"search_term_string"}}],"inLanguage":"en-US"},{"@type":"Organization","@id":"https:\/\/portosigns.pt\/en\/#organization","name":"Portosigns, Lda","url":"https:\/\/portosigns.pt\/en\/","logo":{"@type":"ImageObject","inLanguage":"en-US","@id":"https:\/\/portosigns.pt\/en\/#\/schema\/logo\/image\/","url":"https:\/\/portosigns.pt\/wp-content\/uploads\/2020\/04\/logo-scaled.jpg","contentUrl":"https:\/\/portosigns.pt\/wp-content\/uploads\/2020\/04\/logo-scaled.jpg","width":2560,"height":782,"caption":"Portosigns, Lda"},"image":{"@id":"https:\/\/portosigns.pt\/en\/#\/schema\/logo\/image\/"},"sameAs":["https:\/\/www.facebook.com\/Portosigns.pt","https:\/\/www.instagram.com\/portosigns\/","https:\/\/www.youtube.com\/watch?v=22oGHBzMlTg"]}]}},"jetpack_sharing_enabled":true,"_links":{"self":[{"href":"https:\/\/portosigns.pt\/en\/wp-json\/wp\/v2\/product\/11515"}],"collection":[{"href":"https:\/\/portosigns.pt\/en\/wp-json\/wp\/v2\/product"}],"about":[{"href":"https:\/\/portosigns.pt\/en\/wp-json\/wp\/v2\/types\/product"}],"wp:featuredmedia":[{"embeddable":true,"href":"https:\/\/portosigns.pt\/en\/wp-json\/wp\/v2\/media\/6756"}],"wp:attachment":[{"href":"https:\/\/portosigns.pt\/en\/wp-json\/wp\/v2\/media?parent=11515"}],"wp:term":[{"taxonomy":"product_cat","embeddable":true,"href":"https:\/\/portosigns.pt\/en\/wp-json\/wp\/v2\/product_cat?post=11515"},{"taxonomy":"product_tag","embeddable":true,"href":"https:\/\/portosigns.pt\/en\/wp-json\/wp\/v2\/product_tag?post=11515"}],"curies":[{"name":"wp","href":"https:\/\/api.w.org\/{rel}","templated":true}]}}