{"id":11342,"date":"2019-01-22T12:09:40","date_gmt":"2019-01-22T12:09:40","guid":{"rendered":"https:\/\/portosigns.pt\/produto\/allium\/"},"modified":"2021-04-11T17:18:24","modified_gmt":"2021-04-11T17:18:24","slug":"sandalias-bordadas","status":"publish","type":"product","link":"https:\/\/portosigns.pt\/en\/produto\/sandalias-bordadas\/","title":{"rendered":"Sand\u00e1lias Bordadas- Allium Platina"},"content":{"rendered":"<p>As Sand\u00e1lias Bordadas, Allium da cole\u00e7\u00e3o Sapatos Namorar Portugal, s\u00e3o feitas em couro, com salto de 11cm compensado de 2cm.<\/p>\n<p>Os Bordados s\u00e3o com motivos tradicionais de Vila Verde, Regi\u00e3o do Minho Portugal.<\/p>\n<p>Esta linha de cal\u00e7ado nasceu do amor \u00e0 nossa terra, \u00e0s nossas tradi\u00e7\u00f5es e paix\u00f5es.<\/p>\n<p>Portugal tem tudo o que precisamos e por isso estamos inspirados e a trabalhar para o futuro.<\/p>\n<p>&nbsp;<\/p>\n","protected":false},"excerpt":{"rendered":"<p>Cor: Platina<br \/>\nMaterial exterior: couro<br \/>\nMaterial interior:\u00a0couro<br \/>\nMaterial da sola:\u00a0neolite<br \/>\nSalto:\u00a0110mm, cone Compensado:\u00a025mm<br \/>\nTamanhos: 35-41 <strong>(Note que alguns tamanhos\u00a0 n\u00e3o se encontram em stock. Os tamanhos por encomenda, t\u00eam um prazo de entrega de 2 a 4 semanas).<\/strong><\/p>\n<p>&nbsp;<\/p>\n","protected":false},"featured_media":8775,"template":"","meta":[],"product_cat":[1212,1248,1255],"product_tag":[],"yoast_head":"<!-- This site is optimized with the Yoast SEO plugin v23.5 - https:\/\/yoast.com\/wordpress\/plugins\/seo\/ -->\n<title>Sand\u00e1lias Bordadas- Allium Platina | Couro - PORTOSIGNS. Loja Online<\/title>\n<meta name=\"description\" content=\"Sand\u00e1lias bordadas, da cole\u00e7\u00e3o Sapatos Namorar Portugal. Bordados com motivos tradicionais de Vila Verde, Regi\u00e3o do Minho Portugal.\" \/>\n<meta name=\"robots\" content=\"index, follow, max-snippet:-1, max-image-preview:large, max-video-preview:-1\" \/>\n<link rel=\"canonical\" href=\"https:\/\/portosigns.pt\/en\/produto\/sandalias-bordadas\/\" \/>\n<meta property=\"og:locale\" content=\"en_US\" \/>\n<meta property=\"og:type\" content=\"article\" \/>\n<meta property=\"og:title\" content=\"Sand\u00e1lias Bordadas- Allium Platina | Couro - PORTOSIGNS. Loja Online\" \/>\n<meta property=\"og:description\" content=\"Sand\u00e1lias bordadas, da cole\u00e7\u00e3o Sapatos Namorar Portugal. Bordados com motivos tradicionais de Vila Verde, Regi\u00e3o do Minho Portugal.\" \/>\n<meta property=\"og:url\" content=\"https:\/\/portosigns.pt\/en\/produto\/sandalias-bordadas\/\" \/>\n<meta property=\"og:site_name\" content=\"PORTOSIGNS. Loja Online\" \/>\n<meta property=\"article:publisher\" content=\"https:\/\/www.facebook.com\/Portosigns.pt\" \/>\n<meta property=\"article:modified_time\" content=\"2021-04-11T17:18:24+00:00\" \/>\n<meta property=\"og:image\" content=\"https:\/\/portosigns.pt\/wp-content\/uploads\/2019\/01\/allium-platina.jpg\" \/>\n\t<meta property=\"og:image:width\" content=\"768\" \/>\n\t<meta property=\"og:image:height\" content=\"768\" \/>\n\t<meta property=\"og:image:type\" content=\"image\/jpeg\" \/>\n<meta name=\"twitter:card\" content=\"summary_large_image\" \/>\n<script type=\"application\/ld+json\" class=\"yoast-schema-graph\">{\"@context\":\"https:\/\/schema.org\",\"@graph\":[{\"@type\":\"WebPage\",\"@id\":\"https:\/\/portosigns.pt\/en\/produto\/sandalias-bordadas\/\",\"url\":\"https:\/\/portosigns.pt\/en\/produto\/sandalias-bordadas\/\",\"name\":\"Sand\u00e1lias Bordadas- Allium Platina | Couro - PORTOSIGNS. Loja Online\",\"isPartOf\":{\"@id\":\"https:\/\/portosigns.pt\/en\/#website\"},\"primaryImageOfPage\":{\"@id\":\"https:\/\/portosigns.pt\/en\/produto\/sandalias-bordadas\/#primaryimage\"},\"image\":{\"@id\":\"https:\/\/portosigns.pt\/en\/produto\/sandalias-bordadas\/#primaryimage\"},\"thumbnailUrl\":\"https:\/\/portosigns.pt\/wp-content\/uploads\/2019\/01\/allium-platina.jpg\",\"datePublished\":\"2019-01-22T12:09:40+00:00\",\"dateModified\":\"2021-04-11T17:18:24+00:00\",\"description\":\"Sand\u00e1lias bordadas, da cole\u00e7\u00e3o Sapatos Namorar Portugal. Bordados com motivos tradicionais de Vila Verde, Regi\u00e3o do Minho Portugal.\",\"breadcrumb\":{\"@id\":\"https:\/\/portosigns.pt\/en\/produto\/sandalias-bordadas\/#breadcrumb\"},\"inLanguage\":\"en-US\",\"potentialAction\":[{\"@type\":\"ReadAction\",\"target\":[\"https:\/\/portosigns.pt\/en\/produto\/sandalias-bordadas\/\"]}]},{\"@type\":\"ImageObject\",\"inLanguage\":\"en-US\",\"@id\":\"https:\/\/portosigns.pt\/en\/produto\/sandalias-bordadas\/#primaryimage\",\"url\":\"https:\/\/portosigns.pt\/wp-content\/uploads\/2019\/01\/allium-platina.jpg\",\"contentUrl\":\"https:\/\/portosigns.pt\/wp-content\/uploads\/2019\/01\/allium-platina.jpg\",\"width\":768,\"height\":768,\"caption\":\"Sapato bordado\"},{\"@type\":\"BreadcrumbList\",\"@id\":\"https:\/\/portosigns.pt\/en\/produto\/sandalias-bordadas\/#breadcrumb\",\"itemListElement\":[{\"@type\":\"ListItem\",\"position\":1,\"name\":\"In\u00edcio\",\"item\":\"https:\/\/portosigns.pt\/en\/\"},{\"@type\":\"ListItem\",\"position\":2,\"name\":\"Shop\",\"item\":\"https:\/\/portosigns.pt\/en\/shop\/\"},{\"@type\":\"ListItem\",\"position\":3,\"name\":\"Sand\u00e1lias Bordadas- Allium Platina\"}]},{\"@type\":\"WebSite\",\"@id\":\"https:\/\/portosigns.pt\/en\/#website\",\"url\":\"https:\/\/portosigns.pt\/en\/\",\"name\":\"PORTOSIGNS. Loja Online\",\"description\":\"Produtos portugueses: Cer\u00e2mica, Corti\u00e7a, Saboaria e perfumaria, Barbearia, Vestu\u00e1rio e Cal\u00e7ado\",\"publisher\":{\"@id\":\"https:\/\/portosigns.pt\/en\/#organization\"},\"potentialAction\":[{\"@type\":\"SearchAction\",\"target\":{\"@type\":\"EntryPoint\",\"urlTemplate\":\"https:\/\/portosigns.pt\/en\/?s={search_term_string}\"},\"query-input\":{\"@type\":\"PropertyValueSpecification\",\"valueRequired\":true,\"valueName\":\"search_term_string\"}}],\"inLanguage\":\"en-US\"},{\"@type\":\"Organization\",\"@id\":\"https:\/\/portosigns.pt\/en\/#organization\",\"name\":\"Portosigns, Lda\",\"url\":\"https:\/\/portosigns.pt\/en\/\",\"logo\":{\"@type\":\"ImageObject\",\"inLanguage\":\"en-US\",\"@id\":\"https:\/\/portosigns.pt\/en\/#\/schema\/logo\/image\/\",\"url\":\"https:\/\/portosigns.pt\/wp-content\/uploads\/2020\/04\/logo-scaled.jpg\",\"contentUrl\":\"https:\/\/portosigns.pt\/wp-content\/uploads\/2020\/04\/logo-scaled.jpg\",\"width\":2560,\"height\":782,\"caption\":\"Portosigns, Lda\"},\"image\":{\"@id\":\"https:\/\/portosigns.pt\/en\/#\/schema\/logo\/image\/\"},\"sameAs\":[\"https:\/\/www.facebook.com\/Portosigns.pt\",\"https:\/\/www.instagram.com\/portosigns\/\",\"https:\/\/www.youtube.com\/watch?v=22oGHBzMlTg\"]}]}<\/script>\n<!-- \/ Yoast SEO plugin. -->","yoast_head_json":{"title":"Sand\u00e1lias Bordadas- Allium Platina | Couro - PORTOSIGNS. Loja Online","description":"Sand\u00e1lias bordadas, da cole\u00e7\u00e3o Sapatos Namorar Portugal. Bordados com motivos tradicionais de Vila Verde, Regi\u00e3o do Minho Portugal.","robots":{"index":"index","follow":"follow","max-snippet":"max-snippet:-1","max-image-preview":"max-image-preview:large","max-video-preview":"max-video-preview:-1"},"canonical":"https:\/\/portosigns.pt\/en\/produto\/sandalias-bordadas\/","og_locale":"en_US","og_type":"article","og_title":"Sand\u00e1lias Bordadas- Allium Platina | Couro - PORTOSIGNS. Loja Online","og_description":"Sand\u00e1lias bordadas, da cole\u00e7\u00e3o Sapatos Namorar Portugal. Bordados com motivos tradicionais de Vila Verde, Regi\u00e3o do Minho Portugal.","og_url":"https:\/\/portosigns.pt\/en\/produto\/sandalias-bordadas\/","og_site_name":"PORTOSIGNS. Loja Online","article_publisher":"https:\/\/www.facebook.com\/Portosigns.pt","article_modified_time":"2021-04-11T17:18:24+00:00","og_image":[{"width":768,"height":768,"url":"https:\/\/portosigns.pt\/wp-content\/uploads\/2019\/01\/allium-platina.jpg","type":"image\/jpeg"}],"twitter_card":"summary_large_image","schema":{"@context":"https:\/\/schema.org","@graph":[{"@type":"WebPage","@id":"https:\/\/portosigns.pt\/en\/produto\/sandalias-bordadas\/","url":"https:\/\/portosigns.pt\/en\/produto\/sandalias-bordadas\/","name":"Sand\u00e1lias Bordadas- Allium Platina | Couro - PORTOSIGNS. Loja Online","isPartOf":{"@id":"https:\/\/portosigns.pt\/en\/#website"},"primaryImageOfPage":{"@id":"https:\/\/portosigns.pt\/en\/produto\/sandalias-bordadas\/#primaryimage"},"image":{"@id":"https:\/\/portosigns.pt\/en\/produto\/sandalias-bordadas\/#primaryimage"},"thumbnailUrl":"https:\/\/portosigns.pt\/wp-content\/uploads\/2019\/01\/allium-platina.jpg","datePublished":"2019-01-22T12:09:40+00:00","dateModified":"2021-04-11T17:18:24+00:00","description":"Sand\u00e1lias bordadas, da cole\u00e7\u00e3o Sapatos Namorar Portugal. Bordados com motivos tradicionais de Vila Verde, Regi\u00e3o do Minho Portugal.","breadcrumb":{"@id":"https:\/\/portosigns.pt\/en\/produto\/sandalias-bordadas\/#breadcrumb"},"inLanguage":"en-US","potentialAction":[{"@type":"ReadAction","target":["https:\/\/portosigns.pt\/en\/produto\/sandalias-bordadas\/"]}]},{"@type":"ImageObject","inLanguage":"en-US","@id":"https:\/\/portosigns.pt\/en\/produto\/sandalias-bordadas\/#primaryimage","url":"https:\/\/portosigns.pt\/wp-content\/uploads\/2019\/01\/allium-platina.jpg","contentUrl":"https:\/\/portosigns.pt\/wp-content\/uploads\/2019\/01\/allium-platina.jpg","width":768,"height":768,"caption":"Sapato bordado"},{"@type":"BreadcrumbList","@id":"https:\/\/portosigns.pt\/en\/produto\/sandalias-bordadas\/#breadcrumb","itemListElement":[{"@type":"ListItem","position":1,"name":"In\u00edcio","item":"https:\/\/portosigns.pt\/en\/"},{"@type":"ListItem","position":2,"name":"Shop","item":"https:\/\/portosigns.pt\/en\/shop\/"},{"@type":"ListItem","position":3,"name":"Sand\u00e1lias Bordadas- Allium Platina"}]},{"@type":"WebSite","@id":"https:\/\/portosigns.pt\/en\/#website","url":"https:\/\/portosigns.pt\/en\/","name":"PORTOSIGNS. Loja Online","description":"Produtos portugueses: Cer\u00e2mica, Corti\u00e7a, Saboaria e perfumaria, Barbearia, Vestu\u00e1rio e Cal\u00e7ado","publisher":{"@id":"https:\/\/portosigns.pt\/en\/#organization"},"potentialAction":[{"@type":"SearchAction","target":{"@type":"EntryPoint","urlTemplate":"https:\/\/portosigns.pt\/en\/?s={search_term_string}"},"query-input":{"@type":"PropertyValueSpecification","valueRequired":true,"valueName":"search_term_string"}}],"inLanguage":"en-US"},{"@type":"Organization","@id":"https:\/\/portosigns.pt\/en\/#organization","name":"Portosigns, Lda","url":"https:\/\/portosigns.pt\/en\/","logo":{"@type":"ImageObject","inLanguage":"en-US","@id":"https:\/\/portosigns.pt\/en\/#\/schema\/logo\/image\/","url":"https:\/\/portosigns.pt\/wp-content\/uploads\/2020\/04\/logo-scaled.jpg","contentUrl":"https:\/\/portosigns.pt\/wp-content\/uploads\/2020\/04\/logo-scaled.jpg","width":2560,"height":782,"caption":"Portosigns, Lda"},"image":{"@id":"https:\/\/portosigns.pt\/en\/#\/schema\/logo\/image\/"},"sameAs":["https:\/\/www.facebook.com\/Portosigns.pt","https:\/\/www.instagram.com\/portosigns\/","https:\/\/www.youtube.com\/watch?v=22oGHBzMlTg"]}]}},"jetpack_sharing_enabled":true,"_links":{"self":[{"href":"https:\/\/portosigns.pt\/en\/wp-json\/wp\/v2\/product\/11342"}],"collection":[{"href":"https:\/\/portosigns.pt\/en\/wp-json\/wp\/v2\/product"}],"about":[{"href":"https:\/\/portosigns.pt\/en\/wp-json\/wp\/v2\/types\/product"}],"wp:featuredmedia":[{"embeddable":true,"href":"https:\/\/portosigns.pt\/en\/wp-json\/wp\/v2\/media\/8775"}],"wp:attachment":[{"href":"https:\/\/portosigns.pt\/en\/wp-json\/wp\/v2\/media?parent=11342"}],"wp:term":[{"taxonomy":"product_cat","embeddable":true,"href":"https:\/\/portosigns.pt\/en\/wp-json\/wp\/v2\/product_cat?post=11342"},{"taxonomy":"product_tag","embeddable":true,"href":"https:\/\/portosigns.pt\/en\/wp-json\/wp\/v2\/product_tag?post=11342"}],"curies":[{"name":"wp","href":"https:\/\/api.w.org\/{rel}","templated":true}]}}