{"id":11261,"date":"2019-01-22T12:10:25","date_gmt":"2019-01-22T12:10:25","guid":{"rendered":"https:\/\/portosigns.pt\/produto\/cortica-sacos-saco-tx174cd\/"},"modified":"2020-06-08T16:29:09","modified_gmt":"2020-06-08T16:29:09","slug":"cortica-sacos-saco-tx174cd","status":"publish","type":"product","link":"https:\/\/portosigns.pt\/en\/produto\/cortica-sacos-saco-tx174cd\/","title":{"rendered":"Bag TX-174CD"},"content":{"rendered":"<p><strong>Product<\/strong>: Fringed Bag<br \/>\n<strong>Description<\/strong>: Bag<br \/>\n<strong>Dimensions<\/strong>: 22cm * 25cm * 18cm<br \/>\n<strong>Reference<\/strong>: TX-174 CD<br \/>\n<strong>Pattern<\/strong>: S. Francisco<\/p>\n<p><strong>Cleaning<\/strong>: All our items are waterproof and can be cleaned with soap and water.<\/p>\n<p><strong>Lining<\/strong>: All of our items are lined with 100% cotton fabric.<\/p>\n","protected":false},"excerpt":{"rendered":"<p>Product: Fringed Bag Description: Bag Dimensions: 22cm * 25cm * 18cm Reference: TX-174 CD Pattern: S. Francisco Cleaning: All our<\/p>\n","protected":false},"featured_media":6990,"template":"","meta":[],"product_cat":[1054],"product_tag":[1014,1055,1056,1023],"yoast_head":"<!-- This site is optimized with the Yoast SEO plugin v23.5 - https:\/\/yoast.com\/wordpress\/plugins\/seo\/ -->\n<title>Saco de al\u00e7a em corti\u00e7a - PORTOSIGNS. Loja Online<\/title>\n<meta name=\"description\" content=\"Saco de al\u00e7a com franjas em corti\u00e7a, em padr\u00e3o S.Francisco. Imperme\u00e1vel, forrada a tecido 100% algod\u00e3o e pode ser limpa com \u00e1gua e sab\u00e3o.\" \/>\n<meta name=\"robots\" content=\"index, follow, max-snippet:-1, max-image-preview:large, max-video-preview:-1\" \/>\n<link rel=\"canonical\" href=\"https:\/\/portosigns.pt\/en\/produto\/cortica-sacos-saco-tx174cd\/\" \/>\n<meta property=\"og:locale\" content=\"en_US\" \/>\n<meta property=\"og:type\" content=\"article\" \/>\n<meta property=\"og:title\" content=\"Saco de al\u00e7a em corti\u00e7a - PORTOSIGNS. Loja Online\" \/>\n<meta property=\"og:description\" content=\"Saco de al\u00e7a com franjas em corti\u00e7a, em padr\u00e3o S.Francisco. Imperme\u00e1vel, forrada a tecido 100% algod\u00e3o e pode ser limpa com \u00e1gua e sab\u00e3o.\" \/>\n<meta property=\"og:url\" content=\"https:\/\/portosigns.pt\/en\/produto\/cortica-sacos-saco-tx174cd\/\" \/>\n<meta property=\"og:site_name\" content=\"PORTOSIGNS. Loja Online\" \/>\n<meta property=\"article:publisher\" content=\"https:\/\/www.facebook.com\/Portosigns.pt\" \/>\n<meta property=\"article:modified_time\" content=\"2020-06-08T16:29:09+00:00\" \/>\n<meta property=\"og:image\" content=\"https:\/\/portosigns.pt\/wp-content\/uploads\/2019\/01\/TX174CD.png\" \/>\n\t<meta property=\"og:image:width\" content=\"492\" \/>\n\t<meta property=\"og:image:height\" content=\"359\" \/>\n\t<meta property=\"og:image:type\" content=\"image\/png\" \/>\n<meta name=\"twitter:card\" content=\"summary_large_image\" \/>\n<script type=\"application\/ld+json\" class=\"yoast-schema-graph\">{\"@context\":\"https:\/\/schema.org\",\"@graph\":[{\"@type\":\"WebPage\",\"@id\":\"https:\/\/portosigns.pt\/en\/produto\/cortica-sacos-saco-tx174cd\/\",\"url\":\"https:\/\/portosigns.pt\/en\/produto\/cortica-sacos-saco-tx174cd\/\",\"name\":\"Saco de al\u00e7a em corti\u00e7a - PORTOSIGNS. Loja Online\",\"isPartOf\":{\"@id\":\"https:\/\/portosigns.pt\/en\/#website\"},\"primaryImageOfPage\":{\"@id\":\"https:\/\/portosigns.pt\/en\/produto\/cortica-sacos-saco-tx174cd\/#primaryimage\"},\"image\":{\"@id\":\"https:\/\/portosigns.pt\/en\/produto\/cortica-sacos-saco-tx174cd\/#primaryimage\"},\"thumbnailUrl\":\"https:\/\/portosigns.pt\/wp-content\/uploads\/2019\/01\/TX174CD.png\",\"datePublished\":\"2019-01-22T12:10:25+00:00\",\"dateModified\":\"2020-06-08T16:29:09+00:00\",\"description\":\"Saco de al\u00e7a com franjas em corti\u00e7a, em padr\u00e3o S.Francisco. Imperme\u00e1vel, forrada a tecido 100% algod\u00e3o e pode ser limpa com \u00e1gua e sab\u00e3o.\",\"breadcrumb\":{\"@id\":\"https:\/\/portosigns.pt\/en\/produto\/cortica-sacos-saco-tx174cd\/#breadcrumb\"},\"inLanguage\":\"en-US\",\"potentialAction\":[{\"@type\":\"ReadAction\",\"target\":[\"https:\/\/portosigns.pt\/en\/produto\/cortica-sacos-saco-tx174cd\/\"]}]},{\"@type\":\"ImageObject\",\"inLanguage\":\"en-US\",\"@id\":\"https:\/\/portosigns.pt\/en\/produto\/cortica-sacos-saco-tx174cd\/#primaryimage\",\"url\":\"https:\/\/portosigns.pt\/wp-content\/uploads\/2019\/01\/TX174CD.png\",\"contentUrl\":\"https:\/\/portosigns.pt\/wp-content\/uploads\/2019\/01\/TX174CD.png\",\"width\":492,\"height\":359,\"caption\":\"Saco de al\u00e7a em corti\u00e7a\"},{\"@type\":\"BreadcrumbList\",\"@id\":\"https:\/\/portosigns.pt\/en\/produto\/cortica-sacos-saco-tx174cd\/#breadcrumb\",\"itemListElement\":[{\"@type\":\"ListItem\",\"position\":1,\"name\":\"In\u00edcio\",\"item\":\"https:\/\/portosigns.pt\/en\/\"},{\"@type\":\"ListItem\",\"position\":2,\"name\":\"Shop\",\"item\":\"https:\/\/portosigns.pt\/en\/shop\/\"},{\"@type\":\"ListItem\",\"position\":3,\"name\":\"Bag TX-174CD\"}]},{\"@type\":\"WebSite\",\"@id\":\"https:\/\/portosigns.pt\/en\/#website\",\"url\":\"https:\/\/portosigns.pt\/en\/\",\"name\":\"PORTOSIGNS. Loja Online\",\"description\":\"Produtos portugueses: Cer\u00e2mica, Corti\u00e7a, Saboaria e perfumaria, Barbearia, Vestu\u00e1rio e Cal\u00e7ado\",\"publisher\":{\"@id\":\"https:\/\/portosigns.pt\/en\/#organization\"},\"potentialAction\":[{\"@type\":\"SearchAction\",\"target\":{\"@type\":\"EntryPoint\",\"urlTemplate\":\"https:\/\/portosigns.pt\/en\/?s={search_term_string}\"},\"query-input\":{\"@type\":\"PropertyValueSpecification\",\"valueRequired\":true,\"valueName\":\"search_term_string\"}}],\"inLanguage\":\"en-US\"},{\"@type\":\"Organization\",\"@id\":\"https:\/\/portosigns.pt\/en\/#organization\",\"name\":\"Portosigns, Lda\",\"url\":\"https:\/\/portosigns.pt\/en\/\",\"logo\":{\"@type\":\"ImageObject\",\"inLanguage\":\"en-US\",\"@id\":\"https:\/\/portosigns.pt\/en\/#\/schema\/logo\/image\/\",\"url\":\"https:\/\/portosigns.pt\/wp-content\/uploads\/2020\/04\/logo-scaled.jpg\",\"contentUrl\":\"https:\/\/portosigns.pt\/wp-content\/uploads\/2020\/04\/logo-scaled.jpg\",\"width\":2560,\"height\":782,\"caption\":\"Portosigns, Lda\"},\"image\":{\"@id\":\"https:\/\/portosigns.pt\/en\/#\/schema\/logo\/image\/\"},\"sameAs\":[\"https:\/\/www.facebook.com\/Portosigns.pt\",\"https:\/\/www.instagram.com\/portosigns\/\",\"https:\/\/www.youtube.com\/watch?v=22oGHBzMlTg\"]}]}<\/script>\n<!-- \/ Yoast SEO plugin. -->","yoast_head_json":{"title":"Saco de al\u00e7a em corti\u00e7a - PORTOSIGNS. Loja Online","description":"Saco de al\u00e7a com franjas em corti\u00e7a, em padr\u00e3o S.Francisco. Imperme\u00e1vel, forrada a tecido 100% algod\u00e3o e pode ser limpa com \u00e1gua e sab\u00e3o.","robots":{"index":"index","follow":"follow","max-snippet":"max-snippet:-1","max-image-preview":"max-image-preview:large","max-video-preview":"max-video-preview:-1"},"canonical":"https:\/\/portosigns.pt\/en\/produto\/cortica-sacos-saco-tx174cd\/","og_locale":"en_US","og_type":"article","og_title":"Saco de al\u00e7a em corti\u00e7a - PORTOSIGNS. Loja Online","og_description":"Saco de al\u00e7a com franjas em corti\u00e7a, em padr\u00e3o S.Francisco. Imperme\u00e1vel, forrada a tecido 100% algod\u00e3o e pode ser limpa com \u00e1gua e sab\u00e3o.","og_url":"https:\/\/portosigns.pt\/en\/produto\/cortica-sacos-saco-tx174cd\/","og_site_name":"PORTOSIGNS. Loja Online","article_publisher":"https:\/\/www.facebook.com\/Portosigns.pt","article_modified_time":"2020-06-08T16:29:09+00:00","og_image":[{"width":492,"height":359,"url":"https:\/\/portosigns.pt\/wp-content\/uploads\/2019\/01\/TX174CD.png","type":"image\/png"}],"twitter_card":"summary_large_image","schema":{"@context":"https:\/\/schema.org","@graph":[{"@type":"WebPage","@id":"https:\/\/portosigns.pt\/en\/produto\/cortica-sacos-saco-tx174cd\/","url":"https:\/\/portosigns.pt\/en\/produto\/cortica-sacos-saco-tx174cd\/","name":"Saco de al\u00e7a em corti\u00e7a - PORTOSIGNS. Loja Online","isPartOf":{"@id":"https:\/\/portosigns.pt\/en\/#website"},"primaryImageOfPage":{"@id":"https:\/\/portosigns.pt\/en\/produto\/cortica-sacos-saco-tx174cd\/#primaryimage"},"image":{"@id":"https:\/\/portosigns.pt\/en\/produto\/cortica-sacos-saco-tx174cd\/#primaryimage"},"thumbnailUrl":"https:\/\/portosigns.pt\/wp-content\/uploads\/2019\/01\/TX174CD.png","datePublished":"2019-01-22T12:10:25+00:00","dateModified":"2020-06-08T16:29:09+00:00","description":"Saco de al\u00e7a com franjas em corti\u00e7a, em padr\u00e3o S.Francisco. Imperme\u00e1vel, forrada a tecido 100% algod\u00e3o e pode ser limpa com \u00e1gua e sab\u00e3o.","breadcrumb":{"@id":"https:\/\/portosigns.pt\/en\/produto\/cortica-sacos-saco-tx174cd\/#breadcrumb"},"inLanguage":"en-US","potentialAction":[{"@type":"ReadAction","target":["https:\/\/portosigns.pt\/en\/produto\/cortica-sacos-saco-tx174cd\/"]}]},{"@type":"ImageObject","inLanguage":"en-US","@id":"https:\/\/portosigns.pt\/en\/produto\/cortica-sacos-saco-tx174cd\/#primaryimage","url":"https:\/\/portosigns.pt\/wp-content\/uploads\/2019\/01\/TX174CD.png","contentUrl":"https:\/\/portosigns.pt\/wp-content\/uploads\/2019\/01\/TX174CD.png","width":492,"height":359,"caption":"Saco de al\u00e7a em corti\u00e7a"},{"@type":"BreadcrumbList","@id":"https:\/\/portosigns.pt\/en\/produto\/cortica-sacos-saco-tx174cd\/#breadcrumb","itemListElement":[{"@type":"ListItem","position":1,"name":"In\u00edcio","item":"https:\/\/portosigns.pt\/en\/"},{"@type":"ListItem","position":2,"name":"Shop","item":"https:\/\/portosigns.pt\/en\/shop\/"},{"@type":"ListItem","position":3,"name":"Bag TX-174CD"}]},{"@type":"WebSite","@id":"https:\/\/portosigns.pt\/en\/#website","url":"https:\/\/portosigns.pt\/en\/","name":"PORTOSIGNS. Loja Online","description":"Produtos portugueses: Cer\u00e2mica, Corti\u00e7a, Saboaria e perfumaria, Barbearia, Vestu\u00e1rio e Cal\u00e7ado","publisher":{"@id":"https:\/\/portosigns.pt\/en\/#organization"},"potentialAction":[{"@type":"SearchAction","target":{"@type":"EntryPoint","urlTemplate":"https:\/\/portosigns.pt\/en\/?s={search_term_string}"},"query-input":{"@type":"PropertyValueSpecification","valueRequired":true,"valueName":"search_term_string"}}],"inLanguage":"en-US"},{"@type":"Organization","@id":"https:\/\/portosigns.pt\/en\/#organization","name":"Portosigns, Lda","url":"https:\/\/portosigns.pt\/en\/","logo":{"@type":"ImageObject","inLanguage":"en-US","@id":"https:\/\/portosigns.pt\/en\/#\/schema\/logo\/image\/","url":"https:\/\/portosigns.pt\/wp-content\/uploads\/2020\/04\/logo-scaled.jpg","contentUrl":"https:\/\/portosigns.pt\/wp-content\/uploads\/2020\/04\/logo-scaled.jpg","width":2560,"height":782,"caption":"Portosigns, Lda"},"image":{"@id":"https:\/\/portosigns.pt\/en\/#\/schema\/logo\/image\/"},"sameAs":["https:\/\/www.facebook.com\/Portosigns.pt","https:\/\/www.instagram.com\/portosigns\/","https:\/\/www.youtube.com\/watch?v=22oGHBzMlTg"]}]}},"jetpack_sharing_enabled":true,"_links":{"self":[{"href":"https:\/\/portosigns.pt\/en\/wp-json\/wp\/v2\/product\/11261"}],"collection":[{"href":"https:\/\/portosigns.pt\/en\/wp-json\/wp\/v2\/product"}],"about":[{"href":"https:\/\/portosigns.pt\/en\/wp-json\/wp\/v2\/types\/product"}],"wp:featuredmedia":[{"embeddable":true,"href":"https:\/\/portosigns.pt\/en\/wp-json\/wp\/v2\/media\/6990"}],"wp:attachment":[{"href":"https:\/\/portosigns.pt\/en\/wp-json\/wp\/v2\/media?parent=11261"}],"wp:term":[{"taxonomy":"product_cat","embeddable":true,"href":"https:\/\/portosigns.pt\/en\/wp-json\/wp\/v2\/product_cat?post=11261"},{"taxonomy":"product_tag","embeddable":true,"href":"https:\/\/portosigns.pt\/en\/wp-json\/wp\/v2\/product_tag?post=11261"}],"curies":[{"name":"wp","href":"https:\/\/api.w.org\/{rel}","templated":true}]}}