{"id":11257,"date":"2019-01-22T12:10:26","date_gmt":"2019-01-22T12:10:26","guid":{"rendered":"https:\/\/portosigns.pt\/produto\/cortica-sacos-saco-tx175cd\/"},"modified":"2020-06-08T16:28:14","modified_gmt":"2020-06-08T16:28:14","slug":"cortica-sacos-saco-tx175cd","status":"publish","type":"product","link":"https:\/\/portosigns.pt\/en\/produto\/cortica-sacos-saco-tx175cd\/","title":{"rendered":"Bag TX-175CD"},"content":{"rendered":"<p><strong>Product<\/strong>: Small bag with fringes<br \/>\n<strong>Description<\/strong>: Small bag<br \/>\n<strong>Dimensions<\/strong>: 20cm * 23cm * 14m<br \/>\n<strong>Reference<\/strong>: TX-175 CD<br \/>\n<strong>Pattern<\/strong>: Light Texas<br \/>\n<strong>Note<\/strong>: Available in Texas patterns<\/p>\n<p><strong>Cleaning<\/strong>: All our items are waterproof and can be cleaned with soap and water.<\/p>\n<p><strong>Lining<\/strong>: All of our items are lined with 100% cotton fabric.<\/p>\n","protected":false},"excerpt":{"rendered":"<p>Product: Small bag with fringes Description: Small bag Dimensions: 20cm * 23cm * 14m Reference: TX-175 CD Pattern: Light Texas<\/p>\n","protected":false},"featured_media":6992,"template":"","meta":[],"product_cat":[1054],"product_tag":[1014,1055,1056,1023],"yoast_head":"<!-- This site is optimized with the Yoast SEO plugin v23.5 - https:\/\/yoast.com\/wordpress\/plugins\/seo\/ -->\n<title>Saco em corti\u00e7a com franjas - PORTOSIGNS. Loja Online<\/title>\n<meta name=\"description\" content=\"Saco pequeno com Franjas em corti\u00e7a, padr\u00e3o Texas claro. Dispon\u00edvel nos padr\u00f5es Texas. Imperme\u00e1vel, 100% algod\u00e3o e pode ser limpa com \u00e1gua e sab\u00e3o.\" \/>\n<meta name=\"robots\" content=\"index, follow, max-snippet:-1, max-image-preview:large, max-video-preview:-1\" \/>\n<link rel=\"canonical\" href=\"https:\/\/portosigns.pt\/en\/produto\/cortica-sacos-saco-tx175cd\/\" \/>\n<meta property=\"og:locale\" content=\"en_US\" \/>\n<meta property=\"og:type\" content=\"article\" \/>\n<meta property=\"og:title\" content=\"Saco em corti\u00e7a com franjas - PORTOSIGNS. Loja Online\" \/>\n<meta property=\"og:description\" content=\"Saco pequeno com Franjas em corti\u00e7a, padr\u00e3o Texas claro. Dispon\u00edvel nos padr\u00f5es Texas. Imperme\u00e1vel, 100% algod\u00e3o e pode ser limpa com \u00e1gua e sab\u00e3o.\" \/>\n<meta property=\"og:url\" content=\"https:\/\/portosigns.pt\/en\/produto\/cortica-sacos-saco-tx175cd\/\" \/>\n<meta property=\"og:site_name\" content=\"PORTOSIGNS. Loja Online\" \/>\n<meta property=\"article:publisher\" content=\"https:\/\/www.facebook.com\/Portosigns.pt\" \/>\n<meta property=\"article:modified_time\" content=\"2020-06-08T16:28:14+00:00\" \/>\n<meta property=\"og:image\" content=\"https:\/\/portosigns.pt\/wp-content\/uploads\/2019\/01\/TX175CD.png\" \/>\n\t<meta property=\"og:image:width\" content=\"549\" \/>\n\t<meta property=\"og:image:height\" content=\"401\" \/>\n\t<meta property=\"og:image:type\" content=\"image\/png\" \/>\n<meta name=\"twitter:card\" content=\"summary_large_image\" \/>\n<script type=\"application\/ld+json\" class=\"yoast-schema-graph\">{\"@context\":\"https:\/\/schema.org\",\"@graph\":[{\"@type\":\"WebPage\",\"@id\":\"https:\/\/portosigns.pt\/en\/produto\/cortica-sacos-saco-tx175cd\/\",\"url\":\"https:\/\/portosigns.pt\/en\/produto\/cortica-sacos-saco-tx175cd\/\",\"name\":\"Saco em corti\u00e7a com franjas - PORTOSIGNS. Loja Online\",\"isPartOf\":{\"@id\":\"https:\/\/portosigns.pt\/en\/#website\"},\"primaryImageOfPage\":{\"@id\":\"https:\/\/portosigns.pt\/en\/produto\/cortica-sacos-saco-tx175cd\/#primaryimage\"},\"image\":{\"@id\":\"https:\/\/portosigns.pt\/en\/produto\/cortica-sacos-saco-tx175cd\/#primaryimage\"},\"thumbnailUrl\":\"https:\/\/portosigns.pt\/wp-content\/uploads\/2019\/01\/TX175CD.png\",\"datePublished\":\"2019-01-22T12:10:26+00:00\",\"dateModified\":\"2020-06-08T16:28:14+00:00\",\"description\":\"Saco pequeno com Franjas em corti\u00e7a, padr\u00e3o Texas claro. Dispon\u00edvel nos padr\u00f5es Texas. Imperme\u00e1vel, 100% algod\u00e3o e pode ser limpa com \u00e1gua e sab\u00e3o.\",\"breadcrumb\":{\"@id\":\"https:\/\/portosigns.pt\/en\/produto\/cortica-sacos-saco-tx175cd\/#breadcrumb\"},\"inLanguage\":\"en-US\",\"potentialAction\":[{\"@type\":\"ReadAction\",\"target\":[\"https:\/\/portosigns.pt\/en\/produto\/cortica-sacos-saco-tx175cd\/\"]}]},{\"@type\":\"ImageObject\",\"inLanguage\":\"en-US\",\"@id\":\"https:\/\/portosigns.pt\/en\/produto\/cortica-sacos-saco-tx175cd\/#primaryimage\",\"url\":\"https:\/\/portosigns.pt\/wp-content\/uploads\/2019\/01\/TX175CD.png\",\"contentUrl\":\"https:\/\/portosigns.pt\/wp-content\/uploads\/2019\/01\/TX175CD.png\",\"width\":549,\"height\":401,\"caption\":\"Saco em corti\u00e7a com franjas\"},{\"@type\":\"BreadcrumbList\",\"@id\":\"https:\/\/portosigns.pt\/en\/produto\/cortica-sacos-saco-tx175cd\/#breadcrumb\",\"itemListElement\":[{\"@type\":\"ListItem\",\"position\":1,\"name\":\"In\u00edcio\",\"item\":\"https:\/\/portosigns.pt\/en\/\"},{\"@type\":\"ListItem\",\"position\":2,\"name\":\"Shop\",\"item\":\"https:\/\/portosigns.pt\/en\/shop\/\"},{\"@type\":\"ListItem\",\"position\":3,\"name\":\"Bag TX-175CD\"}]},{\"@type\":\"WebSite\",\"@id\":\"https:\/\/portosigns.pt\/en\/#website\",\"url\":\"https:\/\/portosigns.pt\/en\/\",\"name\":\"PORTOSIGNS. Loja Online\",\"description\":\"Produtos portugueses: Cer\u00e2mica, Corti\u00e7a, Saboaria e perfumaria, Barbearia, Vestu\u00e1rio e Cal\u00e7ado\",\"publisher\":{\"@id\":\"https:\/\/portosigns.pt\/en\/#organization\"},\"potentialAction\":[{\"@type\":\"SearchAction\",\"target\":{\"@type\":\"EntryPoint\",\"urlTemplate\":\"https:\/\/portosigns.pt\/en\/?s={search_term_string}\"},\"query-input\":{\"@type\":\"PropertyValueSpecification\",\"valueRequired\":true,\"valueName\":\"search_term_string\"}}],\"inLanguage\":\"en-US\"},{\"@type\":\"Organization\",\"@id\":\"https:\/\/portosigns.pt\/en\/#organization\",\"name\":\"Portosigns, Lda\",\"url\":\"https:\/\/portosigns.pt\/en\/\",\"logo\":{\"@type\":\"ImageObject\",\"inLanguage\":\"en-US\",\"@id\":\"https:\/\/portosigns.pt\/en\/#\/schema\/logo\/image\/\",\"url\":\"https:\/\/portosigns.pt\/wp-content\/uploads\/2020\/04\/logo-scaled.jpg\",\"contentUrl\":\"https:\/\/portosigns.pt\/wp-content\/uploads\/2020\/04\/logo-scaled.jpg\",\"width\":2560,\"height\":782,\"caption\":\"Portosigns, Lda\"},\"image\":{\"@id\":\"https:\/\/portosigns.pt\/en\/#\/schema\/logo\/image\/\"},\"sameAs\":[\"https:\/\/www.facebook.com\/Portosigns.pt\",\"https:\/\/www.instagram.com\/portosigns\/\",\"https:\/\/www.youtube.com\/watch?v=22oGHBzMlTg\"]}]}<\/script>\n<!-- \/ Yoast SEO plugin. -->","yoast_head_json":{"title":"Saco em corti\u00e7a com franjas - PORTOSIGNS. Loja Online","description":"Saco pequeno com Franjas em corti\u00e7a, padr\u00e3o Texas claro. Dispon\u00edvel nos padr\u00f5es Texas. Imperme\u00e1vel, 100% algod\u00e3o e pode ser limpa com \u00e1gua e sab\u00e3o.","robots":{"index":"index","follow":"follow","max-snippet":"max-snippet:-1","max-image-preview":"max-image-preview:large","max-video-preview":"max-video-preview:-1"},"canonical":"https:\/\/portosigns.pt\/en\/produto\/cortica-sacos-saco-tx175cd\/","og_locale":"en_US","og_type":"article","og_title":"Saco em corti\u00e7a com franjas - PORTOSIGNS. Loja Online","og_description":"Saco pequeno com Franjas em corti\u00e7a, padr\u00e3o Texas claro. Dispon\u00edvel nos padr\u00f5es Texas. Imperme\u00e1vel, 100% algod\u00e3o e pode ser limpa com \u00e1gua e sab\u00e3o.","og_url":"https:\/\/portosigns.pt\/en\/produto\/cortica-sacos-saco-tx175cd\/","og_site_name":"PORTOSIGNS. Loja Online","article_publisher":"https:\/\/www.facebook.com\/Portosigns.pt","article_modified_time":"2020-06-08T16:28:14+00:00","og_image":[{"width":549,"height":401,"url":"https:\/\/portosigns.pt\/wp-content\/uploads\/2019\/01\/TX175CD.png","type":"image\/png"}],"twitter_card":"summary_large_image","schema":{"@context":"https:\/\/schema.org","@graph":[{"@type":"WebPage","@id":"https:\/\/portosigns.pt\/en\/produto\/cortica-sacos-saco-tx175cd\/","url":"https:\/\/portosigns.pt\/en\/produto\/cortica-sacos-saco-tx175cd\/","name":"Saco em corti\u00e7a com franjas - PORTOSIGNS. Loja Online","isPartOf":{"@id":"https:\/\/portosigns.pt\/en\/#website"},"primaryImageOfPage":{"@id":"https:\/\/portosigns.pt\/en\/produto\/cortica-sacos-saco-tx175cd\/#primaryimage"},"image":{"@id":"https:\/\/portosigns.pt\/en\/produto\/cortica-sacos-saco-tx175cd\/#primaryimage"},"thumbnailUrl":"https:\/\/portosigns.pt\/wp-content\/uploads\/2019\/01\/TX175CD.png","datePublished":"2019-01-22T12:10:26+00:00","dateModified":"2020-06-08T16:28:14+00:00","description":"Saco pequeno com Franjas em corti\u00e7a, padr\u00e3o Texas claro. Dispon\u00edvel nos padr\u00f5es Texas. Imperme\u00e1vel, 100% algod\u00e3o e pode ser limpa com \u00e1gua e sab\u00e3o.","breadcrumb":{"@id":"https:\/\/portosigns.pt\/en\/produto\/cortica-sacos-saco-tx175cd\/#breadcrumb"},"inLanguage":"en-US","potentialAction":[{"@type":"ReadAction","target":["https:\/\/portosigns.pt\/en\/produto\/cortica-sacos-saco-tx175cd\/"]}]},{"@type":"ImageObject","inLanguage":"en-US","@id":"https:\/\/portosigns.pt\/en\/produto\/cortica-sacos-saco-tx175cd\/#primaryimage","url":"https:\/\/portosigns.pt\/wp-content\/uploads\/2019\/01\/TX175CD.png","contentUrl":"https:\/\/portosigns.pt\/wp-content\/uploads\/2019\/01\/TX175CD.png","width":549,"height":401,"caption":"Saco em corti\u00e7a com franjas"},{"@type":"BreadcrumbList","@id":"https:\/\/portosigns.pt\/en\/produto\/cortica-sacos-saco-tx175cd\/#breadcrumb","itemListElement":[{"@type":"ListItem","position":1,"name":"In\u00edcio","item":"https:\/\/portosigns.pt\/en\/"},{"@type":"ListItem","position":2,"name":"Shop","item":"https:\/\/portosigns.pt\/en\/shop\/"},{"@type":"ListItem","position":3,"name":"Bag TX-175CD"}]},{"@type":"WebSite","@id":"https:\/\/portosigns.pt\/en\/#website","url":"https:\/\/portosigns.pt\/en\/","name":"PORTOSIGNS. Loja Online","description":"Produtos portugueses: Cer\u00e2mica, Corti\u00e7a, Saboaria e perfumaria, Barbearia, Vestu\u00e1rio e Cal\u00e7ado","publisher":{"@id":"https:\/\/portosigns.pt\/en\/#organization"},"potentialAction":[{"@type":"SearchAction","target":{"@type":"EntryPoint","urlTemplate":"https:\/\/portosigns.pt\/en\/?s={search_term_string}"},"query-input":{"@type":"PropertyValueSpecification","valueRequired":true,"valueName":"search_term_string"}}],"inLanguage":"en-US"},{"@type":"Organization","@id":"https:\/\/portosigns.pt\/en\/#organization","name":"Portosigns, Lda","url":"https:\/\/portosigns.pt\/en\/","logo":{"@type":"ImageObject","inLanguage":"en-US","@id":"https:\/\/portosigns.pt\/en\/#\/schema\/logo\/image\/","url":"https:\/\/portosigns.pt\/wp-content\/uploads\/2020\/04\/logo-scaled.jpg","contentUrl":"https:\/\/portosigns.pt\/wp-content\/uploads\/2020\/04\/logo-scaled.jpg","width":2560,"height":782,"caption":"Portosigns, Lda"},"image":{"@id":"https:\/\/portosigns.pt\/en\/#\/schema\/logo\/image\/"},"sameAs":["https:\/\/www.facebook.com\/Portosigns.pt","https:\/\/www.instagram.com\/portosigns\/","https:\/\/www.youtube.com\/watch?v=22oGHBzMlTg"]}]}},"jetpack_sharing_enabled":true,"_links":{"self":[{"href":"https:\/\/portosigns.pt\/en\/wp-json\/wp\/v2\/product\/11257"}],"collection":[{"href":"https:\/\/portosigns.pt\/en\/wp-json\/wp\/v2\/product"}],"about":[{"href":"https:\/\/portosigns.pt\/en\/wp-json\/wp\/v2\/types\/product"}],"wp:featuredmedia":[{"embeddable":true,"href":"https:\/\/portosigns.pt\/en\/wp-json\/wp\/v2\/media\/6992"}],"wp:attachment":[{"href":"https:\/\/portosigns.pt\/en\/wp-json\/wp\/v2\/media?parent=11257"}],"wp:term":[{"taxonomy":"product_cat","embeddable":true,"href":"https:\/\/portosigns.pt\/en\/wp-json\/wp\/v2\/product_cat?post=11257"},{"taxonomy":"product_tag","embeddable":true,"href":"https:\/\/portosigns.pt\/en\/wp-json\/wp\/v2\/product_tag?post=11257"}],"curies":[{"name":"wp","href":"https:\/\/api.w.org\/{rel}","templated":true}]}}