{"id":11088,"date":"2019-01-24T16:13:23","date_gmt":"2019-01-24T16:13:23","guid":{"rendered":"https:\/\/portosigns.pt\/produto\/cortica-malas-mala-classica-tx-14\/"},"modified":"2020-06-08T15:51:33","modified_gmt":"2020-06-08T15:51:33","slug":"cortica-malas-mala-classica-tx-14","status":"publish","type":"product","link":"https:\/\/portosigns.pt\/en\/produto\/cortica-malas-mala-classica-tx-14\/","title":{"rendered":"Classic Bag TX-14"},"content":{"rendered":"<blockquote><p>Product: Classic Bag TX-14<br \/>\nDescription: Classic bag, with zip.<br \/>\nDimensions (W * H * D): 32cm * 20cm * 15cm.<br \/>\nCleaning: All our items are waterproof and can be cleaned with soap and water.<br \/>\nLining: All of our items are lined with 100% cotton fabric.<br \/>\nAvailable in 7 patterns.<\/p><\/blockquote>\n","protected":false},"excerpt":{"rendered":"<p>Product: Classic Bag TX-14 Description: Classic bag, with zip. Dimensions (W * H * D): 32cm * 20cm * 15cm.<\/p>\n","protected":false},"featured_media":11089,"template":"","meta":[],"product_cat":[1212,1197,1007,1054],"product_tag":[1014,1055,1056,1023],"yoast_head":"<!-- This site is optimized with the Yoast SEO plugin v23.5 - https:\/\/yoast.com\/wordpress\/plugins\/seo\/ -->\n<title>Mala cl\u00e1ssica em corti\u00e7a - PORTOSIGNS. Loja Online<\/title>\n<meta name=\"description\" content=\"Mala de corti\u00e7a cl\u00e1ssica, com fecho \u00e9clair, forrada a tecido 100% de algod\u00e3o 100% algod\u00e3o, imperme\u00e1vel. Dispon\u00edvel em 7 padr\u00f5es\" \/>\n<meta name=\"robots\" content=\"index, follow, max-snippet:-1, max-image-preview:large, max-video-preview:-1\" \/>\n<link rel=\"canonical\" href=\"https:\/\/portosigns.pt\/en\/produto\/cortica-malas-mala-classica-tx-14\/\" \/>\n<meta property=\"og:locale\" content=\"en_US\" \/>\n<meta property=\"og:type\" content=\"article\" \/>\n<meta property=\"og:title\" content=\"Mala cl\u00e1ssica em corti\u00e7a - PORTOSIGNS. Loja Online\" \/>\n<meta property=\"og:description\" content=\"Mala de corti\u00e7a cl\u00e1ssica, com fecho \u00e9clair, forrada a tecido 100% de algod\u00e3o 100% algod\u00e3o, imperme\u00e1vel. Dispon\u00edvel em 7 padr\u00f5es\" \/>\n<meta property=\"og:url\" content=\"https:\/\/portosigns.pt\/en\/produto\/cortica-malas-mala-classica-tx-14\/\" \/>\n<meta property=\"og:site_name\" content=\"PORTOSIGNS. Loja Online\" \/>\n<meta property=\"article:publisher\" content=\"https:\/\/www.facebook.com\/Portosigns.pt\" \/>\n<meta property=\"article:modified_time\" content=\"2020-06-08T15:51:33+00:00\" \/>\n<meta property=\"og:image\" content=\"https:\/\/portosigns.pt\/wp-content\/uploads\/2019\/01\/U2A8625-scaled.jpg\" \/>\n\t<meta property=\"og:image:width\" content=\"2560\" \/>\n\t<meta property=\"og:image:height\" content=\"1706\" \/>\n\t<meta property=\"og:image:type\" content=\"image\/jpeg\" \/>\n<meta name=\"twitter:card\" content=\"summary_large_image\" \/>\n<script type=\"application\/ld+json\" class=\"yoast-schema-graph\">{\"@context\":\"https:\/\/schema.org\",\"@graph\":[{\"@type\":\"WebPage\",\"@id\":\"https:\/\/portosigns.pt\/en\/produto\/cortica-malas-mala-classica-tx-14\/\",\"url\":\"https:\/\/portosigns.pt\/en\/produto\/cortica-malas-mala-classica-tx-14\/\",\"name\":\"Mala cl\u00e1ssica em corti\u00e7a - PORTOSIGNS. Loja Online\",\"isPartOf\":{\"@id\":\"https:\/\/portosigns.pt\/en\/#website\"},\"primaryImageOfPage\":{\"@id\":\"https:\/\/portosigns.pt\/en\/produto\/cortica-malas-mala-classica-tx-14\/#primaryimage\"},\"image\":{\"@id\":\"https:\/\/portosigns.pt\/en\/produto\/cortica-malas-mala-classica-tx-14\/#primaryimage\"},\"thumbnailUrl\":\"https:\/\/portosigns.pt\/wp-content\/uploads\/2019\/01\/U2A8625-scaled.jpg\",\"datePublished\":\"2019-01-24T16:13:23+00:00\",\"dateModified\":\"2020-06-08T15:51:33+00:00\",\"description\":\"Mala de corti\u00e7a cl\u00e1ssica, com fecho \u00e9clair, forrada a tecido 100% de algod\u00e3o 100% algod\u00e3o, imperme\u00e1vel. Dispon\u00edvel em 7 padr\u00f5es\",\"breadcrumb\":{\"@id\":\"https:\/\/portosigns.pt\/en\/produto\/cortica-malas-mala-classica-tx-14\/#breadcrumb\"},\"inLanguage\":\"en-US\",\"potentialAction\":[{\"@type\":\"ReadAction\",\"target\":[\"https:\/\/portosigns.pt\/en\/produto\/cortica-malas-mala-classica-tx-14\/\"]}]},{\"@type\":\"ImageObject\",\"inLanguage\":\"en-US\",\"@id\":\"https:\/\/portosigns.pt\/en\/produto\/cortica-malas-mala-classica-tx-14\/#primaryimage\",\"url\":\"https:\/\/portosigns.pt\/wp-content\/uploads\/2019\/01\/U2A8625-scaled.jpg\",\"contentUrl\":\"https:\/\/portosigns.pt\/wp-content\/uploads\/2019\/01\/U2A8625-scaled.jpg\",\"width\":2560,\"height\":1706,\"caption\":\"Mala corti\u00e7a\"},{\"@type\":\"BreadcrumbList\",\"@id\":\"https:\/\/portosigns.pt\/en\/produto\/cortica-malas-mala-classica-tx-14\/#breadcrumb\",\"itemListElement\":[{\"@type\":\"ListItem\",\"position\":1,\"name\":\"In\u00edcio\",\"item\":\"https:\/\/portosigns.pt\/en\/\"},{\"@type\":\"ListItem\",\"position\":2,\"name\":\"Shop\",\"item\":\"https:\/\/portosigns.pt\/en\/shop\/\"},{\"@type\":\"ListItem\",\"position\":3,\"name\":\"Classic Bag TX-14\"}]},{\"@type\":\"WebSite\",\"@id\":\"https:\/\/portosigns.pt\/en\/#website\",\"url\":\"https:\/\/portosigns.pt\/en\/\",\"name\":\"PORTOSIGNS. Loja Online\",\"description\":\"Produtos portugueses: Cer\u00e2mica, Corti\u00e7a, Saboaria e perfumaria, Barbearia, Vestu\u00e1rio e Cal\u00e7ado\",\"publisher\":{\"@id\":\"https:\/\/portosigns.pt\/en\/#organization\"},\"potentialAction\":[{\"@type\":\"SearchAction\",\"target\":{\"@type\":\"EntryPoint\",\"urlTemplate\":\"https:\/\/portosigns.pt\/en\/?s={search_term_string}\"},\"query-input\":{\"@type\":\"PropertyValueSpecification\",\"valueRequired\":true,\"valueName\":\"search_term_string\"}}],\"inLanguage\":\"en-US\"},{\"@type\":\"Organization\",\"@id\":\"https:\/\/portosigns.pt\/en\/#organization\",\"name\":\"Portosigns, Lda\",\"url\":\"https:\/\/portosigns.pt\/en\/\",\"logo\":{\"@type\":\"ImageObject\",\"inLanguage\":\"en-US\",\"@id\":\"https:\/\/portosigns.pt\/en\/#\/schema\/logo\/image\/\",\"url\":\"https:\/\/portosigns.pt\/wp-content\/uploads\/2020\/04\/logo-scaled.jpg\",\"contentUrl\":\"https:\/\/portosigns.pt\/wp-content\/uploads\/2020\/04\/logo-scaled.jpg\",\"width\":2560,\"height\":782,\"caption\":\"Portosigns, Lda\"},\"image\":{\"@id\":\"https:\/\/portosigns.pt\/en\/#\/schema\/logo\/image\/\"},\"sameAs\":[\"https:\/\/www.facebook.com\/Portosigns.pt\",\"https:\/\/www.instagram.com\/portosigns\/\",\"https:\/\/www.youtube.com\/watch?v=22oGHBzMlTg\"]}]}<\/script>\n<!-- \/ Yoast SEO plugin. -->","yoast_head_json":{"title":"Mala cl\u00e1ssica em corti\u00e7a - PORTOSIGNS. Loja Online","description":"Mala de corti\u00e7a cl\u00e1ssica, com fecho \u00e9clair, forrada a tecido 100% de algod\u00e3o 100% algod\u00e3o, imperme\u00e1vel. Dispon\u00edvel em 7 padr\u00f5es","robots":{"index":"index","follow":"follow","max-snippet":"max-snippet:-1","max-image-preview":"max-image-preview:large","max-video-preview":"max-video-preview:-1"},"canonical":"https:\/\/portosigns.pt\/en\/produto\/cortica-malas-mala-classica-tx-14\/","og_locale":"en_US","og_type":"article","og_title":"Mala cl\u00e1ssica em corti\u00e7a - PORTOSIGNS. Loja Online","og_description":"Mala de corti\u00e7a cl\u00e1ssica, com fecho \u00e9clair, forrada a tecido 100% de algod\u00e3o 100% algod\u00e3o, imperme\u00e1vel. Dispon\u00edvel em 7 padr\u00f5es","og_url":"https:\/\/portosigns.pt\/en\/produto\/cortica-malas-mala-classica-tx-14\/","og_site_name":"PORTOSIGNS. Loja Online","article_publisher":"https:\/\/www.facebook.com\/Portosigns.pt","article_modified_time":"2020-06-08T15:51:33+00:00","og_image":[{"width":2560,"height":1706,"url":"https:\/\/portosigns.pt\/wp-content\/uploads\/2019\/01\/U2A8625-scaled.jpg","type":"image\/jpeg"}],"twitter_card":"summary_large_image","schema":{"@context":"https:\/\/schema.org","@graph":[{"@type":"WebPage","@id":"https:\/\/portosigns.pt\/en\/produto\/cortica-malas-mala-classica-tx-14\/","url":"https:\/\/portosigns.pt\/en\/produto\/cortica-malas-mala-classica-tx-14\/","name":"Mala cl\u00e1ssica em corti\u00e7a - PORTOSIGNS. Loja Online","isPartOf":{"@id":"https:\/\/portosigns.pt\/en\/#website"},"primaryImageOfPage":{"@id":"https:\/\/portosigns.pt\/en\/produto\/cortica-malas-mala-classica-tx-14\/#primaryimage"},"image":{"@id":"https:\/\/portosigns.pt\/en\/produto\/cortica-malas-mala-classica-tx-14\/#primaryimage"},"thumbnailUrl":"https:\/\/portosigns.pt\/wp-content\/uploads\/2019\/01\/U2A8625-scaled.jpg","datePublished":"2019-01-24T16:13:23+00:00","dateModified":"2020-06-08T15:51:33+00:00","description":"Mala de corti\u00e7a cl\u00e1ssica, com fecho \u00e9clair, forrada a tecido 100% de algod\u00e3o 100% algod\u00e3o, imperme\u00e1vel. Dispon\u00edvel em 7 padr\u00f5es","breadcrumb":{"@id":"https:\/\/portosigns.pt\/en\/produto\/cortica-malas-mala-classica-tx-14\/#breadcrumb"},"inLanguage":"en-US","potentialAction":[{"@type":"ReadAction","target":["https:\/\/portosigns.pt\/en\/produto\/cortica-malas-mala-classica-tx-14\/"]}]},{"@type":"ImageObject","inLanguage":"en-US","@id":"https:\/\/portosigns.pt\/en\/produto\/cortica-malas-mala-classica-tx-14\/#primaryimage","url":"https:\/\/portosigns.pt\/wp-content\/uploads\/2019\/01\/U2A8625-scaled.jpg","contentUrl":"https:\/\/portosigns.pt\/wp-content\/uploads\/2019\/01\/U2A8625-scaled.jpg","width":2560,"height":1706,"caption":"Mala corti\u00e7a"},{"@type":"BreadcrumbList","@id":"https:\/\/portosigns.pt\/en\/produto\/cortica-malas-mala-classica-tx-14\/#breadcrumb","itemListElement":[{"@type":"ListItem","position":1,"name":"In\u00edcio","item":"https:\/\/portosigns.pt\/en\/"},{"@type":"ListItem","position":2,"name":"Shop","item":"https:\/\/portosigns.pt\/en\/shop\/"},{"@type":"ListItem","position":3,"name":"Classic Bag TX-14"}]},{"@type":"WebSite","@id":"https:\/\/portosigns.pt\/en\/#website","url":"https:\/\/portosigns.pt\/en\/","name":"PORTOSIGNS. Loja Online","description":"Produtos portugueses: Cer\u00e2mica, Corti\u00e7a, Saboaria e perfumaria, Barbearia, Vestu\u00e1rio e Cal\u00e7ado","publisher":{"@id":"https:\/\/portosigns.pt\/en\/#organization"},"potentialAction":[{"@type":"SearchAction","target":{"@type":"EntryPoint","urlTemplate":"https:\/\/portosigns.pt\/en\/?s={search_term_string}"},"query-input":{"@type":"PropertyValueSpecification","valueRequired":true,"valueName":"search_term_string"}}],"inLanguage":"en-US"},{"@type":"Organization","@id":"https:\/\/portosigns.pt\/en\/#organization","name":"Portosigns, Lda","url":"https:\/\/portosigns.pt\/en\/","logo":{"@type":"ImageObject","inLanguage":"en-US","@id":"https:\/\/portosigns.pt\/en\/#\/schema\/logo\/image\/","url":"https:\/\/portosigns.pt\/wp-content\/uploads\/2020\/04\/logo-scaled.jpg","contentUrl":"https:\/\/portosigns.pt\/wp-content\/uploads\/2020\/04\/logo-scaled.jpg","width":2560,"height":782,"caption":"Portosigns, Lda"},"image":{"@id":"https:\/\/portosigns.pt\/en\/#\/schema\/logo\/image\/"},"sameAs":["https:\/\/www.facebook.com\/Portosigns.pt","https:\/\/www.instagram.com\/portosigns\/","https:\/\/www.youtube.com\/watch?v=22oGHBzMlTg"]}]}},"jetpack_sharing_enabled":true,"_links":{"self":[{"href":"https:\/\/portosigns.pt\/en\/wp-json\/wp\/v2\/product\/11088"}],"collection":[{"href":"https:\/\/portosigns.pt\/en\/wp-json\/wp\/v2\/product"}],"about":[{"href":"https:\/\/portosigns.pt\/en\/wp-json\/wp\/v2\/types\/product"}],"wp:featuredmedia":[{"embeddable":true,"href":"https:\/\/portosigns.pt\/en\/wp-json\/wp\/v2\/media\/11089"}],"wp:attachment":[{"href":"https:\/\/portosigns.pt\/en\/wp-json\/wp\/v2\/media?parent=11088"}],"wp:term":[{"taxonomy":"product_cat","embeddable":true,"href":"https:\/\/portosigns.pt\/en\/wp-json\/wp\/v2\/product_cat?post=11088"},{"taxonomy":"product_tag","embeddable":true,"href":"https:\/\/portosigns.pt\/en\/wp-json\/wp\/v2\/product_tag?post=11088"}],"curies":[{"name":"wp","href":"https:\/\/api.w.org\/{rel}","templated":true}]}}