{"id":10895,"date":"2020-06-04T15:29:38","date_gmt":"2020-06-04T15:29:38","guid":{"rendered":"https:\/\/portosigns.pt\/produto\/botas-care-city-line-vermelho-branco\/"},"modified":"2021-03-17T22:26:05","modified_gmt":"2021-03-17T22:26:05","slug":"botas-care-city-line-vermelho-branco","status":"publish","type":"product","link":"https:\/\/portosigns.pt\/en\/produto\/botas-care-city-line-vermelho-branco\/","title":{"rendered":"Boots Care City Line Red\/White"},"content":{"rendered":"<p>Boots, <strong>As Portuguesas<\/strong>.<\/p>\n<p>Elegant, comfortable and environmentally friendly models. With a construction in elastic textile materials, to ensure maximum comfort and fit to the foot. The sole is made of cork with rubber to ensure durability and lightness when walking. The ideal option for the whole summer. 100% natural and elegant, for men or women. Versatile, sustainable and conscious.<\/p>\n","protected":false},"excerpt":{"rendered":"<p>Boots, <strong>As Portuguesas<\/strong>.<\/p>\n<p>Elegant, comfortable and environmentally friendly models. With a construction in elastic textile materials, to ensure maximum comfort and fit to the foot. The sole is made of cork with rubber to ensure durability and lightness when walking. The ideal option for the whole summer. 100% natural and elegant, for men or women. Versatile, sustainable and conscious.<\/p>\n","protected":false},"featured_media":10896,"template":"","meta":[],"product_cat":[1212,1197,1010,1008,1269,1007,1009,1268],"product_tag":[1077,1014],"yoast_head":"<!-- This site is optimized with the Yoast SEO plugin v23.5 - https:\/\/yoast.com\/wordpress\/plugins\/seo\/ -->\n<title>Boots Care City Line | As Portuguesas - PORTOSIGNS. Loja OnlineBoots Care City Line Red\/White<\/title>\n<meta name=\"description\" content=\"Boots Care City Line, AS PORTUGUESES. Very light and comfortable, they are an ideal option for the whole summer, because they are 100% natural.\" \/>\n<meta name=\"robots\" content=\"index, follow, max-snippet:-1, max-image-preview:large, max-video-preview:-1\" \/>\n<link rel=\"canonical\" href=\"https:\/\/portosigns.pt\/produto\/botas-care-city-line-vermelho-branco\/\" \/>\n<meta property=\"og:locale\" content=\"en_US\" \/>\n<meta property=\"og:type\" content=\"article\" \/>\n<meta property=\"og:title\" content=\"Boots Care City Line | As Portuguesas - PORTOSIGNS. Loja OnlineBoots Care City Line Red\/White\" \/>\n<meta property=\"og:description\" content=\"Boots Care City Line, AS PORTUGUESES. Very light and comfortable, they are an ideal option for the whole summer, because they are 100% natural.\" \/>\n<meta property=\"og:url\" content=\"https:\/\/portosigns.pt\/produto\/botas-care-city-line-vermelho-branco\/\" \/>\n<meta property=\"og:site_name\" content=\"PORTOSIGNS. Loja Online\" \/>\n<meta property=\"article:publisher\" content=\"https:\/\/www.facebook.com\/Portosigns.pt\" \/>\n<meta property=\"article:modified_time\" content=\"2021-03-17T22:26:05+00:00\" \/>\n<meta property=\"og:image\" content=\"https:\/\/portosigns.pt\/wp-content\/uploads\/2020\/01\/P018046002.jpg\" \/>\n\t<meta property=\"og:image:width\" content=\"500\" \/>\n\t<meta property=\"og:image:height\" content=\"302\" \/>\n\t<meta property=\"og:image:type\" content=\"image\/jpeg\" \/>\n<meta name=\"twitter:card\" content=\"summary_large_image\" \/>\n<script type=\"application\/ld+json\" class=\"yoast-schema-graph\">{\"@context\":\"https:\/\/schema.org\",\"@graph\":[{\"@type\":\"WebPage\",\"@id\":\"https:\/\/portosigns.pt\/produto\/botas-care-city-line-vermelho-branco\/\",\"url\":\"https:\/\/portosigns.pt\/produto\/botas-care-city-line-vermelho-branco\/\",\"name\":\"Boots Care City Line | As Portuguesas - PORTOSIGNS. Loja OnlineBoots Care City Line Red\/White\",\"isPartOf\":{\"@id\":\"https:\/\/portosigns.pt\/en\/#website\"},\"primaryImageOfPage\":{\"@id\":\"https:\/\/portosigns.pt\/produto\/botas-care-city-line-vermelho-branco\/#primaryimage\"},\"image\":{\"@id\":\"https:\/\/portosigns.pt\/produto\/botas-care-city-line-vermelho-branco\/#primaryimage\"},\"thumbnailUrl\":\"https:\/\/portosigns.pt\/wp-content\/uploads\/2020\/01\/P018046002.jpg\",\"datePublished\":\"2020-06-04T15:29:38+00:00\",\"dateModified\":\"2021-03-17T22:26:05+00:00\",\"description\":\"Boots Care City Line, AS PORTUGUESES. Very light and comfortable, they are an ideal option for the whole summer, because they are 100% natural.\",\"breadcrumb\":{\"@id\":\"https:\/\/portosigns.pt\/produto\/botas-care-city-line-vermelho-branco\/#breadcrumb\"},\"inLanguage\":\"en-US\",\"potentialAction\":[{\"@type\":\"ReadAction\",\"target\":[\"https:\/\/portosigns.pt\/produto\/botas-care-city-line-vermelho-branco\/\"]}]},{\"@type\":\"ImageObject\",\"inLanguage\":\"en-US\",\"@id\":\"https:\/\/portosigns.pt\/produto\/botas-care-city-line-vermelho-branco\/#primaryimage\",\"url\":\"https:\/\/portosigns.pt\/wp-content\/uploads\/2020\/01\/P018046002.jpg\",\"contentUrl\":\"https:\/\/portosigns.pt\/wp-content\/uploads\/2020\/01\/P018046002.jpg\",\"width\":500,\"height\":302,\"caption\":\"Care\"},{\"@type\":\"BreadcrumbList\",\"@id\":\"https:\/\/portosigns.pt\/produto\/botas-care-city-line-vermelho-branco\/#breadcrumb\",\"itemListElement\":[{\"@type\":\"ListItem\",\"position\":1,\"name\":\"In\u00edcio\",\"item\":\"https:\/\/portosigns.pt\/en\/\"},{\"@type\":\"ListItem\",\"position\":2,\"name\":\"Shop\",\"item\":\"https:\/\/portosigns.pt\/en\/shop\/\"},{\"@type\":\"ListItem\",\"position\":3,\"name\":\"Boots Care City Line Red\/White\"}]},{\"@type\":\"WebSite\",\"@id\":\"https:\/\/portosigns.pt\/en\/#website\",\"url\":\"https:\/\/portosigns.pt\/en\/\",\"name\":\"PORTOSIGNS. Loja Online\",\"description\":\"Produtos portugueses: Cer\u00e2mica, Corti\u00e7a, Saboaria e perfumaria, Barbearia, Vestu\u00e1rio e Cal\u00e7ado\",\"publisher\":{\"@id\":\"https:\/\/portosigns.pt\/en\/#organization\"},\"potentialAction\":[{\"@type\":\"SearchAction\",\"target\":{\"@type\":\"EntryPoint\",\"urlTemplate\":\"https:\/\/portosigns.pt\/en\/?s={search_term_string}\"},\"query-input\":{\"@type\":\"PropertyValueSpecification\",\"valueRequired\":true,\"valueName\":\"search_term_string\"}}],\"inLanguage\":\"en-US\"},{\"@type\":\"Organization\",\"@id\":\"https:\/\/portosigns.pt\/en\/#organization\",\"name\":\"Portosigns, Lda\",\"url\":\"https:\/\/portosigns.pt\/en\/\",\"logo\":{\"@type\":\"ImageObject\",\"inLanguage\":\"en-US\",\"@id\":\"https:\/\/portosigns.pt\/en\/#\/schema\/logo\/image\/\",\"url\":\"https:\/\/portosigns.pt\/wp-content\/uploads\/2020\/04\/logo-scaled.jpg\",\"contentUrl\":\"https:\/\/portosigns.pt\/wp-content\/uploads\/2020\/04\/logo-scaled.jpg\",\"width\":2560,\"height\":782,\"caption\":\"Portosigns, Lda\"},\"image\":{\"@id\":\"https:\/\/portosigns.pt\/en\/#\/schema\/logo\/image\/\"},\"sameAs\":[\"https:\/\/www.facebook.com\/Portosigns.pt\",\"https:\/\/www.instagram.com\/portosigns\/\",\"https:\/\/www.youtube.com\/watch?v=22oGHBzMlTg\"]}]}<\/script>\n<!-- \/ Yoast SEO plugin. -->","yoast_head_json":{"title":"Boots Care City Line | As Portuguesas - PORTOSIGNS. Loja OnlineBoots Care City Line Red\/White","description":"Boots Care City Line, AS PORTUGUESES. Very light and comfortable, they are an ideal option for the whole summer, because they are 100% natural.","robots":{"index":"index","follow":"follow","max-snippet":"max-snippet:-1","max-image-preview":"max-image-preview:large","max-video-preview":"max-video-preview:-1"},"canonical":"https:\/\/portosigns.pt\/produto\/botas-care-city-line-vermelho-branco\/","og_locale":"en_US","og_type":"article","og_title":"Boots Care City Line | As Portuguesas - PORTOSIGNS. Loja OnlineBoots Care City Line Red\/White","og_description":"Boots Care City Line, AS PORTUGUESES. Very light and comfortable, they are an ideal option for the whole summer, because they are 100% natural.","og_url":"https:\/\/portosigns.pt\/produto\/botas-care-city-line-vermelho-branco\/","og_site_name":"PORTOSIGNS. Loja Online","article_publisher":"https:\/\/www.facebook.com\/Portosigns.pt","article_modified_time":"2021-03-17T22:26:05+00:00","og_image":[{"width":500,"height":302,"url":"https:\/\/portosigns.pt\/wp-content\/uploads\/2020\/01\/P018046002.jpg","type":"image\/jpeg"}],"twitter_card":"summary_large_image","schema":{"@context":"https:\/\/schema.org","@graph":[{"@type":"WebPage","@id":"https:\/\/portosigns.pt\/produto\/botas-care-city-line-vermelho-branco\/","url":"https:\/\/portosigns.pt\/produto\/botas-care-city-line-vermelho-branco\/","name":"Boots Care City Line | As Portuguesas - PORTOSIGNS. Loja OnlineBoots Care City Line Red\/White","isPartOf":{"@id":"https:\/\/portosigns.pt\/en\/#website"},"primaryImageOfPage":{"@id":"https:\/\/portosigns.pt\/produto\/botas-care-city-line-vermelho-branco\/#primaryimage"},"image":{"@id":"https:\/\/portosigns.pt\/produto\/botas-care-city-line-vermelho-branco\/#primaryimage"},"thumbnailUrl":"https:\/\/portosigns.pt\/wp-content\/uploads\/2020\/01\/P018046002.jpg","datePublished":"2020-06-04T15:29:38+00:00","dateModified":"2021-03-17T22:26:05+00:00","description":"Boots Care City Line, AS PORTUGUESES. Very light and comfortable, they are an ideal option for the whole summer, because they are 100% natural.","breadcrumb":{"@id":"https:\/\/portosigns.pt\/produto\/botas-care-city-line-vermelho-branco\/#breadcrumb"},"inLanguage":"en-US","potentialAction":[{"@type":"ReadAction","target":["https:\/\/portosigns.pt\/produto\/botas-care-city-line-vermelho-branco\/"]}]},{"@type":"ImageObject","inLanguage":"en-US","@id":"https:\/\/portosigns.pt\/produto\/botas-care-city-line-vermelho-branco\/#primaryimage","url":"https:\/\/portosigns.pt\/wp-content\/uploads\/2020\/01\/P018046002.jpg","contentUrl":"https:\/\/portosigns.pt\/wp-content\/uploads\/2020\/01\/P018046002.jpg","width":500,"height":302,"caption":"Care"},{"@type":"BreadcrumbList","@id":"https:\/\/portosigns.pt\/produto\/botas-care-city-line-vermelho-branco\/#breadcrumb","itemListElement":[{"@type":"ListItem","position":1,"name":"In\u00edcio","item":"https:\/\/portosigns.pt\/en\/"},{"@type":"ListItem","position":2,"name":"Shop","item":"https:\/\/portosigns.pt\/en\/shop\/"},{"@type":"ListItem","position":3,"name":"Boots Care City Line Red\/White"}]},{"@type":"WebSite","@id":"https:\/\/portosigns.pt\/en\/#website","url":"https:\/\/portosigns.pt\/en\/","name":"PORTOSIGNS. Loja Online","description":"Produtos portugueses: Cer\u00e2mica, Corti\u00e7a, Saboaria e perfumaria, Barbearia, Vestu\u00e1rio e Cal\u00e7ado","publisher":{"@id":"https:\/\/portosigns.pt\/en\/#organization"},"potentialAction":[{"@type":"SearchAction","target":{"@type":"EntryPoint","urlTemplate":"https:\/\/portosigns.pt\/en\/?s={search_term_string}"},"query-input":{"@type":"PropertyValueSpecification","valueRequired":true,"valueName":"search_term_string"}}],"inLanguage":"en-US"},{"@type":"Organization","@id":"https:\/\/portosigns.pt\/en\/#organization","name":"Portosigns, Lda","url":"https:\/\/portosigns.pt\/en\/","logo":{"@type":"ImageObject","inLanguage":"en-US","@id":"https:\/\/portosigns.pt\/en\/#\/schema\/logo\/image\/","url":"https:\/\/portosigns.pt\/wp-content\/uploads\/2020\/04\/logo-scaled.jpg","contentUrl":"https:\/\/portosigns.pt\/wp-content\/uploads\/2020\/04\/logo-scaled.jpg","width":2560,"height":782,"caption":"Portosigns, Lda"},"image":{"@id":"https:\/\/portosigns.pt\/en\/#\/schema\/logo\/image\/"},"sameAs":["https:\/\/www.facebook.com\/Portosigns.pt","https:\/\/www.instagram.com\/portosigns\/","https:\/\/www.youtube.com\/watch?v=22oGHBzMlTg"]}]}},"jetpack_sharing_enabled":true,"_links":{"self":[{"href":"https:\/\/portosigns.pt\/en\/wp-json\/wp\/v2\/product\/10895"}],"collection":[{"href":"https:\/\/portosigns.pt\/en\/wp-json\/wp\/v2\/product"}],"about":[{"href":"https:\/\/portosigns.pt\/en\/wp-json\/wp\/v2\/types\/product"}],"wp:featuredmedia":[{"embeddable":true,"href":"https:\/\/portosigns.pt\/en\/wp-json\/wp\/v2\/media\/10896"}],"wp:attachment":[{"href":"https:\/\/portosigns.pt\/en\/wp-json\/wp\/v2\/media?parent=10895"}],"wp:term":[{"taxonomy":"product_cat","embeddable":true,"href":"https:\/\/portosigns.pt\/en\/wp-json\/wp\/v2\/product_cat?post=10895"},{"taxonomy":"product_tag","embeddable":true,"href":"https:\/\/portosigns.pt\/en\/wp-json\/wp\/v2\/product_tag?post=10895"}],"curies":[{"name":"wp","href":"https:\/\/api.w.org\/{rel}","templated":true}]}}