{"id":10876,"date":"2019-01-24T16:44:45","date_gmt":"2020-06-06T15:44:29","guid":{"rendered":"https:\/\/portosigns.pt\/?post_type=product&#038;p=10876"},"modified":"2020-06-08T15:49:48","modified_gmt":"2020-06-08T15:49:48","slug":"cork-bags-flower-bag-tx-70b","status":"publish","type":"product","link":"https:\/\/portosigns.pt\/en\/produto\/cork-bags-flower-bag-tx-70b\/","title":{"rendered":"Flower bag TX-70B"},"content":{"rendered":"<blockquote><p>Shoulder bag in cork fabric with zip and side pocket, also with zip. It has a long, thin shoulder strap. The interior has no compartments. The bag has a square shape.<\/p>\n<p>Dimensions (WxHxD): 20.5cm x 21cm x 1.5cm<br \/>\nCleaning: Waterproof, washable with soap and water<br \/>\nNote: Available in all patterns<\/p><\/blockquote>\n","protected":false},"excerpt":{"rendered":"<p>Bolsa a tiracolo em tecido de corti\u00e7a com fecho \u00e9clair e bolso lateral, tamb\u00e9m com fecho \u00e9clair. Tem uma al\u00e7a comprida e fina para o ombro. O interior n\u00e3o tem compartimentos. A bolsa tem formato quadrado.<\/p>\n","protected":false},"featured_media":5167,"template":"","meta":[],"product_cat":[1212,1197,1054],"product_tag":[1014,1055,1056,1023],"yoast_head":"<!-- This site is optimized with the Yoast SEO plugin v23.5 - https:\/\/yoast.com\/wordpress\/plugins\/seo\/ -->\n<title>Cork flower bag TX-70B - PORTOSIGNS. Loja Online<\/title>\n<meta name=\"description\" content=\"Shoulder flower bag in cork with zip and side pocket, also with zip. It has a long, thin shoulder strap. The interior has no compartments.\" \/>\n<meta name=\"robots\" content=\"index, follow, max-snippet:-1, max-image-preview:large, max-video-preview:-1\" \/>\n<link rel=\"canonical\" href=\"https:\/\/portosigns.pt\/en\/produto\/cork-bags-flower-bag-tx-70b\/\" \/>\n<meta property=\"og:locale\" content=\"en_US\" \/>\n<meta property=\"og:type\" content=\"article\" \/>\n<meta property=\"og:title\" content=\"Cork flower bag TX-70B - PORTOSIGNS. Loja Online\" \/>\n<meta property=\"og:description\" content=\"Shoulder flower bag in cork with zip and side pocket, also with zip. It has a long, thin shoulder strap. The interior has no compartments.\" \/>\n<meta property=\"og:url\" content=\"https:\/\/portosigns.pt\/en\/produto\/cork-bags-flower-bag-tx-70b\/\" \/>\n<meta property=\"og:site_name\" content=\"PORTOSIGNS. Loja Online\" \/>\n<meta property=\"article:publisher\" content=\"https:\/\/www.facebook.com\/Portosigns.pt\" \/>\n<meta property=\"article:modified_time\" content=\"2020-06-08T15:49:48+00:00\" \/>\n<meta property=\"og:image\" content=\"https:\/\/portosigns.pt\/wp-content\/uploads\/2018\/07\/TX70B_04.png\" \/>\n\t<meta property=\"og:image:width\" content=\"642\" \/>\n\t<meta property=\"og:image:height\" content=\"430\" \/>\n\t<meta property=\"og:image:type\" content=\"image\/png\" \/>\n<meta name=\"twitter:card\" content=\"summary_large_image\" \/>\n<script type=\"application\/ld+json\" class=\"yoast-schema-graph\">{\"@context\":\"https:\/\/schema.org\",\"@graph\":[{\"@type\":\"WebPage\",\"@id\":\"https:\/\/portosigns.pt\/en\/produto\/cork-bags-flower-bag-tx-70b\/\",\"url\":\"https:\/\/portosigns.pt\/en\/produto\/cork-bags-flower-bag-tx-70b\/\",\"name\":\"Cork flower bag TX-70B - PORTOSIGNS. Loja Online\",\"isPartOf\":{\"@id\":\"https:\/\/portosigns.pt\/en\/#website\"},\"primaryImageOfPage\":{\"@id\":\"https:\/\/portosigns.pt\/en\/produto\/cork-bags-flower-bag-tx-70b\/#primaryimage\"},\"image\":{\"@id\":\"https:\/\/portosigns.pt\/en\/produto\/cork-bags-flower-bag-tx-70b\/#primaryimage\"},\"thumbnailUrl\":\"https:\/\/portosigns.pt\/wp-content\/uploads\/2018\/07\/TX70B_04.png\",\"datePublished\":\"2020-06-06T15:44:29+00:00\",\"dateModified\":\"2020-06-08T15:49:48+00:00\",\"description\":\"Shoulder flower bag in cork with zip and side pocket, also with zip. It has a long, thin shoulder strap. The interior has no compartments.\",\"breadcrumb\":{\"@id\":\"https:\/\/portosigns.pt\/en\/produto\/cork-bags-flower-bag-tx-70b\/#breadcrumb\"},\"inLanguage\":\"en-US\",\"potentialAction\":[{\"@type\":\"ReadAction\",\"target\":[\"https:\/\/portosigns.pt\/en\/produto\/cork-bags-flower-bag-tx-70b\/\"]}]},{\"@type\":\"ImageObject\",\"inLanguage\":\"en-US\",\"@id\":\"https:\/\/portosigns.pt\/en\/produto\/cork-bags-flower-bag-tx-70b\/#primaryimage\",\"url\":\"https:\/\/portosigns.pt\/wp-content\/uploads\/2018\/07\/TX70B_04.png\",\"contentUrl\":\"https:\/\/portosigns.pt\/wp-content\/uploads\/2018\/07\/TX70B_04.png\",\"width\":642,\"height\":430,\"caption\":\"Cork flower bag TX-70B\"},{\"@type\":\"BreadcrumbList\",\"@id\":\"https:\/\/portosigns.pt\/en\/produto\/cork-bags-flower-bag-tx-70b\/#breadcrumb\",\"itemListElement\":[{\"@type\":\"ListItem\",\"position\":1,\"name\":\"In\u00edcio\",\"item\":\"https:\/\/portosigns.pt\/en\/\"},{\"@type\":\"ListItem\",\"position\":2,\"name\":\"Shop\",\"item\":\"https:\/\/portosigns.pt\/en\/shop\/\"},{\"@type\":\"ListItem\",\"position\":3,\"name\":\"Flower bag TX-70B\"}]},{\"@type\":\"WebSite\",\"@id\":\"https:\/\/portosigns.pt\/en\/#website\",\"url\":\"https:\/\/portosigns.pt\/en\/\",\"name\":\"PORTOSIGNS. Loja Online\",\"description\":\"Produtos portugueses: Cer\u00e2mica, Corti\u00e7a, Saboaria e perfumaria, Barbearia, Vestu\u00e1rio e Cal\u00e7ado\",\"publisher\":{\"@id\":\"https:\/\/portosigns.pt\/en\/#organization\"},\"potentialAction\":[{\"@type\":\"SearchAction\",\"target\":{\"@type\":\"EntryPoint\",\"urlTemplate\":\"https:\/\/portosigns.pt\/en\/?s={search_term_string}\"},\"query-input\":{\"@type\":\"PropertyValueSpecification\",\"valueRequired\":true,\"valueName\":\"search_term_string\"}}],\"inLanguage\":\"en-US\"},{\"@type\":\"Organization\",\"@id\":\"https:\/\/portosigns.pt\/en\/#organization\",\"name\":\"Portosigns, Lda\",\"url\":\"https:\/\/portosigns.pt\/en\/\",\"logo\":{\"@type\":\"ImageObject\",\"inLanguage\":\"en-US\",\"@id\":\"https:\/\/portosigns.pt\/en\/#\/schema\/logo\/image\/\",\"url\":\"https:\/\/portosigns.pt\/wp-content\/uploads\/2020\/04\/logo-scaled.jpg\",\"contentUrl\":\"https:\/\/portosigns.pt\/wp-content\/uploads\/2020\/04\/logo-scaled.jpg\",\"width\":2560,\"height\":782,\"caption\":\"Portosigns, Lda\"},\"image\":{\"@id\":\"https:\/\/portosigns.pt\/en\/#\/schema\/logo\/image\/\"},\"sameAs\":[\"https:\/\/www.facebook.com\/Portosigns.pt\",\"https:\/\/www.instagram.com\/portosigns\/\",\"https:\/\/www.youtube.com\/watch?v=22oGHBzMlTg\"]}]}<\/script>\n<!-- \/ Yoast SEO plugin. -->","yoast_head_json":{"title":"Cork flower bag TX-70B - PORTOSIGNS. Loja Online","description":"Shoulder flower bag in cork with zip and side pocket, also with zip. It has a long, thin shoulder strap. The interior has no compartments.","robots":{"index":"index","follow":"follow","max-snippet":"max-snippet:-1","max-image-preview":"max-image-preview:large","max-video-preview":"max-video-preview:-1"},"canonical":"https:\/\/portosigns.pt\/en\/produto\/cork-bags-flower-bag-tx-70b\/","og_locale":"en_US","og_type":"article","og_title":"Cork flower bag TX-70B - PORTOSIGNS. Loja Online","og_description":"Shoulder flower bag in cork with zip and side pocket, also with zip. It has a long, thin shoulder strap. The interior has no compartments.","og_url":"https:\/\/portosigns.pt\/en\/produto\/cork-bags-flower-bag-tx-70b\/","og_site_name":"PORTOSIGNS. Loja Online","article_publisher":"https:\/\/www.facebook.com\/Portosigns.pt","article_modified_time":"2020-06-08T15:49:48+00:00","og_image":[{"width":642,"height":430,"url":"https:\/\/portosigns.pt\/wp-content\/uploads\/2018\/07\/TX70B_04.png","type":"image\/png"}],"twitter_card":"summary_large_image","schema":{"@context":"https:\/\/schema.org","@graph":[{"@type":"WebPage","@id":"https:\/\/portosigns.pt\/en\/produto\/cork-bags-flower-bag-tx-70b\/","url":"https:\/\/portosigns.pt\/en\/produto\/cork-bags-flower-bag-tx-70b\/","name":"Cork flower bag TX-70B - PORTOSIGNS. Loja Online","isPartOf":{"@id":"https:\/\/portosigns.pt\/en\/#website"},"primaryImageOfPage":{"@id":"https:\/\/portosigns.pt\/en\/produto\/cork-bags-flower-bag-tx-70b\/#primaryimage"},"image":{"@id":"https:\/\/portosigns.pt\/en\/produto\/cork-bags-flower-bag-tx-70b\/#primaryimage"},"thumbnailUrl":"https:\/\/portosigns.pt\/wp-content\/uploads\/2018\/07\/TX70B_04.png","datePublished":"2020-06-06T15:44:29+00:00","dateModified":"2020-06-08T15:49:48+00:00","description":"Shoulder flower bag in cork with zip and side pocket, also with zip. It has a long, thin shoulder strap. The interior has no compartments.","breadcrumb":{"@id":"https:\/\/portosigns.pt\/en\/produto\/cork-bags-flower-bag-tx-70b\/#breadcrumb"},"inLanguage":"en-US","potentialAction":[{"@type":"ReadAction","target":["https:\/\/portosigns.pt\/en\/produto\/cork-bags-flower-bag-tx-70b\/"]}]},{"@type":"ImageObject","inLanguage":"en-US","@id":"https:\/\/portosigns.pt\/en\/produto\/cork-bags-flower-bag-tx-70b\/#primaryimage","url":"https:\/\/portosigns.pt\/wp-content\/uploads\/2018\/07\/TX70B_04.png","contentUrl":"https:\/\/portosigns.pt\/wp-content\/uploads\/2018\/07\/TX70B_04.png","width":642,"height":430,"caption":"Cork flower bag TX-70B"},{"@type":"BreadcrumbList","@id":"https:\/\/portosigns.pt\/en\/produto\/cork-bags-flower-bag-tx-70b\/#breadcrumb","itemListElement":[{"@type":"ListItem","position":1,"name":"In\u00edcio","item":"https:\/\/portosigns.pt\/en\/"},{"@type":"ListItem","position":2,"name":"Shop","item":"https:\/\/portosigns.pt\/en\/shop\/"},{"@type":"ListItem","position":3,"name":"Flower bag TX-70B"}]},{"@type":"WebSite","@id":"https:\/\/portosigns.pt\/en\/#website","url":"https:\/\/portosigns.pt\/en\/","name":"PORTOSIGNS. Loja Online","description":"Produtos portugueses: Cer\u00e2mica, Corti\u00e7a, Saboaria e perfumaria, Barbearia, Vestu\u00e1rio e Cal\u00e7ado","publisher":{"@id":"https:\/\/portosigns.pt\/en\/#organization"},"potentialAction":[{"@type":"SearchAction","target":{"@type":"EntryPoint","urlTemplate":"https:\/\/portosigns.pt\/en\/?s={search_term_string}"},"query-input":{"@type":"PropertyValueSpecification","valueRequired":true,"valueName":"search_term_string"}}],"inLanguage":"en-US"},{"@type":"Organization","@id":"https:\/\/portosigns.pt\/en\/#organization","name":"Portosigns, Lda","url":"https:\/\/portosigns.pt\/en\/","logo":{"@type":"ImageObject","inLanguage":"en-US","@id":"https:\/\/portosigns.pt\/en\/#\/schema\/logo\/image\/","url":"https:\/\/portosigns.pt\/wp-content\/uploads\/2020\/04\/logo-scaled.jpg","contentUrl":"https:\/\/portosigns.pt\/wp-content\/uploads\/2020\/04\/logo-scaled.jpg","width":2560,"height":782,"caption":"Portosigns, Lda"},"image":{"@id":"https:\/\/portosigns.pt\/en\/#\/schema\/logo\/image\/"},"sameAs":["https:\/\/www.facebook.com\/Portosigns.pt","https:\/\/www.instagram.com\/portosigns\/","https:\/\/www.youtube.com\/watch?v=22oGHBzMlTg"]}]}},"jetpack_sharing_enabled":true,"_links":{"self":[{"href":"https:\/\/portosigns.pt\/en\/wp-json\/wp\/v2\/product\/10876"}],"collection":[{"href":"https:\/\/portosigns.pt\/en\/wp-json\/wp\/v2\/product"}],"about":[{"href":"https:\/\/portosigns.pt\/en\/wp-json\/wp\/v2\/types\/product"}],"wp:featuredmedia":[{"embeddable":true,"href":"https:\/\/portosigns.pt\/en\/wp-json\/wp\/v2\/media\/5167"}],"wp:attachment":[{"href":"https:\/\/portosigns.pt\/en\/wp-json\/wp\/v2\/media?parent=10876"}],"wp:term":[{"taxonomy":"product_cat","embeddable":true,"href":"https:\/\/portosigns.pt\/en\/wp-json\/wp\/v2\/product_cat?post=10876"},{"taxonomy":"product_tag","embeddable":true,"href":"https:\/\/portosigns.pt\/en\/wp-json\/wp\/v2\/product_tag?post=10876"}],"curies":[{"name":"wp","href":"https:\/\/api.w.org\/{rel}","templated":true}]}}