{"id":12511,"date":"2020-10-03T20:14:54","date_gmt":"2020-10-03T20:14:54","guid":{"rendered":"https:\/\/portosigns.pt\/?page_id=12511"},"modified":"2021-05-02T16:53:56","modified_gmt":"2021-05-02T16:53:56","slug":"cork-patterns","status":"publish","type":"page","link":"https:\/\/portosigns.pt\/en\/cork-patterns\/","title":{"rendered":"Cork Patterns"},"content":{"rendered":"<p>[vc_row css=&#8221;.vc_custom_1602421957620{padding-top: 20px !important;padding-bottom: 20px !important;}&#8221; mobile_bg_img_hidden=&#8221;no&#8221; tablet_bg_img_hidden=&#8221;no&#8221; woodmart_parallax=&#8221;0&#8243; woodmart_gradient_switch=&#8221;no&#8221; row_reverse_mobile=&#8221;0&#8243; row_reverse_tablet=&#8221;0&#8243; woodmart_disable_overflow=&#8221;0&#8243;][vc_column][vc_column_text text_larger=&#8221;no&#8221;]<\/p>\n<h5 style=\"font-weight: 200; text-align: left;\"><strong>Our standards are varied and very sophisticated. These are just a few\u2026 Do you want to choose the pattern and model to produce?<\/strong><\/h5>\n<p><strong>The cork patterns are made up laminated sheets of natural cork or very thin clusters.<\/strong><br \/>\n<strong>Usually these sheets are laminated with a thickness of 50-500mm, which is always worked manually, with a textile support.<\/strong><br \/>\n<strong>The finite comrades of cork are glued side by side, until they complete a sheet or roll of fabric. This application reveals therefore the texture and nerves of the cork that you can touch and feel.<\/strong><br \/>\n<strong>The various patterns produced are widely used in accessories, notably in branding, fashion and clothing.<\/strong>[\/vc_column_text][vc_column_text text_larger=&#8221;no&#8221;]<\/p>\n<h3 style=\"text-align: center;\">Take a look at our cork patterns:<\/h3>\n<p>[\/vc_column_text][\/vc_column][\/vc_row][vc_row][vc_column width=&#8221;1\/5&#8243; mobile_bg_img_hidden=&#8221;no&#8221; tablet_bg_img_hidden=&#8221;no&#8221; woodmart_parallax=&#8221;0&#8243; woodmart_sticky_column=&#8221;false&#8221; el_class=&#8221;TIGRE&#8221; parallax_scroll=&#8221;no&#8221; mobile_reset_margin=&#8221;no&#8221; tablet_reset_margin=&#8221;no&#8221;][vc_single_image image=&#8221;9065&#8243; onclick=&#8221;link_image&#8221; parallax_scroll=&#8221;no&#8221;][vc_column_text text_larger=&#8221;no&#8221;]GOLD-LOS-ANGELES[\/vc_column_text][\/vc_column][vc_column width=&#8221;1\/5&#8243;][vc_single_image image=&#8221;9062&#8243; onclick=&#8221;link_image&#8221; parallax_scroll=&#8221;no&#8221;][vc_column_text text_larger=&#8221;no&#8221;]GOLD-FLOREN\u00c7A[\/vc_column_text][\/vc_column][vc_column width=&#8221;1\/5&#8243;][vc_single_image image=&#8221;9057&#8243; onclick=&#8221;link_image&#8221; parallax_scroll=&#8221;no&#8221;][vc_column_text text_larger=&#8221;no&#8221;]GOLD-CAPRI[\/vc_column_text][\/vc_column][vc_column width=&#8221;1\/5&#8243;][vc_single_image image=&#8221;9071&#8243; onclick=&#8221;link_image&#8221; parallax_scroll=&#8221;no&#8221;][vc_column_text text_larger=&#8221;no&#8221;]GOLD-ROMA[\/vc_column_text][\/vc_column][vc_column width=&#8221;1\/5&#8243;][vc_single_image image=&#8221;9054&#8243; onclick=&#8221;link_image&#8221; parallax_scroll=&#8221;no&#8221;][vc_column_text text_larger=&#8221;no&#8221;]TEXAS-ESCURO[\/vc_column_text][\/vc_column][\/vc_row][vc_row][vc_column width=&#8221;1\/5&#8243;][vc_single_image image=&#8221;9051&#8243; onclick=&#8221;link_image&#8221; parallax_scroll=&#8221;no&#8221;][vc_column_text text_larger=&#8221;no&#8221;]TEXAS-CLARO[\/vc_column_text][vc_single_image image=&#8221;9074&#8243; onclick=&#8221;link_image&#8221; parallax_scroll=&#8221;no&#8221;][vc_column_text text_larger=&#8221;no&#8221;]GOLD-VENEZA[\/vc_column_text][vc_single_image image=&#8221;15531&#8243; onclick=&#8221;link_image&#8221; parallax_scroll=&#8221;no&#8221;][vc_column_text text_larger=&#8221;no&#8221;]NAZAR\u00c9[\/vc_column_text][vc_single_image image=&#8221;15555&#8243; onclick=&#8221;link_image&#8221; parallax_scroll=&#8221;no&#8221;][vc_column_text text_larger=&#8221;no&#8221;]SUMATRA-CLARO[\/vc_column_text][vc_single_image image=&#8221;9019&#8243; onclick=&#8221;link_image&#8221; parallax_scroll=&#8221;no&#8221;][vc_column_text text_larger=&#8221;no&#8221;]CLASSIC-RUSTICO[\/vc_column_text][\/vc_column][vc_column width=&#8221;1\/5&#8243;][vc_single_image image=&#8221;9015&#8243; onclick=&#8221;link_image&#8221; parallax_scroll=&#8221;no&#8221;][vc_column_text text_larger=&#8221;no&#8221;]CLASSIC-ZEBRA[\/vc_column_text][vc_single_image image=&#8221;15525&#8243; onclick=&#8221;link_image&#8221; parallax_scroll=&#8221;no&#8221;][vc_column_text text_larger=&#8221;no&#8221;]LISBOA[\/vc_column_text][vc_single_image image=&#8221;15551&#8243; onclick=&#8221;link_image&#8221; parallax_scroll=&#8221;no&#8221;][vc_column_text text_larger=&#8221;no&#8221;]SINTRA[\/vc_column_text][vc_single_image image=&#8221;15533&#8243; onclick=&#8221;link_image&#8221; parallax_scroll=&#8221;no&#8221;][vc_column_text text_larger=&#8221;no&#8221;]OKAPI[\/vc_column_text][vc_single_image image=&#8221;9051&#8243; onclick=&#8221;link_image&#8221; parallax_scroll=&#8221;no&#8221;][vc_column_text text_larger=&#8221;no&#8221;]TEXAS 137[\/vc_column_text][\/vc_column][vc_column width=&#8221;1\/5&#8243;][vc_single_image image=&#8221;9068&#8243; onclick=&#8221;link_image&#8221; parallax_scroll=&#8221;no&#8221;][vc_column_text text_larger=&#8221;no&#8221;]GOLD-MIL\u00c3O[\/vc_column_text][vc_single_image image=&#8221;15545&#8243; onclick=&#8221;link_image&#8221; parallax_scroll=&#8221;no&#8221;][vc_column_text text_larger=&#8221;no&#8221;]RETALHOS[\/vc_column_text][vc_single_image image=&#8221;15559&#8243; onclick=&#8221;link_image&#8221; parallax_scroll=&#8221;no&#8221;][vc_column_text text_larger=&#8221;no&#8221;]TARTARUGA[\/vc_column_text][vc_single_image image=&#8221;15553&#8243; onclick=&#8221;link_image&#8221; parallax_scroll=&#8221;no&#8221;][vc_column_text text_larger=&#8221;no&#8221;]SNAKE[\/vc_column_text][vc_single_image image=&#8221;9048&#8243; onclick=&#8221;link_image&#8221; parallax_scroll=&#8221;no&#8221;][vc_column_text text_larger=&#8221;no&#8221;]TEXAS 138[\/vc_column_text][\/vc_column][vc_column width=&#8221;1\/5&#8243;][vc_single_image image=&#8221;9027&#8243; onclick=&#8221;link_image&#8221; parallax_scroll=&#8221;no&#8221;][vc_column_text text_larger=&#8221;no&#8221;]CLASSIC-HAWAI[\/vc_column_text][vc_single_image image=&#8221;15519&#8243; onclick=&#8221;link_image&#8221; parallax_scroll=&#8221;no&#8221;][vc_column_text text_larger=&#8221;no&#8221;]\u00c9VORA[\/vc_column_text][vc_single_image image=&#8221;15537&#8243; onclick=&#8221;link_image&#8221; parallax_scroll=&#8221;no&#8221;][vc_column_text text_larger=&#8221;no&#8221;]PITON[\/vc_column_text][vc_single_image image=&#8221;15515&#8243; onclick=&#8221;link_image&#8221; parallax_scroll=&#8221;no&#8221;][vc_column_text text_larger=&#8221;no&#8221;]CROCO[\/vc_column_text][vc_single_image image=&#8221;9054&#8243; onclick=&#8221;link_image&#8221; parallax_scroll=&#8221;no&#8221;][vc_column_text text_larger=&#8221;no&#8221;]TEXAS 139[\/vc_column_text][\/vc_column][vc_column width=&#8221;1\/5&#8243;][vc_single_image image=&#8221;15521&#8243; onclick=&#8221;link_image&#8221; parallax_scroll=&#8221;no&#8221;][vc_column_text text_larger=&#8221;no&#8221;]GIRAFA[\/vc_column_text][vc_single_image image=&#8221;15539&#8243; onclick=&#8221;link_image&#8221; parallax_scroll=&#8221;no&#8221;][vc_column_text text_larger=&#8221;no&#8221;]PORTO[\/vc_column_text][vc_single_image image=&#8221;15557&#8243; onclick=&#8221;link_image&#8221; parallax_scroll=&#8221;no&#8221;][vc_column_text text_larger=&#8221;no&#8221;]SUMATRA-ESCURO[\/vc_column_text][vc_single_image image=&#8221;9021&#8243; onclick=&#8221;link_image&#8221; parallax_scroll=&#8221;no&#8221;][vc_column_text text_larger=&#8221;no&#8221;]CLASSIC-NATURAL[\/vc_column_text][\/vc_column][\/vc_row]<\/p>\n","protected":false},"excerpt":{"rendered":"<p>[vc_row css=&#8221;.vc_custom_1602421957620{padding-top: 20px !important;padding-bottom: 20px !important;}&#8221; mobile_bg_img_hidden=&#8221;no&#8221; tablet_bg_img_hidden=&#8221;no&#8221; woodmart_parallax=&#8221;0&#8243; woodmart_gradient_switch=&#8221;no&#8221; row_reverse_mobile=&#8221;0&#8243; row_reverse_tablet=&#8221;0&#8243; woodmart_disable_overflow=&#8221;0&#8243;][vc_column][vc_column_text text_larger=&#8221;no&#8221;] Our standards are varied and very<\/p>\n","protected":false},"author":2,"featured_media":11894,"parent":0,"menu_order":0,"comment_status":"closed","ping_status":"closed","template":"","meta":{"footnotes":""},"yoast_head":"<!-- This site is optimized with the Yoast SEO plugin v23.5 - https:\/\/yoast.com\/wordpress\/plugins\/seo\/ -->\n<title>Cork Patterns | Cork Tissue - PORTOSIGNS. Loja Online<\/title>\n<meta name=\"description\" content=\"Cork patterns are born in the manufacture of cork fabric. They are then used in leather goods, fashion and clothing.\" \/>\n<meta name=\"robots\" content=\"index, follow, max-snippet:-1, max-image-preview:large, max-video-preview:-1\" \/>\n<link rel=\"canonical\" href=\"https:\/\/portosigns.pt\/en\/cork-patterns\/\" \/>\n<meta property=\"og:locale\" content=\"en_US\" \/>\n<meta property=\"og:type\" content=\"article\" \/>\n<meta property=\"og:title\" content=\"Cork Patterns | Cork Tissue - PORTOSIGNS. Loja Online\" \/>\n<meta property=\"og:description\" content=\"Cork patterns are born in the manufacture of cork fabric. They are then used in leather goods, fashion and clothing.\" \/>\n<meta property=\"og:url\" content=\"https:\/\/portosigns.pt\/en\/cork-patterns\/\" \/>\n<meta property=\"og:site_name\" content=\"PORTOSIGNS. Loja Online\" \/>\n<meta property=\"article:publisher\" content=\"https:\/\/www.facebook.com\/Portosigns.pt\" \/>\n<meta property=\"article:modified_time\" content=\"2021-05-02T16:53:56+00:00\" \/>\n<meta property=\"og:image\" content=\"https:\/\/portosigns.pt\/wp-content\/uploads\/2019\/01\/IMG_0123-horizontal-1024x683.jpg\" \/>\n\t<meta property=\"og:image:width\" content=\"1024\" \/>\n\t<meta property=\"og:image:height\" content=\"683\" \/>\n\t<meta property=\"og:image:type\" content=\"image\/jpeg\" \/>\n<meta name=\"twitter:card\" content=\"summary_large_image\" \/>\n<meta name=\"twitter:label1\" content=\"Est. reading time\" \/>\n\t<meta name=\"twitter:data1\" content=\"2 minutes\" \/>\n<script type=\"application\/ld+json\" class=\"yoast-schema-graph\">{\"@context\":\"https:\/\/schema.org\",\"@graph\":[{\"@type\":\"WebPage\",\"@id\":\"https:\/\/portosigns.pt\/en\/cork-patterns\/\",\"url\":\"https:\/\/portosigns.pt\/en\/cork-patterns\/\",\"name\":\"Cork Patterns | Cork Tissue - PORTOSIGNS. Loja Online\",\"isPartOf\":{\"@id\":\"https:\/\/portosigns.pt\/en\/#website\"},\"primaryImageOfPage\":{\"@id\":\"https:\/\/portosigns.pt\/en\/cork-patterns\/#primaryimage\"},\"image\":{\"@id\":\"https:\/\/portosigns.pt\/en\/cork-patterns\/#primaryimage\"},\"thumbnailUrl\":\"https:\/\/portosigns.pt\/wp-content\/uploads\/2019\/01\/IMG_0123-horizontal.jpg\",\"datePublished\":\"2020-10-03T20:14:54+00:00\",\"dateModified\":\"2021-05-02T16:53:56+00:00\",\"description\":\"Cork patterns are born in the manufacture of cork fabric. They are then used in leather goods, fashion and clothing.\",\"breadcrumb\":{\"@id\":\"https:\/\/portosigns.pt\/en\/cork-patterns\/#breadcrumb\"},\"inLanguage\":\"en-US\",\"potentialAction\":[{\"@type\":\"ReadAction\",\"target\":[\"https:\/\/portosigns.pt\/en\/cork-patterns\/\"]}]},{\"@type\":\"ImageObject\",\"inLanguage\":\"en-US\",\"@id\":\"https:\/\/portosigns.pt\/en\/cork-patterns\/#primaryimage\",\"url\":\"https:\/\/portosigns.pt\/wp-content\/uploads\/2019\/01\/IMG_0123-horizontal.jpg\",\"contentUrl\":\"https:\/\/portosigns.pt\/wp-content\/uploads\/2019\/01\/IMG_0123-horizontal.jpg\",\"width\":2136,\"height\":1424,\"caption\":\"Padr\u00e3o Corti\u00e7a\"},{\"@type\":\"BreadcrumbList\",\"@id\":\"https:\/\/portosigns.pt\/en\/cork-patterns\/#breadcrumb\",\"itemListElement\":[{\"@type\":\"ListItem\",\"position\":1,\"name\":\"In\u00edcio\",\"item\":\"https:\/\/portosigns.pt\/en\/\"},{\"@type\":\"ListItem\",\"position\":2,\"name\":\"Cork Patterns\"}]},{\"@type\":\"WebSite\",\"@id\":\"https:\/\/portosigns.pt\/en\/#website\",\"url\":\"https:\/\/portosigns.pt\/en\/\",\"name\":\"PORTOSIGNS. Loja Online\",\"description\":\"Produtos portugueses: Cer\u00e2mica, Corti\u00e7a, Saboaria e perfumaria, Barbearia, Vestu\u00e1rio e Cal\u00e7ado\",\"publisher\":{\"@id\":\"https:\/\/portosigns.pt\/en\/#organization\"},\"potentialAction\":[{\"@type\":\"SearchAction\",\"target\":{\"@type\":\"EntryPoint\",\"urlTemplate\":\"https:\/\/portosigns.pt\/en\/?s={search_term_string}\"},\"query-input\":{\"@type\":\"PropertyValueSpecification\",\"valueRequired\":true,\"valueName\":\"search_term_string\"}}],\"inLanguage\":\"en-US\"},{\"@type\":\"Organization\",\"@id\":\"https:\/\/portosigns.pt\/en\/#organization\",\"name\":\"Portosigns, Lda\",\"url\":\"https:\/\/portosigns.pt\/en\/\",\"logo\":{\"@type\":\"ImageObject\",\"inLanguage\":\"en-US\",\"@id\":\"https:\/\/portosigns.pt\/en\/#\/schema\/logo\/image\/\",\"url\":\"https:\/\/portosigns.pt\/wp-content\/uploads\/2020\/04\/logo-scaled.jpg\",\"contentUrl\":\"https:\/\/portosigns.pt\/wp-content\/uploads\/2020\/04\/logo-scaled.jpg\",\"width\":2560,\"height\":782,\"caption\":\"Portosigns, Lda\"},\"image\":{\"@id\":\"https:\/\/portosigns.pt\/en\/#\/schema\/logo\/image\/\"},\"sameAs\":[\"https:\/\/www.facebook.com\/Portosigns.pt\",\"https:\/\/www.instagram.com\/portosigns\/\",\"https:\/\/www.youtube.com\/watch?v=22oGHBzMlTg\"]}]}<\/script>\n<!-- \/ Yoast SEO plugin. -->","yoast_head_json":{"title":"Cork Patterns | Cork Tissue - PORTOSIGNS. Loja Online","description":"Cork patterns are born in the manufacture of cork fabric. They are then used in leather goods, fashion and clothing.","robots":{"index":"index","follow":"follow","max-snippet":"max-snippet:-1","max-image-preview":"max-image-preview:large","max-video-preview":"max-video-preview:-1"},"canonical":"https:\/\/portosigns.pt\/en\/cork-patterns\/","og_locale":"en_US","og_type":"article","og_title":"Cork Patterns | Cork Tissue - PORTOSIGNS. Loja Online","og_description":"Cork patterns are born in the manufacture of cork fabric. They are then used in leather goods, fashion and clothing.","og_url":"https:\/\/portosigns.pt\/en\/cork-patterns\/","og_site_name":"PORTOSIGNS. Loja Online","article_publisher":"https:\/\/www.facebook.com\/Portosigns.pt","article_modified_time":"2021-05-02T16:53:56+00:00","og_image":[{"width":1024,"height":683,"url":"https:\/\/portosigns.pt\/wp-content\/uploads\/2019\/01\/IMG_0123-horizontal-1024x683.jpg","type":"image\/jpeg"}],"twitter_card":"summary_large_image","twitter_misc":{"Est. reading time":"2 minutes"},"schema":{"@context":"https:\/\/schema.org","@graph":[{"@type":"WebPage","@id":"https:\/\/portosigns.pt\/en\/cork-patterns\/","url":"https:\/\/portosigns.pt\/en\/cork-patterns\/","name":"Cork Patterns | Cork Tissue - PORTOSIGNS. Loja Online","isPartOf":{"@id":"https:\/\/portosigns.pt\/en\/#website"},"primaryImageOfPage":{"@id":"https:\/\/portosigns.pt\/en\/cork-patterns\/#primaryimage"},"image":{"@id":"https:\/\/portosigns.pt\/en\/cork-patterns\/#primaryimage"},"thumbnailUrl":"https:\/\/portosigns.pt\/wp-content\/uploads\/2019\/01\/IMG_0123-horizontal.jpg","datePublished":"2020-10-03T20:14:54+00:00","dateModified":"2021-05-02T16:53:56+00:00","description":"Cork patterns are born in the manufacture of cork fabric. They are then used in leather goods, fashion and clothing.","breadcrumb":{"@id":"https:\/\/portosigns.pt\/en\/cork-patterns\/#breadcrumb"},"inLanguage":"en-US","potentialAction":[{"@type":"ReadAction","target":["https:\/\/portosigns.pt\/en\/cork-patterns\/"]}]},{"@type":"ImageObject","inLanguage":"en-US","@id":"https:\/\/portosigns.pt\/en\/cork-patterns\/#primaryimage","url":"https:\/\/portosigns.pt\/wp-content\/uploads\/2019\/01\/IMG_0123-horizontal.jpg","contentUrl":"https:\/\/portosigns.pt\/wp-content\/uploads\/2019\/01\/IMG_0123-horizontal.jpg","width":2136,"height":1424,"caption":"Padr\u00e3o Corti\u00e7a"},{"@type":"BreadcrumbList","@id":"https:\/\/portosigns.pt\/en\/cork-patterns\/#breadcrumb","itemListElement":[{"@type":"ListItem","position":1,"name":"In\u00edcio","item":"https:\/\/portosigns.pt\/en\/"},{"@type":"ListItem","position":2,"name":"Cork Patterns"}]},{"@type":"WebSite","@id":"https:\/\/portosigns.pt\/en\/#website","url":"https:\/\/portosigns.pt\/en\/","name":"PORTOSIGNS. Loja Online","description":"Produtos portugueses: Cer\u00e2mica, Corti\u00e7a, Saboaria e perfumaria, Barbearia, Vestu\u00e1rio e Cal\u00e7ado","publisher":{"@id":"https:\/\/portosigns.pt\/en\/#organization"},"potentialAction":[{"@type":"SearchAction","target":{"@type":"EntryPoint","urlTemplate":"https:\/\/portosigns.pt\/en\/?s={search_term_string}"},"query-input":{"@type":"PropertyValueSpecification","valueRequired":true,"valueName":"search_term_string"}}],"inLanguage":"en-US"},{"@type":"Organization","@id":"https:\/\/portosigns.pt\/en\/#organization","name":"Portosigns, Lda","url":"https:\/\/portosigns.pt\/en\/","logo":{"@type":"ImageObject","inLanguage":"en-US","@id":"https:\/\/portosigns.pt\/en\/#\/schema\/logo\/image\/","url":"https:\/\/portosigns.pt\/wp-content\/uploads\/2020\/04\/logo-scaled.jpg","contentUrl":"https:\/\/portosigns.pt\/wp-content\/uploads\/2020\/04\/logo-scaled.jpg","width":2560,"height":782,"caption":"Portosigns, Lda"},"image":{"@id":"https:\/\/portosigns.pt\/en\/#\/schema\/logo\/image\/"},"sameAs":["https:\/\/www.facebook.com\/Portosigns.pt","https:\/\/www.instagram.com\/portosigns\/","https:\/\/www.youtube.com\/watch?v=22oGHBzMlTg"]}]}},"jetpack_sharing_enabled":true,"_links":{"self":[{"href":"https:\/\/portosigns.pt\/en\/wp-json\/wp\/v2\/pages\/12511"}],"collection":[{"href":"https:\/\/portosigns.pt\/en\/wp-json\/wp\/v2\/pages"}],"about":[{"href":"https:\/\/portosigns.pt\/en\/wp-json\/wp\/v2\/types\/page"}],"author":[{"embeddable":true,"href":"https:\/\/portosigns.pt\/en\/wp-json\/wp\/v2\/users\/2"}],"replies":[{"embeddable":true,"href":"https:\/\/portosigns.pt\/en\/wp-json\/wp\/v2\/comments?post=12511"}],"version-history":[{"count":11,"href":"https:\/\/portosigns.pt\/en\/wp-json\/wp\/v2\/pages\/12511\/revisions"}],"predecessor-version":[{"id":15614,"href":"https:\/\/portosigns.pt\/en\/wp-json\/wp\/v2\/pages\/12511\/revisions\/15614"}],"wp:featuredmedia":[{"embeddable":true,"href":"https:\/\/portosigns.pt\/en\/wp-json\/wp\/v2\/media\/11894"}],"wp:attachment":[{"href":"https:\/\/portosigns.pt\/en\/wp-json\/wp\/v2\/media?parent=12511"}],"curies":[{"name":"wp","href":"https:\/\/api.w.org\/{rel}","templated":true}]}}