{"id":11710,"date":"2016-03-09T06:45:35","date_gmt":"2016-03-09T06:45:35","guid":{"rendered":"https:\/\/portosigns.pt\/contactos\/"},"modified":"2021-03-28T19:03:16","modified_gmt":"2021-03-28T19:03:16","slug":"contacts-2","status":"publish","type":"page","link":"https:\/\/portosigns.pt\/en\/contacts-2\/","title":{"rendered":"Contacts"},"content":{"rendered":"<p>[vc_row css=&#8221;.vc_custom_1457506356430{padding-top: 25px !important;}&#8221;][vc_column width=&#8221;1\/2&#8243;][vc_column_text el_class=&#8221;inner-left-xs&#8221; text_larger=&#8221;no&#8221;]<\/p>\n<h3 class=\"contact-page-title\" style=\"text-align: center;\">Addresses \/ Contacts:<\/h3>\n<h4 style=\"text-align: center;\"><span style=\"color: #333399;\"><strong><img loading=\"lazy\" decoding=\"async\" class=\"alignnone size-medium wp-image-9384\" src=\"https:\/\/portosigns.pt\/wp-content\/uploads\/2019\/02\/Loja1_interior_geral-300x169.jpg\" alt=\"\" width=\"300\" height=\"169\" srcset=\"https:\/\/portosigns.pt\/wp-content\/uploads\/2019\/02\/Loja1_interior_geral-300x169.jpg 300w, https:\/\/portosigns.pt\/wp-content\/uploads\/2019\/02\/Loja1_interior_geral.jpg 436w\" sizes=\"(max-width: 300px) 100vw, 300px\" \/><\/strong><\/span><\/h4>\n<h4 style=\"text-align: center;\"><span style=\"color: #333399;\"><strong>Store 1 <\/strong><\/span>&#8211; <span class=\"notranslate\">Rua da Alf\u00e2ndega, 17\u00a0 \u00a0 4050 \u2013 029 Porto \u2013 Portugal<\/span><\/h4>\n<h4 style=\"text-align: center;\"><img loading=\"lazy\" decoding=\"async\" class=\"alignnone size-medium wp-image-15006\" src=\"https:\/\/portosigns.pt\/wp-content\/uploads\/2021\/03\/Loja2-300x200.jpg\" alt=\"Loja 2 Interior\" width=\"300\" height=\"200\" srcset=\"https:\/\/portosigns.pt\/wp-content\/uploads\/2021\/03\/Loja2-300x200.jpg 300w, https:\/\/portosigns.pt\/wp-content\/uploads\/2021\/03\/Loja2-1024x683.jpg 1024w, https:\/\/portosigns.pt\/wp-content\/uploads\/2021\/03\/Loja2-768x512.jpg 768w, https:\/\/portosigns.pt\/wp-content\/uploads\/2021\/03\/Loja2-600x400.jpg 600w, https:\/\/portosigns.pt\/wp-content\/uploads\/2021\/03\/Loja2.jpg 1200w\" sizes=\"(max-width: 300px) 100vw, 300px\" \/><\/h4>\n<h4 style=\"text-align: center;\"><span style=\"color: #333399;\"><strong>Store 2 <\/strong><\/span>&#8211; <span class=\"notranslate\">Rua Infante D. Henrique, 71\u00a0 \u00a0 4050 \u2013 297 Porto \u2013 Portugal<\/span><\/h4>\n<h4 style=\"text-align: center;\"><span style=\"color: #333399;\"><b>Phone Numbers: <\/b><\/span>+351 223 745 436\u00a0 \/\u00a0 +351 966 628 720<\/h4>\n<h4 style=\"text-align: center;\"><b>Email:<\/b>\u00a0<a href=\"mailto:portosigns@portosigns.pt\">portosigns@portosigns.<\/a><a href=\"mailto:portosigns@portosigns.pt\">pt<\/a><\/h4>\n<p>[\/vc_column_text][vc_column_text css=&#8221;.vc_custom_1616957239176{margin-bottom: 60px !important;}&#8221; text_larger=&#8221;no&#8221;]<\/p>\n<h2 class=\"contact-page-title\" style=\"text-align: center;\">Leave us a message:<\/h2>\n<p>[\/vc_column_text]\n<div class=\"wpcf7 no-js\" id=\"wpcf7-f5201-o1\" lang=\"pt-PT\" dir=\"ltr\">\n<div class=\"screen-reader-response\"><p role=\"status\" aria-live=\"polite\" aria-atomic=\"true\"><\/p> <ul><\/ul><\/div>\n<form action=\"\/en\/wp-json\/wp\/v2\/pages\/11710#wpcf7-f5201-o1\" method=\"post\" class=\"wpcf7-form init\" aria-label=\"Formul\u00e1rio de contacto\" novalidate=\"novalidate\" data-status=\"init\">\n<div style=\"display: none;\">\n<input type=\"hidden\" name=\"_wpcf7\" value=\"5201\" \/>\n<input type=\"hidden\" name=\"_wpcf7_version\" value=\"5.9.8\" \/>\n<input type=\"hidden\" name=\"_wpcf7_locale\" value=\"pt_PT\" \/>\n<input type=\"hidden\" name=\"_wpcf7_unit_tag\" value=\"wpcf7-f5201-o1\" \/>\n<input type=\"hidden\" name=\"_wpcf7_container_post\" value=\"0\" \/>\n<input type=\"hidden\" name=\"_wpcf7_posted_data_hash\" value=\"\" \/>\n<input type=\"hidden\" name=\"_wpcf7_recaptcha_response\" value=\"\" \/>\n<\/div>\n<p><label> Nome*<br \/>\n<span class=\"wpcf7-form-control-wrap\" data-name=\"your-name\"><input size=\"40\" maxlength=\"400\" class=\"wpcf7-form-control wpcf7-text wpcf7-validates-as-required\" aria-required=\"true\" aria-invalid=\"false\" value=\"\" type=\"text\" name=\"your-name\" \/><\/span> <\/label>\n<\/p>\n<p><label> E-mail*<br \/>\n<span class=\"wpcf7-form-control-wrap\" data-name=\"your-email\"><input size=\"40\" maxlength=\"400\" class=\"wpcf7-form-control wpcf7-email wpcf7-validates-as-required wpcf7-text wpcf7-validates-as-email\" aria-required=\"true\" aria-invalid=\"false\" value=\"\" type=\"email\" name=\"your-email\" \/><\/span> <\/label>\n<\/p>\n<p><label> Assunto<br \/>\n<span class=\"wpcf7-form-control-wrap\" data-name=\"your-subject\"><input size=\"40\" maxlength=\"400\" class=\"wpcf7-form-control wpcf7-text\" aria-invalid=\"false\" value=\"\" type=\"text\" name=\"your-subject\" \/><\/span> <\/label>\n<\/p>\n<p><label> Mensagem<br \/>\n<span class=\"wpcf7-form-control-wrap\" data-name=\"your-message\"><textarea cols=\"40\" rows=\"10\" maxlength=\"2000\" class=\"wpcf7-form-control wpcf7-textarea\" aria-invalid=\"false\" name=\"your-message\"><\/textarea><\/span> <\/label>\n<\/p>\n<p><input class=\"wpcf7-form-control wpcf7-submit has-spinner\" type=\"submit\" value=\"Enviar\" \/>\n<\/p><div class=\"wpcf7-response-output\" aria-hidden=\"true\"><\/div>\n<\/form>\n<\/div>\n[\/vc_column][vc_column width=&#8221;1\/2&#8243; el_class=&#8221;store-info store-info-v2&#8243;][vc_column_text text_larger=&#8221;no&#8221;]<\/p>\n<h3 class=\"wpb_heading wpb_singleimage_heading\"><span style=\"color: #333399;\"><strong><a style=\"color: #333399;\" href=\"https:\/\/www.google.pt\/maps\/place\/Portosigns+-+Loja+1\/@41.140761,-8.6146856,3a,75y,90t\/data=!3m8!1e2!3m6!1sAF1QipP6vXcHZ4aWxOXLH-BychrFJa5CvcRimqyqZOh-!2e10!3e12!6shttps:%2F%2Flh5.googleusercontent.com%2Fp%2FAF1QipP6vXcHZ4aWxOXLH-BychrFJa5CvcRimqyqZOh-%3Dw152-h86-k-no!7i2048!8i1152!4m5!3m4!1s0xd2464e047f43ed1:0xa141f675a594e952!8m2!3d41.1524885!4d-8.6233589\" target=\"_blank\" rel=\"noopener noreferrer\">Store 1<\/a><\/strong><\/span><\/h3>\n<p>[\/vc_column_text][vc_raw_html]JTNDaWZyYW1lJTIwc3JjJTNEJTIyaHR0cHMlM0ElMkYlMkZ3d3cuZ29vZ2xlLmNvbSUyRm1hcHMlMkZlbWJlZCUzRnBiJTNEJTIxMW0xOCUyMTFtMTIlMjExbTMlMjExZDMwMDQuNzE0MzY3MTM1NTYxNiUyMTJkLTguNjE2ODc0Mjg0NTgxODUlMjEzZDQxLjE0MDc2MDk3OTI4NzU1JTIxMm0zJTIxMWYwJTIxMmYwJTIxM2YwJTIxM20yJTIxMWkxMDI0JTIxMmk3NjglMjE0ZjEzLjElMjEzbTMlMjExbTIlMjExczB4ZDI0NjRlMDQ3ZjdiMWFmJTI1M0EweDc4MjMxNDMyNjFhN2Y3NDglMjEyc1IuJTJCQWxmJTI1QzMlMjVBMm5kZWdhJTJCMTclMjUyQyUyQjQwNTAtMjk2JTJCUG9ydG8lMjE1ZTAlMjEzbTIlMjExc2VuJTIxMnNwdCUyMTR2MTU1MDEzOTA0NDE2NyUyMiUyMHdpZHRoJTNEJTIyNjAwJTIyJTIwaGVpZ2h0JTNEJTIyNDUwJTIyJTIwZnJhbWVib3JkZXIlM0QlMjIwJTIyJTIwc3R5bGUlM0QlMjJib3JkZXIlM0EwJTIyJTIwYWxsb3dmdWxsc2NyZWVuJTNFJTNDJTJGaWZyYW1lJTNF[\/vc_raw_html][vc_column_text text_larger=&#8221;no&#8221;]<\/p>\n<h3 class=\"wpb_heading wpb_singleimage_heading\"><span style=\"color: #000000;\"><strong><a style=\"color: #000000;\" href=\"https:\/\/www.google.pt\/maps\/place\/Portosigns+-+Shop+2\/@41.1409933,-8.6147721,3a,75y,90t\/data=!3m8!1e2!3m6!1sAF1QipObMxbw5W3CYLu78t1R_dVhAdjTtaNWWusSDtxm!2e10!3e12!6shttps:%2F%2Flh5.googleusercontent.com%2Fp%2FAF1QipObMxbw5W3CYLu78t1R_dVhAdjTtaNWWusSDtxm%3Dw128-h86-k-no!7i6016!8i4016!4m12!1m6!3m5!1s0xd2464e0362d391d:0xc72faaa4a0b9ba29!2sPortosigns+-+Shop+2!8m2!3d41.1409249!4d-8.6147283!3m4!1s0xd2464e0362d391d:0xc72faaa4a0b9ba29!8m2!3d41.1409249!4d-8.6147283\" target=\"_blank\" rel=\"noopener noreferrer\"><span style=\"color: #333399;\">Store 2<\/span><\/a><\/strong><\/span><\/h3>\n<p>[\/vc_column_text][vc_raw_html]JTNDaWZyYW1lJTIwc3JjJTNEJTIyaHR0cHMlM0ElMkYlMkZ3d3cuZ29vZ2xlLmNvbSUyRm1hcHMlMkZlbWJlZCUzRnBiJTNEJTIxMW0xOCUyMTFtMTIlMjExbTMlMjExZDEyMDE4LjgxNDg5NDMyNDE0NyUyMTJkLTguNjE0NzcyMSUyMTNkNDEuMTQwOTkzMyUyMTJtMyUyMTFmMCUyMTJmMCUyMTNmMCUyMTNtMiUyMTFpMTAyNCUyMTJpNzY4JTIxNGYxMy4xJTIxM20zJTIxMW0yJTIxMXMweGQyNDY0ZTAzNjJkMzkxZCUyNTNBMHhjNzJmYWFhNGEwYjliYTI5JTIxMnNQb3J0b3NpZ25zJTJCLSUyQlNob3AlMkIyJTIxNWUwJTIxM20yJTIxMXNlbiUyMTJzcHQlMjE0djE1NTAxMzkxMjMwNTQlMjIlMjB3aWR0aCUzRCUyMjYwMCUyMiUyMGhlaWdodCUzRCUyMjQ1MCUyMiUyMGZyYW1lYm9yZGVyJTNEJTIyMCUyMiUyMHN0eWxlJTNEJTIyYm9yZGVyJTNBMCUyMiUyMGFsbG93ZnVsbHNjcmVlbiUzRSUzQyUyRmlmcmFtZSUzRQ==[\/vc_raw_html][\/vc_column][\/vc_row]<\/p>\n","protected":false},"excerpt":{"rendered":"<p>[vc_row css=&#8221;.vc_custom_1457506356430{padding-top: 25px !important;}&#8221;][vc_column width=&#8221;1\/2&#8243;][vc_column_text el_class=&#8221;inner-left-xs&#8221; text_larger=&#8221;no&#8221;] Addresses \/ Contacts: Store 1 &#8211; Rua da Alf\u00e2ndega, 17\u00a0 \u00a0 4050 \u2013<\/p>\n","protected":false},"author":4,"featured_media":0,"parent":0,"menu_order":0,"comment_status":"closed","ping_status":"closed","template":"","meta":{"footnotes":""},"yoast_head":"<!-- This site is optimized with the Yoast SEO plugin v23.5 - https:\/\/yoast.com\/wordpress\/plugins\/seo\/ -->\n<title>Contacts - PORTOSIGNS. Loja Online<\/title>\n<meta name=\"robots\" content=\"index, follow, max-snippet:-1, max-image-preview:large, max-video-preview:-1\" \/>\n<link rel=\"canonical\" href=\"https:\/\/portosigns.pt\/en\/contacts-2\/\" \/>\n<meta property=\"og:locale\" content=\"en_US\" \/>\n<meta property=\"og:type\" content=\"article\" \/>\n<meta property=\"og:title\" content=\"Contacts - PORTOSIGNS. Loja Online\" \/>\n<meta property=\"og:description\" content=\"[vc_row css=&#8221;.vc_custom_1457506356430{padding-top: 25px !important;}&#8221;][vc_column width=&#8221;1\/2&#8243;][vc_column_text el_class=&#8221;inner-left-xs&#8221; text_larger=&#8221;no&#8221;] Addresses \/ Contacts: Store 1 &#8211; Rua da Alf\u00e2ndega, 17\u00a0 \u00a0 4050 \u2013\" \/>\n<meta property=\"og:url\" content=\"https:\/\/portosigns.pt\/en\/contacts-2\/\" \/>\n<meta property=\"og:site_name\" content=\"PORTOSIGNS. Loja Online\" \/>\n<meta property=\"article:publisher\" content=\"https:\/\/www.facebook.com\/Portosigns.pt\" \/>\n<meta property=\"article:modified_time\" content=\"2021-03-28T19:03:16+00:00\" \/>\n<meta property=\"og:image\" content=\"https:\/\/portosigns.pt\/wp-content\/uploads\/2019\/02\/Loja1_interior_geral-300x169.jpg\" \/>\n<meta name=\"twitter:card\" content=\"summary_large_image\" \/>\n<meta name=\"twitter:label1\" content=\"Est. reading time\" \/>\n\t<meta name=\"twitter:data1\" content=\"1 minute\" \/>\n<script type=\"application\/ld+json\" class=\"yoast-schema-graph\">{\"@context\":\"https:\/\/schema.org\",\"@graph\":[{\"@type\":\"WebPage\",\"@id\":\"https:\/\/portosigns.pt\/en\/contacts-2\/\",\"url\":\"https:\/\/portosigns.pt\/en\/contacts-2\/\",\"name\":\"Contacts - PORTOSIGNS. Loja Online\",\"isPartOf\":{\"@id\":\"https:\/\/portosigns.pt\/en\/#website\"},\"primaryImageOfPage\":{\"@id\":\"https:\/\/portosigns.pt\/en\/contacts-2\/#primaryimage\"},\"image\":{\"@id\":\"https:\/\/portosigns.pt\/en\/contacts-2\/#primaryimage\"},\"thumbnailUrl\":\"https:\/\/portosigns.pt\/wp-content\/uploads\/2019\/02\/Loja1_interior_geral-300x169.jpg\",\"datePublished\":\"2016-03-09T06:45:35+00:00\",\"dateModified\":\"2021-03-28T19:03:16+00:00\",\"breadcrumb\":{\"@id\":\"https:\/\/portosigns.pt\/en\/contacts-2\/#breadcrumb\"},\"inLanguage\":\"en-US\",\"potentialAction\":[{\"@type\":\"ReadAction\",\"target\":[\"https:\/\/portosigns.pt\/en\/contacts-2\/\"]}]},{\"@type\":\"ImageObject\",\"inLanguage\":\"en-US\",\"@id\":\"https:\/\/portosigns.pt\/en\/contacts-2\/#primaryimage\",\"url\":\"https:\/\/portosigns.pt\/wp-content\/uploads\/2019\/02\/Loja1_interior_geral-300x169.jpg\",\"contentUrl\":\"https:\/\/portosigns.pt\/wp-content\/uploads\/2019\/02\/Loja1_interior_geral-300x169.jpg\"},{\"@type\":\"BreadcrumbList\",\"@id\":\"https:\/\/portosigns.pt\/en\/contacts-2\/#breadcrumb\",\"itemListElement\":[{\"@type\":\"ListItem\",\"position\":1,\"name\":\"In\u00edcio\",\"item\":\"https:\/\/portosigns.pt\/en\/\"},{\"@type\":\"ListItem\",\"position\":2,\"name\":\"Contacts\"}]},{\"@type\":\"WebSite\",\"@id\":\"https:\/\/portosigns.pt\/en\/#website\",\"url\":\"https:\/\/portosigns.pt\/en\/\",\"name\":\"PORTOSIGNS. Loja Online\",\"description\":\"Produtos portugueses: Cer\u00e2mica, Corti\u00e7a, Saboaria e perfumaria, Barbearia, Vestu\u00e1rio e Cal\u00e7ado\",\"publisher\":{\"@id\":\"https:\/\/portosigns.pt\/en\/#organization\"},\"potentialAction\":[{\"@type\":\"SearchAction\",\"target\":{\"@type\":\"EntryPoint\",\"urlTemplate\":\"https:\/\/portosigns.pt\/en\/?s={search_term_string}\"},\"query-input\":{\"@type\":\"PropertyValueSpecification\",\"valueRequired\":true,\"valueName\":\"search_term_string\"}}],\"inLanguage\":\"en-US\"},{\"@type\":\"Organization\",\"@id\":\"https:\/\/portosigns.pt\/en\/#organization\",\"name\":\"Portosigns, Lda\",\"url\":\"https:\/\/portosigns.pt\/en\/\",\"logo\":{\"@type\":\"ImageObject\",\"inLanguage\":\"en-US\",\"@id\":\"https:\/\/portosigns.pt\/en\/#\/schema\/logo\/image\/\",\"url\":\"https:\/\/portosigns.pt\/wp-content\/uploads\/2020\/04\/logo-scaled.jpg\",\"contentUrl\":\"https:\/\/portosigns.pt\/wp-content\/uploads\/2020\/04\/logo-scaled.jpg\",\"width\":2560,\"height\":782,\"caption\":\"Portosigns, Lda\"},\"image\":{\"@id\":\"https:\/\/portosigns.pt\/en\/#\/schema\/logo\/image\/\"},\"sameAs\":[\"https:\/\/www.facebook.com\/Portosigns.pt\",\"https:\/\/www.instagram.com\/portosigns\/\",\"https:\/\/www.youtube.com\/watch?v=22oGHBzMlTg\"]}]}<\/script>\n<!-- \/ Yoast SEO plugin. -->","yoast_head_json":{"title":"Contacts - PORTOSIGNS. Loja Online","robots":{"index":"index","follow":"follow","max-snippet":"max-snippet:-1","max-image-preview":"max-image-preview:large","max-video-preview":"max-video-preview:-1"},"canonical":"https:\/\/portosigns.pt\/en\/contacts-2\/","og_locale":"en_US","og_type":"article","og_title":"Contacts - PORTOSIGNS. Loja Online","og_description":"[vc_row css=&#8221;.vc_custom_1457506356430{padding-top: 25px !important;}&#8221;][vc_column width=&#8221;1\/2&#8243;][vc_column_text el_class=&#8221;inner-left-xs&#8221; text_larger=&#8221;no&#8221;] Addresses \/ Contacts: Store 1 &#8211; Rua da Alf\u00e2ndega, 17\u00a0 \u00a0 4050 \u2013","og_url":"https:\/\/portosigns.pt\/en\/contacts-2\/","og_site_name":"PORTOSIGNS. Loja Online","article_publisher":"https:\/\/www.facebook.com\/Portosigns.pt","article_modified_time":"2021-03-28T19:03:16+00:00","og_image":[{"url":"https:\/\/portosigns.pt\/wp-content\/uploads\/2019\/02\/Loja1_interior_geral-300x169.jpg"}],"twitter_card":"summary_large_image","twitter_misc":{"Est. reading time":"1 minute"},"schema":{"@context":"https:\/\/schema.org","@graph":[{"@type":"WebPage","@id":"https:\/\/portosigns.pt\/en\/contacts-2\/","url":"https:\/\/portosigns.pt\/en\/contacts-2\/","name":"Contacts - PORTOSIGNS. Loja Online","isPartOf":{"@id":"https:\/\/portosigns.pt\/en\/#website"},"primaryImageOfPage":{"@id":"https:\/\/portosigns.pt\/en\/contacts-2\/#primaryimage"},"image":{"@id":"https:\/\/portosigns.pt\/en\/contacts-2\/#primaryimage"},"thumbnailUrl":"https:\/\/portosigns.pt\/wp-content\/uploads\/2019\/02\/Loja1_interior_geral-300x169.jpg","datePublished":"2016-03-09T06:45:35+00:00","dateModified":"2021-03-28T19:03:16+00:00","breadcrumb":{"@id":"https:\/\/portosigns.pt\/en\/contacts-2\/#breadcrumb"},"inLanguage":"en-US","potentialAction":[{"@type":"ReadAction","target":["https:\/\/portosigns.pt\/en\/contacts-2\/"]}]},{"@type":"ImageObject","inLanguage":"en-US","@id":"https:\/\/portosigns.pt\/en\/contacts-2\/#primaryimage","url":"https:\/\/portosigns.pt\/wp-content\/uploads\/2019\/02\/Loja1_interior_geral-300x169.jpg","contentUrl":"https:\/\/portosigns.pt\/wp-content\/uploads\/2019\/02\/Loja1_interior_geral-300x169.jpg"},{"@type":"BreadcrumbList","@id":"https:\/\/portosigns.pt\/en\/contacts-2\/#breadcrumb","itemListElement":[{"@type":"ListItem","position":1,"name":"In\u00edcio","item":"https:\/\/portosigns.pt\/en\/"},{"@type":"ListItem","position":2,"name":"Contacts"}]},{"@type":"WebSite","@id":"https:\/\/portosigns.pt\/en\/#website","url":"https:\/\/portosigns.pt\/en\/","name":"PORTOSIGNS. Loja Online","description":"Produtos portugueses: Cer\u00e2mica, Corti\u00e7a, Saboaria e perfumaria, Barbearia, Vestu\u00e1rio e Cal\u00e7ado","publisher":{"@id":"https:\/\/portosigns.pt\/en\/#organization"},"potentialAction":[{"@type":"SearchAction","target":{"@type":"EntryPoint","urlTemplate":"https:\/\/portosigns.pt\/en\/?s={search_term_string}"},"query-input":{"@type":"PropertyValueSpecification","valueRequired":true,"valueName":"search_term_string"}}],"inLanguage":"en-US"},{"@type":"Organization","@id":"https:\/\/portosigns.pt\/en\/#organization","name":"Portosigns, Lda","url":"https:\/\/portosigns.pt\/en\/","logo":{"@type":"ImageObject","inLanguage":"en-US","@id":"https:\/\/portosigns.pt\/en\/#\/schema\/logo\/image\/","url":"https:\/\/portosigns.pt\/wp-content\/uploads\/2020\/04\/logo-scaled.jpg","contentUrl":"https:\/\/portosigns.pt\/wp-content\/uploads\/2020\/04\/logo-scaled.jpg","width":2560,"height":782,"caption":"Portosigns, Lda"},"image":{"@id":"https:\/\/portosigns.pt\/en\/#\/schema\/logo\/image\/"},"sameAs":["https:\/\/www.facebook.com\/Portosigns.pt","https:\/\/www.instagram.com\/portosigns\/","https:\/\/www.youtube.com\/watch?v=22oGHBzMlTg"]}]}},"jetpack_sharing_enabled":true,"_links":{"self":[{"href":"https:\/\/portosigns.pt\/en\/wp-json\/wp\/v2\/pages\/11710"}],"collection":[{"href":"https:\/\/portosigns.pt\/en\/wp-json\/wp\/v2\/pages"}],"about":[{"href":"https:\/\/portosigns.pt\/en\/wp-json\/wp\/v2\/types\/page"}],"author":[{"embeddable":true,"href":"https:\/\/portosigns.pt\/en\/wp-json\/wp\/v2\/users\/4"}],"replies":[{"embeddable":true,"href":"https:\/\/portosigns.pt\/en\/wp-json\/wp\/v2\/comments?post=11710"}],"version-history":[{"count":6,"href":"https:\/\/portosigns.pt\/en\/wp-json\/wp\/v2\/pages\/11710\/revisions"}],"predecessor-version":[{"id":15085,"href":"https:\/\/portosigns.pt\/en\/wp-json\/wp\/v2\/pages\/11710\/revisions\/15085"}],"wp:attachment":[{"href":"https:\/\/portosigns.pt\/en\/wp-json\/wp\/v2\/media?parent=11710"}],"curies":[{"name":"wp","href":"https:\/\/api.w.org\/{rel}","templated":true}]}}