{"id":11705,"date":"2016-03-09T05:41:44","date_gmt":"2016-03-09T05:41:44","guid":{"rendered":"https:\/\/portosigns.pt\/about\/"},"modified":"2021-03-28T20:13:58","modified_gmt":"2021-03-28T20:13:58","slug":"sobre-nos-2","status":"publish","type":"page","link":"https:\/\/portosigns.pt\/en\/sobre-nos-2\/","title":{"rendered":"Sobre N\u00f3s"},"content":{"rendered":"<p>[vc_row][vc_column][vc_single_image image=&#8221;11708&#8243; img_size=&#8221;full&#8221; add_caption=&#8221;yes&#8221; alignment=&#8221;center&#8221; onclick=&#8221;zoom&#8221; css_animation=&#8221;right-to-left&#8221; parallax_scroll=&#8221;no&#8221;][\/vc_column][\/vc_row][vc_row][vc_column][vc_video link=&#8221;https:\/\/www.youtube.com\/embed\/DNVueMynmqE&#8221; el_width=&#8221;50&#8243; align=&#8221;center&#8221; title=&#8221;Portosigns: entrevista&#8221; image_poster_switch=&#8221;no&#8221;][\/vc_column][\/vc_row][vc_row][vc_column][vc_column_text text_larger=&#8221;no&#8221;]<\/p>\n<h2 style=\"text-align: center;\">PORTOSIGNS \u2013 Produtos Tur\u00edsticos e Culturais, Lda<\/h2>\n<h3 style=\"text-align: center;\">A HIST\u00d3RIA, A VIDA E A ALMA.<\/h3>\n<p><span style=\"color: #333399;\">O significado de<u> <strong>Portosigns<\/strong><\/u>:<em> <strong>Sinais do Porto e de Portugal.<\/strong><\/em><\/span><\/p>\n<h5>A <strong>Portosigns<\/strong>, com as <span style=\"color: #333399;\"><strong>Loja 1<\/strong><\/span> e <span style=\"color: #333399;\"><strong>Loja 2<\/strong><\/span> situadas na Ribeira do Porto, \u00e9 fruto de um projeto que nasceu devido ao desemprego mas que cresceu e amadureceu com o Turismo\u00a0 Nacional e Internacional, desde 2006.<\/h5>\n<h5>Sempre trabalhou lado a lado com novos projetos &#8211; exp\u00f4s, divulgou e vendeu pe\u00e7as artesanais, art\u00edsticas e culturais do Porto e de Portugal \u2013 s\u00e3o ainda estes, que caracterizam e garantem a qualidade e variedade dos produtos, que a Loja1 e a Loja2, comercializam com tanta satisfa\u00e7\u00e3o e seguran\u00e7a.<\/h5>\n<h5>Uma mais-valia para quem compra e partilha experi\u00eancias com as grandes marcas de prest\u00edgio Nacional.<\/h5>\n<h5><span style=\"color: #333399;\">O <strong>PR\u00c9MIO MERC\u00daRIO \u2013 O MELHOR DO COM\u00c9RCIO 2010 <\/strong>&#8211; na categoria Com\u00e9rcio n\u00e3o Alimentar, elevou a fasquia e a responsabilidade da Portosigns no seio da cidade do Porto e especialmente na Ribeira.<\/span><\/h5>\n<h5>A simpatia e o profissionalismo no atendimento, aliados \u00e0 sele\u00e7\u00e3o e ao rigor dos produtos, s\u00e3o a Alma do Neg\u00f3cio.<\/h5>\n<h5>Uma diversidade de produtos concebidos e direcionados para o uso no dia a dia,\u00a0 ou na decora\u00e7\u00e3o da casa, inspirados no artesanato tradicional e transpostos para os dias de hoje, com o necess\u00e1rio sentido pr\u00e1tico sem esquecer o lado ecol\u00f3gico:<\/h5>\n<h5>A<strong> Corti\u00e7a para usar, vestir ou cal\u00e7ar, <\/strong>moda para mulher e moda para homem<strong>: <\/strong><\/h5>\n<ul>\n<li>\n<h5>As malas e carteiras, porta-moedas, leques, rel\u00f3gios, luvas, coletes, aventais, cintos, chap\u00e9us e bon\u00e9s, chinelos de dedo, sapatilhas, guarda-chuvas\u2026e muitos mais\u2026!<\/h5>\n<\/li>\n<li>\n<h5>A variedade dos <strong>padr\u00f5es,<\/strong> que caracterizam os nossos produtos em tecido de corti\u00e7a, s\u00e3o uma especialidade, especificidade e sofistica\u00e7\u00e3o visual das marcas com quem a Portosigns trabalha.<\/h5>\n<\/li>\n<li>\n<h5>A preocupa\u00e7\u00e3o com o ambiente inerente \u00e0 corti\u00e7a: natural, imperme\u00e1vel e lav\u00e1vel com \u00e1gua e sab\u00e3o.<\/h5>\n<\/li>\n<li>\n<h5>A preserva\u00e7\u00e3o da natureza: a extra\u00e7\u00e3o da corti\u00e7a salva e regenera o sobreiro.<\/h5>\n<\/li>\n<li>\n<h5><span style=\"color: #333399;\"><u>USE CORTI\u00c7A E SALVE UMA \u00c1RVORE<\/u>.<\/span><\/h5>\n<\/li>\n<\/ul>\n<h5>A <strong>cer\u00e2mica, loi\u00e7a <\/strong>para decora\u00e7\u00e3o da casa moderna ou uso na mesa e cozinha, produzidas nas Caldas da Rainha s\u00e3o vendidas no Porto, exclusivamente pela Portosigns. Tem tanto de variedade como de graciosidade e \u00e9 sempre apetec\u00edvel e at\u00e9 imprescind\u00edvel para oferecer ou receber:<\/h5>\n<ul>\n<li>\n<h5>Andorinhas coloridas em v\u00e1rios tamanhos, Santo Ant\u00f3nio em v\u00e1rios tamanhos e coloridos, galos e porcos mealheiro em v\u00e1rias cores\u2026<\/h5>\n<\/li>\n<li>\n<h5>Sardinhas porta clips, coloridas e com desenhos variados que representam a cultura portuguesa<\/h5>\n<\/li>\n<li>\n<h5>Pratos, travessas, torteiras, saladeiras, tijelas, canecas, e jarros, bases de quentes e t\u00e1buas de madeira com azulejos pintados \u00e0 m\u00e3o. O design \u00e9 variado e tanto representa a sardinha ou a andorinha, como a cal\u00e7ada ou azulejaria portuguesa\u2026! Podem ser levadas ao forno, micro-ondas e m\u00e1quina de lavar loi\u00e7a.<\/h5>\n<\/li>\n<\/ul>\n<h5>Os <strong>aromas para a casa<\/strong>, os <strong>sabonetes<\/strong>, os <strong>perfumes<\/strong> para mulher ou para homem da <strong>Marca Castelbel<\/strong>, dispensam apresenta\u00e7\u00e3o e s\u00e3o o resultado de uma parceria bem sucedida, h\u00e1 j\u00e1 alguns anos! Se procurar produtos Castelbel, a Portosigns vende certamente.<\/h5>\n<h5>A <strong>Barbearia portuguesa,<\/strong> tem um charme especial pelas m\u00e3os de quem conhece bem o processo e a qualidade &#8211; a <strong>Marca 100ML, <\/strong>est\u00e1 bem presente e fortemente representada na Portosigns, os produtos para a barba ou para o corpo s\u00e3o um convite \u00e0 modernidade com inspira\u00e7\u00e3o nos bairros portugueses:<\/h5>\n<ul>\n<li>\n<h5>Os pinc\u00e9is e suportes para pinc\u00e9is, as navalhas em cabo de madeira ou cabo de a\u00e7o, os sabonetes e cremes para barbear, as col\u00f3nias e after shave, os b\u00e1lsamos e at\u00e9 os \u00f3leos para cuidar das barbas, s\u00e3o a excel\u00eancia para o homem atual.<\/h5>\n<\/li>\n<\/ul>\n<h5>Quem visita a cidade do Porto e a Ribeira, visitar a Portosigns j\u00e1 faz parte do roteiro de interesse comercial, cultural e art\u00edstico!<\/h5>\n<p>[\/vc_column_text][\/vc_column][\/vc_row][vc_row][vc_column][vc_raw_html]JTNDc3R5bGUlMjB0eXBlJTNEJTIydGV4dCUyRmNzcyUyMiUzRSUwQS5wYWdlJTIwLmVudHJ5LWhlYWRlci5oZWFkZXItd2l0aC1jb3Zlci1pbWFnZSUyMCU3QiUyMCUwQWJhY2tncm91bmQtcG9zaXRpb24lM0ElMjBjZW50ZXIlMjAtMTU3cHglM0IlMjAlMEFtYXJnaW4tdG9wJTNBJTIwMTVweCUzQiUyMCUwQSU3RCUwQS5lbnRyeS10aXRsZSUyMCU3QiUwQWRpc3BsYXklM0Fub25lJTNCJTBBJTdEJTBBJTNDJTJGc3R5bGUlM0U=[\/vc_raw_html][\/vc_column][\/vc_row][vc_section][\/vc_section]<\/p>\n","protected":false},"excerpt":{"rendered":"<p>[vc_row][vc_column][vc_single_image image=&#8221;11708&#8243; img_size=&#8221;full&#8221; add_caption=&#8221;yes&#8221; alignment=&#8221;center&#8221; onclick=&#8221;zoom&#8221; css_animation=&#8221;right-to-left&#8221; parallax_scroll=&#8221;no&#8221;][\/vc_column][\/vc_row][vc_row][vc_column][vc_video link=&#8221;https:\/\/www.youtube.com\/embed\/DNVueMynmqE&#8221; el_width=&#8221;50&#8243; align=&#8221;center&#8221; title=&#8221;Portosigns: entrevista&#8221; image_poster_switch=&#8221;no&#8221;][\/vc_column][\/vc_row][vc_row][vc_column][vc_column_text text_larger=&#8221;no&#8221;] PORTOSIGNS \u2013 Produtos Tur\u00edsticos e<\/p>\n","protected":false},"author":4,"featured_media":0,"parent":0,"menu_order":0,"comment_status":"closed","ping_status":"closed","template":"","meta":{"footnotes":""},"yoast_head":"<!-- This site is optimized with the Yoast SEO plugin v23.5 - https:\/\/yoast.com\/wordpress\/plugins\/seo\/ -->\n<title>Sobre N\u00f3s - PORTOSIGNS. Loja Online<\/title>\n<meta name=\"robots\" content=\"index, follow, max-snippet:-1, max-image-preview:large, max-video-preview:-1\" \/>\n<link rel=\"canonical\" href=\"https:\/\/portosigns.pt\/en\/sobre-nos-2\/\" \/>\n<meta property=\"og:locale\" content=\"en_US\" \/>\n<meta property=\"og:type\" content=\"article\" \/>\n<meta property=\"og:title\" content=\"Sobre N\u00f3s - PORTOSIGNS. Loja Online\" \/>\n<meta property=\"og:description\" content=\"[vc_row][vc_column][vc_single_image image=&#8221;11708&#8243; img_size=&#8221;full&#8221; add_caption=&#8221;yes&#8221; alignment=&#8221;center&#8221; onclick=&#8221;zoom&#8221; css_animation=&#8221;right-to-left&#8221; parallax_scroll=&#8221;no&#8221;][\/vc_column][\/vc_row][vc_row][vc_column][vc_video link=&#8221;https:\/\/www.youtube.com\/embed\/DNVueMynmqE&#8221; el_width=&#8221;50&#8243; align=&#8221;center&#8221; title=&#8221;Portosigns: entrevista&#8221; image_poster_switch=&#8221;no&#8221;][\/vc_column][\/vc_row][vc_row][vc_column][vc_column_text text_larger=&#8221;no&#8221;] PORTOSIGNS \u2013 Produtos Tur\u00edsticos e\" \/>\n<meta property=\"og:url\" content=\"https:\/\/portosigns.pt\/en\/sobre-nos-2\/\" \/>\n<meta property=\"og:site_name\" content=\"PORTOSIGNS. Loja Online\" \/>\n<meta property=\"article:publisher\" content=\"https:\/\/www.facebook.com\/Portosigns.pt\" \/>\n<meta property=\"article:modified_time\" content=\"2021-03-28T20:13:58+00:00\" \/>\n<meta name=\"twitter:card\" content=\"summary_large_image\" \/>\n<meta name=\"twitter:label1\" content=\"Est. reading time\" \/>\n\t<meta name=\"twitter:data1\" content=\"4 minutes\" \/>\n<script type=\"application\/ld+json\" class=\"yoast-schema-graph\">{\"@context\":\"https:\/\/schema.org\",\"@graph\":[{\"@type\":\"WebPage\",\"@id\":\"https:\/\/portosigns.pt\/en\/sobre-nos-2\/\",\"url\":\"https:\/\/portosigns.pt\/en\/sobre-nos-2\/\",\"name\":\"Sobre N\u00f3s - PORTOSIGNS. Loja Online\",\"isPartOf\":{\"@id\":\"https:\/\/portosigns.pt\/en\/#website\"},\"datePublished\":\"2016-03-09T05:41:44+00:00\",\"dateModified\":\"2021-03-28T20:13:58+00:00\",\"breadcrumb\":{\"@id\":\"https:\/\/portosigns.pt\/en\/sobre-nos-2\/#breadcrumb\"},\"inLanguage\":\"en-US\",\"potentialAction\":[{\"@type\":\"ReadAction\",\"target\":[\"https:\/\/portosigns.pt\/en\/sobre-nos-2\/\"]}]},{\"@type\":\"BreadcrumbList\",\"@id\":\"https:\/\/portosigns.pt\/en\/sobre-nos-2\/#breadcrumb\",\"itemListElement\":[{\"@type\":\"ListItem\",\"position\":1,\"name\":\"In\u00edcio\",\"item\":\"https:\/\/portosigns.pt\/en\/\"},{\"@type\":\"ListItem\",\"position\":2,\"name\":\"Sobre N\u00f3s\"}]},{\"@type\":\"WebSite\",\"@id\":\"https:\/\/portosigns.pt\/en\/#website\",\"url\":\"https:\/\/portosigns.pt\/en\/\",\"name\":\"PORTOSIGNS. Loja Online\",\"description\":\"Produtos portugueses: Cer\u00e2mica, Corti\u00e7a, Saboaria e perfumaria, Barbearia, Vestu\u00e1rio e Cal\u00e7ado\",\"publisher\":{\"@id\":\"https:\/\/portosigns.pt\/en\/#organization\"},\"potentialAction\":[{\"@type\":\"SearchAction\",\"target\":{\"@type\":\"EntryPoint\",\"urlTemplate\":\"https:\/\/portosigns.pt\/en\/?s={search_term_string}\"},\"query-input\":{\"@type\":\"PropertyValueSpecification\",\"valueRequired\":true,\"valueName\":\"search_term_string\"}}],\"inLanguage\":\"en-US\"},{\"@type\":\"Organization\",\"@id\":\"https:\/\/portosigns.pt\/en\/#organization\",\"name\":\"Portosigns, Lda\",\"url\":\"https:\/\/portosigns.pt\/en\/\",\"logo\":{\"@type\":\"ImageObject\",\"inLanguage\":\"en-US\",\"@id\":\"https:\/\/portosigns.pt\/en\/#\/schema\/logo\/image\/\",\"url\":\"https:\/\/portosigns.pt\/wp-content\/uploads\/2020\/04\/logo-scaled.jpg\",\"contentUrl\":\"https:\/\/portosigns.pt\/wp-content\/uploads\/2020\/04\/logo-scaled.jpg\",\"width\":2560,\"height\":782,\"caption\":\"Portosigns, Lda\"},\"image\":{\"@id\":\"https:\/\/portosigns.pt\/en\/#\/schema\/logo\/image\/\"},\"sameAs\":[\"https:\/\/www.facebook.com\/Portosigns.pt\",\"https:\/\/www.instagram.com\/portosigns\/\",\"https:\/\/www.youtube.com\/watch?v=22oGHBzMlTg\"]}]}<\/script>\n<!-- \/ Yoast SEO plugin. -->","yoast_head_json":{"title":"Sobre N\u00f3s - PORTOSIGNS. Loja Online","robots":{"index":"index","follow":"follow","max-snippet":"max-snippet:-1","max-image-preview":"max-image-preview:large","max-video-preview":"max-video-preview:-1"},"canonical":"https:\/\/portosigns.pt\/en\/sobre-nos-2\/","og_locale":"en_US","og_type":"article","og_title":"Sobre N\u00f3s - PORTOSIGNS. Loja Online","og_description":"[vc_row][vc_column][vc_single_image image=&#8221;11708&#8243; img_size=&#8221;full&#8221; add_caption=&#8221;yes&#8221; alignment=&#8221;center&#8221; onclick=&#8221;zoom&#8221; css_animation=&#8221;right-to-left&#8221; parallax_scroll=&#8221;no&#8221;][\/vc_column][\/vc_row][vc_row][vc_column][vc_video link=&#8221;https:\/\/www.youtube.com\/embed\/DNVueMynmqE&#8221; el_width=&#8221;50&#8243; align=&#8221;center&#8221; title=&#8221;Portosigns: entrevista&#8221; image_poster_switch=&#8221;no&#8221;][\/vc_column][\/vc_row][vc_row][vc_column][vc_column_text text_larger=&#8221;no&#8221;] PORTOSIGNS \u2013 Produtos Tur\u00edsticos e","og_url":"https:\/\/portosigns.pt\/en\/sobre-nos-2\/","og_site_name":"PORTOSIGNS. Loja Online","article_publisher":"https:\/\/www.facebook.com\/Portosigns.pt","article_modified_time":"2021-03-28T20:13:58+00:00","twitter_card":"summary_large_image","twitter_misc":{"Est. reading time":"4 minutes"},"schema":{"@context":"https:\/\/schema.org","@graph":[{"@type":"WebPage","@id":"https:\/\/portosigns.pt\/en\/sobre-nos-2\/","url":"https:\/\/portosigns.pt\/en\/sobre-nos-2\/","name":"Sobre N\u00f3s - PORTOSIGNS. Loja Online","isPartOf":{"@id":"https:\/\/portosigns.pt\/en\/#website"},"datePublished":"2016-03-09T05:41:44+00:00","dateModified":"2021-03-28T20:13:58+00:00","breadcrumb":{"@id":"https:\/\/portosigns.pt\/en\/sobre-nos-2\/#breadcrumb"},"inLanguage":"en-US","potentialAction":[{"@type":"ReadAction","target":["https:\/\/portosigns.pt\/en\/sobre-nos-2\/"]}]},{"@type":"BreadcrumbList","@id":"https:\/\/portosigns.pt\/en\/sobre-nos-2\/#breadcrumb","itemListElement":[{"@type":"ListItem","position":1,"name":"In\u00edcio","item":"https:\/\/portosigns.pt\/en\/"},{"@type":"ListItem","position":2,"name":"Sobre N\u00f3s"}]},{"@type":"WebSite","@id":"https:\/\/portosigns.pt\/en\/#website","url":"https:\/\/portosigns.pt\/en\/","name":"PORTOSIGNS. Loja Online","description":"Produtos portugueses: Cer\u00e2mica, Corti\u00e7a, Saboaria e perfumaria, Barbearia, Vestu\u00e1rio e Cal\u00e7ado","publisher":{"@id":"https:\/\/portosigns.pt\/en\/#organization"},"potentialAction":[{"@type":"SearchAction","target":{"@type":"EntryPoint","urlTemplate":"https:\/\/portosigns.pt\/en\/?s={search_term_string}"},"query-input":{"@type":"PropertyValueSpecification","valueRequired":true,"valueName":"search_term_string"}}],"inLanguage":"en-US"},{"@type":"Organization","@id":"https:\/\/portosigns.pt\/en\/#organization","name":"Portosigns, Lda","url":"https:\/\/portosigns.pt\/en\/","logo":{"@type":"ImageObject","inLanguage":"en-US","@id":"https:\/\/portosigns.pt\/en\/#\/schema\/logo\/image\/","url":"https:\/\/portosigns.pt\/wp-content\/uploads\/2020\/04\/logo-scaled.jpg","contentUrl":"https:\/\/portosigns.pt\/wp-content\/uploads\/2020\/04\/logo-scaled.jpg","width":2560,"height":782,"caption":"Portosigns, Lda"},"image":{"@id":"https:\/\/portosigns.pt\/en\/#\/schema\/logo\/image\/"},"sameAs":["https:\/\/www.facebook.com\/Portosigns.pt","https:\/\/www.instagram.com\/portosigns\/","https:\/\/www.youtube.com\/watch?v=22oGHBzMlTg"]}]}},"jetpack_sharing_enabled":true,"_links":{"self":[{"href":"https:\/\/portosigns.pt\/en\/wp-json\/wp\/v2\/pages\/11705"}],"collection":[{"href":"https:\/\/portosigns.pt\/en\/wp-json\/wp\/v2\/pages"}],"about":[{"href":"https:\/\/portosigns.pt\/en\/wp-json\/wp\/v2\/types\/page"}],"author":[{"embeddable":true,"href":"https:\/\/portosigns.pt\/en\/wp-json\/wp\/v2\/users\/4"}],"replies":[{"embeddable":true,"href":"https:\/\/portosigns.pt\/en\/wp-json\/wp\/v2\/comments?post=11705"}],"version-history":[{"count":14,"href":"https:\/\/portosigns.pt\/en\/wp-json\/wp\/v2\/pages\/11705\/revisions"}],"predecessor-version":[{"id":15093,"href":"https:\/\/portosigns.pt\/en\/wp-json\/wp\/v2\/pages\/11705\/revisions\/15093"}],"wp:attachment":[{"href":"https:\/\/portosigns.pt\/en\/wp-json\/wp\/v2\/media?parent=11705"}],"curies":[{"name":"wp","href":"https:\/\/api.w.org\/{rel}","templated":true}]}}