{"id":11703,"date":"2020-04-22T13:31:05","date_gmt":"2020-04-22T13:31:05","guid":{"rendered":"https:\/\/portosigns.pt\/portosignspresentes-portuguesescorticamulherhomemcasadecoracao\/"},"modified":"2020-06-11T11:55:10","modified_gmt":"2020-06-11T11:55:10","slug":"portosignspresentes-portuguesescorticamulherhomemcasadecoracao","status":"publish","type":"page","link":"https:\/\/portosigns.pt\/en\/portosignspresentes-portuguesescorticamulherhomemcasadecoracao\/","title":{"rendered":"Home Page"},"content":{"rendered":"<p>[vc_row][vc_column][vc_column_text]I am text block. Click edit button to change this text. Lorem ipsum dolor sit amet, consectetur adipiscing elit. Ut elit tellus, luctus nec ullamcorper mattis, pulvinar dapibus leo.[\/vc_column_text][\/vc_column][\/vc_row][vc_row][vc_column][electro_nav_menu menu=&#8221;751&#8243;][\/vc_column][\/vc_row]<\/p>\n","protected":false},"excerpt":{"rendered":"<p>[vc_row][vc_column][vc_column_text]I am text block. Click edit button to change this text. Lorem ipsum dolor sit amet, consectetur adipiscing elit. Ut<\/p>\n","protected":false},"author":2,"featured_media":0,"parent":0,"menu_order":0,"comment_status":"closed","ping_status":"closed","template":"template-homepage-v1.php","meta":{"footnotes":""},"yoast_head":"<!-- This site is optimized with the Yoast SEO plugin v23.5 - https:\/\/yoast.com\/wordpress\/plugins\/seo\/ -->\n<title>Portosigns|presentes portugueses|corti\u00e7a|mulher|homem|casa|decora\u00e7\u00e3o<\/title>\n<meta name=\"description\" content=\"Portosigns, loja de produtos em corti\u00e7a 100% portugu\u00eas. Portosigns|presentes portugueses|corti\u00e7a|mulher|homem|casa|decora\u00e7\u00e3o\" \/>\n<meta name=\"robots\" content=\"index, follow, max-snippet:-1, max-image-preview:large, max-video-preview:-1\" \/>\n<link rel=\"canonical\" href=\"https:\/\/portosigns.pt\/en\/portosignspresentes-portuguesescorticamulherhomemcasadecoracao\/\" \/>\n<meta property=\"og:locale\" content=\"en_US\" \/>\n<meta property=\"og:type\" content=\"article\" \/>\n<meta property=\"og:title\" content=\"Portosigns|presentes portugueses|corti\u00e7a|mulher|homem|casa|decora\u00e7\u00e3o\" \/>\n<meta property=\"og:description\" content=\"Portosigns, loja de produtos em corti\u00e7a 100% portugu\u00eas. Portosigns|presentes portugueses|corti\u00e7a|mulher|homem|casa|decora\u00e7\u00e3o\" \/>\n<meta property=\"og:url\" content=\"https:\/\/portosigns.pt\/en\/portosignspresentes-portuguesescorticamulherhomemcasadecoracao\/\" \/>\n<meta property=\"og:site_name\" content=\"PORTOSIGNS. Loja Online\" \/>\n<meta property=\"article:publisher\" content=\"https:\/\/www.facebook.com\/Portosigns.pt\" \/>\n<meta property=\"article:modified_time\" content=\"2020-06-11T11:55:10+00:00\" \/>\n<meta name=\"twitter:card\" content=\"summary_large_image\" \/>\n<script type=\"application\/ld+json\" class=\"yoast-schema-graph\">{\"@context\":\"https:\/\/schema.org\",\"@graph\":[{\"@type\":\"WebPage\",\"@id\":\"https:\/\/portosigns.pt\/en\/portosignspresentes-portuguesescorticamulherhomemcasadecoracao\/\",\"url\":\"https:\/\/portosigns.pt\/en\/portosignspresentes-portuguesescorticamulherhomemcasadecoracao\/\",\"name\":\"Portosigns|presentes portugueses|corti\u00e7a|mulher|homem|casa|decora\u00e7\u00e3o\",\"isPartOf\":{\"@id\":\"https:\/\/portosigns.pt\/en\/#website\"},\"datePublished\":\"2020-04-22T13:31:05+00:00\",\"dateModified\":\"2020-06-11T11:55:10+00:00\",\"description\":\"Portosigns, loja de produtos em corti\u00e7a 100% portugu\u00eas. Portosigns|presentes portugueses|corti\u00e7a|mulher|homem|casa|decora\u00e7\u00e3o\",\"breadcrumb\":{\"@id\":\"https:\/\/portosigns.pt\/en\/portosignspresentes-portuguesescorticamulherhomemcasadecoracao\/#breadcrumb\"},\"inLanguage\":\"en-US\",\"potentialAction\":[{\"@type\":\"ReadAction\",\"target\":[\"https:\/\/portosigns.pt\/en\/portosignspresentes-portuguesescorticamulherhomemcasadecoracao\/\"]}]},{\"@type\":\"BreadcrumbList\",\"@id\":\"https:\/\/portosigns.pt\/en\/portosignspresentes-portuguesescorticamulherhomemcasadecoracao\/#breadcrumb\",\"itemListElement\":[{\"@type\":\"ListItem\",\"position\":1,\"name\":\"In\u00edcio\",\"item\":\"https:\/\/portosigns.pt\/en\/\"},{\"@type\":\"ListItem\",\"position\":2,\"name\":\"Home Page\"}]},{\"@type\":\"WebSite\",\"@id\":\"https:\/\/portosigns.pt\/en\/#website\",\"url\":\"https:\/\/portosigns.pt\/en\/\",\"name\":\"PORTOSIGNS. Loja Online\",\"description\":\"Produtos portugueses: Cer\u00e2mica, Corti\u00e7a, Saboaria e perfumaria, Barbearia, Vestu\u00e1rio e Cal\u00e7ado\",\"publisher\":{\"@id\":\"https:\/\/portosigns.pt\/en\/#organization\"},\"potentialAction\":[{\"@type\":\"SearchAction\",\"target\":{\"@type\":\"EntryPoint\",\"urlTemplate\":\"https:\/\/portosigns.pt\/en\/?s={search_term_string}\"},\"query-input\":{\"@type\":\"PropertyValueSpecification\",\"valueRequired\":true,\"valueName\":\"search_term_string\"}}],\"inLanguage\":\"en-US\"},{\"@type\":\"Organization\",\"@id\":\"https:\/\/portosigns.pt\/en\/#organization\",\"name\":\"Portosigns, Lda\",\"url\":\"https:\/\/portosigns.pt\/en\/\",\"logo\":{\"@type\":\"ImageObject\",\"inLanguage\":\"en-US\",\"@id\":\"https:\/\/portosigns.pt\/en\/#\/schema\/logo\/image\/\",\"url\":\"https:\/\/portosigns.pt\/wp-content\/uploads\/2020\/04\/logo-scaled.jpg\",\"contentUrl\":\"https:\/\/portosigns.pt\/wp-content\/uploads\/2020\/04\/logo-scaled.jpg\",\"width\":2560,\"height\":782,\"caption\":\"Portosigns, Lda\"},\"image\":{\"@id\":\"https:\/\/portosigns.pt\/en\/#\/schema\/logo\/image\/\"},\"sameAs\":[\"https:\/\/www.facebook.com\/Portosigns.pt\",\"https:\/\/www.instagram.com\/portosigns\/\",\"https:\/\/www.youtube.com\/watch?v=22oGHBzMlTg\"]}]}<\/script>\n<!-- \/ Yoast SEO plugin. -->","yoast_head_json":{"title":"Portosigns|presentes portugueses|corti\u00e7a|mulher|homem|casa|decora\u00e7\u00e3o","description":"Portosigns, loja de produtos em corti\u00e7a 100% portugu\u00eas. Portosigns|presentes portugueses|corti\u00e7a|mulher|homem|casa|decora\u00e7\u00e3o","robots":{"index":"index","follow":"follow","max-snippet":"max-snippet:-1","max-image-preview":"max-image-preview:large","max-video-preview":"max-video-preview:-1"},"canonical":"https:\/\/portosigns.pt\/en\/portosignspresentes-portuguesescorticamulherhomemcasadecoracao\/","og_locale":"en_US","og_type":"article","og_title":"Portosigns|presentes portugueses|corti\u00e7a|mulher|homem|casa|decora\u00e7\u00e3o","og_description":"Portosigns, loja de produtos em corti\u00e7a 100% portugu\u00eas. Portosigns|presentes portugueses|corti\u00e7a|mulher|homem|casa|decora\u00e7\u00e3o","og_url":"https:\/\/portosigns.pt\/en\/portosignspresentes-portuguesescorticamulherhomemcasadecoracao\/","og_site_name":"PORTOSIGNS. Loja Online","article_publisher":"https:\/\/www.facebook.com\/Portosigns.pt","article_modified_time":"2020-06-11T11:55:10+00:00","twitter_card":"summary_large_image","schema":{"@context":"https:\/\/schema.org","@graph":[{"@type":"WebPage","@id":"https:\/\/portosigns.pt\/en\/portosignspresentes-portuguesescorticamulherhomemcasadecoracao\/","url":"https:\/\/portosigns.pt\/en\/portosignspresentes-portuguesescorticamulherhomemcasadecoracao\/","name":"Portosigns|presentes portugueses|corti\u00e7a|mulher|homem|casa|decora\u00e7\u00e3o","isPartOf":{"@id":"https:\/\/portosigns.pt\/en\/#website"},"datePublished":"2020-04-22T13:31:05+00:00","dateModified":"2020-06-11T11:55:10+00:00","description":"Portosigns, loja de produtos em corti\u00e7a 100% portugu\u00eas. Portosigns|presentes portugueses|corti\u00e7a|mulher|homem|casa|decora\u00e7\u00e3o","breadcrumb":{"@id":"https:\/\/portosigns.pt\/en\/portosignspresentes-portuguesescorticamulherhomemcasadecoracao\/#breadcrumb"},"inLanguage":"en-US","potentialAction":[{"@type":"ReadAction","target":["https:\/\/portosigns.pt\/en\/portosignspresentes-portuguesescorticamulherhomemcasadecoracao\/"]}]},{"@type":"BreadcrumbList","@id":"https:\/\/portosigns.pt\/en\/portosignspresentes-portuguesescorticamulherhomemcasadecoracao\/#breadcrumb","itemListElement":[{"@type":"ListItem","position":1,"name":"In\u00edcio","item":"https:\/\/portosigns.pt\/en\/"},{"@type":"ListItem","position":2,"name":"Home Page"}]},{"@type":"WebSite","@id":"https:\/\/portosigns.pt\/en\/#website","url":"https:\/\/portosigns.pt\/en\/","name":"PORTOSIGNS. Loja Online","description":"Produtos portugueses: Cer\u00e2mica, Corti\u00e7a, Saboaria e perfumaria, Barbearia, Vestu\u00e1rio e Cal\u00e7ado","publisher":{"@id":"https:\/\/portosigns.pt\/en\/#organization"},"potentialAction":[{"@type":"SearchAction","target":{"@type":"EntryPoint","urlTemplate":"https:\/\/portosigns.pt\/en\/?s={search_term_string}"},"query-input":{"@type":"PropertyValueSpecification","valueRequired":true,"valueName":"search_term_string"}}],"inLanguage":"en-US"},{"@type":"Organization","@id":"https:\/\/portosigns.pt\/en\/#organization","name":"Portosigns, Lda","url":"https:\/\/portosigns.pt\/en\/","logo":{"@type":"ImageObject","inLanguage":"en-US","@id":"https:\/\/portosigns.pt\/en\/#\/schema\/logo\/image\/","url":"https:\/\/portosigns.pt\/wp-content\/uploads\/2020\/04\/logo-scaled.jpg","contentUrl":"https:\/\/portosigns.pt\/wp-content\/uploads\/2020\/04\/logo-scaled.jpg","width":2560,"height":782,"caption":"Portosigns, Lda"},"image":{"@id":"https:\/\/portosigns.pt\/en\/#\/schema\/logo\/image\/"},"sameAs":["https:\/\/www.facebook.com\/Portosigns.pt","https:\/\/www.instagram.com\/portosigns\/","https:\/\/www.youtube.com\/watch?v=22oGHBzMlTg"]}]}},"jetpack_sharing_enabled":true,"_links":{"self":[{"href":"https:\/\/portosigns.pt\/en\/wp-json\/wp\/v2\/pages\/11703"}],"collection":[{"href":"https:\/\/portosigns.pt\/en\/wp-json\/wp\/v2\/pages"}],"about":[{"href":"https:\/\/portosigns.pt\/en\/wp-json\/wp\/v2\/types\/page"}],"author":[{"embeddable":true,"href":"https:\/\/portosigns.pt\/en\/wp-json\/wp\/v2\/users\/2"}],"replies":[{"embeddable":true,"href":"https:\/\/portosigns.pt\/en\/wp-json\/wp\/v2\/comments?post=11703"}],"version-history":[{"count":2,"href":"https:\/\/portosigns.pt\/en\/wp-json\/wp\/v2\/pages\/11703\/revisions"}],"predecessor-version":[{"id":11728,"href":"https:\/\/portosigns.pt\/en\/wp-json\/wp\/v2\/pages\/11703\/revisions\/11728"}],"wp:attachment":[{"href":"https:\/\/portosigns.pt\/en\/wp-json\/wp\/v2\/media?parent=11703"}],"curies":[{"name":"wp","href":"https:\/\/api.w.org\/{rel}","templated":true}]}}